{"id":84,"date":"2014-09-18T14:11:31","date_gmt":"2014-09-18T13:11:31","guid":{"rendered":"http:\/\/agora.xtec.cat\/ceip-garbi-poboleda\/?page_id=84"},"modified":"2020-03-18T20:18:27","modified_gmt":"2020-03-18T19:18:27","slug":"activitats-extraescolars","status":"publish","type":"page","link":"https:\/\/agora.xtec.cat\/ceip-garbi-poboleda\/serveis\/activitats-extraescolars\/","title":{"rendered":"Activitats extraescolars"},"content":{"rendered":"<p><strong>ACTIVITATS EXTRAESCOLARS CURS 2019 &#8211; 2020<\/strong><\/p>\n<p>Escola Garb\u00ed &#8211; Poboleda<\/p>\n<p><strong>Activitat de Rob\u00f2tica<\/strong>.<\/p>\n<p>Organitzada per l&#8217;empresa Petits Enginyers. M\u00e9s informaci\u00f3 a:\u00a0 <a href=\"https:\/\/www.petitsenginyers.com\/\">https:\/\/www.petitsenginyers.com\/\u00a0\u00a0<\/a><\/p>\n<p>Aquesta activitat es duu a terme els dilluns a la tarda. Es realitzen dos grups:<\/p>\n<p>De 16h a 17h. Grup dels petits: Infantil i Cicle Inicial (de P3 fins a 2n de prim\u00e0ria)<\/p>\n<p>De 17h a 18h. Grup dels grans: Cicle Mitj\u00e0, Cicle Superior, ESO (de 3r a 6\u00e8 de prim\u00e0ria + ESO)<\/p>\n<p>&nbsp;<\/p>\n<p><strong>Activitat d&#8217;Angl\u00e8s<\/strong><\/p>\n<p>Organitzada per l&#8217;Acad\u00e8mia Escola Innova de Salou. M\u00e9s informaci\u00f3 a:\u00a0<a href=\"https:\/\/www.escolainnova.com\/\">https:\/\/www.escolainnova.com\/<\/a><\/p>\n<p>Aquesta activitat es realitza els divendres a la tarda amb quatre grups:<\/p>\n<p>De 16h a 17:30h. Grup d&#8217;Infantil.<\/p>\n<p>De 17:30h a 18:30h. Grup de 1r, 2n i 3r de Prim\u00e0ria.<\/p>\n<p>De 18:30h a 19:30h. Grup de 4t, 5\u00e8 i 6\u00e8 de Prim\u00e0ria.<\/p>\n<p>De 20:00 a 21:00h Grup d&#8217;adults.<\/p>\n<p>&nbsp;<\/p>\n<p><strong>Activitat de Ioga<\/strong><\/p>\n<p>Formadora de Ioga: Cristina<\/p>\n<p>Es duu a terme els dimecres a la tarda.<\/p>\n<p>Es realitzen dos grups: alumnes fins a 2n de Prim\u00e0ria i grup d&#8217;adults.<\/p>\n<p>&nbsp;<\/p>\n<p>Per a m\u00e9s informaci\u00f3 podeu posar-vos en contacte amb l&#8217;AMPA de l&#8217;Escola Garb\u00ed.<\/p>\n<p>S&#8217;ofereixen m\u00e9s activitats extraescolars als altres centres de la Zona Rural Integrada als diferents municipis de la Zona: Ulldemolins, Prades i Cornudella de Montsant. Per a m\u00e9s informaci\u00f3, contacteu amb la direcci\u00f3 de l&#8217;escola Garb\u00ed.<\/p>\n","protected":false},"excerpt":{"rendered":"<p>ACTIVITATS EXTRAESCOLARS CURS 2019 &#8211; 2020<br \/>\nEscola Garb\u00ed &#8211; Poboleda<br \/>\nActivitat de Rob\u00f2tica.<br \/>\nOrganitzada per l&#8217;empresa Petits Enginyers. M\u00e9s informaci\u00f3 a:\u00a0 <a href=\"https:\/\/www.petitsenginyers.com\/\">https:\/\/www.petitsenginyers.com\/\u00a0\u00a0<\/a><br \/>\nAquesta activitat es duu a terme els dilluns a la tarda. Es realitzen dos grups:<br \/>\nDe 16h a 17h. Grup dels petits: Infantil i Cicle Inicial (de&hellip;  <a href=\"https:\/\/agora.xtec.cat\/ceip-garbi-poboleda\/serveis\/activitats-extraescolars\/\" title=\"Read Activitats extraescolars\">Llegeix m\u00e9s\u00bb<\/a><\/p>\n","protected":false},"author":1,"featured_media":0,"parent":66,"menu_order":60,"comment_status":"closed","ping_status":"closed","template":"page-templates\/side-menu.php","meta":{"_bbp_topic_count":0,"_bbp_reply_count":0,"_bbp_total_topic_count":0,"_bbp_total_reply_count":0,"_bbp_voice_count":0,"_bbp_anonymous_reply_count":0,"_bbp_topic_count_hidden":0,"_bbp_reply_count_hidden":0,"_bbp_forum_subforum_count":0,"footnotes":""},"class_list":["post-84","page","type-page","status-publish","hentry"],"post_mailing_queue_ids":[],"_links":{"self":[{"href":"https:\/\/agora.xtec.cat\/ceip-garbi-poboleda\/wp-json\/wp\/v2\/pages\/84","targetHints":{"allow":["GET"]}}],"collection":[{"href":"https:\/\/agora.xtec.cat\/ceip-garbi-poboleda\/wp-json\/wp\/v2\/pages"}],"about":[{"href":"https:\/\/agora.xtec.cat\/ceip-garbi-poboleda\/wp-json\/wp\/v2\/types\/page"}],"author":[{"embeddable":true,"href":"https:\/\/agora.xtec.cat\/ceip-garbi-poboleda\/wp-json\/wp\/v2\/users\/1"}],"replies":[{"embeddable":true,"href":"https:\/\/agora.xtec.cat\/ceip-garbi-poboleda\/wp-json\/wp\/v2\/comments?post=84"}],"version-history":[{"count":2,"href":"https:\/\/agora.xtec.cat\/ceip-garbi-poboleda\/wp-json\/wp\/v2\/pages\/84\/revisions"}],"predecessor-version":[{"id":597,"href":"https:\/\/agora.xtec.cat\/ceip-garbi-poboleda\/wp-json\/wp\/v2\/pages\/84\/revisions\/597"}],"up":[{"embeddable":true,"href":"https:\/\/agora.xtec.cat\/ceip-garbi-poboleda\/wp-json\/wp\/v2\/pages\/66"}],"wp:attachment":[{"href":"https:\/\/agora.xtec.cat\/ceip-garbi-poboleda\/wp-json\/wp\/v2\/media?parent=84"}],"curies":[{"name":"wp","href":"https:\/\/api.w.org\/{rel}","templated":true}]}}