{"id":64,"date":"2014-09-18T12:39:08","date_gmt":"2014-09-18T11:39:08","guid":{"rendered":"http:\/\/agora.xtec.cat\/ceip-garbi-poboleda\/?page_id=64"},"modified":"2019-02-27T10:12:19","modified_gmt":"2019-02-27T09:12:19","slug":"projecte-educatiu-2","status":"publish","type":"page","link":"https:\/\/agora.xtec.cat\/ceip-garbi-poboleda\/lescola\/projecte-educatiu-2\/","title":{"rendered":"Projecte educatiu"},"content":{"rendered":"<p>En aquesta secci\u00f3 cada centre pot crear les p\u00e0gines necess\u00e0ries per a descriure el seu projecte educatiu. D&#8217;acord amb la <a title=\"Article 91 LEC\" href=\"http:\/\/www20.gencat.cat\/portal\/site\/portaljuridic\/menuitem.d15a4e5dfb99396dc366ec10b0c0e1a0\/?vgnextoid=b85297b5a87d6210VgnVCM1000000b0c1e0aRCRD&amp;vgnextchannel=b85297b5a87d6210VgnVCM1000000b0c1e0aRCRD&amp;vgnextfmt=default&amp;action=fitxa&amp;portalId=1&amp;documentId=480169&amp;newLang=ca_ES#fragment-1182442\" target=\"_blank\" rel=\"noopener\">Llei d&#8217;Educaci\u00f3 de Catalunya<\/a>, el projecte educatiu incorpora el car\u00e0cter propi del centre i ha de contenir com a m\u00ednim els elements seg\u00fcents:<\/p>\n<ul>\n<li>Criteris d&#8217;ordenaci\u00f3 pedag\u00f2gica, prioritats i plantejaments educatius, procediments d&#8217;inclusi\u00f3 i altres actuacions que caracteritzen el centre.<\/li>\n<li>Indicadors de progr\u00e9s.<\/li>\n<li>Concreci\u00f3 i desenvolupament dels curr\u00edculums.<\/li>\n<li>Criteris que defineixen l&#8217;estructura organitzativa.<\/li>\n<li>Projecte ling\u00fc\u00edstic.<\/li>\n<li>Car\u00e0cter propi del centre, si n&#8217;hi ha.<\/li>\n<\/ul>\n<p>Tamb\u00e9 aquesta document inclou altres documents m\u00e9s espec\u00edfics que tamb\u00e9 formen part del projecte educatiu, com ara: Projecte de conviv\u00e8ncia, Pla TAC, Pla d&#8217;acollida, Projecte d&#8217;escola i fam\u00edlia, Comunitat d&#8217;aprenentatge, etc.<\/p>\n<p>A continuaci\u00f3 trobareu un enlla\u00e7 que us dirigeix a la p\u00e0gina per descarregar els documents de la ZER Montsant &#8211; Serra de Prades.<\/p>\n<p><a href=\"https:\/\/agora.xtec.cat\/ceip-garbi-poboleda\/lescola\/projecte-educatiu\/\">DOCUMENTS ZER MONTSANT &#8211; SERRA DE PRADES<\/a><\/p>\n<p>&nbsp;<\/p>\n","protected":false},"excerpt":{"rendered":"<p>En aquesta secci\u00f3 cada centre pot crear les p\u00e0gines necess\u00e0ries per a descriure el seu projecte educatiu. D&#8217;acord amb la <a title=\"Article 91 LEC\" href=\"http:\/\/www20.gencat.cat\/portal\/site\/portaljuridic\/menuitem.d15a4e5dfb99396dc366ec10b0c0e1a0\/?vgnextoid=b85297b5a87d6210VgnVCM1000000b0c1e0aRCRD&amp;vgnextchannel=b85297b5a87d6210VgnVCM1000000b0c1e0aRCRD&amp;vgnextfmt=default&amp;action=fitxa&amp;portalId=1&amp;documentId=480169&amp;newLang=ca_ES#fragment-1182442\" target=\"_blank\" rel=\"noopener\">Llei d&#8217;Educaci\u00f3 de Catalunya<\/a>, el projecte educatiu incorpora el car\u00e0cter propi del centre i ha de contenir com a&hellip;  <a href=\"https:\/\/agora.xtec.cat\/ceip-garbi-poboleda\/lescola\/projecte-educatiu-2\/\" title=\"Read Projecte educatiu\">Llegeix m\u00e9s\u00bb<\/a><\/p>\n","protected":false},"author":1,"featured_media":0,"parent":22,"menu_order":0,"comment_status":"closed","ping_status":"closed","template":"page-templates\/side-menu.php","meta":{"_bbp_topic_count":0,"_bbp_reply_count":0,"_bbp_total_topic_count":0,"_bbp_total_reply_count":0,"_bbp_voice_count":0,"_bbp_anonymous_reply_count":0,"_bbp_topic_count_hidden":0,"_bbp_reply_count_hidden":0,"_bbp_forum_subforum_count":0,"footnotes":""},"class_list":["post-64","page","type-page","status-publish","hentry"],"post_mailing_queue_ids":[],"_links":{"self":[{"href":"https:\/\/agora.xtec.cat\/ceip-garbi-poboleda\/wp-json\/wp\/v2\/pages\/64","targetHints":{"allow":["GET"]}}],"collection":[{"href":"https:\/\/agora.xtec.cat\/ceip-garbi-poboleda\/wp-json\/wp\/v2\/pages"}],"about":[{"href":"https:\/\/agora.xtec.cat\/ceip-garbi-poboleda\/wp-json\/wp\/v2\/types\/page"}],"author":[{"embeddable":true,"href":"https:\/\/agora.xtec.cat\/ceip-garbi-poboleda\/wp-json\/wp\/v2\/users\/1"}],"replies":[{"embeddable":true,"href":"https:\/\/agora.xtec.cat\/ceip-garbi-poboleda\/wp-json\/wp\/v2\/comments?post=64"}],"version-history":[{"count":2,"href":"https:\/\/agora.xtec.cat\/ceip-garbi-poboleda\/wp-json\/wp\/v2\/pages\/64\/revisions"}],"predecessor-version":[{"id":569,"href":"https:\/\/agora.xtec.cat\/ceip-garbi-poboleda\/wp-json\/wp\/v2\/pages\/64\/revisions\/569"}],"up":[{"embeddable":true,"href":"https:\/\/agora.xtec.cat\/ceip-garbi-poboleda\/wp-json\/wp\/v2\/pages\/22"}],"wp:attachment":[{"href":"https:\/\/agora.xtec.cat\/ceip-garbi-poboleda\/wp-json\/wp\/v2\/media?parent=64"}],"curies":[{"name":"wp","href":"https:\/\/api.w.org\/{rel}","templated":true}]}}