{"id":561,"date":"2019-02-27T09:49:50","date_gmt":"2019-02-27T08:49:50","guid":{"rendered":"http:\/\/agora.xtec.cat\/ceip-garbi-poboleda\/?page_id=561"},"modified":"2020-03-20T20:00:21","modified_gmt":"2020-03-20T19:00:21","slug":"projecte-educatiu","status":"publish","type":"page","link":"https:\/\/agora.xtec.cat\/ceip-garbi-poboleda\/lescola\/projecte-educatiu\/","title":{"rendered":"PROJECTE EDUCATIU"},"content":{"rendered":"<p>A continuaci\u00f3 disposeu dels documents principals de la nostra ZER, m\u00e9s concretament del <strong>Projecte Educatiu de la ZER Montsant- Serra de Prades, <\/strong>que inclou el <strong>Projecte Ling\u00fc\u00edstic i el Projecte de Conviv\u00e8ncia.<\/strong><\/p>\n<p><a href=\"https:\/\/agora.xtec.cat\/ceip-garbi-poboleda\/wp-content\/uploads\/usu1762\/2019\/02\/Projecte-Educatiu-ZERmsp.pdf\">Projecte-Educatiu-ZERmsp<\/a><\/p>\n<p><a href=\"https:\/\/agora.xtec.cat\/zermsp\/docs\/projecte-linguistic\/\">\u00a0Projecte Ling\u00fc\u00edstic ZER<\/a><\/p>\n<p><a href=\"https:\/\/agora.xtec.cat\/ceip-garbi-poboleda\/wp-content\/uploads\/usu1762\/2020\/03\/PROJECTE-CONVIV\u00c8NCIA-ZER-Montsant-Serra-de-Prades-ACTUALITZAT-MAR\u00c7-2020.pdf\">PROJECTE CONVIV\u00c8NCIA ZER Montsant &#8211; Serra de Prades ACTUALITZAT MAR\u00c7 2020<\/a><\/p>\n<p><a href=\"https:\/\/agora.xtec.cat\/zermsp\/zer\/projecte-educatiu\/\">Enlla\u00e7 Web Nodes ZER &#8211; Documents ZER Montsant &#8211; Serra de Prades: PEZ, PLZ, NOFZ i PC<\/a><\/p>\n","protected":false},"excerpt":{"rendered":"<p>A continuaci\u00f3 disposeu dels documents principals de la nostra ZER, m\u00e9s concretament del Projecte Educatiu de la ZER Montsant- Serra de Prades, que inclou el Projecte Ling\u00fc\u00edstic i el Projecte de Conviv\u00e8ncia.<br \/>\n<a href=\"https:\/\/agora.xtec.cat\/ceip-garbi-poboleda\/wp-content\/uploads\/usu1762\/2019\/02\/Projecte-Educatiu-ZERmsp.pdf\">Projecte-Educatiu-ZERmsp<\/a><br \/>\n<a href=\"https:\/\/agora.xtec.cat\/zermsp\/docs\/projecte-linguistic\/\">\u00a0Projecte Ling\u00fc\u00edstic ZER<\/a><br \/>\n<a href=\"https:\/\/agora.xtec.cat\/ceip-garbi-poboleda\/wp-content\/uploads\/usu1762\/2020\/03\/PROJECTE-CONVIV\u00c8NCIA-ZER-Montsant-Serra-de-Prades-ACTUALITZAT-MAR\u00c7-2020.pdf\">PROJECTE CONVIV\u00c8NCIA ZER Montsant &#8211; Serra de Prades ACTUALITZAT&hellip;  <a href=\"https:\/\/agora.xtec.cat\/ceip-garbi-poboleda\/lescola\/projecte-educatiu\/\" title=\"Read PROJECTE EDUCATIU\">Llegeix m\u00e9s\u00bb<\/a><\/p>\n","protected":false},"author":1,"featured_media":0,"parent":22,"menu_order":0,"comment_status":"closed","ping_status":"closed","template":"","meta":{"_bbp_topic_count":0,"_bbp_reply_count":0,"_bbp_total_topic_count":0,"_bbp_total_reply_count":0,"_bbp_voice_count":0,"_bbp_anonymous_reply_count":0,"_bbp_topic_count_hidden":0,"_bbp_reply_count_hidden":0,"_bbp_forum_subforum_count":0,"footnotes":""},"class_list":["post-561","page","type-page","status-publish","hentry"],"post_mailing_queue_ids":[],"_links":{"self":[{"href":"https:\/\/agora.xtec.cat\/ceip-garbi-poboleda\/wp-json\/wp\/v2\/pages\/561","targetHints":{"allow":["GET"]}}],"collection":[{"href":"https:\/\/agora.xtec.cat\/ceip-garbi-poboleda\/wp-json\/wp\/v2\/pages"}],"about":[{"href":"https:\/\/agora.xtec.cat\/ceip-garbi-poboleda\/wp-json\/wp\/v2\/types\/page"}],"author":[{"embeddable":true,"href":"https:\/\/agora.xtec.cat\/ceip-garbi-poboleda\/wp-json\/wp\/v2\/users\/1"}],"replies":[{"embeddable":true,"href":"https:\/\/agora.xtec.cat\/ceip-garbi-poboleda\/wp-json\/wp\/v2\/comments?post=561"}],"version-history":[{"count":3,"href":"https:\/\/agora.xtec.cat\/ceip-garbi-poboleda\/wp-json\/wp\/v2\/pages\/561\/revisions"}],"predecessor-version":[{"id":642,"href":"https:\/\/agora.xtec.cat\/ceip-garbi-poboleda\/wp-json\/wp\/v2\/pages\/561\/revisions\/642"}],"up":[{"embeddable":true,"href":"https:\/\/agora.xtec.cat\/ceip-garbi-poboleda\/wp-json\/wp\/v2\/pages\/22"}],"wp:attachment":[{"href":"https:\/\/agora.xtec.cat\/ceip-garbi-poboleda\/wp-json\/wp\/v2\/media?parent=561"}],"curies":[{"name":"wp","href":"https:\/\/api.w.org\/{rel}","templated":true}]}}