{"id":28,"date":"2014-09-18T12:29:35","date_gmt":"2014-09-18T11:29:35","guid":{"rendered":"http:\/\/agora.xtec.cat\/ceip-garbi-poboleda\/?page_id=28"},"modified":"2020-03-18T19:52:52","modified_gmt":"2020-03-18T18:52:52","slug":"consell-escolar","status":"publish","type":"page","link":"https:\/\/agora.xtec.cat\/ceip-garbi-poboleda\/lescola\/consell-escolar\/","title":{"rendered":"Consell escolar"},"content":{"rendered":"<p>El Consell escolar de l&#8217; Escola Garb\u00ed est\u00e0 format per:<\/p>\n<p>Directora del centre: Judit Vall<\/p>\n<p>Representant de mestres i secret\u00e0ria del Consell escolar: Pilar Sol\u00e9<\/p>\n<p>Representant de l&#8217;Ajuntament (Regidor d&#8217;Educaci\u00f3): Dani Casta\u00f1o<\/p>\n<p>Representant de les fam\u00edlies: Jos\u00e9 Antonio G\u00f3mez<\/p>\n<p>Suplent del representant de les fam\u00edlies: Cristina Serrat<\/p>\n<p>Tots els membres del Consell escolar tamb\u00e9 formen part del Consell escolar de la ZER Montsant &#8211; Serra de Prades.<\/p>\n","protected":false},"excerpt":{"rendered":"<p>El Consell escolar de l&#8217; Escola Garb\u00ed est\u00e0 format per:<br \/>\nDirectora del centre: Judit Vall<br \/>\nRepresentant de mestres i secret\u00e0ria del Consell escolar: Pilar Sol\u00e9<br \/>\nRepresentant de l&#8217;Ajuntament (Regidor d&#8217;Educaci\u00f3): Dani Casta\u00f1o<br \/>\nRepresentant de les fam\u00edlies: Jos\u00e9 Antonio G\u00f3mez<br \/>\nSuplent del representant de les fam\u00edlies: Cristina Serrat<br \/>\nTots els membres del&hellip;  <a href=\"https:\/\/agora.xtec.cat\/ceip-garbi-poboleda\/lescola\/consell-escolar\/\" title=\"Read Consell escolar\">Llegeix m\u00e9s\u00bb<\/a><\/p>\n","protected":false},"author":1,"featured_media":0,"parent":22,"menu_order":30,"comment_status":"closed","ping_status":"closed","template":"page-templates\/side-menu.php","meta":{"_bbp_topic_count":0,"_bbp_reply_count":0,"_bbp_total_topic_count":0,"_bbp_total_reply_count":0,"_bbp_voice_count":0,"_bbp_anonymous_reply_count":0,"_bbp_topic_count_hidden":0,"_bbp_reply_count_hidden":0,"_bbp_forum_subforum_count":0,"footnotes":""},"class_list":["post-28","page","type-page","status-publish","hentry"],"post_mailing_queue_ids":[],"_links":{"self":[{"href":"https:\/\/agora.xtec.cat\/ceip-garbi-poboleda\/wp-json\/wp\/v2\/pages\/28","targetHints":{"allow":["GET"]}}],"collection":[{"href":"https:\/\/agora.xtec.cat\/ceip-garbi-poboleda\/wp-json\/wp\/v2\/pages"}],"about":[{"href":"https:\/\/agora.xtec.cat\/ceip-garbi-poboleda\/wp-json\/wp\/v2\/types\/page"}],"author":[{"embeddable":true,"href":"https:\/\/agora.xtec.cat\/ceip-garbi-poboleda\/wp-json\/wp\/v2\/users\/1"}],"replies":[{"embeddable":true,"href":"https:\/\/agora.xtec.cat\/ceip-garbi-poboleda\/wp-json\/wp\/v2\/comments?post=28"}],"version-history":[{"count":3,"href":"https:\/\/agora.xtec.cat\/ceip-garbi-poboleda\/wp-json\/wp\/v2\/pages\/28\/revisions"}],"predecessor-version":[{"id":593,"href":"https:\/\/agora.xtec.cat\/ceip-garbi-poboleda\/wp-json\/wp\/v2\/pages\/28\/revisions\/593"}],"up":[{"embeddable":true,"href":"https:\/\/agora.xtec.cat\/ceip-garbi-poboleda\/wp-json\/wp\/v2\/pages\/22"}],"wp:attachment":[{"href":"https:\/\/agora.xtec.cat\/ceip-garbi-poboleda\/wp-json\/wp\/v2\/media?parent=28"}],"curies":[{"name":"wp","href":"https:\/\/api.w.org\/{rel}","templated":true}]}}