{"id":26,"date":"2014-09-18T12:24:32","date_gmt":"2014-09-18T11:24:32","guid":{"rendered":"http:\/\/agora.xtec.cat\/ceip-garbi-poboleda\/?page_id=26"},"modified":"2018-04-02T19:35:03","modified_gmt":"2018-04-02T17:35:03","slug":"historia","status":"publish","type":"page","link":"https:\/\/agora.xtec.cat\/ceip-garbi-poboleda\/lescola\/historia\/","title":{"rendered":"Hist\u00f2ria"},"content":{"rendered":"<p>El municipi de Poboleda est\u00e0 situat al centre del Priorat, a la vall del riu Siurana i als peus de la Serralada del Montsant. Cal destacar que actualment \u00e9s un poble petit de 382 habitants, els quals se\u2019ls coneix com poboledans.<br \/>\nEl poble, envoltat de muntanyes i emmurallat per la Serra del Montsant, queda enfonsat enmig de la natura a una altitud de 343 metres.<br \/>\nPoboleda \u00e9s una poblaci\u00f3 amb una gran riquesa hist\u00f2rica, ja que s\u2019hi poden trobar vestigis hist\u00f2rics que mostren que hi ha hagut pres\u00e8ncia humana des de temps prehist\u00f2rics. Durant segles, tota la zona va estar controlada i dirigida per l\u2019ordre dels Cartoixants, els quals foren els qui donaren el nom de Poboleda al municipi i que m\u00e9s tard s\u2019instal\u2022laren a Escaladei.<br \/>\nEl segle XVIII \u00e9s el de major esplendor econ\u00f2mic del poble i ser\u00e0 quan es construeixin les cases m\u00e9s senyorials i l&#8217;esgl\u00e9sia, que \u00e9s la m\u00e9s majestuosa de la comarca i es coneix com la catedral del Priorat.<\/p>\n<p>Actualment, el poble de Poboleda gira entorn al m\u00f3n del vi. Els seus paisatges plens de vinya demostren que l\u2019activitat econ\u00f2mica m\u00e9s important \u00e9s l\u2019agricultura vin\u00edcola, al mateix temps que aquesta atrau al turisme que d\u00f3na vida als comer\u00e7os i restaurants de tota la zona. El vi ha estat en tota la comarca del Priorat un motor econ\u00f2mic que ha ajudat a mantenir la poblaci\u00f3 i a donar feina a noves generacions. Aquest fet tamb\u00e9 es reflecteix a Poboleda, ja que en data d\u2019avui hi ha onze cellers que formen part de la DOQ Priorat i que s\u00f3n la feina, la vida i el dia a dia de gran part de les fam\u00edlies de la nostra escola, a m\u00e9s de ser una oportunitat en el futur dels nostres infants.<\/p>\n<p>A l\u2019escola hi ha una barreja de fam\u00edlies procedents de molts llocs, alguns de la mateixa comarca, d\u2019altres que venen de grans ciutats,&#8230;per\u00f2 tots tenen una cosa en com\u00fa: els apassiona el Priorat. S\u00f3n gent molt diferent, per\u00f2 que viuen del m\u00f3n del vi i que tenen en com\u00fa un entorn, el qual \u00e9s Poboleda, on l\u2019escola juga un paper molt important de cohesi\u00f3 social i de relaci\u00f3 amb el poble i l\u2019entorn.<br \/>\nTamb\u00e9 cal destacar que moltes de les fam\u00edlies de l\u2019escola s\u00f3n del poble, fills de pagesos que estimen la terra i aix\u00f2 es transmet de generaci\u00f3 en generaci\u00f3. Els nostres alumnes s\u00f3n infants de poble, espavilats i desperts que gaudeixen fent sortides a la natura i que demostren tenir molt d\u2019inter\u00e8s per la flora i la fauna del seu entorn. Els nens i nenes de la nostra escola s\u00f3n privilegiats perqu\u00e8 creixen amb uns valors familiars molt profunds que a l\u2019escola hem d\u2019acompanyar per arribar realment a les inquietuds de cada infant.<\/p>\n","protected":false},"excerpt":{"rendered":"<p>El municipi de Poboleda est\u00e0 situat al centre del Priorat, a la vall del riu Siurana i als peus de la Serralada del Montsant. Cal destacar que actualment \u00e9s un poble petit de 382 habitants, els quals se\u2019ls coneix com poboledans.<br \/>\nEl poble, envoltat de muntanyes&hellip;  <a href=\"https:\/\/agora.xtec.cat\/ceip-garbi-poboleda\/lescola\/historia\/\" title=\"Read Hist\u00f2ria\">Llegeix m\u00e9s\u00bb<\/a><\/p>\n","protected":false},"author":1,"featured_media":0,"parent":22,"menu_order":20,"comment_status":"closed","ping_status":"closed","template":"page-templates\/side-menu.php","meta":{"_bbp_topic_count":0,"_bbp_reply_count":0,"_bbp_total_topic_count":0,"_bbp_total_reply_count":0,"_bbp_voice_count":0,"_bbp_anonymous_reply_count":0,"_bbp_topic_count_hidden":0,"_bbp_reply_count_hidden":0,"_bbp_forum_subforum_count":0,"footnotes":""},"class_list":["post-26","page","type-page","status-publish","hentry"],"post_mailing_queue_ids":[],"_links":{"self":[{"href":"https:\/\/agora.xtec.cat\/ceip-garbi-poboleda\/wp-json\/wp\/v2\/pages\/26","targetHints":{"allow":["GET"]}}],"collection":[{"href":"https:\/\/agora.xtec.cat\/ceip-garbi-poboleda\/wp-json\/wp\/v2\/pages"}],"about":[{"href":"https:\/\/agora.xtec.cat\/ceip-garbi-poboleda\/wp-json\/wp\/v2\/types\/page"}],"author":[{"embeddable":true,"href":"https:\/\/agora.xtec.cat\/ceip-garbi-poboleda\/wp-json\/wp\/v2\/users\/1"}],"replies":[{"embeddable":true,"href":"https:\/\/agora.xtec.cat\/ceip-garbi-poboleda\/wp-json\/wp\/v2\/comments?post=26"}],"version-history":[{"count":2,"href":"https:\/\/agora.xtec.cat\/ceip-garbi-poboleda\/wp-json\/wp\/v2\/pages\/26\/revisions"}],"predecessor-version":[{"id":521,"href":"https:\/\/agora.xtec.cat\/ceip-garbi-poboleda\/wp-json\/wp\/v2\/pages\/26\/revisions\/521"}],"up":[{"embeddable":true,"href":"https:\/\/agora.xtec.cat\/ceip-garbi-poboleda\/wp-json\/wp\/v2\/pages\/22"}],"wp:attachment":[{"href":"https:\/\/agora.xtec.cat\/ceip-garbi-poboleda\/wp-json\/wp\/v2\/media?parent=26"}],"curies":[{"name":"wp","href":"https:\/\/api.w.org\/{rel}","templated":true}]}}