{"id":24,"date":"2014-09-18T12:23:15","date_gmt":"2014-09-18T11:23:15","guid":{"rendered":"http:\/\/agora.xtec.cat\/ceip-garbi-poboleda\/?page_id=24"},"modified":"2020-03-18T19:51:09","modified_gmt":"2020-03-18T18:51:09","slug":"on-som","status":"publish","type":"page","link":"https:\/\/agora.xtec.cat\/ceip-garbi-poboleda\/lescola\/on-som\/","title":{"rendered":"On som"},"content":{"rendered":"<p>L\u2019Escola Garb\u00ed \u00e9s al municipi de Poboleda, poblaci\u00f3 situada a la comarca del Priorat. En aquesta petita comarca al cor del Tarragon\u00e8s la majoria de les escoles s\u00f3n rurals i s\u2019agrupen en Zer. Aix\u00ed doncs, trobem nombroses Zones Escolars Rurals i d\u2019entre totes elles hi ha la nostra: ZER Montsant \u2013 Serra de Prades.<\/p>\n<p>La\u00a0 ZER Montsant \u2013 Serra de Prades \u00e9s for\u00e7a peculiar ja que es troba a cavall entre dues comarques: el Baix Camp i el Priorat. La composici\u00f3 de la nostra ZER la formen 3 escoles: Escola Montsant d&#8217; Ulldemolins, Escola Garb\u00ed de Poboleda i\u00a0 Escola Serra de Prades de Prades, aquesta \u00faltima tamb\u00e9 acull alumnes dels municipis de Capafonts i la Febr\u00f3.<\/p>\n<p>La zona s\u2019emmarca a la part nord-est del Priorat, i limita des de la conflu\u00e8ncia dels rius Siurana i Montsant per una banda fins a la Serralada de Prades, i la Serra de Llena per l\u2019altra, tenint com a eix vertebrador el Parc Natural i la Serralada del Montsant.<\/p>\n<p>Pel que fa a les escoles de la zona, segons les dades d\u2019inici de curs, trobem dues escoles for\u00e7a petites, Ulldemolins (25 alumnes) i Poboleda (23 alumnes) i\u00a0 des d&#8217;aquest curs 2019 &#8211; 2020 la seu de la ZER \u00e9s l\u2019escola de Prades (35 alumnes). Totes les escoles de la ZER compten amb una oferta educativa des dels 3 fins als 12 anys d\u2019escolaritzaci\u00f3. Una vegada finalitzada l\u2019etapa d\u2019Educaci\u00f3 Prim\u00e0ria, els nostres alumnes poden realitzar els estudis de \u00a0l\u2019etapa d\u2019Educaci\u00f3 Secund\u00e0ria Obligat\u00f2ria a l\u2019Institut de Cornudella del Montsant.<\/p>\n","protected":false},"excerpt":{"rendered":"<p>L\u2019Escola Garb\u00ed \u00e9s al municipi de Poboleda, poblaci\u00f3 situada a la comarca del Priorat. En aquesta petita comarca al cor del Tarragon\u00e8s la majoria de les escoles s\u00f3n rurals i s\u2019agrupen en Zer. Aix\u00ed doncs, trobem nombroses Zones Escolars Rurals i d\u2019entre totes elles hi&hellip;  <a href=\"https:\/\/agora.xtec.cat\/ceip-garbi-poboleda\/lescola\/on-som\/\" title=\"Read On som\">Llegeix m\u00e9s\u00bb<\/a><\/p>\n","protected":false},"author":1,"featured_media":0,"parent":22,"menu_order":10,"comment_status":"closed","ping_status":"closed","template":"page-templates\/side-menu.php","meta":{"_bbp_topic_count":0,"_bbp_reply_count":0,"_bbp_total_topic_count":0,"_bbp_total_reply_count":0,"_bbp_voice_count":0,"_bbp_anonymous_reply_count":0,"_bbp_topic_count_hidden":0,"_bbp_reply_count_hidden":0,"_bbp_forum_subforum_count":0,"footnotes":""},"class_list":["post-24","page","type-page","status-publish","hentry"],"post_mailing_queue_ids":[],"_links":{"self":[{"href":"https:\/\/agora.xtec.cat\/ceip-garbi-poboleda\/wp-json\/wp\/v2\/pages\/24","targetHints":{"allow":["GET"]}}],"collection":[{"href":"https:\/\/agora.xtec.cat\/ceip-garbi-poboleda\/wp-json\/wp\/v2\/pages"}],"about":[{"href":"https:\/\/agora.xtec.cat\/ceip-garbi-poboleda\/wp-json\/wp\/v2\/types\/page"}],"author":[{"embeddable":true,"href":"https:\/\/agora.xtec.cat\/ceip-garbi-poboleda\/wp-json\/wp\/v2\/users\/1"}],"replies":[{"embeddable":true,"href":"https:\/\/agora.xtec.cat\/ceip-garbi-poboleda\/wp-json\/wp\/v2\/comments?post=24"}],"version-history":[{"count":3,"href":"https:\/\/agora.xtec.cat\/ceip-garbi-poboleda\/wp-json\/wp\/v2\/pages\/24\/revisions"}],"predecessor-version":[{"id":592,"href":"https:\/\/agora.xtec.cat\/ceip-garbi-poboleda\/wp-json\/wp\/v2\/pages\/24\/revisions\/592"}],"up":[{"embeddable":true,"href":"https:\/\/agora.xtec.cat\/ceip-garbi-poboleda\/wp-json\/wp\/v2\/pages\/22"}],"wp:attachment":[{"href":"https:\/\/agora.xtec.cat\/ceip-garbi-poboleda\/wp-json\/wp\/v2\/media?parent=24"}],"curies":[{"name":"wp","href":"https:\/\/api.w.org\/{rel}","templated":true}]}}