{"id":22,"date":"2014-09-18T12:19:57","date_gmt":"2014-09-18T11:19:57","guid":{"rendered":"http:\/\/agora.xtec.cat\/ceip-garbi-poboleda\/?page_id=22"},"modified":"2018-04-02T19:27:59","modified_gmt":"2018-04-02T17:27:59","slug":"lescola","status":"publish","type":"page","link":"https:\/\/agora.xtec.cat\/ceip-garbi-poboleda\/lescola\/","title":{"rendered":"Escola Garb\u00ed"},"content":{"rendered":"<p>La nostra escola es caracteritza per la seva ess\u00e8ncia d\u2019escola rural, tal i com la defineix el Secretariat d\u2019Escola Rural de Catalunya.<br \/>\n&#8220;L\u2019Escola Rural, l\u2019escola de les tres P: petita, de poble i p\u00fablica \u00e9s una escola arrelada al territori, que d\u00f3na vida al municipi, que a vegades n\u2019\u00e9s el pal de paller i\/o dinamitzadora d\u2019una part de la vida que el poble genera, que aglutina activitats, persones, i, que \u00e9s motiu de trobada i aprenentatge&#8221;<\/p>\n","protected":false},"excerpt":{"rendered":"<p>La nostra escola es caracteritza per la seva ess\u00e8ncia d\u2019escola rural, tal i com la defineix el Secretariat d\u2019Escola Rural de Catalunya.<br \/>\n&#8220;L\u2019Escola Rural, l\u2019escola de les tres P: petita, de poble i p\u00fablica \u00e9s una escola arrelada al territori, que d\u00f3na vida al municipi, que&hellip;  <a href=\"https:\/\/agora.xtec.cat\/ceip-garbi-poboleda\/lescola\/\" title=\"Read Escola Garb\u00ed\">Llegeix m\u00e9s\u00bb<\/a><\/p>\n","protected":false},"author":1,"featured_media":0,"parent":0,"menu_order":0,"comment_status":"closed","ping_status":"closed","template":"page-templates\/side-menu.php","meta":{"_bbp_topic_count":0,"_bbp_reply_count":0,"_bbp_total_topic_count":0,"_bbp_total_reply_count":0,"_bbp_voice_count":0,"_bbp_anonymous_reply_count":0,"_bbp_topic_count_hidden":0,"_bbp_reply_count_hidden":0,"_bbp_forum_subforum_count":0,"footnotes":""},"class_list":["post-22","page","type-page","status-publish","hentry"],"post_mailing_queue_ids":[],"_links":{"self":[{"href":"https:\/\/agora.xtec.cat\/ceip-garbi-poboleda\/wp-json\/wp\/v2\/pages\/22","targetHints":{"allow":["GET"]}}],"collection":[{"href":"https:\/\/agora.xtec.cat\/ceip-garbi-poboleda\/wp-json\/wp\/v2\/pages"}],"about":[{"href":"https:\/\/agora.xtec.cat\/ceip-garbi-poboleda\/wp-json\/wp\/v2\/types\/page"}],"author":[{"embeddable":true,"href":"https:\/\/agora.xtec.cat\/ceip-garbi-poboleda\/wp-json\/wp\/v2\/users\/1"}],"replies":[{"embeddable":true,"href":"https:\/\/agora.xtec.cat\/ceip-garbi-poboleda\/wp-json\/wp\/v2\/comments?post=22"}],"version-history":[{"count":3,"href":"https:\/\/agora.xtec.cat\/ceip-garbi-poboleda\/wp-json\/wp\/v2\/pages\/22\/revisions"}],"predecessor-version":[{"id":516,"href":"https:\/\/agora.xtec.cat\/ceip-garbi-poboleda\/wp-json\/wp\/v2\/pages\/22\/revisions\/516"}],"wp:attachment":[{"href":"https:\/\/agora.xtec.cat\/ceip-garbi-poboleda\/wp-json\/wp\/v2\/media?parent=22"}],"curies":[{"name":"wp","href":"https:\/\/api.w.org\/{rel}","templated":true}]}}