{"id":4248,"date":"2021-06-28T17:22:45","date_gmt":"2021-06-28T15:22:45","guid":{"rendered":"http:\/\/agora.xtec.cat\/ceip-galceran-de-pinos\/?page_id=4248"},"modified":"2021-06-28T17:22:45","modified_gmt":"2021-06-28T15:22:45","slug":"internet-segura-i-families-digitals","status":"publish","type":"page","link":"https:\/\/agora.xtec.cat\/ceip-galceran-de-pinos\/internet-segura-i-families-digitals\/","title":{"rendered":"Internet Segura i Fam\u00edlies digitals"},"content":{"rendered":"<p>Des del centre us volem donar eines sobre l&#8217;\u00fas d&#8217;internet i les xarxes amb els vostres infants, \u00e9s per aix\u00f2 que us recomanem que doneu un cop d&#8217;ull a aquesta p\u00e0gina web on hi ha v\u00eddeos, articles, &#8230; que us poden ajudar i orientar.<\/p>\n<p><a href=\"https:\/\/internetsegura.cat\/families\/\" target=\"_blank\" rel=\"noopener noreferrer\">https:\/\/internetsegura.cat\/families\/<\/a><\/p>\n<p>Tamb\u00e9 us volem informar del projecte FAM\u00cdLIES DIGITALS que est\u00e0 duent el Departament d&#8217;Educaci\u00f3 per tal d&#8217;apropar la tecnologia a les fam\u00edlies. Us deixem uns v\u00eddeos informatius. Anirem ampliant aquestes informacions a mesura que vagi avan\u00e7ant aquest projecte.<\/p>\n<p><em>&#8220;Des del <a href=\"http:\/\/educacio.gencat.cat\/ca\/departament\/publicacions\/monografies\/pla-educacio-digital\/\" target=\"_blank\" rel=\"noopener noreferrer\">Pla d\u2019educaci\u00f3 digital de Catalunya 2020-23<\/a>\u00a0i el\u00a0<a href=\"http:\/\/educacio.gencat.cat\/ca\/departament\/linies-estrategiques\/pla-millora-oportunitats-educatives\/\" target=\"_blank\" rel=\"noopener noreferrer\">Pla de millora d\u2019oportunitats educatives<\/a>, impulsats des del Departament d\u2019Educaci\u00f3, neix la iniciativa\u00a0<strong>Fam\u00edlies digitals<\/strong> per facilitar l\u2019adquisici\u00f3 de la compet\u00e8ncia digital per part de les fam\u00edlies i donar resposta des de l\u2019acompanyament a les seves necessitats.&#8221;<\/em><\/p>\n<p><iframe loading=\"lazy\" width=\"560\" height=\"315\" src=\"https:\/\/www.youtube.com\/embed\/Cz3pG5RNQ_c\" title=\"YouTube video player\" frameborder=\"0\" allow=\"accelerometer; autoplay; clipboard-write; encrypted-media; gyroscope; picture-in-picture\" allowfullscreen><\/iframe> &nbsp;<\/p>\n<p><iframe loading=\"lazy\" width=\"560\" height=\"315\" src=\"https:\/\/www.youtube.com\/embed\/XLb1tL38AVM\" title=\"YouTube video player\" frameborder=\"0\" allow=\"accelerometer; autoplay; clipboard-write; encrypted-media; gyroscope; picture-in-picture\" allowfullscreen><\/iframe><\/p>\n","protected":false},"excerpt":{"rendered":"<p>Des del centre us volem donar eines sobre l&#8217;\u00fas d&#8217;internet i les xarxes amb els vostres infants, \u00e9s per aix\u00f2 que us recomanem que doneu un cop d&#8217;ull a aquesta p\u00e0gina web on hi ha v\u00eddeos, articles, &#8230; que us poden ajudar i orientar. https:\/\/internetsegura.cat\/families\/ Tamb\u00e9 us volem informar del projecte FAM\u00cdLIES DIGITALS que est\u00e0 [&hellip;]<\/p>\n","protected":false},"author":3,"featured_media":0,"parent":0,"menu_order":0,"comment_status":"closed","ping_status":"closed","template":"","meta":{"_bbp_topic_count":0,"_bbp_reply_count":0,"_bbp_total_topic_count":0,"_bbp_total_reply_count":0,"_bbp_voice_count":0,"_bbp_anonymous_reply_count":0,"_bbp_topic_count_hidden":0,"_bbp_reply_count_hidden":0,"_bbp_forum_subforum_count":0,"site-sidebar-layout":"default","site-content-layout":"","ast-site-content-layout":"","site-content-style":"default","site-sidebar-style":"default","ast-global-header-display":"","ast-banner-title-visibility":"","ast-main-header-display":"","ast-hfb-above-header-display":"","ast-hfb-below-header-display":"","ast-hfb-mobile-header-display":"","site-post-title":"","ast-breadcrumbs-content":"","ast-featured-img":"","footer-sml-layout":"","theme-transparent-header-meta":"","adv-header-id-meta":"","stick-header-meta":"","header-above-stick-meta":"","header-main-stick-meta":"","header-below-stick-meta":"","astra-migrate-meta-layouts":"default","ast-page-background-enabled":"default","ast-page-background-meta":{"desktop":{"background-color":"var(--ast-global-color-4)","background-image":"","background-repeat":"repeat","background-position":"center center","background-size":"auto","background-attachment":"scroll","background-type":"","background-media":"","overlay-type":"","overlay-color":"","overlay-opacity":"","overlay-gradient":""},"tablet":{"background-color":"","background-image":"","background-repeat":"repeat","background-position":"center center","background-size":"auto","background-attachment":"scroll","background-type":"","background-media":"","overlay-type":"","overlay-color":"","overlay-opacity":"","overlay-gradient":""},"mobile":{"background-color":"","background-image":"","background-repeat":"repeat","background-position":"center center","background-size":"auto","background-attachment":"scroll","background-type":"","background-media":"","overlay-type":"","overlay-color":"","overlay-opacity":"","overlay-gradient":""}},"ast-content-background-meta":{"desktop":{"background-color":"var(--ast-global-color-5)","background-image":"","background-repeat":"repeat","background-position":"center center","background-size":"auto","background-attachment":"scroll","background-type":"","background-media":"","overlay-type":"","overlay-color":"","overlay-opacity":"","overlay-gradient":""},"tablet":{"background-color":"var(--ast-global-color-5)","background-image":"","background-repeat":"repeat","background-position":"center center","background-size":"auto","background-attachment":"scroll","background-type":"","background-media":"","overlay-type":"","overlay-color":"","overlay-opacity":"","overlay-gradient":""},"mobile":{"background-color":"var(--ast-global-color-5)","background-image":"","background-repeat":"repeat","background-position":"center center","background-size":"auto","background-attachment":"scroll","background-type":"","background-media":"","overlay-type":"","overlay-color":"","overlay-opacity":"","overlay-gradient":""}},"footnotes":""},"class_list":["post-4248","page","type-page","status-publish","hentry"],"post_mailing_queue_ids":[],"_links":{"self":[{"href":"https:\/\/agora.xtec.cat\/ceip-galceran-de-pinos\/wp-json\/wp\/v2\/pages\/4248","targetHints":{"allow":["GET"]}}],"collection":[{"href":"https:\/\/agora.xtec.cat\/ceip-galceran-de-pinos\/wp-json\/wp\/v2\/pages"}],"about":[{"href":"https:\/\/agora.xtec.cat\/ceip-galceran-de-pinos\/wp-json\/wp\/v2\/types\/page"}],"author":[{"embeddable":true,"href":"https:\/\/agora.xtec.cat\/ceip-galceran-de-pinos\/wp-json\/wp\/v2\/users\/3"}],"replies":[{"embeddable":true,"href":"https:\/\/agora.xtec.cat\/ceip-galceran-de-pinos\/wp-json\/wp\/v2\/comments?post=4248"}],"version-history":[{"count":3,"href":"https:\/\/agora.xtec.cat\/ceip-galceran-de-pinos\/wp-json\/wp\/v2\/pages\/4248\/revisions"}],"predecessor-version":[{"id":4251,"href":"https:\/\/agora.xtec.cat\/ceip-galceran-de-pinos\/wp-json\/wp\/v2\/pages\/4248\/revisions\/4251"}],"wp:attachment":[{"href":"https:\/\/agora.xtec.cat\/ceip-galceran-de-pinos\/wp-json\/wp\/v2\/media?parent=4248"}],"curies":[{"name":"wp","href":"https:\/\/api.w.org\/{rel}","templated":true}]}}