{"id":4033,"date":"2021-03-10T12:00:52","date_gmt":"2021-03-10T11:00:52","guid":{"rendered":"http:\/\/agora.xtec.cat\/ceip-galceran-de-pinos\/?page_id=4033"},"modified":"2026-04-14T13:18:44","modified_gmt":"2026-04-14T11:18:44","slug":"inscripcio-al-centre","status":"publish","type":"page","link":"https:\/\/agora.xtec.cat\/ceip-galceran-de-pinos\/informacions\/inscripcio-al-centre\/","title":{"rendered":"Inscripci\u00f3 a la nostra escola"},"content":{"rendered":"<p>En aquesta p\u00e0gina trobareu tota la informaci\u00f3 per si us voleu inscriure en el nostre centre.<\/p>\n<p>Si voleu visitar-nos, podeu demanar hora i us atendre&#8217;m!<\/p>\n<p>93.824.41.16<\/p>\n<p>a8001522<span class=\"\">@xtec.cat<\/span><\/p>\n<p><strong>MATR\u00cdCULA <\/strong><strong>PER AL CURS 2023-2024<\/strong><\/p>\n<p>Aqu\u00ed us deixem la llista d&#8217;alumnes assignats al centre.<\/p>\n<p><a href=\"https:\/\/agora.xtec.cat\/ceip-galceran-de-pinos\/wp-content\/uploads\/usu1662\/2024\/06\/1718018984313-1.jpg\"><img loading=\"lazy\" decoding=\"async\" class=\"size-large wp-image-5902 aligncenter\" src=\"https:\/\/agora.xtec.cat\/ceip-galceran-de-pinos\/wp-content\/uploads\/usu1662\/2024\/06\/1718018984313-1-731x1024.jpg\" alt=\"\" width=\"731\" height=\"1024\" srcset=\"https:\/\/agora.xtec.cat\/ceip-galceran-de-pinos\/wp-content\/uploads\/usu1662\/2024\/06\/1718018984313-1-731x1024.jpg 731w, https:\/\/agora.xtec.cat\/ceip-galceran-de-pinos\/wp-content\/uploads\/usu1662\/2024\/06\/1718018984313-1-214x300.jpg 214w, https:\/\/agora.xtec.cat\/ceip-galceran-de-pinos\/wp-content\/uploads\/usu1662\/2024\/06\/1718018984313-1.jpg 768w\" sizes=\"auto, (max-width: 731px) 100vw, 731px\" \/><\/a><\/p>\n<p>Per fer una reclamaci\u00f3 ho podeu tramitar a trav\u00e9s del seg\u00fcent enlla\u00e7:\u00a0<a href=\"https:\/\/educacio.gencat.cat\/ca\/tramits\/tramits-temes\/reclamacions-assignacions-preinscripcio-obligatoris\">https:\/\/educacio.gencat.cat\/ca\/tramits\/tramits-temes\/reclamacions-assignacions-preinscripcio-obligatoris<\/a><\/p>\n<p>El per\u00edode de matriculaci\u00f3 ser\u00e0 del 18 al 26 de juny a trav\u00e9s de la p\u00e0gina web seg\u00fcent: <a href=\"https:\/\/preinscripcio.gencat.cat\/ca\/estudis\/primaria\/matriculat\/\">https:\/\/preinscripcio.gencat.cat\/ca\/estudis\/primaria\/matriculat\/<\/a> o podeu venir al centre de 8h a 15h<\/p>\n<p><strong>PREINSCRIPCI\u00d3 PER AL CURS 2023-2024<\/strong><\/p>\n<p><a href=\"https:\/\/agora.xtec.cat\/ceip-galceran-de-pinos\/wp-content\/uploads\/usu1662\/2024\/02\/Informacions-families-Preinscripcio-24-25.pdf\">Informacions-families-Preinscripcio-24-25<\/a><\/p>\n<p><a href=\"https:\/\/agora.xtec.cat\/ceip-galceran-de-pinos\/wp-content\/uploads\/usu1662\/2024\/02\/guia-preinscripcio-ca-24-25.pdf\">guia-preinscripcio-ca 24-25<\/a><\/p>\n<p><a href=\"https:\/\/agora.xtec.cat\/ceip-galceran-de-pinos\/wp-content\/uploads\/usu1662\/2024\/02\/cartell-jornada-portes-obertes-.png\"><img loading=\"lazy\" decoding=\"async\" class=\"aligncenter size-large wp-image-5735\" src=\"https:\/\/agora.xtec.cat\/ceip-galceran-de-pinos\/wp-content\/uploads\/usu1662\/2024\/02\/cartell-jornada-portes-obertes--576x1024.png\" alt=\"\" width=\"576\" height=\"1024\" srcset=\"https:\/\/agora.xtec.cat\/ceip-galceran-de-pinos\/wp-content\/uploads\/usu1662\/2024\/02\/cartell-jornada-portes-obertes--576x1024.png 576w, https:\/\/agora.xtec.cat\/ceip-galceran-de-pinos\/wp-content\/uploads\/usu1662\/2024\/02\/cartell-jornada-portes-obertes--169x300.png 169w, https:\/\/agora.xtec.cat\/ceip-galceran-de-pinos\/wp-content\/uploads\/usu1662\/2024\/02\/cartell-jornada-portes-obertes--768x1365.png 768w, https:\/\/agora.xtec.cat\/ceip-galceran-de-pinos\/wp-content\/uploads\/usu1662\/2024\/02\/cartell-jornada-portes-obertes--864x1536.png 864w, https:\/\/agora.xtec.cat\/ceip-galceran-de-pinos\/wp-content\/uploads\/usu1662\/2024\/02\/cartell-jornada-portes-obertes-.png 1080w\" sizes=\"auto, (max-width: 576px) 100vw, 576px\" \/><\/a><\/p>\n<div style=\"width: 1632px;\" class=\"wp-video\"><!--[if lt IE 9]><script>document.createElement('video');<\/script><![endif]-->\n<video class=\"wp-video-shortcode\" id=\"video-4033-1\" width=\"1632\" height=\"1056\" preload=\"metadata\" controls=\"controls\"><source type=\"video\/mp4\" src=\"https:\/\/agora.xtec.cat\/ceip-galceran-de-pinos\/wp-content\/uploads\/usu1662\/2024\/02\/preinscripcio-Triptic-escola-curs-24-25.mp4?_=1\" \/><a href=\"https:\/\/agora.xtec.cat\/ceip-galceran-de-pinos\/wp-content\/uploads\/usu1662\/2024\/02\/preinscripcio-Triptic-escola-curs-24-25.mp4\">https:\/\/agora.xtec.cat\/ceip-galceran-de-pinos\/wp-content\/uploads\/usu1662\/2024\/02\/preinscripcio-Triptic-escola-curs-24-25.mp4<\/a><\/video><\/div>\n<p><strong>PER LA JORNADA DE PORTES OBERTES CAL EMPLENAR EL SEG\u00dcENT FORMULARI:<\/strong><\/p>\n<p><a href=\"https:\/\/forms.gle\/jeuufYShj19vKTJp9\">https:\/\/forms.gle\/jeuufYShj19vKTJp9<\/a><\/p>\n<p><strong>MATR\u00cdCULA OBERTA &#8211; INSCRIPCI\u00d3 FORA DE TERMINI<\/strong><\/p>\n<p><a href=\"https:\/\/docs.google.com\/forms\/d\/e\/1FAIpQLSdg7Lb63SaIb1MWGqjtlopF7SLTKswcI4ir43htnZe1XSFa6g\/viewform?usp=sf_link\" target=\"_blank\" rel=\"noopener noreferrer\">Formulari d&#8217;inscripci\u00f3 fora del termini<\/a><\/p>\n","protected":false},"excerpt":{"rendered":"<p>En aquesta p\u00e0gina trobareu tota la informaci\u00f3 per si us voleu inscriure en el nostre centre. Si voleu visitar-nos, podeu demanar hora i us atendre&#8217;m! 93.824.41.16 a8001522@xtec.cat MATR\u00cdCULA PER AL CURS 2023-2024 Aqu\u00ed us deixem la llista d&#8217;alumnes assignats al centre. Per fer una reclamaci\u00f3 ho podeu tramitar a trav\u00e9s del seg\u00fcent enlla\u00e7:\u00a0https:\/\/educacio.gencat.cat\/ca\/tramits\/tramits-temes\/reclamacions-assignacions-preinscripcio-obligatoris El per\u00edode [&hellip;]<\/p>\n","protected":false},"author":3,"featured_media":0,"parent":685,"menu_order":0,"comment_status":"closed","ping_status":"closed","template":"","meta":{"_bbp_topic_count":0,"_bbp_reply_count":0,"_bbp_total_topic_count":0,"_bbp_total_reply_count":0,"_bbp_voice_count":0,"_bbp_anonymous_reply_count":0,"_bbp_topic_count_hidden":0,"_bbp_reply_count_hidden":0,"_bbp_forum_subforum_count":0,"site-sidebar-layout":"default","site-content-layout":"","ast-site-content-layout":"default","site-content-style":"default","site-sidebar-style":"default","ast-global-header-display":"","ast-banner-title-visibility":"","ast-main-header-display":"","ast-hfb-above-header-display":"","ast-hfb-below-header-display":"","ast-hfb-mobile-header-display":"","site-post-title":"","ast-breadcrumbs-content":"","ast-featured-img":"","footer-sml-layout":"","theme-transparent-header-meta":"","adv-header-id-meta":"","stick-header-meta":"","header-above-stick-meta":"","header-main-stick-meta":"","header-below-stick-meta":"","astra-migrate-meta-layouts":"set","ast-page-background-enabled":"default","ast-page-background-meta":{"desktop":{"background-color":"var(--ast-global-color-4)","background-image":"","background-repeat":"repeat","background-position":"center center","background-size":"auto","background-attachment":"scroll","background-type":"","background-media":"","overlay-type":"","overlay-color":"","overlay-opacity":"","overlay-gradient":""},"tablet":{"background-color":"","background-image":"","background-repeat":"repeat","background-position":"center center","background-size":"auto","background-attachment":"scroll","background-type":"","background-media":"","overlay-type":"","overlay-color":"","overlay-opacity":"","overlay-gradient":""},"mobile":{"background-color":"","background-image":"","background-repeat":"repeat","background-position":"center center","background-size":"auto","background-attachment":"scroll","background-type":"","background-media":"","overlay-type":"","overlay-color":"","overlay-opacity":"","overlay-gradient":""}},"ast-content-background-meta":{"desktop":{"background-color":"var(--ast-global-color-5)","background-image":"","background-repeat":"repeat","background-position":"center center","background-size":"auto","background-attachment":"scroll","background-type":"","background-media":"","overlay-type":"","overlay-color":"","overlay-opacity":"","overlay-gradient":""},"tablet":{"background-color":"var(--ast-global-color-5)","background-image":"","background-repeat":"repeat","background-position":"center center","background-size":"auto","background-attachment":"scroll","background-type":"","background-media":"","overlay-type":"","overlay-color":"","overlay-opacity":"","overlay-gradient":""},"mobile":{"background-color":"var(--ast-global-color-5)","background-image":"","background-repeat":"repeat","background-position":"center center","background-size":"auto","background-attachment":"scroll","background-type":"","background-media":"","overlay-type":"","overlay-color":"","overlay-opacity":"","overlay-gradient":""}},"footnotes":""},"class_list":["post-4033","page","type-page","status-publish","hentry"],"post_mailing_queue_ids":[],"_links":{"self":[{"href":"https:\/\/agora.xtec.cat\/ceip-galceran-de-pinos\/wp-json\/wp\/v2\/pages\/4033","targetHints":{"allow":["GET"]}}],"collection":[{"href":"https:\/\/agora.xtec.cat\/ceip-galceran-de-pinos\/wp-json\/wp\/v2\/pages"}],"about":[{"href":"https:\/\/agora.xtec.cat\/ceip-galceran-de-pinos\/wp-json\/wp\/v2\/types\/page"}],"author":[{"embeddable":true,"href":"https:\/\/agora.xtec.cat\/ceip-galceran-de-pinos\/wp-json\/wp\/v2\/users\/3"}],"replies":[{"embeddable":true,"href":"https:\/\/agora.xtec.cat\/ceip-galceran-de-pinos\/wp-json\/wp\/v2\/comments?post=4033"}],"version-history":[{"count":6,"href":"https:\/\/agora.xtec.cat\/ceip-galceran-de-pinos\/wp-json\/wp\/v2\/pages\/4033\/revisions"}],"predecessor-version":[{"id":6786,"href":"https:\/\/agora.xtec.cat\/ceip-galceran-de-pinos\/wp-json\/wp\/v2\/pages\/4033\/revisions\/6786"}],"up":[{"embeddable":true,"href":"https:\/\/agora.xtec.cat\/ceip-galceran-de-pinos\/wp-json\/wp\/v2\/pages\/685"}],"wp:attachment":[{"href":"https:\/\/agora.xtec.cat\/ceip-galceran-de-pinos\/wp-json\/wp\/v2\/media?parent=4033"}],"curies":[{"name":"wp","href":"https:\/\/api.w.org\/{rel}","templated":true}]}}