{"id":3071,"date":"2019-11-14T12:27:08","date_gmt":"2019-11-14T11:27:08","guid":{"rendered":"http:\/\/agora.xtec.cat\/ceip-galceran-de-pinos\/?page_id=3071"},"modified":"2025-09-04T13:49:03","modified_gmt":"2025-09-04T11:49:03","slug":"qui-som","status":"publish","type":"page","link":"https:\/\/agora.xtec.cat\/ceip-galceran-de-pinos\/lescola\/qui-som\/","title":{"rendered":"Qui som?"},"content":{"rendered":"<p><em><strong>Equip docent i Administraci\u00f3:<\/strong><\/em><\/p>\n<p style=\"text-align: center;\"><a href=\"https:\/\/agora.xtec.cat\/ceip-galceran-de-pinos\/wp-content\/uploads\/usu1662\/2025\/09\/Claustre-25-26.jpg\"><img loading=\"lazy\" decoding=\"async\" class=\"aligncenter wp-image-6361 size-full\" src=\"https:\/\/agora.xtec.cat\/ceip-galceran-de-pinos\/wp-content\/uploads\/usu1662\/2025\/09\/Claustre-25-26.jpg\" alt=\"\" width=\"1000\" height=\"647\" srcset=\"https:\/\/agora.xtec.cat\/ceip-galceran-de-pinos\/wp-content\/uploads\/usu1662\/2025\/09\/Claustre-25-26.jpg 1000w, https:\/\/agora.xtec.cat\/ceip-galceran-de-pinos\/wp-content\/uploads\/usu1662\/2025\/09\/Claustre-25-26-300x194.jpg 300w, https:\/\/agora.xtec.cat\/ceip-galceran-de-pinos\/wp-content\/uploads\/usu1662\/2025\/09\/Claustre-25-26-768x497.jpg 768w\" sizes=\"auto, (max-width: 1000px) 100vw, 1000px\" \/><\/a><\/p>\n<p>Comencem per dalt:<\/p>\n<p style=\"text-align: left;\"><strong>Carles de las Heras:<\/strong> cotutor de P6,<strong> Lara Saenz:<\/strong> mestra d&#8217;angl\u00e8s a infantil i P6 i directora, <strong>Olga Sabri\u00e0<\/strong>: tutora de P2 i secret\u00e0ria,\u00a0 <strong>Anna Colomina:<\/strong> tutora de P3, <strong>Judit Casas: <\/strong>cotutora d&#8217;I3 i coordinadora de cicle, <strong>Neus Sol\u00e0<\/strong>: tutora de P5, \u00a0<strong>Teresa Altarriba:<\/strong> tutora de P1 i coordinadora CLIC, <strong>Carme Barrab\u00e9s:<\/strong> tutora de P4 i coordinadora COCOBE<\/p>\n<p style=\"text-align: left;\">\u00a0\u00a0A la fila de sota<\/p>\n<p><strong><span class=\"_8Pl3R\" style=\"font-family: inherit; font-size: 1em;\">Mireia Castanyer: <\/span><\/strong><span class=\"_8Pl3R\" style=\"font-family: inherit; font-size: 1em;\">mestra de m\u00fasica i coordinadora digital, <\/span><strong>Ester Noguera:<\/strong> <span class=\"_8Pl3R\" style=\"font-family: inherit; font-size: 1em;\">mestra d&#8217;educaci\u00f3 especial i coordinadora de cicle, <strong>N\u00faria Casta\u00f1o:<\/strong> cotutora I3, <\/span> <strong>Dolors Cunill:<\/strong> tutora d&#8217;I5, <strong>Queralt Peralba:<\/strong> cotutora P6, \u00a0<strong>Ingrid Giralt:<\/strong> psicomotricitat i educaci\u00f3 f\u00edsica i cap d&#8217;estudis, <strong>Paula C\u00f3rdoba: <\/strong>tutora I4 (substituci\u00f3 <strong>Aida Arnau<\/strong>),<span class=\"_8Pl3R\" style=\"font-family: inherit; font-size: 1em;\">\u00a0<strong>Lourdes S\u00e1nchez:\u00a0<\/strong>administrativa.<\/span><\/p>\n<p>Faltar\u00e0 un\/a mestre d&#8217;angl\u00e8s en substituci\u00f3 del <strong>Josep Armengol<\/strong><\/p>\n<p><em><strong>Equip de menjador<\/strong><\/em><\/p>\n<p><strong>&#8211; Sandra S\u00e1nchez<\/strong>: responsable de cuina i monitoratge.<\/p>\n<p><strong>&#8211; Mar\u00eda Castillo:<\/strong> monitora.<\/p>\n<p><strong>&#8211;\u00a0 Amaya A\u00f1a\u00f1os<\/strong>: monitora<\/p>\n<p><strong>&#8211;\u00a0 Marta S\u00e1nchez<\/strong>: neteja<\/p>\n<p><em><strong>Equip de manteniment i conservaci\u00f3 de l&#8217;escola<\/strong><\/em><\/p>\n<p><a href=\"https:\/\/agora.xtec.cat\/ceip-galceran-de-pinos\/wp-content\/uploads\/usu1662\/2025\/09\/Manteniment.jpg\"><img loading=\"lazy\" decoding=\"async\" class=\"alignleft wp-image-6368 \" src=\"https:\/\/agora.xtec.cat\/ceip-galceran-de-pinos\/wp-content\/uploads\/usu1662\/2025\/09\/Manteniment-150x150.jpg\" alt=\"\" width=\"149\" height=\"149\" \/><\/a><\/p>\n<p>&nbsp;<\/p>\n<p>Jose Lu\u00eds Alc\u00e1ntara<\/p>\n<p>&nbsp;<\/p>\n<p>&nbsp;<\/p>\n<p>&nbsp;<\/p>\n<p><a href=\"https:\/\/agora.xtec.cat\/ceip-galceran-de-pinos\/wp-content\/uploads\/usu1662\/2019\/11\/IMG-20191114-WA0006.jpg\"><img loading=\"lazy\" decoding=\"async\" class=\" wp-image-3147 alignleft\" src=\"https:\/\/agora.xtec.cat\/ceip-galceran-de-pinos\/wp-content\/uploads\/usu1662\/2019\/11\/IMG-20191114-WA0006-225x300.jpg\" alt=\"\" width=\"135\" height=\"180\" srcset=\"https:\/\/agora.xtec.cat\/ceip-galceran-de-pinos\/wp-content\/uploads\/usu1662\/2019\/11\/IMG-20191114-WA0006-225x300.jpg 225w, https:\/\/agora.xtec.cat\/ceip-galceran-de-pinos\/wp-content\/uploads\/usu1662\/2019\/11\/IMG-20191114-WA0006.jpg 768w\" sizes=\"auto, (max-width: 135px) 100vw, 135px\" \/><\/a><\/p>\n<p>&nbsp;<\/p>\n<p>&nbsp;<\/p>\n<p>Pili Garcia<\/p>\n","protected":false},"excerpt":{"rendered":"<p>Equip docent i Administraci\u00f3: Comencem per dalt: Carles de las Heras: cotutor de P6, Lara Saenz: mestra d&#8217;angl\u00e8s a infantil i P6 i directora, Olga Sabri\u00e0: tutora de P2 i secret\u00e0ria,\u00a0 Anna Colomina: tutora de P3, Judit Casas: cotutora d&#8217;I3 i coordinadora de cicle, Neus Sol\u00e0: tutora de P5, \u00a0Teresa Altarriba: tutora de P1 i [&hellip;]<\/p>\n","protected":false},"author":3,"featured_media":0,"parent":22,"menu_order":0,"comment_status":"closed","ping_status":"closed","template":"","meta":{"_bbp_topic_count":0,"_bbp_reply_count":0,"_bbp_total_topic_count":0,"_bbp_total_reply_count":0,"_bbp_voice_count":0,"_bbp_anonymous_reply_count":0,"_bbp_topic_count_hidden":0,"_bbp_reply_count_hidden":0,"_bbp_forum_subforum_count":0,"site-sidebar-layout":"default","site-content-layout":"","ast-site-content-layout":"","site-content-style":"default","site-sidebar-style":"default","ast-global-header-display":"","ast-banner-title-visibility":"","ast-main-header-display":"","ast-hfb-above-header-display":"","ast-hfb-below-header-display":"","ast-hfb-mobile-header-display":"","site-post-title":"","ast-breadcrumbs-content":"","ast-featured-img":"","footer-sml-layout":"","theme-transparent-header-meta":"","adv-header-id-meta":"","stick-header-meta":"","header-above-stick-meta":"","header-main-stick-meta":"","header-below-stick-meta":"","astra-migrate-meta-layouts":"default","ast-page-background-enabled":"default","ast-page-background-meta":{"desktop":{"background-color":"var(--ast-global-color-4)","background-image":"","background-repeat":"repeat","background-position":"center center","background-size":"auto","background-attachment":"scroll","background-type":"","background-media":"","overlay-type":"","overlay-color":"","overlay-opacity":"","overlay-gradient":""},"tablet":{"background-color":"","background-image":"","background-repeat":"repeat","background-position":"center center","background-size":"auto","background-attachment":"scroll","background-type":"","background-media":"","overlay-type":"","overlay-color":"","overlay-opacity":"","overlay-gradient":""},"mobile":{"background-color":"","background-image":"","background-repeat":"repeat","background-position":"center center","background-size":"auto","background-attachment":"scroll","background-type":"","background-media":"","overlay-type":"","overlay-color":"","overlay-opacity":"","overlay-gradient":""}},"ast-content-background-meta":{"desktop":{"background-color":"var(--ast-global-color-5)","background-image":"","background-repeat":"repeat","background-position":"center center","background-size":"auto","background-attachment":"scroll","background-type":"","background-media":"","overlay-type":"","overlay-color":"","overlay-opacity":"","overlay-gradient":""},"tablet":{"background-color":"var(--ast-global-color-5)","background-image":"","background-repeat":"repeat","background-position":"center center","background-size":"auto","background-attachment":"scroll","background-type":"","background-media":"","overlay-type":"","overlay-color":"","overlay-opacity":"","overlay-gradient":""},"mobile":{"background-color":"var(--ast-global-color-5)","background-image":"","background-repeat":"repeat","background-position":"center center","background-size":"auto","background-attachment":"scroll","background-type":"","background-media":"","overlay-type":"","overlay-color":"","overlay-opacity":"","overlay-gradient":""}},"footnotes":""},"class_list":["post-3071","page","type-page","status-publish","hentry"],"post_mailing_queue_ids":[],"_links":{"self":[{"href":"https:\/\/agora.xtec.cat\/ceip-galceran-de-pinos\/wp-json\/wp\/v2\/pages\/3071","targetHints":{"allow":["GET"]}}],"collection":[{"href":"https:\/\/agora.xtec.cat\/ceip-galceran-de-pinos\/wp-json\/wp\/v2\/pages"}],"about":[{"href":"https:\/\/agora.xtec.cat\/ceip-galceran-de-pinos\/wp-json\/wp\/v2\/types\/page"}],"author":[{"embeddable":true,"href":"https:\/\/agora.xtec.cat\/ceip-galceran-de-pinos\/wp-json\/wp\/v2\/users\/3"}],"replies":[{"embeddable":true,"href":"https:\/\/agora.xtec.cat\/ceip-galceran-de-pinos\/wp-json\/wp\/v2\/comments?post=3071"}],"version-history":[{"count":7,"href":"https:\/\/agora.xtec.cat\/ceip-galceran-de-pinos\/wp-json\/wp\/v2\/pages\/3071\/revisions"}],"predecessor-version":[{"id":6370,"href":"https:\/\/agora.xtec.cat\/ceip-galceran-de-pinos\/wp-json\/wp\/v2\/pages\/3071\/revisions\/6370"}],"up":[{"embeddable":true,"href":"https:\/\/agora.xtec.cat\/ceip-galceran-de-pinos\/wp-json\/wp\/v2\/pages\/22"}],"wp:attachment":[{"href":"https:\/\/agora.xtec.cat\/ceip-galceran-de-pinos\/wp-json\/wp\/v2\/media?parent=3071"}],"curies":[{"name":"wp","href":"https:\/\/api.w.org\/{rel}","templated":true}]}}