{"id":3066,"date":"2019-11-14T11:51:46","date_gmt":"2019-11-14T10:51:46","guid":{"rendered":"http:\/\/agora.xtec.cat\/ceip-galceran-de-pinos\/?page_id=3066"},"modified":"2023-01-11T19:04:43","modified_gmt":"2023-01-11T18:04:43","slug":"circulars-per-a-les-families","status":"publish","type":"page","link":"https:\/\/agora.xtec.cat\/ceip-galceran-de-pinos\/circulars-per-a-les-families\/","title":{"rendered":"Circulars sortides i activitats"},"content":{"rendered":"<div><\/div>\n<div><\/div>\n<h3><strong>SORTIDES CURS 22-23<\/strong><\/h3>\n<p><span style=\"color: #339966;\"><big><big>Aqu\u00ed hi trobareu els documents de les sortides que s&#8217;entreguen a l&#8217;alumnat\u00a0<\/big><\/big><\/span><\/p>\n<div>\n<table class=\" alignleft\" style=\"height: 657px; width: 100.166%;\" width=\"68.5318%\">\n<tbody>\n<tr style=\"height: 31px;\">\n<td style=\"width: 16.1631%; height: 121px;\">\n<h3><strong>ACTIVITAT<\/strong><\/h3>\n<\/td>\n<td style=\"width: 12.9688%; height: 121px;\">\n<h3><strong>EI-3<\/strong><\/h3>\n<\/td>\n<td style=\"width: 11.3156%; height: 121px;\">\n<h3><strong>EI-4<\/strong><\/h3>\n<h3><strong>EI-5<\/strong><\/h3>\n<\/td>\n<td style=\"width: 10.2261%; height: 121px;\">\n<h3><strong>1r<\/strong><\/h3>\n<\/td>\n<td style=\"width: 12.4488%; height: 121px;\">\n<h3><strong>2n <\/strong><\/h3>\n<\/td>\n<td style=\"width: 12.479%; height: 121px;\">\n<h3><strong>3r<\/strong><\/h3>\n<h3><strong>4t<\/strong><\/h3>\n<\/td>\n<td style=\"width: 12.7208%; height: 121px;\">\n<h3><strong>5\u00e8<\/strong><\/h3>\n<\/td>\n<td style=\"width: 35.8518%; height: 121px;\">\n<h3><strong>6\u00e8<\/strong><\/h3>\n<\/td>\n<\/tr>\n<tr style=\"height: 187px;\">\n<td style=\"width: 16.1631%; height: 187px;\">Bestreta Camp d&#8217;aprenentatge CM-CS<\/td>\n<td style=\"width: 12.9688%; height: 187px;\"><\/td>\n<td style=\"width: 11.3156%; height: 187px;\"><\/td>\n<td style=\"width: 10.2261%; height: 187px;\"><\/td>\n<td style=\"width: 12.4488%; height: 187px;\"><\/td>\n<td style=\"width: 12.479%; height: 187px;\"><a href=\"https:\/\/agora.xtec.cat\/ceip-galceran-de-pinos\/wp-content\/uploads\/usu1662\/2022\/09\/Paga-i-senyal-CDA-BARCELONA.odt\">Paga i senyal CDA BARCELONA<\/a><\/td>\n<td style=\"width: 12.7208%; height: 187px;\"><a href=\"https:\/\/agora.xtec.cat\/ceip-galceran-de-pinos\/wp-content\/uploads\/usu1662\/2022\/09\/Paga-i-senyal-CDA-BARCELONA.odt\">Paga i senyal CDA BARCELONA<\/a><\/td>\n<td style=\"width: 35.8518%; height: 187px;\"><a href=\"https:\/\/agora.xtec.cat\/ceip-galceran-de-pinos\/wp-content\/uploads\/usu1662\/2022\/09\/Paga-i-senyal-CDA-BARCELONA.odt\">Paga i senyal CDA BARCELONA<\/a><\/td>\n<\/tr>\n<tr style=\"height: 31px;\">\n<td style=\"width: 16.1631%; height: 48px;\">Sondeig Col\u00f2nies<\/td>\n<td style=\"width: 12.9688%; height: 48px;\"><a href=\"https:\/\/agora.xtec.cat\/ceip-galceran-de-pinos\/wp-content\/uploads\/usu1662\/2022\/09\/Sondeig-colonies.docx\">Sondeig col\u00f2nies<\/a><\/td>\n<td style=\"width: 11.3156%; height: 48px;\"><a href=\"https:\/\/agora.xtec.cat\/ceip-galceran-de-pinos\/wp-content\/uploads\/usu1662\/2022\/09\/Sondeig-colonies.docx\">Sondeig col\u00f2nies<\/a><\/td>\n<td style=\"width: 10.2261%; height: 48px;\"><a href=\"https:\/\/agora.xtec.cat\/ceip-galceran-de-pinos\/wp-content\/uploads\/usu1662\/2022\/09\/Sondeig-colonies.docx\">Sondeig col\u00f2nies<\/a><\/td>\n<td style=\"width: 12.4488%; height: 48px;\"><a href=\"https:\/\/agora.xtec.cat\/ceip-galceran-de-pinos\/wp-content\/uploads\/usu1662\/2022\/09\/Sondeig-colonies.docx\">Sondeig col\u00f2nies<\/a><\/td>\n<td style=\"width: 12.479%; height: 48px;\"><\/td>\n<td style=\"width: 12.7208%; height: 48px;\"><\/td>\n<td style=\"width: 35.8518%; height: 48px;\"><\/td>\n<\/tr>\n<tr style=\"height: 31px;\">\n<td style=\"width: 16.1631%; height: 48px;\">Teatres<\/td>\n<td style=\"width: 12.9688%; height: 48px;\"><a href=\"https:\/\/agora.xtec.cat\/ceip-galceran-de-pinos\/wp-content\/uploads\/usu1662\/2022\/11\/ANEM-AL-TEATRE-EI-CURS-22-23.docx\">ANEM AL TEATRE EI CURS 22-23<\/a><\/td>\n<td style=\"width: 11.3156%; height: 48px;\"><a href=\"https:\/\/agora.xtec.cat\/ceip-galceran-de-pinos\/wp-content\/uploads\/usu1662\/2022\/11\/ANEM-AL-TEATRE-EI-CURS-22-23.docx\">ANEM AL TEATRE EI CURS 22-23<\/a><\/td>\n<td style=\"width: 10.2261%; height: 48px;\"><a href=\"https:\/\/agora.xtec.cat\/ceip-galceran-de-pinos\/wp-content\/uploads\/usu1662\/2022\/11\/ANEM-AL-TEATRE-CI-Curs-2022-23.docx\">ANEM AL TEATRE CI Curs 2022-23<\/a><\/td>\n<td style=\"width: 12.4488%; height: 48px;\"><a href=\"https:\/\/agora.xtec.cat\/ceip-galceran-de-pinos\/wp-content\/uploads\/usu1662\/2022\/11\/ANEM-AL-TEATRE-CI-Curs-2022-23.docx\">ANEM AL TEATRE CI Curs 2022-23<\/a><\/td>\n<td style=\"width: 12.479%; height: 48px;\"><a href=\"https:\/\/agora.xtec.cat\/ceip-galceran-de-pinos\/wp-content\/uploads\/usu1662\/2022\/11\/autoritzacio-teatres-CM-22-23.doc\">autoritzaci\u00f3 teatres CM 22-23<\/a><\/td>\n<td style=\"width: 12.7208%; height: 48px;\"><a href=\"https:\/\/agora.xtec.cat\/ceip-galceran-de-pinos\/wp-content\/uploads\/usu1662\/2022\/11\/autoritzacio-teatres-CS-22-23.doc\">autoritzaci\u00f3 teatres CS 22-23<\/a><\/td>\n<td style=\"width: 35.8518%; height: 48px;\"><a href=\"https:\/\/agora.xtec.cat\/ceip-galceran-de-pinos\/wp-content\/uploads\/usu1662\/2022\/11\/autoritzacio-teatres-CS-22-23-1.doc\">autoritzaci\u00f3 teatres CS 22-23<\/a><\/td>\n<\/tr>\n<tr style=\"height: 31px;\">\n<td style=\"width: 16.1631%; height: 48px;\">2n pagament Camp d&#8217;aprenentatge CM-CS<\/td>\n<td style=\"width: 12.9688%; height: 48px;\"><\/td>\n<td style=\"width: 11.3156%; height: 48px;\"><\/td>\n<td style=\"width: 10.2261%; height: 48px;\"><\/td>\n<td style=\"width: 12.4488%; height: 48px;\"><\/td>\n<td style=\"width: 12.479%; height: 48px;\"><a href=\"https:\/\/agora.xtec.cat\/ceip-galceran-de-pinos\/wp-content\/uploads\/usu1662\/2022\/11\/2n-pagament-C-Apren-Barcelona-22-23.doc\">2n pagament C Apren Barcelona 22-23<\/a><\/p>\n<p><a href=\"https:\/\/agora.xtec.cat\/ceip-galceran-de-pinos\/wp-content\/uploads\/usu1662\/2022\/11\/2n-pagament-C-Apren-Barcelona-22-23-50.doc\">2n pagament C Apren Barcelona 22-23 50%<\/a><\/p>\n<p><a href=\"https:\/\/agora.xtec.cat\/ceip-galceran-de-pinos\/wp-content\/uploads\/usu1662\/2022\/11\/2n-pagament-C-Apren-Barcelona-22-23-100.doc\">2n pagament C Apren Barcelona 22-23 100%<\/a><\/td>\n<td style=\"width: 12.7208%; height: 48px;\"><a href=\"https:\/\/agora.xtec.cat\/ceip-galceran-de-pinos\/wp-content\/uploads\/usu1662\/2022\/11\/2n-pagament-C-Apren-Barcelona-22-23.doc\">2n pagament C Apren Barcelona 22-23<\/a><\/p>\n<p><a href=\"https:\/\/agora.xtec.cat\/ceip-galceran-de-pinos\/wp-content\/uploads\/usu1662\/2022\/11\/2n-pagament-C-Apren-Barcelona-22-23-50.doc\">2n pagament C Apren Barcelona 22-23 50%<\/a><\/p>\n<p><a href=\"https:\/\/agora.xtec.cat\/ceip-galceran-de-pinos\/wp-content\/uploads\/usu1662\/2022\/11\/2n-pagament-C-Apren-Barcelona-22-23-100.doc\">2n pagament C Apren Barcelona 22-23 100%<\/a><\/td>\n<td style=\"width: 35.8518%; height: 48px;\"><a href=\"https:\/\/agora.xtec.cat\/ceip-galceran-de-pinos\/wp-content\/uploads\/usu1662\/2022\/11\/2n-pagament-C-Apren-Barcelona-22-23.doc\">2n pagament C Apren Barcelona 22-23<\/a><\/p>\n<p><a href=\"https:\/\/agora.xtec.cat\/ceip-galceran-de-pinos\/wp-content\/uploads\/usu1662\/2022\/11\/2n-pagament-C-Apren-Barcelona-22-23-50.doc\">2n pagament C Apren Barcelona 22-23 50%<\/a><\/p>\n<p><a href=\"https:\/\/agora.xtec.cat\/ceip-galceran-de-pinos\/wp-content\/uploads\/usu1662\/2022\/11\/2n-pagament-C-Apren-Barcelona-22-23-100.doc\">2n pagament C Apren Barcelona 22-23 100%<\/a><\/td>\n<\/tr>\n<tr style=\"height: 31px;\">\n<td style=\"width: 16.1631%; height: 16px;\">Bestreta col\u00f2nies infantil i C<\/td>\n<td style=\"width: 12.9688%; height: 16px;\"><a href=\"https:\/\/agora.xtec.cat\/ceip-galceran-de-pinos\/wp-content\/uploads\/usu1662\/2022\/12\/colonies-Saldes.pdf\">col\u00f2nies Saldes<\/a><\/td>\n<td style=\"width: 11.3156%; height: 16px;\"><a href=\"https:\/\/agora.xtec.cat\/ceip-galceran-de-pinos\/wp-content\/uploads\/usu1662\/2022\/12\/colonies-Saldes.pdf\">col\u00f2nies Saldes<\/a><\/td>\n<td style=\"width: 10.2261%; height: 16px;\"><a href=\"https:\/\/agora.xtec.cat\/ceip-galceran-de-pinos\/wp-content\/uploads\/usu1662\/2022\/12\/colonies-Saldes.pdf\">col\u00f2nies Saldes<\/a><\/td>\n<td style=\"width: 12.4488%; height: 16px;\"><a href=\"https:\/\/agora.xtec.cat\/ceip-galceran-de-pinos\/wp-content\/uploads\/usu1662\/2022\/12\/colonies-Saldes.pdf\">col\u00f2nies Saldes<\/a><\/td>\n<td style=\"width: 12.479%; height: 16px;\"><\/td>\n<td style=\"width: 12.7208%; height: 16px;\"><\/td>\n<td style=\"width: 35.8518%; height: 16px;\"><\/td>\n<\/tr>\n<tr style=\"height: 116px;\">\n<td style=\"width: 16.1631%; height: 85px;\">1r pagament setmana blanca<\/td>\n<td style=\"width: 12.9688%; height: 85px;\"><\/td>\n<td style=\"width: 11.3156%; height: 85px;\"><\/td>\n<td style=\"width: 10.2261%; height: 85px;\"><a href=\"https:\/\/agora.xtec.cat\/ceip-galceran-de-pinos\/wp-content\/uploads\/usu1662\/2022\/12\/SETMANA-BLANCA-1a-carta-23.docx.pdf\">SET BLANCA 1a carta 23.docx<\/a><\/td>\n<td style=\"width: 12.4488%; height: 85px;\"><a href=\"https:\/\/agora.xtec.cat\/ceip-galceran-de-pinos\/wp-content\/uploads\/usu1662\/2022\/12\/SETMANA-BLANCA-1a-carta-23.docx.pdf\">SETMANA BLANCA 1a carta 23.docx<\/a><\/td>\n<td style=\"width: 12.479%; height: 85px;\"><a href=\"https:\/\/agora.xtec.cat\/ceip-galceran-de-pinos\/wp-content\/uploads\/usu1662\/2022\/12\/Setmana-blanca1-r-pagament-CM.docx.pdf\">Setmana blanca 1r pagament CM.docx<\/a><\/td>\n<td style=\"width: 12.7208%; height: 85px;\"><a href=\"https:\/\/agora.xtec.cat\/ceip-galceran-de-pinos\/wp-content\/uploads\/usu1662\/2022\/12\/SETMANA-BLANCA-1a-carta-23.docx.pdf\">SETMANA BLANCA 1a carta 23.docx<\/a><\/td>\n<td style=\"width: 35.8518%; height: 85px;\"><a href=\"https:\/\/agora.xtec.cat\/ceip-galceran-de-pinos\/wp-content\/uploads\/usu1662\/2022\/12\/SETMANA-BLANCA-1a-carta-23.docx.pdf\">SETMANA BLANCA 1a carta 23.docx<\/a><\/td>\n<\/tr>\n<tr style=\"height: 209px;\">\n<td style=\"width: 16.1631%; height: 38px;\">2n pagament setmana blanca<\/td>\n<td style=\"width: 12.9688%; height: 38px;\"><\/td>\n<td style=\"width: 11.3156%; height: 38px;\"><\/td>\n<td style=\"width: 10.2261%; height: 38px;\"><a href=\"https:\/\/agora.xtec.cat\/ceip-galceran-de-pinos\/wp-content\/uploads\/usu1662\/2022\/12\/Setmana-blanca-2n-pagament.docx.pdf\">_Setmana blanca 2n pagament.docx<\/a><\/p>\n<p><a href=\"https:\/\/agora.xtec.cat\/ceip-galceran-de-pinos\/wp-content\/uploads\/usu1662\/2022\/12\/Material-propi-SETMANA-BLANCA-2a-carta-23.docx.pdf\">Material propi SETMANA BLANCA 2a carta 23.docx<\/a><\/td>\n<td style=\"width: 12.4488%; height: 38px;\"><a href=\"https:\/\/agora.xtec.cat\/ceip-galceran-de-pinos\/wp-content\/uploads\/usu1662\/2022\/12\/Setmana-blanca-2n-pagament.docx.pdf\">_Setmana blanca 2n pagament.docx<\/a><\/p>\n<p><a href=\"https:\/\/agora.xtec.cat\/ceip-galceran-de-pinos\/wp-content\/uploads\/usu1662\/2022\/12\/Material-propi-SETMANA-BLANCA-2a-carta-23.docx.pdf\">Material propi SETMANA BLANCA 2a carta 23.docx<\/a><\/td>\n<td style=\"width: 12.479%; height: 38px;\"><a href=\"https:\/\/agora.xtec.cat\/ceip-galceran-de-pinos\/wp-content\/uploads\/usu1662\/2022\/12\/Setmana-blanca-2n-pagament-CM.docx.pdf\">_Setmana blanca 2n pagament CM.docx<\/a><\/p>\n<p><a href=\"https:\/\/agora.xtec.cat\/ceip-galceran-de-pinos\/wp-content\/uploads\/usu1662\/2022\/12\/Material-propi-CM-SETMANA-BLANCA-2a-carta-23.docx.pdf\">Material propi CM SETMANA BLANCA 2a carta 23.docx<\/a><\/td>\n<td style=\"width: 12.7208%; height: 38px;\"><a href=\"https:\/\/agora.xtec.cat\/ceip-galceran-de-pinos\/wp-content\/uploads\/usu1662\/2022\/12\/Setmana-blanca-2n-pagament.docx.pdf\">_Setmana blanca 2n pagament.docx<\/a><\/p>\n<p><a href=\"https:\/\/agora.xtec.cat\/ceip-galceran-de-pinos\/wp-content\/uploads\/usu1662\/2022\/12\/Material-propi-SETMANA-BLANCA-2a-carta-23.docx.pdf\">Material propi SETMANA BLANCA 2a carta 23.docx<\/a><\/td>\n<td style=\"width: 35.8518%; height: 38px;\"><a href=\"https:\/\/agora.xtec.cat\/ceip-galceran-de-pinos\/wp-content\/uploads\/usu1662\/2022\/12\/Setmana-blanca-2n-pagament.docx.pdf\">_Setmana blanca 2n pagament.docx<\/a><\/p>\n<p><a href=\"https:\/\/agora.xtec.cat\/ceip-galceran-de-pinos\/wp-content\/uploads\/usu1662\/2022\/12\/Material-propi-SETMANA-BLANCA-2a-carta-23.docx.pdf\">Material propi SETMANA BLANCA 2a carta 23.docx<\/a><\/td>\n<\/tr>\n<tr style=\"height: 33px;\">\n<td style=\"width: 16.1631%; height: 33px;\">EBE<\/td>\n<td style=\"width: 12.9688%; height: 33px;\"><\/td>\n<td style=\"width: 11.3156%; height: 33px;\"><\/td>\n<td style=\"width: 10.2261%; height: 33px;\"><\/td>\n<td style=\"width: 12.4488%; height: 33px;\"><\/td>\n<td style=\"width: 12.479%; height: 33px;\"><a href=\"https:\/\/agora.xtec.cat\/ceip-galceran-de-pinos\/wp-content\/uploads\/usu1662\/2023\/01\/PROGRAMA-ESPORT-BLANC-ESCOLAR-3r.docx\">PROGRAMA ESPORT BLANC ESCOLAR 3r<\/a><\/p>\n<p><a href=\"https:\/\/agora.xtec.cat\/ceip-galceran-de-pinos\/wp-content\/uploads\/usu1662\/2023\/01\/PROGRAMA-ESPORT-BLANC-ESCOLAR-4t.docx\">PROGRAMA ESPORT BLANC ESCOLAR 4t<\/a><\/td>\n<td style=\"width: 12.7208%; height: 33px;\"><\/td>\n<td style=\"width: 35.8518%; height: 33px;\"><\/td>\n<\/tr>\n<tr style=\"height: 33px;\">\n<td style=\"width: 16.1631%; height: 33px;\"><\/td>\n<td style=\"width: 12.9688%; height: 33px;\"><\/td>\n<td style=\"width: 11.3156%; height: 33px;\"><\/td>\n<td style=\"width: 10.2261%; height: 33px;\"><\/td>\n<td style=\"width: 12.4488%; height: 33px;\"><\/td>\n<td style=\"width: 12.479%; height: 33px;\"><\/td>\n<td style=\"width: 12.7208%; height: 33px;\"><\/td>\n<td style=\"width: 35.8518%; height: 33px;\"><\/td>\n<\/tr>\n<\/tbody>\n<\/table>\n<\/div>\n<div><\/div>\n","protected":false},"excerpt":{"rendered":"<p>SORTIDES CURS 22-23 Aqu\u00ed hi trobareu els documents de les sortides que s&#8217;entreguen a l&#8217;alumnat\u00a0 ACTIVITAT EI-3 EI-4 EI-5 1r 2n 3r 4t 5\u00e8 6\u00e8 Bestreta Camp d&#8217;aprenentatge CM-CS Paga i senyal CDA BARCELONA Paga i senyal CDA BARCELONA Paga i senyal CDA BARCELONA Sondeig Col\u00f2nies Sondeig col\u00f2nies Sondeig col\u00f2nies Sondeig col\u00f2nies Sondeig col\u00f2nies Teatres [&hellip;]<\/p>\n","protected":false},"author":3,"featured_media":0,"parent":0,"menu_order":0,"comment_status":"closed","ping_status":"closed","template":"page-templates\/side-menu.php","meta":{"_bbp_topic_count":0,"_bbp_reply_count":0,"_bbp_total_topic_count":0,"_bbp_total_reply_count":0,"_bbp_voice_count":0,"_bbp_anonymous_reply_count":0,"_bbp_topic_count_hidden":0,"_bbp_reply_count_hidden":0,"_bbp_forum_subforum_count":0,"site-sidebar-layout":"default","site-content-layout":"","ast-site-content-layout":"","site-content-style":"default","site-sidebar-style":"default","ast-global-header-display":"","ast-banner-title-visibility":"","ast-main-header-display":"","ast-hfb-above-header-display":"","ast-hfb-below-header-display":"","ast-hfb-mobile-header-display":"","site-post-title":"","ast-breadcrumbs-content":"","ast-featured-img":"","footer-sml-layout":"","theme-transparent-header-meta":"","adv-header-id-meta":"","stick-header-meta":"","header-above-stick-meta":"","header-main-stick-meta":"","header-below-stick-meta":"","astra-migrate-meta-layouts":"default","ast-page-background-enabled":"default","ast-page-background-meta":{"desktop":{"background-color":"var(--ast-global-color-4)","background-image":"","background-repeat":"repeat","background-position":"center center","background-size":"auto","background-attachment":"scroll","background-type":"","background-media":"","overlay-type":"","overlay-color":"","overlay-opacity":"","overlay-gradient":""},"tablet":{"background-color":"","background-image":"","background-repeat":"repeat","background-position":"center center","background-size":"auto","background-attachment":"scroll","background-type":"","background-media":"","overlay-type":"","overlay-color":"","overlay-opacity":"","overlay-gradient":""},"mobile":{"background-color":"","background-image":"","background-repeat":"repeat","background-position":"center center","background-size":"auto","background-attachment":"scroll","background-type":"","background-media":"","overlay-type":"","overlay-color":"","overlay-opacity":"","overlay-gradient":""}},"ast-content-background-meta":{"desktop":{"background-color":"var(--ast-global-color-5)","background-image":"","background-repeat":"repeat","background-position":"center center","background-size":"auto","background-attachment":"scroll","background-type":"","background-media":"","overlay-type":"","overlay-color":"","overlay-opacity":"","overlay-gradient":""},"tablet":{"background-color":"var(--ast-global-color-5)","background-image":"","background-repeat":"repeat","background-position":"center center","background-size":"auto","background-attachment":"scroll","background-type":"","background-media":"","overlay-type":"","overlay-color":"","overlay-opacity":"","overlay-gradient":""},"mobile":{"background-color":"var(--ast-global-color-5)","background-image":"","background-repeat":"repeat","background-position":"center center","background-size":"auto","background-attachment":"scroll","background-type":"","background-media":"","overlay-type":"","overlay-color":"","overlay-opacity":"","overlay-gradient":""}},"footnotes":""},"class_list":["post-3066","page","type-page","status-publish","hentry"],"post_mailing_queue_ids":[],"_links":{"self":[{"href":"https:\/\/agora.xtec.cat\/ceip-galceran-de-pinos\/wp-json\/wp\/v2\/pages\/3066","targetHints":{"allow":["GET"]}}],"collection":[{"href":"https:\/\/agora.xtec.cat\/ceip-galceran-de-pinos\/wp-json\/wp\/v2\/pages"}],"about":[{"href":"https:\/\/agora.xtec.cat\/ceip-galceran-de-pinos\/wp-json\/wp\/v2\/types\/page"}],"author":[{"embeddable":true,"href":"https:\/\/agora.xtec.cat\/ceip-galceran-de-pinos\/wp-json\/wp\/v2\/users\/3"}],"replies":[{"embeddable":true,"href":"https:\/\/agora.xtec.cat\/ceip-galceran-de-pinos\/wp-json\/wp\/v2\/comments?post=3066"}],"version-history":[{"count":3,"href":"https:\/\/agora.xtec.cat\/ceip-galceran-de-pinos\/wp-json\/wp\/v2\/pages\/3066\/revisions"}],"predecessor-version":[{"id":5130,"href":"https:\/\/agora.xtec.cat\/ceip-galceran-de-pinos\/wp-json\/wp\/v2\/pages\/3066\/revisions\/5130"}],"wp:attachment":[{"href":"https:\/\/agora.xtec.cat\/ceip-galceran-de-pinos\/wp-json\/wp\/v2\/media?parent=3066"}],"curies":[{"name":"wp","href":"https:\/\/api.w.org\/{rel}","templated":true}]}}