{"id":30,"date":"2014-09-18T12:30:23","date_gmt":"2014-09-18T11:30:23","guid":{"rendered":"http:\/\/agora.xtec.cat\/ceip-galceran-de-pinos\/?page_id=30"},"modified":"2019-11-28T09:46:07","modified_gmt":"2019-11-28T08:46:07","slug":"instal%c2%b7lacions","status":"publish","type":"page","link":"https:\/\/agora.xtec.cat\/ceip-galceran-de-pinos\/lescola\/instal%c2%b7lacions\/","title":{"rendered":"Instal\u00b7lacions"},"content":{"rendered":"<p class=\"Estilo2\" style=\"text-align: center;\"><strong>LES NOSTRES INSTAL\u00b7LACIONS<\/strong><\/p>\n<table style=\"height: 2141px; width: 684px;\" border=\"1\" width=\"700\">\n<tbody>\n<tr style=\"height: 31px;\" valign=\"top\">\n<td style=\"width: 329px; height: 31px;\">\n<div align=\"center\">\u00a0Pati<\/div>\n<\/td>\n<td style=\"width: 347px; height: 31px;\">\n<div align=\"center\">Pista<\/div>\n<\/td>\n<\/tr>\n<tr style=\"height: 466px;\" valign=\"top\">\n<td style=\"width: 329px; height: 466px;\"><a href=\"https:\/\/agora.xtec.cat\/ceip-galceran-de-pinos\/wp-content\/uploads\/usu1662\/2019\/11\/pati-caseta.jpg\"><img loading=\"lazy\" decoding=\"async\" class=\"alignnone size-full wp-image-3012\" src=\"https:\/\/agora.xtec.cat\/ceip-galceran-de-pinos\/wp-content\/uploads\/usu1662\/2019\/11\/pati-caseta.jpg\" alt=\"\" width=\"448\" height=\"336\" \/><\/a> <a href=\"https:\/\/agora.xtec.cat\/ceip-galceran-de-pinos\/wp-content\/uploads\/usu1662\/2019\/11\/pati.jpg\"><img loading=\"lazy\" decoding=\"async\" class=\"alignnone size-full wp-image-3013\" src=\"https:\/\/agora.xtec.cat\/ceip-galceran-de-pinos\/wp-content\/uploads\/usu1662\/2019\/11\/pati.jpg\" alt=\"\" width=\"448\" height=\"336\" \/><\/a><\/td>\n<td style=\"width: 347px; height: 466px;\"><img loading=\"lazy\" decoding=\"async\" class=\"aligncenter\" src=\"http:\/\/www.xtec.cat\/ceip-galceran-de-pinos\/images\/installacions027.jpg\" width=\"300\" height=\"225\" align=\"default\" hspace=\"0\" vspace=\"0\" \/><img loading=\"lazy\" decoding=\"async\" class=\"aligncenter size-medium wp-image-2980\" src=\"https:\/\/agora.xtec.cat\/ceip-galceran-de-pinos\/wp-content\/uploads\/usu1662\/2019\/11\/IMG20191105124211-300x225.jpg\" alt=\"\" width=\"300\" height=\"225\" srcset=\"https:\/\/agora.xtec.cat\/ceip-galceran-de-pinos\/wp-content\/uploads\/usu1662\/2019\/11\/IMG20191105124211-300x225.jpg 300w, https:\/\/agora.xtec.cat\/ceip-galceran-de-pinos\/wp-content\/uploads\/usu1662\/2019\/11\/IMG20191105124211-200x150.jpg 200w, https:\/\/agora.xtec.cat\/ceip-galceran-de-pinos\/wp-content\/uploads\/usu1662\/2019\/11\/IMG20191105124211.jpg 448w\" sizes=\"auto, (max-width: 300px) 100vw, 300px\" \/><\/td>\n<\/tr>\n<tr style=\"height: 31px;\" valign=\"top\">\n<td style=\"width: 329px; height: 31px;\">\n<div align=\"center\">Sorral<\/div>\n<\/td>\n<td style=\"width: 347px; height: 31px;\">\n<div align=\"center\">Tennis Taula<\/div>\n<\/td>\n<\/tr>\n<tr style=\"height: 241px;\" valign=\"top\">\n<td style=\"width: 329px; height: 241px;\"><a href=\"https:\/\/agora.xtec.cat\/ceip-galceran-de-pinos\/wp-content\/uploads\/usu1662\/2019\/11\/Sin-t\u00edtulo.png\"><img loading=\"lazy\" decoding=\"async\" class=\"alignnone size-full wp-image-3002\" src=\"https:\/\/agora.xtec.cat\/ceip-galceran-de-pinos\/wp-content\/uploads\/usu1662\/2019\/11\/Sin-t\u00edtulo.png\" alt=\"\" width=\"377\" height=\"281\" \/><\/a><\/td>\n<td style=\"width: 347px; height: 241px;\"><img loading=\"lazy\" decoding=\"async\" class=\"aligncenter size-medium wp-image-2979\" src=\"https:\/\/agora.xtec.cat\/ceip-galceran-de-pinos\/wp-content\/uploads\/usu1662\/2019\/11\/IMG20191105124236-300x225.jpg\" alt=\"\" width=\"300\" height=\"225\" srcset=\"https:\/\/agora.xtec.cat\/ceip-galceran-de-pinos\/wp-content\/uploads\/usu1662\/2019\/11\/IMG20191105124236-300x225.jpg 300w, https:\/\/agora.xtec.cat\/ceip-galceran-de-pinos\/wp-content\/uploads\/usu1662\/2019\/11\/IMG20191105124236-200x150.jpg 200w, https:\/\/agora.xtec.cat\/ceip-galceran-de-pinos\/wp-content\/uploads\/usu1662\/2019\/11\/IMG20191105124236.jpg 448w\" sizes=\"auto, (max-width: 300px) 100vw, 300px\" \/><\/td>\n<\/tr>\n<tr style=\"height: 31px;\" valign=\"top\">\n<td style=\"width: 329px; height: 31px;\">\n<div align=\"center\">Caseta meteorol\u00f2gica<\/div>\n<\/td>\n<td style=\"width: 347px; height: 31px;\">\n<div align=\"center\">Aula d&#8217;angl\u00e8s<\/div>\n<\/td>\n<\/tr>\n<tr style=\"height: 241px;\" valign=\"top\">\n<td style=\"width: 329px; height: 241px;\"><a href=\"https:\/\/agora.xtec.cat\/ceip-galceran-de-pinos\/wp-content\/uploads\/usu1662\/2019\/11\/IMG20191105125345.jpg\"><img loading=\"lazy\" decoding=\"async\" class=\"alignnone size-full wp-image-3006\" src=\"https:\/\/agora.xtec.cat\/ceip-galceran-de-pinos\/wp-content\/uploads\/usu1662\/2019\/11\/IMG20191105125345.jpg\" alt=\"\" width=\"336\" height=\"448\" \/><\/a><\/td>\n<td style=\"width: 347px; height: 241px;\"><img loading=\"lazy\" decoding=\"async\" class=\"size-medium wp-image-2984\" src=\"https:\/\/agora.xtec.cat\/ceip-galceran-de-pinos\/wp-content\/uploads\/usu1662\/2019\/11\/IMG_20191106_090604_079-300x225.jpg\" alt=\"\" width=\"300\" height=\"225\" srcset=\"https:\/\/agora.xtec.cat\/ceip-galceran-de-pinos\/wp-content\/uploads\/usu1662\/2019\/11\/IMG_20191106_090604_079-300x225.jpg 300w, https:\/\/agora.xtec.cat\/ceip-galceran-de-pinos\/wp-content\/uploads\/usu1662\/2019\/11\/IMG_20191106_090604_079-200x150.jpg 200w, https:\/\/agora.xtec.cat\/ceip-galceran-de-pinos\/wp-content\/uploads\/usu1662\/2019\/11\/IMG_20191106_090604_079.jpg 448w\" sizes=\"auto, (max-width: 300px) 100vw, 300px\" \/><\/td>\n<\/tr>\n<tr style=\"height: 31px;\" valign=\"top\">\n<td style=\"width: 329px; height: 31px;\">\n<div align=\"center\">Menjador<\/div>\n<\/td>\n<td style=\"width: 347px; height: 31px;\">\n<div align=\"center\">Aula de psicomotricitat<\/div>\n<\/td>\n<\/tr>\n<tr style=\"height: 241px;\" valign=\"top\">\n<td style=\"width: 329px; height: 241px;\"><img loading=\"lazy\" decoding=\"async\" class=\"alignnone size-large wp-image-3207\" src=\"https:\/\/agora.xtec.cat\/ceip-galceran-de-pinos\/wp-content\/uploads\/usu1662\/2019\/11\/menjador-1-1024x768.jpg\" alt=\"\" width=\"1024\" height=\"768\" \/><\/td>\n<td style=\"width: 347px; height: 241px;\"><a href=\"https:\/\/agora.xtec.cat\/ceip-galceran-de-pinos\/wp-content\/uploads\/usu1662\/2019\/11\/psico.jpg\"><img loading=\"lazy\" decoding=\"async\" class=\"alignnone size-full wp-image-3010\" src=\"https:\/\/agora.xtec.cat\/ceip-galceran-de-pinos\/wp-content\/uploads\/usu1662\/2019\/11\/psico.jpg\" alt=\"\" width=\"448\" height=\"336\" \/><\/a><\/td>\n<\/tr>\n<tr style=\"height: 31px;\" valign=\"top\">\n<td style=\"width: 329px; height: 31px;\">\n<div align=\"center\">Aula de ci\u00e8ncies<\/div>\n<\/td>\n<td style=\"width: 347px; height: 31px;\">\n<div align=\"center\">Aula d&#8217;inform\u00e0tica<\/div>\n<\/td>\n<\/tr>\n<tr style=\"height: 241px;\" valign=\"top\">\n<td style=\"width: 329px; height: 241px;\"><a href=\"https:\/\/agora.xtec.cat\/ceip-galceran-de-pinos\/wp-content\/uploads\/usu1662\/2019\/11\/aula-ci\u00e8ncies.jpg\"><img loading=\"lazy\" decoding=\"async\" class=\"alignnone size-full wp-image-3029\" src=\"https:\/\/agora.xtec.cat\/ceip-galceran-de-pinos\/wp-content\/uploads\/usu1662\/2019\/11\/aula-ci\u00e8ncies.jpg\" alt=\"\" width=\"448\" height=\"336\" \/><\/a><\/td>\n<td style=\"width: 347px; height: 241px;\"><img loading=\"lazy\" decoding=\"async\" class=\"aligncenter size-medium wp-image-2983\" src=\"https:\/\/agora.xtec.cat\/ceip-galceran-de-pinos\/wp-content\/uploads\/usu1662\/2019\/11\/IMG20191105124924-300x225.jpg\" alt=\"\" width=\"300\" height=\"225\" srcset=\"https:\/\/agora.xtec.cat\/ceip-galceran-de-pinos\/wp-content\/uploads\/usu1662\/2019\/11\/IMG20191105124924-300x225.jpg 300w, https:\/\/agora.xtec.cat\/ceip-galceran-de-pinos\/wp-content\/uploads\/usu1662\/2019\/11\/IMG20191105124924-200x150.jpg 200w, https:\/\/agora.xtec.cat\/ceip-galceran-de-pinos\/wp-content\/uploads\/usu1662\/2019\/11\/IMG20191105124924.jpg 448w\" sizes=\"auto, (max-width: 300px) 100vw, 300px\" \/><\/td>\n<\/tr>\n<tr style=\"height: 31px;\" valign=\"top\">\n<td style=\"width: 329px; height: 31px;\">\n<div align=\"center\">Aula de m\u00fasica<\/div>\n<\/td>\n<td style=\"width: 347px; height: 31px;\">\n<div align=\"center\">Biblioteca<\/div>\n<\/td>\n<\/tr>\n<tr style=\"height: 31px;\">\n<td style=\"width: 329px; height: 463px;\">\n<div align=\"center\"><img loading=\"lazy\" decoding=\"async\" class=\"aligncenter size-medium wp-image-2985\" src=\"https:\/\/agora.xtec.cat\/ceip-galceran-de-pinos\/wp-content\/uploads\/usu1662\/2019\/11\/Aula-de-m\u00fasica-300x225.jpg\" alt=\"\" width=\"300\" height=\"225\" srcset=\"https:\/\/agora.xtec.cat\/ceip-galceran-de-pinos\/wp-content\/uploads\/usu1662\/2019\/11\/Aula-de-m\u00fasica-300x225.jpg 300w, https:\/\/agora.xtec.cat\/ceip-galceran-de-pinos\/wp-content\/uploads\/usu1662\/2019\/11\/Aula-de-m\u00fasica-200x150.jpg 200w, https:\/\/agora.xtec.cat\/ceip-galceran-de-pinos\/wp-content\/uploads\/usu1662\/2019\/11\/Aula-de-m\u00fasica.jpg 448w\" sizes=\"auto, (max-width: 300px) 100vw, 300px\" \/><\/div>\n<\/td>\n<td style=\"width: 347px; height: 463px;\">\n<div align=\"center\"><img loading=\"lazy\" decoding=\"async\" class=\"alignnone\" src=\"http:\/\/www.xtec.cat\/ceip-galceran-de-pinos\/images\/installacions034.jpg\" width=\"323\" height=\"242\" align=\"default\" hspace=\"0\" vspace=\"0\" \/><img loading=\"lazy\" decoding=\"async\" class=\"alignnone size-large wp-image-3158\" src=\"https:\/\/agora.xtec.cat\/ceip-galceran-de-pinos\/wp-content\/uploads\/usu1662\/2019\/11\/Foto-enviada-per-Helena-Buj\u00e1n-Llober-1-1024x768.jpg\" alt=\"\" width=\"1024\" height=\"768\" \/><\/div>\n<\/td>\n<\/tr>\n<tr style=\"height: 31px;\">\n<td style=\"width: 329px; height: 31px;\">\n<div align=\"center\">Hort<\/div>\n<\/td>\n<td style=\"width: 347px; height: 31px;\">\n<div align=\"center\">Sala de mestres<\/div>\n<\/td>\n<\/tr>\n<tr style=\"height: 31px;\">\n<td style=\"width: 329px; height: 31px;\">\n<div align=\"center\"><img loading=\"lazy\" decoding=\"async\" class=\"aligncenter wp-image-2982\" src=\"https:\/\/agora.xtec.cat\/ceip-galceran-de-pinos\/wp-content\/uploads\/usu1662\/2019\/11\/IMG20191105125445-300x225.jpg\" alt=\"\" width=\"308\" height=\"231\" srcset=\"https:\/\/agora.xtec.cat\/ceip-galceran-de-pinos\/wp-content\/uploads\/usu1662\/2019\/11\/IMG20191105125445-300x225.jpg 300w, https:\/\/agora.xtec.cat\/ceip-galceran-de-pinos\/wp-content\/uploads\/usu1662\/2019\/11\/IMG20191105125445-200x150.jpg 200w, https:\/\/agora.xtec.cat\/ceip-galceran-de-pinos\/wp-content\/uploads\/usu1662\/2019\/11\/IMG20191105125445.jpg 448w\" sizes=\"auto, (max-width: 308px) 100vw, 308px\" \/><\/div>\n<\/td>\n<td style=\"width: 347px; height: 31px;\">\n<div align=\"center\"><img loading=\"lazy\" decoding=\"async\" class=\"alignnone size-large wp-image-3159\" src=\"https:\/\/agora.xtec.cat\/ceip-galceran-de-pinos\/wp-content\/uploads\/usu1662\/2019\/11\/menjador-1024x768.jpg\" alt=\"\" width=\"1024\" height=\"768\" \/><\/div>\n<\/td>\n<\/tr>\n<\/tbody>\n<\/table>\n","protected":false},"excerpt":{"rendered":"<p>LES NOSTRES INSTAL\u00b7LACIONS \u00a0Pati Pista Sorral Tennis Taula Caseta meteorol\u00f2gica Aula d&#8217;angl\u00e8s Menjador Aula de psicomotricitat Aula de ci\u00e8ncies Aula d&#8217;inform\u00e0tica Aula de m\u00fasica Biblioteca Hort Sala de mestres<\/p>\n","protected":false},"author":1,"featured_media":0,"parent":22,"menu_order":40,"comment_status":"closed","ping_status":"closed","template":"page-templates\/side-menu.php","meta":{"_bbp_topic_count":0,"_bbp_reply_count":0,"_bbp_total_topic_count":0,"_bbp_total_reply_count":0,"_bbp_voice_count":0,"_bbp_anonymous_reply_count":0,"_bbp_topic_count_hidden":0,"_bbp_reply_count_hidden":0,"_bbp_forum_subforum_count":0,"site-sidebar-layout":"default","site-content-layout":"","ast-site-content-layout":"","site-content-style":"default","site-sidebar-style":"default","ast-global-header-display":"","ast-banner-title-visibility":"","ast-main-header-display":"","ast-hfb-above-header-display":"","ast-hfb-below-header-display":"","ast-hfb-mobile-header-display":"","site-post-title":"","ast-breadcrumbs-content":"","ast-featured-img":"","footer-sml-layout":"","theme-transparent-header-meta":"","adv-header-id-meta":"","stick-header-meta":"","header-above-stick-meta":"","header-main-stick-meta":"","header-below-stick-meta":"","astra-migrate-meta-layouts":"default","ast-page-background-enabled":"default","ast-page-background-meta":{"desktop":{"background-color":"var(--ast-global-color-4)","background-image":"","background-repeat":"repeat","background-position":"center center","background-size":"auto","background-attachment":"scroll","background-type":"","background-media":"","overlay-type":"","overlay-color":"","overlay-opacity":"","overlay-gradient":""},"tablet":{"background-color":"","background-image":"","background-repeat":"repeat","background-position":"center center","background-size":"auto","background-attachment":"scroll","background-type":"","background-media":"","overlay-type":"","overlay-color":"","overlay-opacity":"","overlay-gradient":""},"mobile":{"background-color":"","background-image":"","background-repeat":"repeat","background-position":"center center","background-size":"auto","background-attachment":"scroll","background-type":"","background-media":"","overlay-type":"","overlay-color":"","overlay-opacity":"","overlay-gradient":""}},"ast-content-background-meta":{"desktop":{"background-color":"var(--ast-global-color-5)","background-image":"","background-repeat":"repeat","background-position":"center center","background-size":"auto","background-attachment":"scroll","background-type":"","background-media":"","overlay-type":"","overlay-color":"","overlay-opacity":"","overlay-gradient":""},"tablet":{"background-color":"var(--ast-global-color-5)","background-image":"","background-repeat":"repeat","background-position":"center center","background-size":"auto","background-attachment":"scroll","background-type":"","background-media":"","overlay-type":"","overlay-color":"","overlay-opacity":"","overlay-gradient":""},"mobile":{"background-color":"var(--ast-global-color-5)","background-image":"","background-repeat":"repeat","background-position":"center center","background-size":"auto","background-attachment":"scroll","background-type":"","background-media":"","overlay-type":"","overlay-color":"","overlay-opacity":"","overlay-gradient":""}},"footnotes":""},"class_list":["post-30","page","type-page","status-publish","hentry"],"post_mailing_queue_ids":[],"_links":{"self":[{"href":"https:\/\/agora.xtec.cat\/ceip-galceran-de-pinos\/wp-json\/wp\/v2\/pages\/30","targetHints":{"allow":["GET"]}}],"collection":[{"href":"https:\/\/agora.xtec.cat\/ceip-galceran-de-pinos\/wp-json\/wp\/v2\/pages"}],"about":[{"href":"https:\/\/agora.xtec.cat\/ceip-galceran-de-pinos\/wp-json\/wp\/v2\/types\/page"}],"author":[{"embeddable":true,"href":"https:\/\/agora.xtec.cat\/ceip-galceran-de-pinos\/wp-json\/wp\/v2\/users\/1"}],"replies":[{"embeddable":true,"href":"https:\/\/agora.xtec.cat\/ceip-galceran-de-pinos\/wp-json\/wp\/v2\/comments?post=30"}],"version-history":[{"count":1,"href":"https:\/\/agora.xtec.cat\/ceip-galceran-de-pinos\/wp-json\/wp\/v2\/pages\/30\/revisions"}],"predecessor-version":[{"id":2981,"href":"https:\/\/agora.xtec.cat\/ceip-galceran-de-pinos\/wp-json\/wp\/v2\/pages\/30\/revisions\/2981"}],"up":[{"embeddable":true,"href":"https:\/\/agora.xtec.cat\/ceip-galceran-de-pinos\/wp-json\/wp\/v2\/pages\/22"}],"wp:attachment":[{"href":"https:\/\/agora.xtec.cat\/ceip-galceran-de-pinos\/wp-json\/wp\/v2\/media?parent=30"}],"curies":[{"name":"wp","href":"https:\/\/api.w.org\/{rel}","templated":true}]}}