{"id":9459,"date":"2025-11-07T12:42:16","date_gmt":"2025-11-07T11:42:16","guid":{"rendered":"https:\/\/agora.xtec.cat\/ceip-gabriel-castella\/?page_id=9459"},"modified":"2025-11-07T12:42:17","modified_gmt":"2025-11-07T11:42:17","slug":"sollicitud-titols-o-certificats-al-centre","status":"publish","type":"page","link":"https:\/\/agora.xtec.cat\/ceip-gabriel-castella\/sollicitud-titols-o-certificats-al-centre\/","title":{"rendered":"Sol\u00b7licitud t\u00edtols o certificats al centre"},"content":{"rendered":"\n\n\n<p data-pm-slice=\"1 1 []\">Podeu sol\u00b7licitar certificats d&#8217;escolaritzaci\u00f3 a l&#8217;escola o estudis realitzats en catal\u00e0 fent servir el document PDF que \u00e9s emplenable,\u00a0 signant digitalment per enviar per correu electr\u00f2nic (<a href=\"mailto:a8019459@xtec.cat\" target=\"_blank\" rel=\"noopener noreferrer nofollow\">a8019459@xtec.cat<\/a>) adjuntant el DNI, Nie o Passaport de la personal que ho sol\u00b7licita. Si no us podeu adre\u00e7ar a la Secretaria personalment de 9\u202fh a 12\u202fh de dilluns a divendres. El temps m\u00ednim per realitzar el certificat \u00e9s de 48 h\u00a0 (dies feiners).<\/p>\n\n\n\n<div data-wp-interactive=\"core\/file\" class=\"wp-block-file\"><object data-wp-bind--hidden=\"!state.hasPdfPreview\" hidden class=\"wp-block-file__embed\" data=\"https:\/\/agora.xtec.cat\/ceip-gabriel-castella\/wp-content\/uploads\/usu2108\/2025\/11\/sollicitud-certificats.pdf\" type=\"application\/pdf\" style=\"width:100%;height:600px\" aria-label=\"Incrustaci\u00f3 del fitxer sol\u00b7licitud certificats.\"><\/object><a id=\"wp-block-file--media-079f1311-aed0-4f54-aa72-59242632ff71\" href=\"https:\/\/agora.xtec.cat\/ceip-gabriel-castella\/wp-content\/uploads\/usu2108\/2025\/11\/sollicitud-certificats.pdf\">sol\u00b7licitud certificats<\/a><a href=\"https:\/\/agora.xtec.cat\/ceip-gabriel-castella\/wp-content\/uploads\/usu2108\/2025\/11\/sollicitud-certificats.pdf\" class=\"wp-block-file__button wp-element-button\" download aria-describedby=\"wp-block-file--media-079f1311-aed0-4f54-aa72-59242632ff71\">Baixa<\/a><\/div>\n\n\n\n<p><\/p>\n\n\n\n<p>La recollida de t\u00edtol de Graduat Escolar o Certificat d&#8217;Escolaritzaci\u00f3 \u00e9s exclusivament presencial a l&#8217;escola en el mateix horari, si l&#8217;interessat no pot venir a d&#8217;autoritzar a la persona que vingui a la Secretaria amb la c\u00f2pia dels dos DNI, Nie o Passaport, amb el seg\u00fcent document:<\/p>\n\n\n\n<div data-wp-interactive=\"core\/file\" class=\"wp-block-file\"><object data-wp-bind--hidden=\"!state.hasPdfPreview\" hidden class=\"wp-block-file__embed\" data=\"https:\/\/agora.xtec.cat\/ceip-gabriel-castella\/wp-content\/uploads\/usu2108\/2025\/11\/autoritzacio-recollida-titols-certificats.pdf\" type=\"application\/pdf\" style=\"width:100%;height:600px\" aria-label=\"Incrustaci\u00f3 del fitxer autoritzaci\u00f3 recollida titols certificats.\"><\/object><a id=\"wp-block-file--media-617bbb87-64d1-4e5c-bec6-90bd28f3023a\" href=\"https:\/\/agora.xtec.cat\/ceip-gabriel-castella\/wp-content\/uploads\/usu2108\/2025\/11\/autoritzacio-recollida-titols-certificats.pdf\">autoritzaci\u00f3 recollida titols certificats<\/a><a href=\"https:\/\/agora.xtec.cat\/ceip-gabriel-castella\/wp-content\/uploads\/usu2108\/2025\/11\/autoritzacio-recollida-titols-certificats.pdf\" class=\"wp-block-file__button wp-element-button\" download aria-describedby=\"wp-block-file--media-617bbb87-64d1-4e5c-bec6-90bd28f3023a\">Baixa<\/a><\/div>\n","protected":false},"excerpt":{"rendered":"<p>Podeu sol\u00b7licitar certificats d&#8217;escolaritzaci\u00f3 a l&#8217;escola o estudis realitzats en catal\u00e0 fent servir el document PDF que \u00e9s emplenable,\u00a0 signant digitalment per enviar per correu electr\u00f2nic (a8019459@xtec.cat) adjuntant el DNI, Nie o Passaport de la personal que ho sol\u00b7licita. Si no us podeu adre\u00e7ar a la Secretaria personalment de 9\u202fh a 12\u202fh de dilluns a [&hellip;]<\/p>\n","protected":false},"author":1,"featured_media":0,"parent":0,"menu_order":0,"comment_status":"closed","ping_status":"close","template":"","meta":{"_bbp_topic_count":0,"_bbp_reply_count":0,"_bbp_total_topic_count":0,"_bbp_total_reply_count":0,"_bbp_voice_count":0,"_bbp_anonymous_reply_count":0,"_bbp_topic_count_hidden":0,"_bbp_reply_count_hidden":0,"_bbp_forum_subforum_count":0,"site-sidebar-layout":"default","site-content-layout":"","ast-site-content-layout":"default","site-content-style":"default","site-sidebar-style":"default","ast-global-header-display":"","ast-banner-title-visibility":"","ast-main-header-display":"","ast-hfb-above-header-display":"","ast-hfb-below-header-display":"","ast-hfb-mobile-header-display":"","site-post-title":"","ast-breadcrumbs-content":"","ast-featured-img":"","footer-sml-layout":"","theme-transparent-header-meta":"","adv-header-id-meta":"","stick-header-meta":"","header-above-stick-meta":"","header-main-stick-meta":"","header-below-stick-meta":"","astra-migrate-meta-layouts":"set","ast-page-background-enabled":"default","ast-page-background-meta":{"desktop":{"background-color":"var(--ast-global-color-4)","background-image":"","background-repeat":"repeat","background-position":"center center","background-size":"auto","background-attachment":"scroll","background-type":"","background-media":"","overlay-type":"","overlay-color":"","overlay-opacity":"","overlay-gradient":""},"tablet":{"background-color":"","background-image":"","background-repeat":"repeat","background-position":"center center","background-size":"auto","background-attachment":"scroll","background-type":"","background-media":"","overlay-type":"","overlay-color":"","overlay-opacity":"","overlay-gradient":""},"mobile":{"background-color":"","background-image":"","background-repeat":"repeat","background-position":"center center","background-size":"auto","background-attachment":"scroll","background-type":"","background-media":"","overlay-type":"","overlay-color":"","overlay-opacity":"","overlay-gradient":""}},"ast-content-background-meta":{"desktop":{"background-color":"var(--ast-global-color-5)","background-image":"","background-repeat":"repeat","background-position":"center center","background-size":"auto","background-attachment":"scroll","background-type":"","background-media":"","overlay-type":"","overlay-color":"","overlay-opacity":"","overlay-gradient":""},"tablet":{"background-color":"var(--ast-global-color-5)","background-image":"","background-repeat":"repeat","background-position":"center center","background-size":"auto","background-attachment":"scroll","background-type":"","background-media":"","overlay-type":"","overlay-color":"","overlay-opacity":"","overlay-gradient":""},"mobile":{"background-color":"var(--ast-global-color-5)","background-image":"","background-repeat":"repeat","background-position":"center center","background-size":"auto","background-attachment":"scroll","background-type":"","background-media":"","overlay-type":"","overlay-color":"","overlay-opacity":"","overlay-gradient":""}},"footnotes":""},"class_list":["post-9459","page","type-page","status-publish","hentry"],"post_mailing_queue_ids":[],"_links":{"self":[{"href":"https:\/\/agora.xtec.cat\/ceip-gabriel-castella\/wp-json\/wp\/v2\/pages\/9459","targetHints":{"allow":["GET"]}}],"collection":[{"href":"https:\/\/agora.xtec.cat\/ceip-gabriel-castella\/wp-json\/wp\/v2\/pages"}],"about":[{"href":"https:\/\/agora.xtec.cat\/ceip-gabriel-castella\/wp-json\/wp\/v2\/types\/page"}],"author":[{"embeddable":true,"href":"https:\/\/agora.xtec.cat\/ceip-gabriel-castella\/wp-json\/wp\/v2\/users\/1"}],"replies":[{"embeddable":true,"href":"https:\/\/agora.xtec.cat\/ceip-gabriel-castella\/wp-json\/wp\/v2\/comments?post=9459"}],"version-history":[{"count":1,"href":"https:\/\/agora.xtec.cat\/ceip-gabriel-castella\/wp-json\/wp\/v2\/pages\/9459\/revisions"}],"predecessor-version":[{"id":9464,"href":"https:\/\/agora.xtec.cat\/ceip-gabriel-castella\/wp-json\/wp\/v2\/pages\/9459\/revisions\/9464"}],"wp:attachment":[{"href":"https:\/\/agora.xtec.cat\/ceip-gabriel-castella\/wp-json\/wp\/v2\/media?parent=9459"}],"curies":[{"name":"wp","href":"https:\/\/api.w.org\/{rel}","templated":true}]}}