{"id":9349,"date":"2025-10-26T10:53:16","date_gmt":"2025-10-26T09:53:16","guid":{"rendered":"https:\/\/agora.xtec.cat\/ceip-gabriel-castella\/?page_id=9349"},"modified":"2025-10-26T19:54:51","modified_gmt":"2025-10-26T18:54:51","slug":"taller-audiovisuals","status":"publish","type":"page","link":"https:\/\/agora.xtec.cat\/ceip-gabriel-castella\/taller-audiovisuals\/","title":{"rendered":"Taller audiovisual (mitjans i grans)"},"content":{"rendered":"\n<p class=\"has-text-align-left has-ast-global-color-1-color has-text-color has-link-color has-medium-font-size wp-elements-b39f47485422bba3c993a0566b363f80\" style=\"border-style:none;border-width:0px\"><strong>L&#8217;UNIVERS ESCOLAR DEL GABRIEL CASTELL\u00c0<\/strong><\/p>\n\n\n\n<div class=\"wp-block-media-text is-stacked-on-mobile is-vertically-aligned-top\" style=\"grid-template-columns:15% auto\"><figure class=\"wp-block-media-text__media\"><img loading=\"lazy\" decoding=\"async\" width=\"362\" height=\"261\" src=\"https:\/\/agora.xtec.cat\/ceip-gabriel-castella\/wp-content\/uploads\/usu2108\/2025\/10\/Grup-1-Ensenyem-lescola.png\" alt=\"\" class=\"wp-image-9380 size-full\" srcset=\"https:\/\/agora.xtec.cat\/ceip-gabriel-castella\/wp-content\/uploads\/usu2108\/2025\/10\/Grup-1-Ensenyem-lescola.png 362w, https:\/\/agora.xtec.cat\/ceip-gabriel-castella\/wp-content\/uploads\/usu2108\/2025\/10\/Grup-1-Ensenyem-lescola-300x216.png 300w\" sizes=\"auto, (max-width: 362px) 100vw, 362px\" \/><\/figure><div class=\"wp-block-media-text__content\">\n<p>\ud83c\udfa5 Els divendres a la tarda, el grup de grans es converteix en aut\u00e8ntics professionals de la televisi\u00f3! Aprenen a utilitzar c\u00e0meres, micr\u00f2fons i el croma, aix\u00ed com a desenvolupar les seves habilitats com a\u00a0<strong>presentadors, reporters i editors de v\u00eddeo<\/strong>.<\/p>\n\n\n\n<p>Cada grup prepara el seu\u00a0<strong>programa de televisi\u00f3<\/strong>: fan el gui\u00f3, organitzen les seccions, graven les escenes i fan l\u2019edici\u00f3 final. Un cop els programes estan enllestits, es fa una\u00a0<strong>tria del millor projecte<\/strong>, que \u00e9s el que es penja a les\u00a0<strong>xarxes socials de l\u2019escola<\/strong>\u00a0perqu\u00e8 tothom en pugui gaudir.<\/p>\n\n\n\n<p>Aquest taller fomenta la\u00a0<strong>creativitat, el treball en equip i la comunicaci\u00f3<\/strong>, i \u00e9s una manera d\u2019aprendre tot jugant i experimentant amb el m\u00f3n de la imatge i el so.<\/p>\n<\/div><\/div>\n\n\n\n<p class=\"has-text-align-left has-ast-global-color-1-color has-text-color has-link-color has-medium-font-size wp-elements-cdeae06a934d4f9318de5f59ea0cf3e4\" style=\"border-style:none;border-width:0px\"><strong>LA R\u00c0DIO DE L&#8217;ESCOLA GABRIEL CASTELL\u00c0<\/strong><\/p>\n\n\n\n<div class=\"wp-block-media-text is-stacked-on-mobile is-vertically-aligned-top\" style=\"grid-template-columns:15% auto\"><figure class=\"wp-block-media-text__media\"><img loading=\"lazy\" decoding=\"async\" width=\"464\" height=\"117\" src=\"https:\/\/agora.xtec.cat\/ceip-gabriel-castella\/wp-content\/uploads\/usu2108\/2024\/07\/Gabriel-Castella.jpg\" alt=\"\" class=\"wp-image-8500 size-full\" srcset=\"https:\/\/agora.xtec.cat\/ceip-gabriel-castella\/wp-content\/uploads\/usu2108\/2024\/07\/Gabriel-Castella.jpg 464w, https:\/\/agora.xtec.cat\/ceip-gabriel-castella\/wp-content\/uploads\/usu2108\/2024\/07\/Gabriel-Castella-300x76.jpg 300w\" sizes=\"auto, (max-width: 464px) 100vw, 464px\" \/><\/figure><div class=\"wp-block-media-text__content\">\n<p>L\u2019alumnat del grup de mitjans s\u2019ha convertit en\u00a0<strong>locutors i locutores de r\u00e0dio<\/strong>\u00a0al <strong>taller de r\u00e0dio<\/strong>\u00a0que fan els\u00a0<strong>dijous a la tarda<\/strong>. Durant aquestes sessions, aprenen a fer servir els\u00a0<strong>micr\u00f2fons i la taula de so<\/strong>, a parlar amb seguretat davant del micr\u00f2fon i a\u00a0<strong>crear els seus propis programes<\/strong>.<\/p>\n\n\n\n<p>En aquest taller,\u00a0<strong>tothom hi participa activament<\/strong>: l&#8217;alumnat prepara\u00a0<strong>la seva secci\u00f3<\/strong>\u00a0dins del programa, que pot ser de not\u00edcies, entrevistes, jocs, m\u00fasica o humor. Entre tots i totes,\u00a0<strong>programen, graven i editen<\/strong> el programa que despr\u00e9s s\u2019escolta a l\u2019escola i es comparteix amb la comunitat educativa.<\/p>\n\n\n\n<p>Aquest taller \u00e9s una experi\u00e8ncia molt enriquidora que fomenta la&nbsp;<strong>comunicaci\u00f3 oral, el treball cooperatiu i la creativitat<\/strong>, alhora que acosta l\u2019alumnat al m\u00f3n de la r\u00e0dio d\u2019una manera divertida i participativa.<\/p>\n<\/div><\/div>\n\n\n        <div class=\"wp-block-getwid-custom-post-type custom-post-type-post has-layout-grid\">\n            <div class=\"wp-block-getwid-custom-post-type__wrapper getwid-columns getwid-columns-3\">\n                \t\t\t\t\t\t\t\t<div class='wp-block-getwid-custom-post-type__post'>\n\t\t\t\t\t\t\t\t\t\n<div class=\"wp-block-getwid-custom-post-type__post-wrapper\">\n        <div class=\"wp-block-getwid-custom-post-type__content-wrapper\">\n        <div class=\"wp-block-getwid-custom-post-type__post-header\">\n            <h3 class=\"wp-block-getwid-custom-post-type__post-title\"><a href=\"https:\/\/agora.xtec.cat\/ceip-gabriel-castella\/primaria\/3r-programa-la-radio-del-gabriel-castella\/\">3r programa &#8220;La R\u00e0dio del Gabriel Castell\u00e0&#8221;<\/a><\/h3>        <\/div>\n        <div class=\"wp-block-getwid-custom-post-type__post-excerpt \"><p>3r programa de r\u00e0dio creat per: Ilyas, Iratxe, Mina, Lucia, Rihana, Nel, Nour, Khalil, Mariama, Yerai<\/p>\n<\/div>\n    <\/div>\n<\/div>\n\t\t\t\t\t\t\t\t<\/div>\n\t\t\t\t\t\t\t\t\t\t\t\t\t\t\t<div class='wp-block-getwid-custom-post-type__post'>\n\t\t\t\t\t\t\t\t\t\n<div class=\"wp-block-getwid-custom-post-type__post-wrapper\">\n        <div class=\"wp-block-getwid-custom-post-type__content-wrapper\">\n        <div class=\"wp-block-getwid-custom-post-type__post-header\">\n            <h3 class=\"wp-block-getwid-custom-post-type__post-title\"><a href=\"https:\/\/agora.xtec.cat\/ceip-gabriel-castella\/primaria\/2n-programa-la-radio-del-gabriel-castella\/\">2n programa &#8220;La R\u00e0dio del Gabriel Castell\u00e0&#8221;<\/a><\/h3>        <\/div>\n        <div class=\"wp-block-getwid-custom-post-type__post-excerpt \"><p>2n programa de R\u00e0dio creat per: Haroun, Leire, Amani, Amir, Zakaria, Gayt, Ferran, Nayla, Lia, chikaima, Niama, Basma i Masha.<\/p>\n<\/div>\n    <\/div>\n<\/div>\n\t\t\t\t\t\t\t\t<\/div>\n\t\t\t\t\t\t\t\t\t\t\t\t\t\t\t<div class='wp-block-getwid-custom-post-type__post'>\n\t\t\t\t\t\t\t\t\t\n<div class=\"wp-block-getwid-custom-post-type__post-wrapper\">\n            <div class=\"wp-block-getwid-custom-post-type__post-thumbnail\">\n            <a href=\"https:\/\/agora.xtec.cat\/ceip-gabriel-castella\/general\/3r-programa-de-lunivers-escolar-de-lescola-gabriel-castella-i-raich\/\"><img loading=\"lazy\" decoding=\"async\" width=\"362\" height=\"261\" src=\"https:\/\/agora.xtec.cat\/ceip-gabriel-castella\/wp-content\/uploads\/usu2108\/2025\/10\/Grup-1-Ensenyem-lescola.png\" class=\"attachment-post-thumbnail size-post-thumbnail wp-post-image\" alt=\"\" srcset=\"https:\/\/agora.xtec.cat\/ceip-gabriel-castella\/wp-content\/uploads\/usu2108\/2025\/10\/Grup-1-Ensenyem-lescola.png 362w, https:\/\/agora.xtec.cat\/ceip-gabriel-castella\/wp-content\/uploads\/usu2108\/2025\/10\/Grup-1-Ensenyem-lescola-300x216.png 300w\" sizes=\"auto, (max-width: 362px) 100vw, 362px\" \/><\/a>\n        <\/div>\n        <div class=\"wp-block-getwid-custom-post-type__content-wrapper\">\n        <div class=\"wp-block-getwid-custom-post-type__post-header\">\n            <h3 class=\"wp-block-getwid-custom-post-type__post-title\"><a href=\"https:\/\/agora.xtec.cat\/ceip-gabriel-castella\/general\/3r-programa-de-lunivers-escolar-de-lescola-gabriel-castella-i-raich\/\">3r programa de l&#8217;Univers escolar de l&#8217;escola Gabriel Castell\u00e0 i Raich<\/a><\/h3>        <\/div>\n        <div class=\"wp-block-getwid-custom-post-type__post-excerpt \"><\/div>\n    <\/div>\n<\/div>\n\t\t\t\t\t\t\t\t<\/div>\n\t\t\t\t\t\t\t\t\t\t\t\t\t\t\t<div class='wp-block-getwid-custom-post-type__post'>\n\t\t\t\t\t\t\t\t\t\n<div class=\"wp-block-getwid-custom-post-type__post-wrapper\">\n            <div class=\"wp-block-getwid-custom-post-type__post-thumbnail\">\n            <a href=\"https:\/\/agora.xtec.cat\/ceip-gabriel-castella\/general\/2n-programa-de-lunivers-escolar-de-lescola-gabriel-castella-i-raich\/\"><img loading=\"lazy\" decoding=\"async\" width=\"362\" height=\"261\" src=\"https:\/\/agora.xtec.cat\/ceip-gabriel-castella\/wp-content\/uploads\/usu2108\/2025\/10\/Grup-1-Ensenyem-lescola.png\" class=\"attachment-post-thumbnail size-post-thumbnail wp-post-image\" alt=\"\" srcset=\"https:\/\/agora.xtec.cat\/ceip-gabriel-castella\/wp-content\/uploads\/usu2108\/2025\/10\/Grup-1-Ensenyem-lescola.png 362w, https:\/\/agora.xtec.cat\/ceip-gabriel-castella\/wp-content\/uploads\/usu2108\/2025\/10\/Grup-1-Ensenyem-lescola-300x216.png 300w\" sizes=\"auto, (max-width: 362px) 100vw, 362px\" \/><\/a>\n        <\/div>\n        <div class=\"wp-block-getwid-custom-post-type__content-wrapper\">\n        <div class=\"wp-block-getwid-custom-post-type__post-header\">\n            <h3 class=\"wp-block-getwid-custom-post-type__post-title\"><a href=\"https:\/\/agora.xtec.cat\/ceip-gabriel-castella\/general\/2n-programa-de-lunivers-escolar-de-lescola-gabriel-castella-i-raich\/\">2n programa de l&#8217;Univers escolar de l&#8217;escola Gabriel Castell\u00e0 i Raich<\/a><\/h3>        <\/div>\n        <div class=\"wp-block-getwid-custom-post-type__post-excerpt \"><\/div>\n    <\/div>\n<\/div>\n\t\t\t\t\t\t\t\t<\/div>\n\t\t\t\t\t\t\t\t\t\t\t\t\t\t\t<div class='wp-block-getwid-custom-post-type__post'>\n\t\t\t\t\t\t\t\t\t\n<div class=\"wp-block-getwid-custom-post-type__post-wrapper\">\n        <div class=\"wp-block-getwid-custom-post-type__content-wrapper\">\n        <div class=\"wp-block-getwid-custom-post-type__post-header\">\n            <h3 class=\"wp-block-getwid-custom-post-type__post-title\"><a href=\"https:\/\/agora.xtec.cat\/ceip-gabriel-castella\/portada\/la-radio-del-gabriel-castella-1a-ronda\/\">1r programa &#8220;La r\u00e0dio del Gabriel Castell\u00e0&#8221;<\/a><\/h3>        <\/div>\n        <div class=\"wp-block-getwid-custom-post-type__post-excerpt \"><p>1r programa de R\u00e0dio creat per:\u00a0 Monsif, Amira, Maryam, Aureli, Layt, Badr, Jinan, Sara, Mohamed, Ismael, Eila i Wijdane La r\u00e0dio del Gabriel Castell\u00e0, primer episodi.\u00a0 \u00a0<\/p>\n<\/div>\n    <\/div>\n<\/div>\n\t\t\t\t\t\t\t\t<\/div>\n\t\t\t\t\t\t\t\t\t\t\t\t\t\t\t<div class='wp-block-getwid-custom-post-type__post'>\n\t\t\t\t\t\t\t\t\t\n<div class=\"wp-block-getwid-custom-post-type__post-wrapper\">\n            <div class=\"wp-block-getwid-custom-post-type__post-thumbnail\">\n            <a href=\"https:\/\/agora.xtec.cat\/ceip-gabriel-castella\/general\/lunivers-escolar-del-gabriel-castella-1a-ronda\/\"><img loading=\"lazy\" decoding=\"async\" width=\"362\" height=\"261\" src=\"https:\/\/agora.xtec.cat\/ceip-gabriel-castella\/wp-content\/uploads\/usu2108\/2025\/10\/Grup-1-Ensenyem-lescola.png\" class=\"attachment-post-thumbnail size-post-thumbnail wp-post-image\" alt=\"\" srcset=\"https:\/\/agora.xtec.cat\/ceip-gabriel-castella\/wp-content\/uploads\/usu2108\/2025\/10\/Grup-1-Ensenyem-lescola.png 362w, https:\/\/agora.xtec.cat\/ceip-gabriel-castella\/wp-content\/uploads\/usu2108\/2025\/10\/Grup-1-Ensenyem-lescola-300x216.png 300w\" sizes=\"auto, (max-width: 362px) 100vw, 362px\" \/><\/a>\n        <\/div>\n        <div class=\"wp-block-getwid-custom-post-type__content-wrapper\">\n        <div class=\"wp-block-getwid-custom-post-type__post-header\">\n            <h3 class=\"wp-block-getwid-custom-post-type__post-title\"><a href=\"https:\/\/agora.xtec.cat\/ceip-gabriel-castella\/general\/lunivers-escolar-del-gabriel-castella-1a-ronda\/\">1r programa de L&#8217;univers escolar del Gabriel Castell\u00e0<\/a><\/h3>        <\/div>\n        <div class=\"wp-block-getwid-custom-post-type__post-excerpt \"><p>Grup 1: Ensenyem l&#8217;escola. de iman belghannou<\/p>\n<\/div>\n    <\/div>\n<\/div>\n\t\t\t\t\t\t\t\t<\/div>\n\t\t\t\t\t\t\t            <\/div>\n\n                    <\/div>\n        ","protected":false},"excerpt":{"rendered":"<p>L&#8217;UNIVERS ESCOLAR DEL GABRIEL CASTELL\u00c0 \ud83c\udfa5 Els divendres a la tarda, el grup de grans es converteix en aut\u00e8ntics professionals de la televisi\u00f3! Aprenen a utilitzar c\u00e0meres, micr\u00f2fons i el croma, aix\u00ed com a desenvolupar les seves habilitats com a\u00a0presentadors, reporters i editors de v\u00eddeo. Cada grup prepara el seu\u00a0programa de televisi\u00f3: fan el gui\u00f3, [&hellip;]<\/p>\n","protected":false},"author":40,"featured_media":0,"parent":0,"menu_order":0,"comment_status":"closed","ping_status":"close","template":"","meta":{"_bbp_topic_count":0,"_bbp_reply_count":0,"_bbp_total_topic_count":0,"_bbp_total_reply_count":0,"_bbp_voice_count":0,"_bbp_anonymous_reply_count":0,"_bbp_topic_count_hidden":0,"_bbp_reply_count_hidden":0,"_bbp_forum_subforum_count":0,"site-sidebar-layout":"default","site-content-layout":"","ast-site-content-layout":"default","site-content-style":"default","site-sidebar-style":"default","ast-global-header-display":"","ast-banner-title-visibility":"","ast-main-header-display":"","ast-hfb-above-header-display":"","ast-hfb-below-header-display":"","ast-hfb-mobile-header-display":"","site-post-title":"","ast-breadcrumbs-content":"","ast-featured-img":"","footer-sml-layout":"","theme-transparent-header-meta":"","adv-header-id-meta":"","stick-header-meta":"","header-above-stick-meta":"","header-main-stick-meta":"","header-below-stick-meta":"","astra-migrate-meta-layouts":"set","ast-page-background-enabled":"default","ast-page-background-meta":{"desktop":{"background-color":"var(--ast-global-color-4)","background-image":"","background-repeat":"repeat","background-position":"center center","background-size":"auto","background-attachment":"scroll","background-type":"","background-media":"","overlay-type":"","overlay-color":"","overlay-opacity":"","overlay-gradient":""},"tablet":{"background-color":"","background-image":"","background-repeat":"repeat","background-position":"center center","background-size":"auto","background-attachment":"scroll","background-type":"","background-media":"","overlay-type":"","overlay-color":"","overlay-opacity":"","overlay-gradient":""},"mobile":{"background-color":"","background-image":"","background-repeat":"repeat","background-position":"center center","background-size":"auto","background-attachment":"scroll","background-type":"","background-media":"","overlay-type":"","overlay-color":"","overlay-opacity":"","overlay-gradient":""}},"ast-content-background-meta":{"desktop":{"background-color":"var(--ast-global-color-5)","background-image":"","background-repeat":"repeat","background-position":"center center","background-size":"auto","background-attachment":"scroll","background-type":"","background-media":"","overlay-type":"","overlay-color":"","overlay-opacity":"","overlay-gradient":""},"tablet":{"background-color":"var(--ast-global-color-5)","background-image":"","background-repeat":"repeat","background-position":"center center","background-size":"auto","background-attachment":"scroll","background-type":"","background-media":"","overlay-type":"","overlay-color":"","overlay-opacity":"","overlay-gradient":""},"mobile":{"background-color":"var(--ast-global-color-5)","background-image":"","background-repeat":"repeat","background-position":"center center","background-size":"auto","background-attachment":"scroll","background-type":"","background-media":"","overlay-type":"","overlay-color":"","overlay-opacity":"","overlay-gradient":""}},"footnotes":""},"class_list":["post-9349","page","type-page","status-publish","hentry"],"post_mailing_queue_ids":[],"_links":{"self":[{"href":"https:\/\/agora.xtec.cat\/ceip-gabriel-castella\/wp-json\/wp\/v2\/pages\/9349","targetHints":{"allow":["GET"]}}],"collection":[{"href":"https:\/\/agora.xtec.cat\/ceip-gabriel-castella\/wp-json\/wp\/v2\/pages"}],"about":[{"href":"https:\/\/agora.xtec.cat\/ceip-gabriel-castella\/wp-json\/wp\/v2\/types\/page"}],"author":[{"embeddable":true,"href":"https:\/\/agora.xtec.cat\/ceip-gabriel-castella\/wp-json\/wp\/v2\/users\/40"}],"replies":[{"embeddable":true,"href":"https:\/\/agora.xtec.cat\/ceip-gabriel-castella\/wp-json\/wp\/v2\/comments?post=9349"}],"version-history":[{"count":6,"href":"https:\/\/agora.xtec.cat\/ceip-gabriel-castella\/wp-json\/wp\/v2\/pages\/9349\/revisions"}],"predecessor-version":[{"id":9390,"href":"https:\/\/agora.xtec.cat\/ceip-gabriel-castella\/wp-json\/wp\/v2\/pages\/9349\/revisions\/9390"}],"wp:attachment":[{"href":"https:\/\/agora.xtec.cat\/ceip-gabriel-castella\/wp-json\/wp\/v2\/media?parent=9349"}],"curies":[{"name":"wp","href":"https:\/\/api.w.org\/{rel}","templated":true}]}}