{"id":9257,"date":"2025-09-02T14:23:33","date_gmt":"2025-09-02T12:23:33","guid":{"rendered":"https:\/\/agora.xtec.cat\/ceip-gabriel-castella\/?page_id=9257"},"modified":"2025-12-12T10:32:06","modified_gmt":"2025-12-12T09:32:06","slug":"extraescolars","status":"publish","type":"page","link":"https:\/\/agora.xtec.cat\/ceip-gabriel-castella\/serveis\/extraescolars\/","title":{"rendered":"Extraescolars"},"content":{"rendered":"\n<p>A la nostra escola apostem per oferir als infants oportunitats d\u2019aprenentatge m\u00e9s enll\u00e0 de l\u2019horari lectiu. Per aquest motiu, comptem amb la col\u00b7laboraci\u00f3 de la <a href=\"https:\/\/atlasfundacio.org\/\" data-type=\"link\" data-id=\"https:\/\/atlasfundacio.org\/\">Fundaci\u00f3 Atlas<\/a> especialitzada en projectes educatius i de lleure, que \u00e9s l\u2019encarregada de coordinar i gestionar totes les activitats extraescolars.<\/p>\n\n\n\n<p>La fundaci\u00f3 Atlas aporta un equip de professionals amb experi\u00e8ncia en l\u2019\u00e0mbit pedag\u00f2gic i socioeducatiu, garantint propostes de qualitat adaptades a les diferents edats i interessos de l\u2019alumnat. L\u2019objectiu \u00e9s complementar l\u2019educaci\u00f3 formal amb espais l\u00fadics, creatius i esportius que fomentin l\u2019autonomia, la conviv\u00e8ncia i el desenvolupament personal.<\/p>\n\n\n\n<p>Les activitats es realitzen a les instal\u00b7lacions de l\u2019escola i s\u2019organitzen en horari tarda i tamb\u00e9 s&#8217;ofereix Acollida Matinal .<\/p>\n\n\n\n<p>Us informem de les activitats extraescolars pel curs 2025\/2026 ser\u00e0:<\/p>\n\n\n\n<ul>\n<li><strong>Dilluns<\/strong>: estudi grans i futbol petits<\/li>\n<li><strong>Dimarts<\/strong>: Code Club (rob\u00f2tica) grans i patinatge<\/li>\n<li><strong>Dimecres<\/strong>: Futbol petits i Lecxit<\/li>\n<li><strong>Dijous<\/strong>: Futbol mitjans i grans&nbsp;<\/li>\n<\/ul>\n<p>&nbsp;<\/p>\n\n\n\n<p><strong>Petits<\/strong>: Alumnat de i3, i4 i i5<br><strong>Mitjans<\/strong>: Alumnat de 1r, 2n i 3r<br><strong>Grans<\/strong>: Alumnat de 4t, 5\u00e8 i 6\u00e8<\/p>\n\n\n\n<p>A partir del 8 de setembre us donarem els fulls per fer la inscripci\u00f3 i us informarem del preu de les activitats.<\/p>\n\n\n\n<p>Gr\u00e0cies<\/p>\n\n\n\n\n\n<div data-wp-interactive=\"core\/file\" class=\"wp-block-file\"><object data-wp-bind--hidden=\"!state.hasPdfPreview\" hidden class=\"wp-block-file__embed\" data=\"https:\/\/agora.xtec.cat\/ceip-gabriel-castella\/wp-content\/uploads\/usu2108\/2025\/09\/Full-inscripcio-i-normativa-extraescolars-2025-26.pdf\" type=\"application\/pdf\" style=\"width:100%;height:600px\" aria-label=\"Incrustaci\u00f3 del fitxer Full inscripci\u00f3 i normativa extraescolars 2025-26.\"><\/object><a id=\"wp-block-file--media-0048157b-4dcb-466a-b050-bd8a3f479b23\" href=\"https:\/\/agora.xtec.cat\/ceip-gabriel-castella\/wp-content\/uploads\/usu2108\/2025\/09\/Full-inscripcio-i-normativa-extraescolars-2025-26.pdf\">Full inscripci\u00f3 i normativa extraescolars 2025-26<\/a><a href=\"https:\/\/agora.xtec.cat\/ceip-gabriel-castella\/wp-content\/uploads\/usu2108\/2025\/09\/Full-inscripcio-i-normativa-extraescolars-2025-26.pdf\" class=\"wp-block-file__button wp-element-button\" download aria-describedby=\"wp-block-file--media-0048157b-4dcb-466a-b050-bd8a3f479b23\">Baixa<\/a><\/div>\n","protected":false},"excerpt":{"rendered":"<p>A la nostra escola apostem per oferir als infants oportunitats d\u2019aprenentatge m\u00e9s enll\u00e0 de l\u2019horari lectiu. Per aquest motiu, comptem amb la col\u00b7laboraci\u00f3 de la Fundaci\u00f3 Atlas especialitzada en projectes educatius i de lleure, que \u00e9s l\u2019encarregada de coordinar i gestionar totes les activitats extraescolars. La fundaci\u00f3 Atlas aporta un equip de professionals amb experi\u00e8ncia [&hellip;]<\/p>\n","protected":false},"author":40,"featured_media":0,"parent":66,"menu_order":0,"comment_status":"closed","ping_status":"close","template":"","meta":{"_bbp_topic_count":0,"_bbp_reply_count":0,"_bbp_total_topic_count":0,"_bbp_total_reply_count":0,"_bbp_voice_count":0,"_bbp_anonymous_reply_count":0,"_bbp_topic_count_hidden":0,"_bbp_reply_count_hidden":0,"_bbp_forum_subforum_count":0,"site-sidebar-layout":"default","site-content-layout":"","ast-site-content-layout":"default","site-content-style":"default","site-sidebar-style":"default","ast-global-header-display":"","ast-banner-title-visibility":"","ast-main-header-display":"","ast-hfb-above-header-display":"","ast-hfb-below-header-display":"","ast-hfb-mobile-header-display":"","site-post-title":"","ast-breadcrumbs-content":"","ast-featured-img":"","footer-sml-layout":"","theme-transparent-header-meta":"","adv-header-id-meta":"","stick-header-meta":"","header-above-stick-meta":"","header-main-stick-meta":"","header-below-stick-meta":"","astra-migrate-meta-layouts":"set","ast-page-background-enabled":"default","ast-page-background-meta":{"desktop":{"background-color":"var(--ast-global-color-4)","background-image":"","background-repeat":"repeat","background-position":"center center","background-size":"auto","background-attachment":"scroll","background-type":"","background-media":"","overlay-type":"","overlay-color":"","overlay-opacity":"","overlay-gradient":""},"tablet":{"background-color":"","background-image":"","background-repeat":"repeat","background-position":"center center","background-size":"auto","background-attachment":"scroll","background-type":"","background-media":"","overlay-type":"","overlay-color":"","overlay-opacity":"","overlay-gradient":""},"mobile":{"background-color":"","background-image":"","background-repeat":"repeat","background-position":"center center","background-size":"auto","background-attachment":"scroll","background-type":"","background-media":"","overlay-type":"","overlay-color":"","overlay-opacity":"","overlay-gradient":""}},"ast-content-background-meta":{"desktop":{"background-color":"var(--ast-global-color-5)","background-image":"","background-repeat":"repeat","background-position":"center center","background-size":"auto","background-attachment":"scroll","background-type":"","background-media":"","overlay-type":"","overlay-color":"","overlay-opacity":"","overlay-gradient":""},"tablet":{"background-color":"var(--ast-global-color-5)","background-image":"","background-repeat":"repeat","background-position":"center center","background-size":"auto","background-attachment":"scroll","background-type":"","background-media":"","overlay-type":"","overlay-color":"","overlay-opacity":"","overlay-gradient":""},"mobile":{"background-color":"var(--ast-global-color-5)","background-image":"","background-repeat":"repeat","background-position":"center center","background-size":"auto","background-attachment":"scroll","background-type":"","background-media":"","overlay-type":"","overlay-color":"","overlay-opacity":"","overlay-gradient":""}},"footnotes":""},"class_list":["post-9257","page","type-page","status-publish","hentry"],"post_mailing_queue_ids":[],"_links":{"self":[{"href":"https:\/\/agora.xtec.cat\/ceip-gabriel-castella\/wp-json\/wp\/v2\/pages\/9257","targetHints":{"allow":["GET"]}}],"collection":[{"href":"https:\/\/agora.xtec.cat\/ceip-gabriel-castella\/wp-json\/wp\/v2\/pages"}],"about":[{"href":"https:\/\/agora.xtec.cat\/ceip-gabriel-castella\/wp-json\/wp\/v2\/types\/page"}],"author":[{"embeddable":true,"href":"https:\/\/agora.xtec.cat\/ceip-gabriel-castella\/wp-json\/wp\/v2\/users\/40"}],"replies":[{"embeddable":true,"href":"https:\/\/agora.xtec.cat\/ceip-gabriel-castella\/wp-json\/wp\/v2\/comments?post=9257"}],"version-history":[{"count":6,"href":"https:\/\/agora.xtec.cat\/ceip-gabriel-castella\/wp-json\/wp\/v2\/pages\/9257\/revisions"}],"predecessor-version":[{"id":9591,"href":"https:\/\/agora.xtec.cat\/ceip-gabriel-castella\/wp-json\/wp\/v2\/pages\/9257\/revisions\/9591"}],"up":[{"embeddable":true,"href":"https:\/\/agora.xtec.cat\/ceip-gabriel-castella\/wp-json\/wp\/v2\/pages\/66"}],"wp:attachment":[{"href":"https:\/\/agora.xtec.cat\/ceip-gabriel-castella\/wp-json\/wp\/v2\/media?parent=9257"}],"curies":[{"name":"wp","href":"https:\/\/api.w.org\/{rel}","templated":true}]}}