{"id":9236,"date":"2025-09-02T13:54:49","date_gmt":"2025-09-02T11:54:49","guid":{"rendered":"https:\/\/agora.xtec.cat\/ceip-gabriel-castella\/?page_id=9236"},"modified":"2025-09-12T14:45:43","modified_gmt":"2025-09-12T12:45:43","slug":"autoritzacions","status":"publish","type":"page","link":"https:\/\/agora.xtec.cat\/ceip-gabriel-castella\/lescola\/secretaria\/autoritzacions\/","title":{"rendered":"Autoritzacions"},"content":{"rendered":"\n\n\n<div data-wp-interactive=\"core\/file\" class=\"wp-block-file\"><object data-wp-bind--hidden=\"!state.hasPdfPreview\" hidden class=\"wp-block-file__embed\" data=\"https:\/\/agora.xtec.cat\/ceip-gabriel-castella\/wp-content\/uploads\/usu2108\/2025\/09\/autoritzacio-medicament.docx-1.pdf\" type=\"application\/pdf\" style=\"width:100%;height:600px\" aria-label=\"Incrustaci\u00f3 del fitxer autoritzacio medicament.docx (1).\"><\/object><a id=\"wp-block-file--media-70960726-9119-4e87-b394-eb98c327040c\" href=\"https:\/\/agora.xtec.cat\/ceip-gabriel-castella\/wp-content\/uploads\/usu2108\/2025\/09\/autoritzacio-medicament.docx-1.pdf\">autoritzacio medicament.docx (1)<\/a><a href=\"https:\/\/agora.xtec.cat\/ceip-gabriel-castella\/wp-content\/uploads\/usu2108\/2025\/09\/autoritzacio-medicament.docx-1.pdf\" class=\"wp-block-file__button wp-element-button\" download aria-describedby=\"wp-block-file--media-70960726-9119-4e87-b394-eb98c327040c\">Baixa<\/a><\/div>\n\n\n\n<div data-wp-interactive=\"core\/file\" class=\"wp-block-file\"><object data-wp-bind--hidden=\"!state.hasPdfPreview\" hidden class=\"wp-block-file__embed\" data=\"https:\/\/agora.xtec.cat\/ceip-gabriel-castella\/wp-content\/uploads\/usu2108\/2025\/09\/autoritzacio-recollida-alumnat2.docx.pdf\" type=\"application\/pdf\" style=\"width:100%;height:600px\" aria-label=\"Incrustaci\u00f3 del fitxer autoritzacio recollida alumnat2.docx.\"><\/object><a id=\"wp-block-file--media-45b17a0b-735f-4cdf-b668-e461b8345d9f\" href=\"https:\/\/agora.xtec.cat\/ceip-gabriel-castella\/wp-content\/uploads\/usu2108\/2025\/09\/autoritzacio-recollida-alumnat2.docx.pdf\">autoritzacio recollida alumnat2.docx<\/a><a href=\"https:\/\/agora.xtec.cat\/ceip-gabriel-castella\/wp-content\/uploads\/usu2108\/2025\/09\/autoritzacio-recollida-alumnat2.docx.pdf\" class=\"wp-block-file__button wp-element-button\" download aria-describedby=\"wp-block-file--media-45b17a0b-735f-4cdf-b668-e461b8345d9f\">Baixa<\/a><\/div>\n\n\n\n\n\n<div data-wp-interactive=\"core\/file\" class=\"wp-block-file\"><object data-wp-bind--hidden=\"!state.hasPdfPreview\" hidden class=\"wp-block-file__embed\" data=\"https:\/\/agora.xtec.cat\/ceip-gabriel-castella\/wp-content\/uploads\/usu2108\/2025\/09\/AUTORITZACIO-SORTIDA-SOL-MARXAR-SOLS-ALUMNAT-copia.pdf\" type=\"application\/pdf\" style=\"width:100%;height:600px\" aria-label=\"Incrustaci\u00f3 del fitxer AUTORITZACI\u00d3 SORTIDA SOL  MARXAR SOLS ALUMNAT - c\u00f2pia.\"><\/object><a id=\"wp-block-file--media-0fa3ac9f-5121-4ad4-905a-7659876d751b\" href=\"https:\/\/agora.xtec.cat\/ceip-gabriel-castella\/wp-content\/uploads\/usu2108\/2025\/09\/AUTORITZACIO-SORTIDA-SOL-MARXAR-SOLS-ALUMNAT-copia.pdf\">AUTORITZACI\u00d3 SORTIDA SOL  MARXAR SOLS ALUMNAT &#8211; c\u00f2pia<\/a><a href=\"https:\/\/agora.xtec.cat\/ceip-gabriel-castella\/wp-content\/uploads\/usu2108\/2025\/09\/AUTORITZACIO-SORTIDA-SOL-MARXAR-SOLS-ALUMNAT-copia.pdf\" class=\"wp-block-file__button wp-element-button\" download aria-describedby=\"wp-block-file--media-0fa3ac9f-5121-4ad4-905a-7659876d751b\">Baixa<\/a><\/div>\n\n\n\n\n\n<div data-wp-interactive=\"core\/file\" class=\"wp-block-file\"><object data-wp-bind--hidden=\"!state.hasPdfPreview\" hidden class=\"wp-block-file__embed\" data=\"https:\/\/agora.xtec.cat\/ceip-gabriel-castella\/wp-content\/uploads\/usu2108\/2025\/09\/autoritzacio-whatsapp.docx.pdf\" type=\"application\/pdf\" style=\"width:100%;height:600px\" aria-label=\"Incrustaci\u00f3 del fitxer autoritzaci\u00f3 whatsapp.docx.\"><\/object><a id=\"wp-block-file--media-2f06d1f5-8288-4518-b008-565cbe1fb2d2\" href=\"https:\/\/agora.xtec.cat\/ceip-gabriel-castella\/wp-content\/uploads\/usu2108\/2025\/09\/autoritzacio-whatsapp.docx.pdf\">autoritzaci\u00f3 whatsapp.docx<\/a><a href=\"https:\/\/agora.xtec.cat\/ceip-gabriel-castella\/wp-content\/uploads\/usu2108\/2025\/09\/autoritzacio-whatsapp.docx.pdf\" class=\"wp-block-file__button wp-element-button\" download aria-describedby=\"wp-block-file--media-2f06d1f5-8288-4518-b008-565cbe1fb2d2\">Baixa<\/a><\/div>\n\n\n\n<div data-wp-interactive=\"core\/file\" class=\"wp-block-file\"><object data-wp-bind--hidden=\"!state.hasPdfPreview\" hidden class=\"wp-block-file__embed\" data=\"https:\/\/agora.xtec.cat\/ceip-gabriel-castella\/wp-content\/uploads\/usu2108\/2025\/09\/autoritzacio-dret-imatge-i-xarxes.pdf\" type=\"application\/pdf\" style=\"width:100%;height:600px\" aria-label=\"Incrustaci\u00f3 del fitxer autoritzacio\u0301 dret imatge i xarxes.\"><\/object><a id=\"wp-block-file--media-37920974-08d0-4c88-81e1-2238c4ce4ddb\" href=\"https:\/\/agora.xtec.cat\/ceip-gabriel-castella\/wp-content\/uploads\/usu2108\/2025\/09\/autoritzacio-dret-imatge-i-xarxes.pdf\">autoritzacio\u0301 dret imatge i xarxes<\/a><a href=\"https:\/\/agora.xtec.cat\/ceip-gabriel-castella\/wp-content\/uploads\/usu2108\/2025\/09\/autoritzacio-dret-imatge-i-xarxes.pdf\" class=\"wp-block-file__button wp-element-button\" download aria-describedby=\"wp-block-file--media-37920974-08d0-4c88-81e1-2238c4ce4ddb\">Baixa<\/a><\/div>\n\n\n\n<div data-wp-interactive=\"core\/file\" class=\"wp-block-file\"><object data-wp-bind--hidden=\"!state.hasPdfPreview\" hidden class=\"wp-block-file__embed\" data=\"https:\/\/agora.xtec.cat\/ceip-gabriel-castella\/wp-content\/uploads\/usu2108\/2025\/09\/AUTORITZACIO-SORTIDA-dins-horari-lectiu-ALUMNAT.pdf\" type=\"application\/pdf\" style=\"width:100%;height:600px\" aria-label=\"Incrustaci\u00f3 del fitxer AUTORITZACI\u00d3 SORTIDA dins horari lectiu ALUMNAT.\"><\/object><a id=\"wp-block-file--media-14da39f3-36d3-45fe-91b0-b1d65ee9a9e7\" href=\"https:\/\/agora.xtec.cat\/ceip-gabriel-castella\/wp-content\/uploads\/usu2108\/2025\/09\/AUTORITZACIO-SORTIDA-dins-horari-lectiu-ALUMNAT.pdf\">AUTORITZACI\u00d3 SORTIDA dins horari lectiu ALUMNAT<\/a><a href=\"https:\/\/agora.xtec.cat\/ceip-gabriel-castella\/wp-content\/uploads\/usu2108\/2025\/09\/AUTORITZACIO-SORTIDA-dins-horari-lectiu-ALUMNAT.pdf\" class=\"wp-block-file__button wp-element-button\" download aria-describedby=\"wp-block-file--media-14da39f3-36d3-45fe-91b0-b1d65ee9a9e7\">Baixa<\/a><\/div>\n\n\n\n\n\n\n","protected":false},"excerpt":{"rendered":"","protected":false},"author":40,"featured_media":0,"parent":77,"menu_order":0,"comment_status":"closed","ping_status":"close","template":"","meta":{"_bbp_topic_count":0,"_bbp_reply_count":0,"_bbp_total_topic_count":0,"_bbp_total_reply_count":0,"_bbp_voice_count":0,"_bbp_anonymous_reply_count":0,"_bbp_topic_count_hidden":0,"_bbp_reply_count_hidden":0,"_bbp_forum_subforum_count":0,"site-sidebar-layout":"default","site-content-layout":"","ast-site-content-layout":"default","site-content-style":"default","site-sidebar-style":"default","ast-global-header-display":"","ast-banner-title-visibility":"","ast-main-header-display":"","ast-hfb-above-header-display":"","ast-hfb-below-header-display":"","ast-hfb-mobile-header-display":"","site-post-title":"","ast-breadcrumbs-content":"","ast-featured-img":"","footer-sml-layout":"","theme-transparent-header-meta":"","adv-header-id-meta":"","stick-header-meta":"","header-above-stick-meta":"","header-main-stick-meta":"","header-below-stick-meta":"","astra-migrate-meta-layouts":"set","ast-page-background-enabled":"default","ast-page-background-meta":{"desktop":{"background-color":"var(--ast-global-color-4)","background-image":"","background-repeat":"repeat","background-position":"center center","background-size":"auto","background-attachment":"scroll","background-type":"","background-media":"","overlay-type":"","overlay-color":"","overlay-opacity":"","overlay-gradient":""},"tablet":{"background-color":"","background-image":"","background-repeat":"repeat","background-position":"center center","background-size":"auto","background-attachment":"scroll","background-type":"","background-media":"","overlay-type":"","overlay-color":"","overlay-opacity":"","overlay-gradient":""},"mobile":{"background-color":"","background-image":"","background-repeat":"repeat","background-position":"center center","background-size":"auto","background-attachment":"scroll","background-type":"","background-media":"","overlay-type":"","overlay-color":"","overlay-opacity":"","overlay-gradient":""}},"ast-content-background-meta":{"desktop":{"background-color":"var(--ast-global-color-5)","background-image":"","background-repeat":"repeat","background-position":"center center","background-size":"auto","background-attachment":"scroll","background-type":"","background-media":"","overlay-type":"","overlay-color":"","overlay-opacity":"","overlay-gradient":""},"tablet":{"background-color":"var(--ast-global-color-5)","background-image":"","background-repeat":"repeat","background-position":"center center","background-size":"auto","background-attachment":"scroll","background-type":"","background-media":"","overlay-type":"","overlay-color":"","overlay-opacity":"","overlay-gradient":""},"mobile":{"background-color":"var(--ast-global-color-5)","background-image":"","background-repeat":"repeat","background-position":"center center","background-size":"auto","background-attachment":"scroll","background-type":"","background-media":"","overlay-type":"","overlay-color":"","overlay-opacity":"","overlay-gradient":""}},"footnotes":""},"class_list":["post-9236","page","type-page","status-publish","hentry"],"post_mailing_queue_ids":[],"_links":{"self":[{"href":"https:\/\/agora.xtec.cat\/ceip-gabriel-castella\/wp-json\/wp\/v2\/pages\/9236","targetHints":{"allow":["GET"]}}],"collection":[{"href":"https:\/\/agora.xtec.cat\/ceip-gabriel-castella\/wp-json\/wp\/v2\/pages"}],"about":[{"href":"https:\/\/agora.xtec.cat\/ceip-gabriel-castella\/wp-json\/wp\/v2\/types\/page"}],"author":[{"embeddable":true,"href":"https:\/\/agora.xtec.cat\/ceip-gabriel-castella\/wp-json\/wp\/v2\/users\/40"}],"replies":[{"embeddable":true,"href":"https:\/\/agora.xtec.cat\/ceip-gabriel-castella\/wp-json\/wp\/v2\/comments?post=9236"}],"version-history":[{"count":5,"href":"https:\/\/agora.xtec.cat\/ceip-gabriel-castella\/wp-json\/wp\/v2\/pages\/9236\/revisions"}],"predecessor-version":[{"id":9315,"href":"https:\/\/agora.xtec.cat\/ceip-gabriel-castella\/wp-json\/wp\/v2\/pages\/9236\/revisions\/9315"}],"up":[{"embeddable":true,"href":"https:\/\/agora.xtec.cat\/ceip-gabriel-castella\/wp-json\/wp\/v2\/pages\/77"}],"wp:attachment":[{"href":"https:\/\/agora.xtec.cat\/ceip-gabriel-castella\/wp-json\/wp\/v2\/media?parent=9236"}],"curies":[{"name":"wp","href":"https:\/\/api.w.org\/{rel}","templated":true}]}}