{"id":9096,"date":"2025-06-06T13:29:23","date_gmt":"2025-06-06T11:29:23","guid":{"rendered":"https:\/\/agora.xtec.cat\/ceip-gabriel-castella\/?page_id=9096"},"modified":"2025-10-09T13:57:55","modified_gmt":"2025-10-09T11:57:55","slug":"atelier","status":"publish","type":"page","link":"https:\/\/agora.xtec.cat\/ceip-gabriel-castella\/atelier\/","title":{"rendered":"Atelier"},"content":{"rendered":"\n<p data-start=\"163\" data-end=\"222\">\ud83c\udfa8 <strong data-start=\"166\" data-end=\"220\">L\u2019Atelier: un espai per imaginar, crear i aprendre<\/strong><\/p>\n<p data-start=\"224\" data-end=\"499\">A la nostra escola disposem d\u2019un <strong data-start=\"257\" data-end=\"268\">Atelier<\/strong>, un espai viu i acollidor pensat per <strong data-start=\"306\" data-end=\"357\">fomentar la creativitat i l\u2019expressi\u00f3 art\u00edstica<\/strong> de tot l\u2019alumnat. \u00c9s un entorn on els materials conviden a experimentar, a provar, a equivocar-se i a trobar noves maneres de mirar el m\u00f3n.<\/p>\n<p data-start=\"501\" data-end=\"938\">Des d\u2019<strong data-start=\"507\" data-end=\"528\">Educaci\u00f3 Infantil<\/strong> fins a <strong data-start=\"536\" data-end=\"554\">Cicle Superior<\/strong>, tots els nens i nenes hi tenen el seu moment per deixar volar la imaginaci\u00f3. Els m\u00e9s petits hi participen dins dels <strong data-start=\"672\" data-end=\"694\">ambients art\u00edstics<\/strong>, on exploren textures, colors i formes amb llibertat i curiositat. Els m\u00e9s grans hi treballen a trav\u00e9s de <strong data-start=\"801\" data-end=\"841\">tallers i sessions d\u2019Arts and Crafts<\/strong>, on desenvolupen projectes m\u00e9s elaborats que connecten l\u2019art amb altres \u00e0rees del coneixement.<\/p>\n<p data-start=\"940\" data-end=\"1217\">L\u2019Atelier \u00e9s molt m\u00e9s que una aula d\u2019art: \u00e9s un <strong data-start=\"988\" data-end=\"1059\">espai de creixement personal, d\u2019expressi\u00f3 emocional i de descoberta<\/strong>. Aqu\u00ed, cada tra\u00e7, cada experiment i cada creaci\u00f3 tenen valor, perqu\u00e8 formen part del cam\u00ed d\u2019aprendre a mirar, sentir i expressar el m\u00f3n amb ulls d\u2019artista.<\/p>\n","protected":false},"excerpt":{"rendered":"<p>\ud83c\udfa8 L\u2019Atelier: un espai per imaginar, crear i aprendre A la nostra escola disposem d\u2019un Atelier, un espai viu i acollidor pensat per fomentar la creativitat i l\u2019expressi\u00f3 art\u00edstica de tot l\u2019alumnat. \u00c9s un entorn on els materials conviden a experimentar, a provar, a equivocar-se i a trobar noves maneres de mirar el m\u00f3n. Des [&hellip;]<\/p>\n","protected":false},"author":40,"featured_media":0,"parent":0,"menu_order":0,"comment_status":"closed","ping_status":"close","template":"","meta":{"_bbp_topic_count":0,"_bbp_reply_count":0,"_bbp_total_topic_count":0,"_bbp_total_reply_count":0,"_bbp_voice_count":0,"_bbp_anonymous_reply_count":0,"_bbp_topic_count_hidden":0,"_bbp_reply_count_hidden":0,"_bbp_forum_subforum_count":0,"site-sidebar-layout":"default","site-content-layout":"","ast-site-content-layout":"default","site-content-style":"default","site-sidebar-style":"default","ast-global-header-display":"","ast-banner-title-visibility":"","ast-main-header-display":"","ast-hfb-above-header-display":"","ast-hfb-below-header-display":"","ast-hfb-mobile-header-display":"","site-post-title":"","ast-breadcrumbs-content":"","ast-featured-img":"","footer-sml-layout":"","theme-transparent-header-meta":"","adv-header-id-meta":"","stick-header-meta":"","header-above-stick-meta":"","header-main-stick-meta":"","header-below-stick-meta":"","astra-migrate-meta-layouts":"set","ast-page-background-enabled":"default","ast-page-background-meta":{"desktop":{"background-color":"var(--ast-global-color-4)","background-image":"","background-repeat":"repeat","background-position":"center center","background-size":"auto","background-attachment":"scroll","background-type":"","background-media":"","overlay-type":"","overlay-color":"","overlay-opacity":"","overlay-gradient":""},"tablet":{"background-color":"","background-image":"","background-repeat":"repeat","background-position":"center center","background-size":"auto","background-attachment":"scroll","background-type":"","background-media":"","overlay-type":"","overlay-color":"","overlay-opacity":"","overlay-gradient":""},"mobile":{"background-color":"","background-image":"","background-repeat":"repeat","background-position":"center center","background-size":"auto","background-attachment":"scroll","background-type":"","background-media":"","overlay-type":"","overlay-color":"","overlay-opacity":"","overlay-gradient":""}},"ast-content-background-meta":{"desktop":{"background-color":"var(--ast-global-color-5)","background-image":"","background-repeat":"repeat","background-position":"center center","background-size":"auto","background-attachment":"scroll","background-type":"","background-media":"","overlay-type":"","overlay-color":"","overlay-opacity":"","overlay-gradient":""},"tablet":{"background-color":"var(--ast-global-color-5)","background-image":"","background-repeat":"repeat","background-position":"center center","background-size":"auto","background-attachment":"scroll","background-type":"","background-media":"","overlay-type":"","overlay-color":"","overlay-opacity":"","overlay-gradient":""},"mobile":{"background-color":"var(--ast-global-color-5)","background-image":"","background-repeat":"repeat","background-position":"center center","background-size":"auto","background-attachment":"scroll","background-type":"","background-media":"","overlay-type":"","overlay-color":"","overlay-opacity":"","overlay-gradient":""}},"footnotes":""},"class_list":["post-9096","page","type-page","status-publish","hentry"],"post_mailing_queue_ids":[],"_links":{"self":[{"href":"https:\/\/agora.xtec.cat\/ceip-gabriel-castella\/wp-json\/wp\/v2\/pages\/9096","targetHints":{"allow":["GET"]}}],"collection":[{"href":"https:\/\/agora.xtec.cat\/ceip-gabriel-castella\/wp-json\/wp\/v2\/pages"}],"about":[{"href":"https:\/\/agora.xtec.cat\/ceip-gabriel-castella\/wp-json\/wp\/v2\/types\/page"}],"author":[{"embeddable":true,"href":"https:\/\/agora.xtec.cat\/ceip-gabriel-castella\/wp-json\/wp\/v2\/users\/40"}],"replies":[{"embeddable":true,"href":"https:\/\/agora.xtec.cat\/ceip-gabriel-castella\/wp-json\/wp\/v2\/comments?post=9096"}],"version-history":[{"count":2,"href":"https:\/\/agora.xtec.cat\/ceip-gabriel-castella\/wp-json\/wp\/v2\/pages\/9096\/revisions"}],"predecessor-version":[{"id":9337,"href":"https:\/\/agora.xtec.cat\/ceip-gabriel-castella\/wp-json\/wp\/v2\/pages\/9096\/revisions\/9337"}],"wp:attachment":[{"href":"https:\/\/agora.xtec.cat\/ceip-gabriel-castella\/wp-json\/wp\/v2\/media?parent=9096"}],"curies":[{"name":"wp","href":"https:\/\/api.w.org\/{rel}","templated":true}]}}