{"id":9053,"date":"2025-06-06T12:35:19","date_gmt":"2025-06-06T10:35:19","guid":{"rendered":"https:\/\/agora.xtec.cat\/ceip-gabriel-castella\/?page_id=9053"},"modified":"2025-10-09T14:02:31","modified_gmt":"2025-10-09T12:02:31","slug":"historia-2","status":"publish","type":"page","link":"https:\/\/agora.xtec.cat\/ceip-gabriel-castella\/lescola\/historia-2\/","title":{"rendered":"Hist\u00f2ria"},"content":{"rendered":"\n<p>L\u2019any 1975, va estrenar-se un grup escolar situat a l\u2019avinguda de Montserrat, en la<br \/>zona anomenada de la Torre del Requesens, i l\u2019ajuntament d\u2019Igualada va donar a aquest nou col\u2022legi el nom de Gabriel Castell\u00e0.<\/p>\n<p>Com a historiador, com a igualad\u00ed, Gabriel Castell\u00e0 s\u2019ha fet creditor d\u2019un perenne homenatge de gratitud de la seva ciutat, Gabriel Castell\u00e0 que, d\u2019una forma humil i desinteressada, va treballar incansablement per donar a con\u00e8ixer els trets hist\u00f2rics m\u00e9s sobresortints de la nostra ciutat.<\/p>\n\n\n\n<figure class=\"wp-block-image size-full is-resized\"><a href=\"https:\/\/agora.xtec.cat\/ceip-gabriel-castella\/wp-content\/uploads\/usu2108\/2025\/10\/Gabriel.jpg\"><img loading=\"lazy\" decoding=\"async\" width=\"198\" height=\"254\" src=\"https:\/\/agora.xtec.cat\/ceip-gabriel-castella\/wp-content\/uploads\/usu2108\/2025\/10\/Gabriel.jpg\" alt=\"\" class=\"wp-image-9339\" style=\"width:197px;height:auto\"\/><\/a><\/figure>\n\n\n\n<figure class=\"wp-block-image size-full is-resized\"><a href=\"https:\/\/agora.xtec.cat\/ceip-gabriel-castella\/wp-content\/uploads\/usu2108\/2025\/10\/escola.jpg\"><img loading=\"lazy\" decoding=\"async\" width=\"289\" height=\"175\" src=\"https:\/\/agora.xtec.cat\/ceip-gabriel-castella\/wp-content\/uploads\/usu2108\/2025\/10\/escola.jpg\" alt=\"\" class=\"wp-image-9340\" style=\"width:292px;height:auto\"\/><\/a><\/figure>\n\n\n\n\n","protected":false},"excerpt":{"rendered":"<p>L\u2019any 1975, va estrenar-se un grup escolar situat a l\u2019avinguda de Montserrat, en lazona anomenada de la Torre del Requesens, i l\u2019ajuntament d\u2019Igualada va donar a aquest nou col\u2022legi el nom de Gabriel Castell\u00e0. Com a historiador, com a igualad\u00ed, Gabriel Castell\u00e0 s\u2019ha fet creditor d\u2019un perenne homenatge de gratitud de la seva ciutat, Gabriel [&hellip;]<\/p>\n","protected":false},"author":40,"featured_media":0,"parent":22,"menu_order":0,"comment_status":"closed","ping_status":"closed","template":"","meta":{"_bbp_topic_count":0,"_bbp_reply_count":0,"_bbp_total_topic_count":0,"_bbp_total_reply_count":0,"_bbp_voice_count":0,"_bbp_anonymous_reply_count":0,"_bbp_topic_count_hidden":0,"_bbp_reply_count_hidden":0,"_bbp_forum_subforum_count":0,"site-sidebar-layout":"default","site-content-layout":"","ast-site-content-layout":"default","site-content-style":"default","site-sidebar-style":"default","ast-global-header-display":"","ast-banner-title-visibility":"","ast-main-header-display":"","ast-hfb-above-header-display":"","ast-hfb-below-header-display":"","ast-hfb-mobile-header-display":"","site-post-title":"","ast-breadcrumbs-content":"","ast-featured-img":"","footer-sml-layout":"","theme-transparent-header-meta":"default","adv-header-id-meta":"","stick-header-meta":"","header-above-stick-meta":"","header-main-stick-meta":"","header-below-stick-meta":"","astra-migrate-meta-layouts":"set","ast-page-background-enabled":"default","ast-page-background-meta":{"desktop":{"background-color":"var(--ast-global-color-4)","background-image":"","background-repeat":"repeat","background-position":"center center","background-size":"auto","background-attachment":"scroll","background-type":"","background-media":"","overlay-type":"","overlay-color":"","overlay-opacity":"","overlay-gradient":""},"tablet":{"background-color":"","background-image":"","background-repeat":"repeat","background-position":"center center","background-size":"auto","background-attachment":"scroll","background-type":"","background-media":"","overlay-type":"","overlay-color":"","overlay-opacity":"","overlay-gradient":""},"mobile":{"background-color":"","background-image":"","background-repeat":"repeat","background-position":"center center","background-size":"auto","background-attachment":"scroll","background-type":"","background-media":"","overlay-type":"","overlay-color":"","overlay-opacity":"","overlay-gradient":""}},"ast-content-background-meta":{"desktop":{"background-color":"var(--ast-global-color-5)","background-image":"","background-repeat":"repeat","background-position":"center center","background-size":"auto","background-attachment":"scroll","background-type":"","background-media":"","overlay-type":"","overlay-color":"","overlay-opacity":"","overlay-gradient":""},"tablet":{"background-color":"var(--ast-global-color-5)","background-image":"","background-repeat":"repeat","background-position":"center center","background-size":"auto","background-attachment":"scroll","background-type":"","background-media":"","overlay-type":"","overlay-color":"","overlay-opacity":"","overlay-gradient":""},"mobile":{"background-color":"var(--ast-global-color-5)","background-image":"","background-repeat":"repeat","background-position":"center center","background-size":"auto","background-attachment":"scroll","background-type":"","background-media":"","overlay-type":"","overlay-color":"","overlay-opacity":"","overlay-gradient":""}},"footnotes":""},"class_list":["post-9053","page","type-page","status-publish","hentry"],"post_mailing_queue_ids":[],"_links":{"self":[{"href":"https:\/\/agora.xtec.cat\/ceip-gabriel-castella\/wp-json\/wp\/v2\/pages\/9053","targetHints":{"allow":["GET"]}}],"collection":[{"href":"https:\/\/agora.xtec.cat\/ceip-gabriel-castella\/wp-json\/wp\/v2\/pages"}],"about":[{"href":"https:\/\/agora.xtec.cat\/ceip-gabriel-castella\/wp-json\/wp\/v2\/types\/page"}],"author":[{"embeddable":true,"href":"https:\/\/agora.xtec.cat\/ceip-gabriel-castella\/wp-json\/wp\/v2\/users\/40"}],"replies":[{"embeddable":true,"href":"https:\/\/agora.xtec.cat\/ceip-gabriel-castella\/wp-json\/wp\/v2\/comments?post=9053"}],"version-history":[{"count":4,"href":"https:\/\/agora.xtec.cat\/ceip-gabriel-castella\/wp-json\/wp\/v2\/pages\/9053\/revisions"}],"predecessor-version":[{"id":9343,"href":"https:\/\/agora.xtec.cat\/ceip-gabriel-castella\/wp-json\/wp\/v2\/pages\/9053\/revisions\/9343"}],"up":[{"embeddable":true,"href":"https:\/\/agora.xtec.cat\/ceip-gabriel-castella\/wp-json\/wp\/v2\/pages\/22"}],"wp:attachment":[{"href":"https:\/\/agora.xtec.cat\/ceip-gabriel-castella\/wp-json\/wp\/v2\/media?parent=9053"}],"curies":[{"name":"wp","href":"https:\/\/api.w.org\/{rel}","templated":true}]}}