{"id":9035,"date":"2025-05-29T13:23:42","date_gmt":"2025-05-29T11:23:42","guid":{"rendered":"https:\/\/agora.xtec.cat\/ceip-gabriel-castella\/?page_id=9035"},"modified":"2025-06-18T12:51:25","modified_gmt":"2025-06-18T10:51:25","slug":"lab2-6","status":"publish","type":"page","link":"https:\/\/agora.xtec.cat\/ceip-gabriel-castella\/lescola\/instal%c2%b7lacions\/lab2-6\/","title":{"rendered":"Lab 2-6"},"content":{"rendered":"\n<p>Un dels pilars del projecte educatiu del centre \u00e9s l&#8217;aprenentatge a trav\u00e9s de l\u2019eix cient\u00edfic, a partir del treball de tallers i ambients cient\u00edfics i el treball globalitzat. Per a treballar la ci\u00e8ncia, el centre educatiu compta l\u2019expertesa l\u2019Institut de Ci\u00e8ncies de l\u2019Espai (ICE-CSIC), amb qui formem alian\u00e7a magnet des del curs 2021-22.<\/p>\n\n\n\n<p>Les diferents propostes del LAB estan relacionades amb el moviment, el magnetisme, els transvasaments, l&#8217;equilibri, el pes, la densitat i la documentaci\u00f3 a partir d&#8217;una selecci\u00f3 bibliogr\u00e0fica.<\/p>\n\n\n\n<p>En aquest espai s&#8217;hi realitzen els tallers amb els infants de mitjans i grans i els ambients amb els infants del cicle de petits. L&#8217;activitat s&#8217;inicia amb una rotllana on s&#8217;explica el funcionament de les normes. En un segon moment els infants comencen el seu primer contacte, observant, provant i jugant amb les diferents propostes. Per \u00faltim, s\u2019acaba l\u2019activitat reunint els infants en un rotllana on es valora la trobada, el seus aprenentatges i experi\u00e8ncies.<\/p>\n\n\n\n<p><\/p>\n\n\n\n<figure class=\"wp-block-gallery has-nested-images columns-default is-cropped wp-block-gallery-1 is-layout-flex wp-block-gallery-is-layout-flex\">\n<figure class=\"wp-block-image size-large\"><a href=\"https:\/\/agora.xtec.cat\/ceip-gabriel-castella\/wp-content\/uploads\/usu2108\/2025\/06\/IMG-20231205-WA0023-scaled.jpeg\"><img loading=\"lazy\" decoding=\"async\" width=\"576\" height=\"1024\" data-id=\"9180\" src=\"https:\/\/agora.xtec.cat\/ceip-gabriel-castella\/wp-content\/uploads\/usu2108\/2025\/06\/IMG-20231205-WA0023-576x1024.jpeg\" alt=\"\" class=\"wp-image-9180\" srcset=\"https:\/\/agora.xtec.cat\/ceip-gabriel-castella\/wp-content\/uploads\/usu2108\/2025\/06\/IMG-20231205-WA0023-576x1024.jpeg 576w, https:\/\/agora.xtec.cat\/ceip-gabriel-castella\/wp-content\/uploads\/usu2108\/2025\/06\/IMG-20231205-WA0023-169x300.jpeg 169w, https:\/\/agora.xtec.cat\/ceip-gabriel-castella\/wp-content\/uploads\/usu2108\/2025\/06\/IMG-20231205-WA0023-768x1365.jpeg 768w, https:\/\/agora.xtec.cat\/ceip-gabriel-castella\/wp-content\/uploads\/usu2108\/2025\/06\/IMG-20231205-WA0023-864x1536.jpeg 864w, https:\/\/agora.xtec.cat\/ceip-gabriel-castella\/wp-content\/uploads\/usu2108\/2025\/06\/IMG-20231205-WA0023-1152x2048.jpeg 1152w, https:\/\/agora.xtec.cat\/ceip-gabriel-castella\/wp-content\/uploads\/usu2108\/2025\/06\/IMG-20231205-WA0023-scaled.jpeg 1440w\" sizes=\"auto, (max-width: 576px) 100vw, 576px\" \/><\/a><\/figure>\n\n\n\n<figure class=\"wp-block-image size-large\"><a href=\"https:\/\/agora.xtec.cat\/ceip-gabriel-castella\/wp-content\/uploads\/usu2108\/2025\/06\/WhatsApp-Image-2023-11-28-at-22.52.52-4.jpeg\"><img loading=\"lazy\" decoding=\"async\" width=\"1024\" height=\"461\" data-id=\"9177\" src=\"https:\/\/agora.xtec.cat\/ceip-gabriel-castella\/wp-content\/uploads\/usu2108\/2025\/06\/WhatsApp-Image-2023-11-28-at-22.52.52-4-1024x461.jpeg\" alt=\"\" class=\"wp-image-9177\" srcset=\"https:\/\/agora.xtec.cat\/ceip-gabriel-castella\/wp-content\/uploads\/usu2108\/2025\/06\/WhatsApp-Image-2023-11-28-at-22.52.52-4-1024x461.jpeg 1024w, https:\/\/agora.xtec.cat\/ceip-gabriel-castella\/wp-content\/uploads\/usu2108\/2025\/06\/WhatsApp-Image-2023-11-28-at-22.52.52-4-300x135.jpeg 300w, https:\/\/agora.xtec.cat\/ceip-gabriel-castella\/wp-content\/uploads\/usu2108\/2025\/06\/WhatsApp-Image-2023-11-28-at-22.52.52-4-768x346.jpeg 768w, https:\/\/agora.xtec.cat\/ceip-gabriel-castella\/wp-content\/uploads\/usu2108\/2025\/06\/WhatsApp-Image-2023-11-28-at-22.52.52-4-1536x691.jpeg 1536w, https:\/\/agora.xtec.cat\/ceip-gabriel-castella\/wp-content\/uploads\/usu2108\/2025\/06\/WhatsApp-Image-2023-11-28-at-22.52.52-4.jpeg 2000w\" sizes=\"auto, (max-width: 1024px) 100vw, 1024px\" \/><\/a><\/figure>\n\n\n\n<figure class=\"wp-block-image size-large\"><a href=\"https:\/\/agora.xtec.cat\/ceip-gabriel-castella\/wp-content\/uploads\/usu2108\/2025\/06\/WhatsApp-Image-2023-11-28-at-22.52.52-2.jpeg\"><img loading=\"lazy\" decoding=\"async\" width=\"1024\" height=\"461\" data-id=\"9179\" src=\"https:\/\/agora.xtec.cat\/ceip-gabriel-castella\/wp-content\/uploads\/usu2108\/2025\/06\/WhatsApp-Image-2023-11-28-at-22.52.52-2-1024x461.jpeg\" alt=\"\" class=\"wp-image-9179\" srcset=\"https:\/\/agora.xtec.cat\/ceip-gabriel-castella\/wp-content\/uploads\/usu2108\/2025\/06\/WhatsApp-Image-2023-11-28-at-22.52.52-2-1024x461.jpeg 1024w, https:\/\/agora.xtec.cat\/ceip-gabriel-castella\/wp-content\/uploads\/usu2108\/2025\/06\/WhatsApp-Image-2023-11-28-at-22.52.52-2-300x135.jpeg 300w, https:\/\/agora.xtec.cat\/ceip-gabriel-castella\/wp-content\/uploads\/usu2108\/2025\/06\/WhatsApp-Image-2023-11-28-at-22.52.52-2-768x346.jpeg 768w, https:\/\/agora.xtec.cat\/ceip-gabriel-castella\/wp-content\/uploads\/usu2108\/2025\/06\/WhatsApp-Image-2023-11-28-at-22.52.52-2-1536x691.jpeg 1536w, https:\/\/agora.xtec.cat\/ceip-gabriel-castella\/wp-content\/uploads\/usu2108\/2025\/06\/WhatsApp-Image-2023-11-28-at-22.52.52-2.jpeg 2000w\" sizes=\"auto, (max-width: 1024px) 100vw, 1024px\" \/><\/a><\/figure>\n\n\n\n<figure class=\"wp-block-image size-large\"><a href=\"https:\/\/agora.xtec.cat\/ceip-gabriel-castella\/wp-content\/uploads\/usu2108\/2025\/06\/WhatsApp-Image-2023-11-28-at-22.52.52-1.jpeg\"><img loading=\"lazy\" decoding=\"async\" width=\"1024\" height=\"461\" data-id=\"9178\" src=\"https:\/\/agora.xtec.cat\/ceip-gabriel-castella\/wp-content\/uploads\/usu2108\/2025\/06\/WhatsApp-Image-2023-11-28-at-22.52.52-1-1024x461.jpeg\" alt=\"\" class=\"wp-image-9178\" srcset=\"https:\/\/agora.xtec.cat\/ceip-gabriel-castella\/wp-content\/uploads\/usu2108\/2025\/06\/WhatsApp-Image-2023-11-28-at-22.52.52-1-1024x461.jpeg 1024w, https:\/\/agora.xtec.cat\/ceip-gabriel-castella\/wp-content\/uploads\/usu2108\/2025\/06\/WhatsApp-Image-2023-11-28-at-22.52.52-1-300x135.jpeg 300w, https:\/\/agora.xtec.cat\/ceip-gabriel-castella\/wp-content\/uploads\/usu2108\/2025\/06\/WhatsApp-Image-2023-11-28-at-22.52.52-1-768x346.jpeg 768w, https:\/\/agora.xtec.cat\/ceip-gabriel-castella\/wp-content\/uploads\/usu2108\/2025\/06\/WhatsApp-Image-2023-11-28-at-22.52.52-1-1536x691.jpeg 1536w, https:\/\/agora.xtec.cat\/ceip-gabriel-castella\/wp-content\/uploads\/usu2108\/2025\/06\/WhatsApp-Image-2023-11-28-at-22.52.52-1.jpeg 2000w\" sizes=\"auto, (max-width: 1024px) 100vw, 1024px\" \/><\/a><\/figure>\n<\/figure>\n\n\n","protected":false},"excerpt":{"rendered":"<p>Un dels pilars del projecte educatiu del centre \u00e9s l&#8217;aprenentatge a trav\u00e9s de l\u2019eix cient\u00edfic, a partir del treball de tallers i ambients cient\u00edfics i el treball globalitzat. Per a treballar la ci\u00e8ncia, el centre educatiu compta l\u2019expertesa l\u2019Institut de Ci\u00e8ncies de l\u2019Espai (ICE-CSIC), amb qui formem alian\u00e7a magnet des del curs 2021-22. Les diferents [&hellip;]<\/p>\n","protected":false},"author":40,"featured_media":0,"parent":30,"menu_order":0,"comment_status":"closed","ping_status":"closed","template":"","meta":{"_bbp_topic_count":0,"_bbp_reply_count":0,"_bbp_total_topic_count":0,"_bbp_total_reply_count":0,"_bbp_voice_count":0,"_bbp_anonymous_reply_count":0,"_bbp_topic_count_hidden":0,"_bbp_reply_count_hidden":0,"_bbp_forum_subforum_count":0,"site-sidebar-layout":"default","site-content-layout":"","ast-site-content-layout":"default","site-content-style":"default","site-sidebar-style":"default","ast-global-header-display":"","ast-banner-title-visibility":"","ast-main-header-display":"","ast-hfb-above-header-display":"","ast-hfb-below-header-display":"","ast-hfb-mobile-header-display":"","site-post-title":"","ast-breadcrumbs-content":"","ast-featured-img":"","footer-sml-layout":"","theme-transparent-header-meta":"default","adv-header-id-meta":"","stick-header-meta":"","header-above-stick-meta":"","header-main-stick-meta":"","header-below-stick-meta":"","astra-migrate-meta-layouts":"set","ast-page-background-enabled":"default","ast-page-background-meta":{"desktop":{"background-color":"var(--ast-global-color-4)","background-image":"","background-repeat":"repeat","background-position":"center center","background-size":"auto","background-attachment":"scroll","background-type":"","background-media":"","overlay-type":"","overlay-color":"","overlay-opacity":"","overlay-gradient":""},"tablet":{"background-color":"","background-image":"","background-repeat":"repeat","background-position":"center center","background-size":"auto","background-attachment":"scroll","background-type":"","background-media":"","overlay-type":"","overlay-color":"","overlay-opacity":"","overlay-gradient":""},"mobile":{"background-color":"","background-image":"","background-repeat":"repeat","background-position":"center center","background-size":"auto","background-attachment":"scroll","background-type":"","background-media":"","overlay-type":"","overlay-color":"","overlay-opacity":"","overlay-gradient":""}},"ast-content-background-meta":{"desktop":{"background-color":"var(--ast-global-color-5)","background-image":"","background-repeat":"repeat","background-position":"center center","background-size":"auto","background-attachment":"scroll","background-type":"","background-media":"","overlay-type":"","overlay-color":"","overlay-opacity":"","overlay-gradient":""},"tablet":{"background-color":"var(--ast-global-color-5)","background-image":"","background-repeat":"repeat","background-position":"center center","background-size":"auto","background-attachment":"scroll","background-type":"","background-media":"","overlay-type":"","overlay-color":"","overlay-opacity":"","overlay-gradient":""},"mobile":{"background-color":"var(--ast-global-color-5)","background-image":"","background-repeat":"repeat","background-position":"center center","background-size":"auto","background-attachment":"scroll","background-type":"","background-media":"","overlay-type":"","overlay-color":"","overlay-opacity":"","overlay-gradient":""}},"footnotes":""},"class_list":["post-9035","page","type-page","status-publish","hentry"],"post_mailing_queue_ids":[],"_links":{"self":[{"href":"https:\/\/agora.xtec.cat\/ceip-gabriel-castella\/wp-json\/wp\/v2\/pages\/9035","targetHints":{"allow":["GET"]}}],"collection":[{"href":"https:\/\/agora.xtec.cat\/ceip-gabriel-castella\/wp-json\/wp\/v2\/pages"}],"about":[{"href":"https:\/\/agora.xtec.cat\/ceip-gabriel-castella\/wp-json\/wp\/v2\/types\/page"}],"author":[{"embeddable":true,"href":"https:\/\/agora.xtec.cat\/ceip-gabriel-castella\/wp-json\/wp\/v2\/users\/40"}],"replies":[{"embeddable":true,"href":"https:\/\/agora.xtec.cat\/ceip-gabriel-castella\/wp-json\/wp\/v2\/comments?post=9035"}],"version-history":[{"count":3,"href":"https:\/\/agora.xtec.cat\/ceip-gabriel-castella\/wp-json\/wp\/v2\/pages\/9035\/revisions"}],"predecessor-version":[{"id":9181,"href":"https:\/\/agora.xtec.cat\/ceip-gabriel-castella\/wp-json\/wp\/v2\/pages\/9035\/revisions\/9181"}],"up":[{"embeddable":true,"href":"https:\/\/agora.xtec.cat\/ceip-gabriel-castella\/wp-json\/wp\/v2\/pages\/30"}],"wp:attachment":[{"href":"https:\/\/agora.xtec.cat\/ceip-gabriel-castella\/wp-json\/wp\/v2\/media?parent=9035"}],"curies":[{"name":"wp","href":"https:\/\/api.w.org\/{rel}","templated":true}]}}