{"id":82,"date":"2014-09-18T14:10:51","date_gmt":"2014-09-18T13:10:51","guid":{"rendered":"http:\/\/agora.xtec.cat\/ceip-gabriel-castella\/?page_id=82"},"modified":"2020-04-01T14:12:46","modified_gmt":"2020-04-01T12:12:46","slug":"casal-destiu","status":"publish","type":"page","link":"https:\/\/agora.xtec.cat\/ceip-gabriel-castella\/serveis\/casal-destiu\/","title":{"rendered":"Associaci\u00f3 Esportiva"},"content":{"rendered":"<p><strong>OBJECTIUS DE L\u2019ASSOCIACI\u00d3 ESPORTIVA \u00a0<\/strong><\/p>\n<p>La prioritat de l\u2019AEE \u00e9s aconseguir un sost\u00e9n econ\u00f2mic per a seguir oferint un ampli ventall d\u2019activitats esportives continuades, trimestrals, i d\u2019altres de puntuals que siguin llamineres pels alumnes i que assegurin una certa regularitat i continu\u00eftat en el temps. Amb un caire m\u00e9s l\u00fadic, ens agrada que els infants puguin practicar espor\u00e0dicament esports menys coneguts i allunyats del ress\u00f2 medi\u00e0tic i con\u00e8ixer en primera persona esportistes d\u2019elit amb la interessant experi\u00e8ncia que aquests els aporten.<\/p>\n<p>Els objectius es desglossen en tres:<\/p>\n<ul>\n<li><strong>Incrementar el nombre de nens i nenes que realitzin una pr\u00e0ctica regular d\u2019activitat f\u00edsica<\/strong>.<\/li>\n<\/ul>\n<p>S\u2019ajusten els cost de les activitats per facilitar l\u2019acc\u00e9s a l\u2019esport de tots els alumnes.<\/p>\n<ul>\n<li><strong>Utilitzar l\u2019activitat f\u00edsica i esportiva per a afavorir la cohesi\u00f3 social.<\/strong><\/li>\n<\/ul>\n<p>Es participa en els Jocs Escolars de l\u2019Anoia i a les activitats organitzades a nivell de ciutat.<br \/>\nEs col\u00b7labora en l\u2019organitzaci\u00f3 de la festa de la bicicleta d\u2019Igualada.<\/p>\n<ul>\n<li><strong>Afermar els h\u00e0bits de cura i salut corporal a l\u2019escola.<\/strong><\/li>\n<\/ul>\n<p>Per combatre el sedentarisme i l\u2019obesitat infantil \u00e9s necessari que els infant practiquin esport des de que van a l\u2019escola.<br \/>\n\u00c9s important el fet de combinar l\u2019esport amb una dieta saludable i equilibrada ja que aix\u00ed es contribueix a aconseguir una sensaci\u00f3 de benestar i elimina la tensi\u00f3 i l\u2019estr\u00e8s.<br \/>\nL\u2019esport ajuda els nens a desenvolupar-se f\u00edsicament i mentalment i aprendre a integrar-se en el context del grup social que els envolta. Al moure\u2019s, el cos se sent b\u00e9, i aquest sentiment de benestar continuat\u00a0 en un nen pot ser molt benefici\u00f3s de cara a la pubertat.<\/p>\n<p style=\"text-align: center;\"><a href=\"https:\/\/agora.xtec.cat\/ceip-gabriel-castella\/wp-content\/uploads\/usu2108\/2020\/04\/PCEE-GC.jpg\"><img loading=\"lazy\" decoding=\"async\" class=\"alignnone size-medium wp-image-641\" src=\"https:\/\/agora.xtec.cat\/ceip-gabriel-castella\/wp-content\/uploads\/usu2108\/2020\/04\/PCEE-GC-276x300.jpg\" alt=\"\" width=\"276\" height=\"300\" srcset=\"https:\/\/agora.xtec.cat\/ceip-gabriel-castella\/wp-content\/uploads\/usu2108\/2020\/04\/PCEE-GC-276x300.jpg 276w, https:\/\/agora.xtec.cat\/ceip-gabriel-castella\/wp-content\/uploads\/usu2108\/2020\/04\/PCEE-GC-768x835.jpg 768w, https:\/\/agora.xtec.cat\/ceip-gabriel-castella\/wp-content\/uploads\/usu2108\/2020\/04\/PCEE-GC-941x1024.jpg 941w, https:\/\/agora.xtec.cat\/ceip-gabriel-castella\/wp-content\/uploads\/usu2108\/2020\/04\/PCEE-GC.jpg 1094w\" sizes=\"auto, (max-width: 276px) 100vw, 276px\" \/><\/a><\/p>\n<p>ATENCI\u00d3!!!!<\/p>\n<p>Benvolgudes fam\u00edlies,<\/p>\n<p>A principis de curs l\u2019escola es va presentar un projecte sobre el foment dels extraescolars per a alumnes de 5\u00e8 i 6\u00e8 i ens ha estat concedit. Per tant, a partir del m\u00e9s de febrer les extraescolars per aquests nens i nenes nom\u00e9s costaran 3\u20ac. En cas que ja hi aneu, a partir de Febrer nom\u00e9s haureu de pagar aquesta quantitat. En cas de que us hi vulgueu apuntar ara, passeu per secretaria i trieu si voleu venir 1 o 2 dies, dimecres, dijous o divendres.<\/p>\n<p>Atentament,<\/p>\n<p>Equip Docent.<\/p>\n","protected":false},"excerpt":{"rendered":"<p>OBJECTIUS DE L\u2019ASSOCIACI\u00d3 ESPORTIVA \u00a0 La prioritat de l\u2019AEE \u00e9s aconseguir un sost\u00e9n econ\u00f2mic per a seguir oferint un ampli ventall d\u2019activitats esportives continuades, trimestrals, i d\u2019altres de puntuals que siguin llamineres pels alumnes i que assegurin una certa regularitat i continu\u00eftat en el temps. Amb un caire m\u00e9s l\u00fadic, ens agrada que els infants [&hellip;]<\/p>\n","protected":false},"author":1,"featured_media":0,"parent":66,"menu_order":50,"comment_status":"closed","ping_status":"closed","template":"page-templates\/side-menu.php","meta":{"_bbp_topic_count":0,"_bbp_reply_count":0,"_bbp_total_topic_count":0,"_bbp_total_reply_count":0,"_bbp_voice_count":0,"_bbp_anonymous_reply_count":0,"_bbp_topic_count_hidden":0,"_bbp_reply_count_hidden":0,"_bbp_forum_subforum_count":0,"site-sidebar-layout":"default","site-content-layout":"","ast-site-content-layout":"","site-content-style":"default","site-sidebar-style":"default","ast-global-header-display":"","ast-banner-title-visibility":"","ast-main-header-display":"","ast-hfb-above-header-display":"","ast-hfb-below-header-display":"","ast-hfb-mobile-header-display":"","site-post-title":"","ast-breadcrumbs-content":"","ast-featured-img":"","footer-sml-layout":"","theme-transparent-header-meta":"","adv-header-id-meta":"","stick-header-meta":"","header-above-stick-meta":"","header-main-stick-meta":"","header-below-stick-meta":"","astra-migrate-meta-layouts":"default","ast-page-background-enabled":"default","ast-page-background-meta":{"desktop":{"background-color":"var(--ast-global-color-4)","background-image":"","background-repeat":"repeat","background-position":"center center","background-size":"auto","background-attachment":"scroll","background-type":"","background-media":"","overlay-type":"","overlay-color":"","overlay-opacity":"","overlay-gradient":""},"tablet":{"background-color":"","background-image":"","background-repeat":"repeat","background-position":"center center","background-size":"auto","background-attachment":"scroll","background-type":"","background-media":"","overlay-type":"","overlay-color":"","overlay-opacity":"","overlay-gradient":""},"mobile":{"background-color":"","background-image":"","background-repeat":"repeat","background-position":"center center","background-size":"auto","background-attachment":"scroll","background-type":"","background-media":"","overlay-type":"","overlay-color":"","overlay-opacity":"","overlay-gradient":""}},"ast-content-background-meta":{"desktop":{"background-color":"var(--ast-global-color-5)","background-image":"","background-repeat":"repeat","background-position":"center center","background-size":"auto","background-attachment":"scroll","background-type":"","background-media":"","overlay-type":"","overlay-color":"","overlay-opacity":"","overlay-gradient":""},"tablet":{"background-color":"var(--ast-global-color-5)","background-image":"","background-repeat":"repeat","background-position":"center center","background-size":"auto","background-attachment":"scroll","background-type":"","background-media":"","overlay-type":"","overlay-color":"","overlay-opacity":"","overlay-gradient":""},"mobile":{"background-color":"var(--ast-global-color-5)","background-image":"","background-repeat":"repeat","background-position":"center center","background-size":"auto","background-attachment":"scroll","background-type":"","background-media":"","overlay-type":"","overlay-color":"","overlay-opacity":"","overlay-gradient":""}},"footnotes":""},"class_list":["post-82","page","type-page","status-publish","hentry"],"post_mailing_queue_ids":[],"_links":{"self":[{"href":"https:\/\/agora.xtec.cat\/ceip-gabriel-castella\/wp-json\/wp\/v2\/pages\/82","targetHints":{"allow":["GET"]}}],"collection":[{"href":"https:\/\/agora.xtec.cat\/ceip-gabriel-castella\/wp-json\/wp\/v2\/pages"}],"about":[{"href":"https:\/\/agora.xtec.cat\/ceip-gabriel-castella\/wp-json\/wp\/v2\/types\/page"}],"author":[{"embeddable":true,"href":"https:\/\/agora.xtec.cat\/ceip-gabriel-castella\/wp-json\/wp\/v2\/users\/1"}],"replies":[{"embeddable":true,"href":"https:\/\/agora.xtec.cat\/ceip-gabriel-castella\/wp-json\/wp\/v2\/comments?post=82"}],"version-history":[{"count":1,"href":"https:\/\/agora.xtec.cat\/ceip-gabriel-castella\/wp-json\/wp\/v2\/pages\/82\/revisions"}],"predecessor-version":[{"id":642,"href":"https:\/\/agora.xtec.cat\/ceip-gabriel-castella\/wp-json\/wp\/v2\/pages\/82\/revisions\/642"}],"up":[{"embeddable":true,"href":"https:\/\/agora.xtec.cat\/ceip-gabriel-castella\/wp-json\/wp\/v2\/pages\/66"}],"wp:attachment":[{"href":"https:\/\/agora.xtec.cat\/ceip-gabriel-castella\/wp-json\/wp\/v2\/media?parent=82"}],"curies":[{"name":"wp","href":"https:\/\/api.w.org\/{rel}","templated":true}]}}