{"id":8192,"date":"2024-02-20T09:50:34","date_gmt":"2024-02-20T08:50:34","guid":{"rendered":"https:\/\/agora.xtec.cat\/ceip-gabriel-castella\/?page_id=8192"},"modified":"2024-05-08T16:36:52","modified_gmt":"2024-05-08T14:36:52","slug":"objectius","status":"publish","type":"page","link":"https:\/\/agora.xtec.cat\/ceip-gabriel-castella\/estrategia-digital\/objectius\/","title":{"rendered":"Objectius"},"content":{"rendered":"<p>Els objectius que, com a centre, hem acordat i volem assolir entre el curs 22\/23 i el curs 24\/25 s\u00f3n:<\/p>\n<table dir=\"ltr\" style=\"width: 66.3207%;\" border=\"1\" cellspacing=\"0\" cellpadding=\"0\" data-sheets-root=\"1\">\n<colgroup>\n<col width=\"673\" \/><\/colgroup>\n<tbody>\n<tr>\n<td style=\"width: 100%;\" data-sheets-value=\"{&quot;1&quot;:2,&quot;2&quot;:&quot;1. Crear l\u2019estrat\u00e8gia digital de centre per definir una linia de centre en l\u2019\u00e0mbit digital.&quot;}\">1. Crear l\u2019estrat\u00e8gia digital de centre per definir una l\u00ednia de centre en l\u2019\u00e0mbit digital.<\/td>\n<\/tr>\n<tr>\n<td style=\"width: 100%;\" data-sheets-value=\"{&quot;1&quot;:2,&quot;2&quot;:&quot;2. Millorar la compet\u00e8ncia digital de l'alumnat per a que esdevinguin ciutadans digitalment competents&quot;}\">2. Millorar la compet\u00e8ncia digital de l&#8217;alumnat per a que esdevinguin ciutadans digitalment competents<\/td>\n<\/tr>\n<tr>\n<td style=\"width: 100%;\" data-sheets-value=\"{&quot;1&quot;:2,&quot;2&quot;:&quot;3. Millorar la compet\u00e8ncia digital del professorat (formaci\u00f3 permanent) per empoderar el professorat digitalment&quot;}\">3. Millorar la compet\u00e8ncia digital del professorat (formaci\u00f3 permanent) per empoderar el professorat digitalment<\/td>\n<\/tr>\n<tr>\n<td style=\"width: 100%;\" data-sheets-value=\"{&quot;1&quot;:2,&quot;2&quot;:&quot;4. Establir la pres\u00e8ncia del centre a Internet (portal web del centre, plataforma virtual, xarxes socials...), per tal de definir la identitat digital del centre i la seva difusi\u00f3. Definir el pla de comunicaci\u00f3 de centre&quot;}\">4. Establir la pres\u00e8ncia del centre a Internet (portal web del centre, plataforma virtual, xarxes socials&#8230;), per tal de definir la identitat digital del centre i la seva difusi\u00f3. Definir el pla de comunicaci\u00f3 de centre<\/td>\n<\/tr>\n<tr>\n<td style=\"width: 100%;\" data-sheets-value=\"{&quot;1&quot;:2,&quot;2&quot;:&quot;5. Implementar el desplegament de la dotaci\u00f3 de rob\u00f2tica al llarg de l'etapa per tal de millorar el pensament computacional de l'alumnat.&quot;}\">5. Implementar el desplegament de la dotaci\u00f3 de rob\u00f2tica al llarg de l&#8217;etapa per tal de millorar el pensament computacional de l&#8217;alumnat.<\/td>\n<\/tr>\n<tr>\n<td style=\"width: 100%;\" data-sheets-value=\"{&quot;1&quot;:2,&quot;2&quot;:&quot;6. Crear un pla d'acollida digital amb la finalitat d'informar dels diversos aspectes de l'EDC de centre. (Pla acollida alumnat, fam\u00edlies i docents)&quot;}\">6. Crear un pla d&#8217;acollida digital amb la finalitat d&#8217;informar dels diversos aspectes de l&#8217;EDC de centre. (Pla acollida alumnat, fam\u00edlies i docents)<\/td>\n<\/tr>\n<\/tbody>\n<\/table>\n","protected":false},"excerpt":{"rendered":"<p>Els objectius que, com a centre, hem acordat i volem assolir entre el curs 22\/23 i el curs 24\/25 s\u00f3n: 1. Crear l\u2019estrat\u00e8gia digital de centre per definir una l\u00ednia de centre en l\u2019\u00e0mbit digital. 2. Millorar la compet\u00e8ncia digital de l&#8217;alumnat per a que esdevinguin ciutadans digitalment competents 3. Millorar la compet\u00e8ncia digital del [&hellip;]<\/p>\n","protected":false},"author":1,"featured_media":0,"parent":8182,"menu_order":1,"comment_status":"closed","ping_status":"closed","template":"page-templates\/side-menu.php","meta":{"_bbp_topic_count":0,"_bbp_reply_count":0,"_bbp_total_topic_count":0,"_bbp_total_reply_count":0,"_bbp_voice_count":0,"_bbp_anonymous_reply_count":0,"_bbp_topic_count_hidden":0,"_bbp_reply_count_hidden":0,"_bbp_forum_subforum_count":0,"site-sidebar-layout":"default","site-content-layout":"","ast-site-content-layout":"","site-content-style":"default","site-sidebar-style":"default","ast-global-header-display":"","ast-banner-title-visibility":"","ast-main-header-display":"","ast-hfb-above-header-display":"","ast-hfb-below-header-display":"","ast-hfb-mobile-header-display":"","site-post-title":"","ast-breadcrumbs-content":"","ast-featured-img":"","footer-sml-layout":"","theme-transparent-header-meta":"","adv-header-id-meta":"","stick-header-meta":"","header-above-stick-meta":"","header-main-stick-meta":"","header-below-stick-meta":"","astra-migrate-meta-layouts":"default","ast-page-background-enabled":"default","ast-page-background-meta":{"desktop":{"background-color":"var(--ast-global-color-4)","background-image":"","background-repeat":"repeat","background-position":"center center","background-size":"auto","background-attachment":"scroll","background-type":"","background-media":"","overlay-type":"","overlay-color":"","overlay-opacity":"","overlay-gradient":""},"tablet":{"background-color":"","background-image":"","background-repeat":"repeat","background-position":"center center","background-size":"auto","background-attachment":"scroll","background-type":"","background-media":"","overlay-type":"","overlay-color":"","overlay-opacity":"","overlay-gradient":""},"mobile":{"background-color":"","background-image":"","background-repeat":"repeat","background-position":"center center","background-size":"auto","background-attachment":"scroll","background-type":"","background-media":"","overlay-type":"","overlay-color":"","overlay-opacity":"","overlay-gradient":""}},"ast-content-background-meta":{"desktop":{"background-color":"var(--ast-global-color-5)","background-image":"","background-repeat":"repeat","background-position":"center center","background-size":"auto","background-attachment":"scroll","background-type":"","background-media":"","overlay-type":"","overlay-color":"","overlay-opacity":"","overlay-gradient":""},"tablet":{"background-color":"var(--ast-global-color-5)","background-image":"","background-repeat":"repeat","background-position":"center center","background-size":"auto","background-attachment":"scroll","background-type":"","background-media":"","overlay-type":"","overlay-color":"","overlay-opacity":"","overlay-gradient":""},"mobile":{"background-color":"var(--ast-global-color-5)","background-image":"","background-repeat":"repeat","background-position":"center center","background-size":"auto","background-attachment":"scroll","background-type":"","background-media":"","overlay-type":"","overlay-color":"","overlay-opacity":"","overlay-gradient":""}},"footnotes":""},"class_list":["post-8192","page","type-page","status-publish","hentry"],"post_mailing_queue_ids":[],"_links":{"self":[{"href":"https:\/\/agora.xtec.cat\/ceip-gabriel-castella\/wp-json\/wp\/v2\/pages\/8192","targetHints":{"allow":["GET"]}}],"collection":[{"href":"https:\/\/agora.xtec.cat\/ceip-gabriel-castella\/wp-json\/wp\/v2\/pages"}],"about":[{"href":"https:\/\/agora.xtec.cat\/ceip-gabriel-castella\/wp-json\/wp\/v2\/types\/page"}],"author":[{"embeddable":true,"href":"https:\/\/agora.xtec.cat\/ceip-gabriel-castella\/wp-json\/wp\/v2\/users\/1"}],"replies":[{"embeddable":true,"href":"https:\/\/agora.xtec.cat\/ceip-gabriel-castella\/wp-json\/wp\/v2\/comments?post=8192"}],"version-history":[{"count":5,"href":"https:\/\/agora.xtec.cat\/ceip-gabriel-castella\/wp-json\/wp\/v2\/pages\/8192\/revisions"}],"predecessor-version":[{"id":8387,"href":"https:\/\/agora.xtec.cat\/ceip-gabriel-castella\/wp-json\/wp\/v2\/pages\/8192\/revisions\/8387"}],"up":[{"embeddable":true,"href":"https:\/\/agora.xtec.cat\/ceip-gabriel-castella\/wp-json\/wp\/v2\/pages\/8182"}],"wp:attachment":[{"href":"https:\/\/agora.xtec.cat\/ceip-gabriel-castella\/wp-json\/wp\/v2\/media?parent=8192"}],"curies":[{"name":"wp","href":"https:\/\/api.w.org\/{rel}","templated":true}]}}