{"id":80,"date":"2014-09-18T14:09:48","date_gmt":"2014-09-18T13:09:48","guid":{"rendered":"http:\/\/agora.xtec.cat\/ceip-gabriel-castella\/?page_id=80"},"modified":"2025-02-06T13:34:25","modified_gmt":"2025-02-06T12:34:25","slug":"transport-escolar","status":"publish","type":"page","link":"https:\/\/agora.xtec.cat\/ceip-gabriel-castella\/serveis\/transport-escolar\/","title":{"rendered":"Sortides i activitats"},"content":{"rendered":"<p>&nbsp;<\/p>\n<table style=\"width: 79.1707%;\">\n<tbody>\n<tr>\n<td style=\"width: 22.2222%;\">\n<p style=\"text-align: center;\"><strong>PETITS<\/strong><\/p>\n<\/td>\n<td style=\"width: 76.4103%;\">\n<p style=\"text-align: center;\"><strong>SORTIDES<\/strong><\/p>\n<\/td>\n<\/tr>\n<tr>\n<td style=\"width: 22.2222%;\" rowspan=\"7\"><strong>Geganta, \u00c0ligues i Dracs<\/strong><br \/>\n<strong><br \/>\n<\/strong><strong><br \/>\n<\/strong><\/td>\n<td style=\"width: 76.4103%;\">Ludoteca Sant Miquel i barri Montserrat<\/td>\n<\/tr>\n<tr>\n<td style=\"width: 76.4103%;\">Sortides d\u2019entorn setmanals<\/td>\n<\/tr>\n<tr>\n<td style=\"width: 76.4103%;\">Visita Mercat de la Masuca<\/td>\n<\/tr>\n<tr>\n<td style=\"width: 76.4103%;\">Sortida a la granja Les Pedreres (Sant Fruit\u00f3s del Bages)<\/td>\n<\/tr>\n<tr>\n<td style=\"width: 76.4103%;\">Teatres a l\u2019Ateneu<\/td>\n<\/tr>\n<tr>\n<td style=\"width: 76.4103%;\">Visites al Centre de dia Montserrat<\/td>\n<\/tr>\n<tr>\n<td style=\"width: 76.4103%;\">Sortida matinal a Can Tit\u00f3<\/td>\n<\/tr>\n<tr>\n<td style=\"width: 22.2222%;\" rowspan=\"2\"><strong>Dracs <\/strong><\/td>\n<td style=\"width: 76.4103%;\">Teatre\u00a0 en angl\u00e8s a l\u2019escola<\/td>\n<\/tr>\n<tr>\n<td style=\"width: 76.4103%;\">Visita a la Biblioteca central<\/td>\n<\/tr>\n<\/tbody>\n<\/table>\n<p>&nbsp;<\/p>\n<table style=\"width: 50.9031%;\">\n<tbody>\n<tr>\n<td style=\"width: 15.8895%;\" width=\"92\">\n<p style=\"text-align: center;\"><strong>MITJANS<\/strong><\/p>\n<\/td>\n<td style=\"width: 37.1153%;\" width=\"208\">\n<p style=\"text-align: center;\"><strong>SORTIDES<\/strong><\/p>\n<\/td>\n<td style=\"width: 67.8934%;\" width=\"276\">\n<p style=\"text-align: center;\"><strong>ACTIVITATS <\/strong><\/p>\n<\/td>\n<\/tr>\n<tr>\n<td style=\"width: 15.8895%;\" rowspan=\"6\" width=\"92\"><strong>1r, 2n i 3r<\/strong><\/td>\n<td style=\"width: 37.1153%;\" width=\"208\">Visita biblioteca central<\/td>\n<td style=\"width: 67.8934%;\" width=\"276\">Cursa popular<\/td>\n<\/tr>\n<tr>\n<td style=\"width: 37.1153%;\" width=\"208\">Teatre Ateneu<\/td>\n<td style=\"width: 67.8934%;\" width=\"276\">Taller de diversitat<\/td>\n<\/tr>\n<tr>\n<td style=\"width: 37.1153%;\" width=\"208\">Ludoteca<\/td>\n<td style=\"width: 67.8934%;\" width=\"276\">Pla promoci\u00f3 gimn\u00e0stica art\u00edstica<\/td>\n<\/tr>\n<tr>\n<td style=\"width: 37.1153%;\" width=\"208\">Mostra de teatre<\/td>\n<td style=\"width: 67.8934%;\" width=\"276\">Teatre en angl\u00e8s a l\u2019escola<\/td>\n<\/tr>\n<tr>\n<td style=\"width: 37.1153%;\" width=\"208\">Ingravita<\/td>\n<td style=\"width: 67.8934%;\" width=\"276\">Jocs del m\u00f3n<\/td>\n<\/tr>\n<tr>\n<td style=\"width: 37.1153%;\" width=\"208\">Sortida entorn dijous llarder<\/td>\n<td style=\"width: 67.8934%;\" width=\"276\"><\/td>\n<\/tr>\n<tr>\n<td style=\"width: 15.8895%;\" width=\"92\"><strong>1r<\/strong><\/td>\n<td style=\"width: 37.1153%;\" width=\"208\">MNACTEC Terrassa<\/td>\n<td style=\"width: 67.8934%;\" width=\"276\"><\/td>\n<\/tr>\n<tr>\n<td style=\"width: 15.8895%;\" width=\"92\"><strong>2n<\/strong><\/td>\n<td style=\"width: 37.1153%;\" width=\"208\">Museu ci\u00e8ncies naturals Barcelona<\/td>\n<td style=\"width: 67.8934%;\" width=\"276\"><\/td>\n<\/tr>\n<tr>\n<td style=\"width: 15.8895%;\" rowspan=\"4\" width=\"92\"><strong>3r<\/strong><\/td>\n<td style=\"width: 37.1153%;\" width=\"208\">Concert Josa a l\u2019Ateneu<\/td>\n<td style=\"width: 67.8934%;\" width=\"276\"><\/td>\n<\/tr>\n<tr>\n<td style=\"width: 37.1153%;\" width=\"208\">Sortida de reconeixement del paisatge al REC<\/td>\n<td style=\"width: 67.8934%;\" width=\"276\"><\/td>\n<\/tr>\n<tr>\n<td style=\"width: 37.1153%;\" width=\"208\">Visita a l\u2019ajuntament<\/td>\n<td style=\"width: 67.8934%;\" width=\"276\"><\/td>\n<\/tr>\n<tr>\n<td style=\"width: 37.1153%;\" width=\"208\">Aqualata: Igualada \u00a0medieval<\/td>\n<td style=\"width: 67.8934%;\" width=\"276\"><\/td>\n<\/tr>\n<\/tbody>\n<\/table>\n<p>&nbsp;<\/p>\n<table style=\"width: 50.292%;\">\n<tbody>\n<tr>\n<td style=\"width: 15.8895%;\" width=\"92\">\n<p style=\"text-align: center;\"><strong>GRANS<\/strong><\/p>\n<\/td>\n<td style=\"width: 38.3893%;\" width=\"208\">\n<p style=\"text-align: center;\"><strong>SORTIDES<\/strong><\/p>\n<\/td>\n<td style=\"width: 65.1479%;\" width=\"276\">\n<p style=\"text-align: center;\"><strong>ACTIVITATS<\/strong><\/p>\n<\/td>\n<\/tr>\n<tr>\n<td style=\"width: 15.8895%;\" rowspan=\"5\" width=\"92\"><strong>4t, 5\u00e8 i 6\u00e8<\/strong><\/td>\n<td style=\"width: 38.3893%;\" width=\"208\">Ludoteca<\/td>\n<td style=\"width: 65.1479%;\" width=\"276\">Jocs del m\u00f3n<\/td>\n<\/tr>\n<tr>\n<td style=\"width: 38.3893%;\" width=\"208\">Teatre Ateneu<\/td>\n<td style=\"width: 65.1479%;\" width=\"276\">Tallers de diversitat<\/td>\n<\/tr>\n<tr>\n<td style=\"width: 38.3893%;\" width=\"208\">Mostra de teatre<\/td>\n<td style=\"width: 65.1479%;\" width=\"276\">Teatre en angl\u00e8s a l\u2019escola<\/td>\n<\/tr>\n<tr>\n<td style=\"width: 38.3893%;\" width=\"208\">Anem a la platja<\/td>\n<td style=\"width: 65.1479%;\" width=\"276\">Exposici\u00f3 M\u00f3n \u00e0rab<\/td>\n<\/tr>\n<tr>\n<td style=\"width: 38.3893%;\" width=\"208\">Sortida d\u2019entorn dijous llarder<\/td>\n<td style=\"width: 65.1479%;\" width=\"276\"><\/td>\n<\/tr>\n<tr>\n<td style=\"width: 15.8895%;\" rowspan=\"3\" width=\"92\"><strong>4t<\/strong><\/td>\n<td style=\"width: 38.3893%;\" width=\"208\">Zoo de Barcelona<\/td>\n<td style=\"width: 65.1479%;\" width=\"276\"><\/td>\n<\/tr>\n<tr>\n<td style=\"width: 38.3893%;\" width=\"208\">Museu de la pell d\u2019igualada<\/td>\n<td style=\"width: 65.1479%;\" width=\"276\">Cantata<\/td>\n<\/tr>\n<tr>\n<td style=\"width: 38.3893%;\" width=\"208\">Museu mar\u00edtim de Barcelona<\/td>\n<td style=\"width: 65.1479%;\" width=\"276\"><\/td>\n<\/tr>\n<tr>\n<td style=\"width: 15.8895%;\" rowspan=\"4\" width=\"92\"><strong>5\u00e8<\/strong><\/td>\n<td style=\"width: 38.3893%;\" width=\"208\">Visita Biblioteca central<\/td>\n<td style=\"width: 65.1479%;\" width=\"276\">Xerrada internet segura (mossos)<\/td>\n<\/tr>\n<tr>\n<td style=\"width: 38.3893%;\" width=\"208\">Col\u00f2nia de Can Vidal<\/td>\n<td style=\"width: 65.1479%;\" width=\"276\">Xerrada empatia i bulling<\/td>\n<\/tr>\n<tr>\n<td style=\"width: 38.3893%;\" width=\"208\"><\/td>\n<td style=\"width: 65.1479%;\" width=\"276\">Taller de dansa<\/td>\n<\/tr>\n<tr>\n<td style=\"width: 38.3893%;\" width=\"208\"><\/td>\n<td style=\"width: 65.1479%;\" width=\"276\">Visita de l&#8217;autor Oriol Canosa<\/td>\n<\/tr>\n<tr>\n<td style=\"width: 15.8895%;\" rowspan=\"4\" width=\"92\"><strong>6\u00e8<\/strong><\/td>\n<td style=\"width: 38.3893%;\" width=\"208\">Museu d\u2019Hist\u00f2ria de Catalunya<\/td>\n<td style=\"width: 65.1479%;\" width=\"276\">Xerrada empatia i bulling<\/td>\n<\/tr>\n<tr>\n<td style=\"width: 38.3893%;\" width=\"208\">Els Esgavellats<\/td>\n<td style=\"width: 65.1479%;\" width=\"276\">Xerrada recollida roba-contenidors<\/td>\n<\/tr>\n<tr>\n<td style=\"width: 38.3893%;\" width=\"208\">Caixa F\u00f2rum: Magritte i llocs moderns<\/td>\n<td style=\"width: 65.1479%;\" width=\"276\">Xerrada Dona cient\u00edfica<\/td>\n<\/tr>\n<tr>\n<td style=\"width: 38.3893%;\" width=\"208\">Sortida final de curs<\/td>\n<td style=\"width: 65.1479%;\" width=\"276\"><\/td>\n<\/tr>\n<\/tbody>\n<\/table>\n<p>2 de les sortides de cada nivell s\u00f3n activitats finan\u00e7ades pel Ministeri d\u2019Educaci\u00f3 i Formaci\u00f3 Professional dins el pla de millora d&#8217;oportunitats educatives PMOE PROA+.<\/p>\n<p>\u00abel programa de cooperaci\u00f3 territorial per a l\u2019orientaci\u00f3, aven\u00e7 i enriquiment educatiu en centres d\u2019especial complexitat educativa del curs 2021-2022: #PROA+ 2021-2022 finan\u00e7at pel Ministerio de Educaci\u00f3n i Formaci\u00f3n Profesional i pel Departament d\u2019Educaci\u00f3 de la Generalitat de Catalunya\u00bb<\/p>\n<p><img loading=\"lazy\" decoding=\"async\" class=\"alignleft wp-image-7371\" src=\"https:\/\/agora.xtec.cat\/ceip-gabriel-castella\/wp-content\/uploads\/usu2108\/2022\/07\/logo-pmoe-300x120.png\" alt=\"\" width=\"210\" height=\"84\" srcset=\"https:\/\/agora.xtec.cat\/ceip-gabriel-castella\/wp-content\/uploads\/usu2108\/2022\/07\/logo-pmoe-300x120.png 300w, https:\/\/agora.xtec.cat\/ceip-gabriel-castella\/wp-content\/uploads\/usu2108\/2022\/07\/logo-pmoe.png 354w\" sizes=\"auto, (max-width: 210px) 100vw, 210px\" \/> <img loading=\"lazy\" decoding=\"async\" class=\"alignleft wp-image-7372\" src=\"https:\/\/agora.xtec.cat\/ceip-gabriel-castella\/wp-content\/uploads\/usu2108\/2022\/07\/logo-minitserio-1024x256.png\" alt=\"\" width=\"296\" height=\"74\" srcset=\"https:\/\/agora.xtec.cat\/ceip-gabriel-castella\/wp-content\/uploads\/usu2108\/2022\/07\/logo-minitserio-1024x256.png 1024w, https:\/\/agora.xtec.cat\/ceip-gabriel-castella\/wp-content\/uploads\/usu2108\/2022\/07\/logo-minitserio-300x75.png 300w, https:\/\/agora.xtec.cat\/ceip-gabriel-castella\/wp-content\/uploads\/usu2108\/2022\/07\/logo-minitserio-768x192.png 768w, https:\/\/agora.xtec.cat\/ceip-gabriel-castella\/wp-content\/uploads\/usu2108\/2022\/07\/logo-minitserio.png 1200w\" sizes=\"auto, (max-width: 296px) 100vw, 296px\" \/> <img loading=\"lazy\" decoding=\"async\" class=\"alignleft wp-image-7373\" src=\"https:\/\/agora.xtec.cat\/ceip-gabriel-castella\/wp-content\/uploads\/usu2108\/2022\/07\/logo-educacio_h3.jpg\" alt=\"\" width=\"261\" height=\"60\" srcset=\"https:\/\/agora.xtec.cat\/ceip-gabriel-castella\/wp-content\/uploads\/usu2108\/2022\/07\/logo-educacio_h3.jpg 461w, https:\/\/agora.xtec.cat\/ceip-gabriel-castella\/wp-content\/uploads\/usu2108\/2022\/07\/logo-educacio_h3-300x69.jpg 300w\" sizes=\"auto, (max-width: 261px) 100vw, 261px\" \/><\/p>\n","protected":false},"excerpt":{"rendered":"<p>&nbsp; PETITS SORTIDES Geganta, \u00c0ligues i Dracs Ludoteca Sant Miquel i barri Montserrat Sortides d\u2019entorn setmanals Visita Mercat de la Masuca Sortida a la granja Les Pedreres (Sant Fruit\u00f3s del Bages) Teatres a l\u2019Ateneu Visites al Centre de dia Montserrat Sortida matinal a Can Tit\u00f3 Dracs Teatre\u00a0 en angl\u00e8s a l\u2019escola Visita a la Biblioteca [&hellip;]<\/p>\n","protected":false},"author":1,"featured_media":0,"parent":66,"menu_order":40,"comment_status":"closed","ping_status":"closed","template":"page-templates\/side-menu.php","meta":{"_bbp_topic_count":0,"_bbp_reply_count":0,"_bbp_total_topic_count":0,"_bbp_total_reply_count":0,"_bbp_voice_count":0,"_bbp_anonymous_reply_count":0,"_bbp_topic_count_hidden":0,"_bbp_reply_count_hidden":0,"_bbp_forum_subforum_count":0,"site-sidebar-layout":"default","site-content-layout":"","ast-site-content-layout":"","site-content-style":"default","site-sidebar-style":"default","ast-global-header-display":"","ast-banner-title-visibility":"","ast-main-header-display":"","ast-hfb-above-header-display":"","ast-hfb-below-header-display":"","ast-hfb-mobile-header-display":"","site-post-title":"","ast-breadcrumbs-content":"","ast-featured-img":"","footer-sml-layout":"","theme-transparent-header-meta":"","adv-header-id-meta":"","stick-header-meta":"","header-above-stick-meta":"","header-main-stick-meta":"","header-below-stick-meta":"","astra-migrate-meta-layouts":"default","ast-page-background-enabled":"default","ast-page-background-meta":{"desktop":{"background-color":"var(--ast-global-color-4)","background-image":"","background-repeat":"repeat","background-position":"center center","background-size":"auto","background-attachment":"scroll","background-type":"","background-media":"","overlay-type":"","overlay-color":"","overlay-opacity":"","overlay-gradient":""},"tablet":{"background-color":"","background-image":"","background-repeat":"repeat","background-position":"center center","background-size":"auto","background-attachment":"scroll","background-type":"","background-media":"","overlay-type":"","overlay-color":"","overlay-opacity":"","overlay-gradient":""},"mobile":{"background-color":"","background-image":"","background-repeat":"repeat","background-position":"center center","background-size":"auto","background-attachment":"scroll","background-type":"","background-media":"","overlay-type":"","overlay-color":"","overlay-opacity":"","overlay-gradient":""}},"ast-content-background-meta":{"desktop":{"background-color":"var(--ast-global-color-5)","background-image":"","background-repeat":"repeat","background-position":"center center","background-size":"auto","background-attachment":"scroll","background-type":"","background-media":"","overlay-type":"","overlay-color":"","overlay-opacity":"","overlay-gradient":""},"tablet":{"background-color":"var(--ast-global-color-5)","background-image":"","background-repeat":"repeat","background-position":"center center","background-size":"auto","background-attachment":"scroll","background-type":"","background-media":"","overlay-type":"","overlay-color":"","overlay-opacity":"","overlay-gradient":""},"mobile":{"background-color":"var(--ast-global-color-5)","background-image":"","background-repeat":"repeat","background-position":"center center","background-size":"auto","background-attachment":"scroll","background-type":"","background-media":"","overlay-type":"","overlay-color":"","overlay-opacity":"","overlay-gradient":""}},"footnotes":""},"class_list":["post-80","page","type-page","status-publish","hentry"],"post_mailing_queue_ids":[],"_links":{"self":[{"href":"https:\/\/agora.xtec.cat\/ceip-gabriel-castella\/wp-json\/wp\/v2\/pages\/80","targetHints":{"allow":["GET"]}}],"collection":[{"href":"https:\/\/agora.xtec.cat\/ceip-gabriel-castella\/wp-json\/wp\/v2\/pages"}],"about":[{"href":"https:\/\/agora.xtec.cat\/ceip-gabriel-castella\/wp-json\/wp\/v2\/types\/page"}],"author":[{"embeddable":true,"href":"https:\/\/agora.xtec.cat\/ceip-gabriel-castella\/wp-json\/wp\/v2\/users\/1"}],"replies":[{"embeddable":true,"href":"https:\/\/agora.xtec.cat\/ceip-gabriel-castella\/wp-json\/wp\/v2\/comments?post=80"}],"version-history":[{"count":5,"href":"https:\/\/agora.xtec.cat\/ceip-gabriel-castella\/wp-json\/wp\/v2\/pages\/80\/revisions"}],"predecessor-version":[{"id":8791,"href":"https:\/\/agora.xtec.cat\/ceip-gabriel-castella\/wp-json\/wp\/v2\/pages\/80\/revisions\/8791"}],"up":[{"embeddable":true,"href":"https:\/\/agora.xtec.cat\/ceip-gabriel-castella\/wp-json\/wp\/v2\/pages\/66"}],"wp:attachment":[{"href":"https:\/\/agora.xtec.cat\/ceip-gabriel-castella\/wp-json\/wp\/v2\/media?parent=80"}],"curies":[{"name":"wp","href":"https:\/\/api.w.org\/{rel}","templated":true}]}}