{"id":7426,"date":"2022-10-20T16:05:00","date_gmt":"2022-10-20T14:05:00","guid":{"rendered":"https:\/\/agora.xtec.cat\/ceip-gabriel-castella\/?page_id=7426"},"modified":"2024-05-10T13:50:17","modified_gmt":"2024-05-10T11:50:17","slug":"diagnosi-dafo","status":"publish","type":"page","link":"https:\/\/agora.xtec.cat\/ceip-gabriel-castella\/estrategia-digital\/diagnosi-dafo\/","title":{"rendered":"Diagnosi &#8211; DAFO &#8211; Enquesta &#8211; Selfie &#8211; OBJECTIUS EDC"},"content":{"rendered":"<p>L&#8217;estrat\u00e8gia digital de centre tindr\u00e0<strong> 7 objectius<\/strong> a assolir al llarg del curs 22\/23 i 23\/24.<\/p>\n<p>Els objectius de l&#8217;escola s\u00f3n:<\/p>\n<table dir=\"ltr\" style=\"width: 95.4169%;\" border=\"1\" cellspacing=\"0\" cellpadding=\"0\">\n<colgroup>\n<col width=\"46\" \/>\n<col width=\"439\" \/><\/colgroup>\n<tbody>\n<tr>\n<td style=\"width: 9.44559%;\" data-sheets-value=\"{&quot;1&quot;:3,&quot;3&quot;:1}\">1<\/td>\n<td style=\"width: 151.951%;\" data-sheets-value=\"{&quot;1&quot;:2,&quot;2&quot;:&quot;Crear l\u2019estrat\u00e8gia digital de centre per definir una linia de centre en l\u2019\u00e0mbit digital.&quot;}\">Crear l\u2019estrat\u00e8gia digital de centre per definir una linia de centre en l\u2019\u00e0mbit digital.<\/td>\n<\/tr>\n<tr>\n<td style=\"width: 9.44559%;\" data-sheets-value=\"{&quot;1&quot;:3,&quot;3&quot;:2}\">2<\/td>\n<td style=\"width: 151.951%;\" data-sheets-value=\"{&quot;1&quot;:2,&quot;2&quot;:&quot;Millorar la compet\u00e8ncia digital de l'alumnat&quot;}\">Millorar la compet\u00e8ncia digital de l&#8217;alumnat<\/td>\n<\/tr>\n<tr>\n<td style=\"width: 9.44559%;\" data-sheets-value=\"{&quot;1&quot;:3,&quot;3&quot;:3}\">3<\/td>\n<td style=\"width: 151.951%;\" data-sheets-value=\"{&quot;1&quot;:2,&quot;2&quot;:&quot;Establir mecanismes de seguiment i avaluaci\u00f3 de la Compet\u00e8ncia digital de l'alumnat.&quot;}\">Establir mecanismes de seguiment i avaluaci\u00f3 de la Compet\u00e8ncia digital de l&#8217;alumnat.<\/td>\n<\/tr>\n<tr>\n<td style=\"width: 9.44559%;\" data-sheets-value=\"{&quot;1&quot;:3,&quot;3&quot;:4}\">4<\/td>\n<td style=\"width: 151.951%;\" data-sheets-value=\"{&quot;1&quot;:2,&quot;2&quot;:&quot;Millorar la compet\u00e8ncia digital del professorat (formaci\u00f3 permanent)&quot;}\">Millorar la compet\u00e8ncia digital del professorat (formaci\u00f3 permanent)<\/td>\n<\/tr>\n<tr>\n<td style=\"width: 9.44559%;\" data-sheets-value=\"{&quot;1&quot;:3,&quot;3&quot;:5}\">5<\/td>\n<td style=\"width: 151.951%;\" data-sheets-value=\"{&quot;1&quot;:2,&quot;2&quot;:&quot;Establir la pres\u00e8ncia del centre a Internet (portal web del centre, plataforma virtual, xarxes socials...), per tal de definir la identitat digital del centre i la seva difusi\u00f3. Definir el pla de comunicaci\u00f3 de centre&quot;}\">Establir la pres\u00e8ncia del centre a Internet (portal web del centre, plataforma virtual, xarxes socials&#8230;), per tal de definir la identitat digital del centre i la seva difusi\u00f3. Definir el pla de comunicaci\u00f3 de centre<\/td>\n<\/tr>\n<tr>\n<td style=\"width: 9.44559%;\" data-sheets-value=\"{&quot;1&quot;:3,&quot;3&quot;:6}\">6<\/td>\n<td style=\"width: 151.951%;\" data-sheets-value=\"{&quot;1&quot;:2,&quot;2&quot;:&quot;Implementar el desplegament de la dotaci\u00f3 de rob\u00f2tica al llarg de l'etapa per tal de millorar el pensament computacional de l'alumnat.&quot;}\">Implementar el desplegament de la dotaci\u00f3 de rob\u00f2tica al llarg de l&#8217;etapa per tal de millorar el pensament computacional de l&#8217;alumnat.<\/td>\n<\/tr>\n<tr>\n<td style=\"width: 9.44559%;\" data-sheets-value=\"{&quot;1&quot;:3,&quot;3&quot;:7}\">7<\/td>\n<td style=\"width: 151.951%;\" data-sheets-value=\"{&quot;1&quot;:2,&quot;2&quot;:&quot;Crear un protocol d'acollida digital amb la finalitat d'informar dels diversos aspectes de l'EDC de centre. (Protocol acollida alumnat, fam\u00edlies i docents)&quot;}\">Crear un protocol d&#8217;acollida digital amb la finalitat d&#8217;informar dels diversos aspectes de l&#8217;EDC de centre. (Protocol acollida alumnat, fam\u00edlies i docents)<\/td>\n<\/tr>\n<\/tbody>\n<\/table>\n<p>S&#8217;han escollit a partir de l&#8217;an\u00e0lisi de les enquestes i eina Selfie i Selfie for teachers realitzada el mes de maig de 2022 i octubre 2023.<img loading=\"lazy\" decoding=\"async\" class=\"aligncenter wp-image-7430 size-full\" src=\"https:\/\/agora.xtec.cat\/ceip-gabriel-castella\/wp-content\/uploads\/usu2108\/2022\/10\/Buidat-enquesta-families-SELFIE-i-SELFIE-FOR-TEACHERS-imatge.jpg\" alt=\"\" width=\"584\" height=\"826\" srcset=\"https:\/\/agora.xtec.cat\/ceip-gabriel-castella\/wp-content\/uploads\/usu2108\/2022\/10\/Buidat-enquesta-families-SELFIE-i-SELFIE-FOR-TEACHERS-imatge.jpg 584w, https:\/\/agora.xtec.cat\/ceip-gabriel-castella\/wp-content\/uploads\/usu2108\/2022\/10\/Buidat-enquesta-families-SELFIE-i-SELFIE-FOR-TEACHERS-imatge-212x300.jpg 212w\" sizes=\"auto, (max-width: 584px) 100vw, 584px\" \/><\/p>\n<p><img loading=\"lazy\" decoding=\"async\" class=\"alignleft size-full wp-image-7431\" src=\"https:\/\/agora.xtec.cat\/ceip-gabriel-castella\/wp-content\/uploads\/usu2108\/2022\/10\/alumnes.jpg\" alt=\"\" width=\"460\" height=\"407\" srcset=\"https:\/\/agora.xtec.cat\/ceip-gabriel-castella\/wp-content\/uploads\/usu2108\/2022\/10\/alumnes.jpg 460w, https:\/\/agora.xtec.cat\/ceip-gabriel-castella\/wp-content\/uploads\/usu2108\/2022\/10\/alumnes-300x265.jpg 300w\" sizes=\"auto, (max-width: 460px) 100vw, 460px\" \/> <img loading=\"lazy\" decoding=\"async\" class=\"alignleft size-full wp-image-7432\" src=\"https:\/\/agora.xtec.cat\/ceip-gabriel-castella\/wp-content\/uploads\/usu2108\/2022\/10\/mestres.jpg\" alt=\"\" width=\"410\" height=\"392\" srcset=\"https:\/\/agora.xtec.cat\/ceip-gabriel-castella\/wp-content\/uploads\/usu2108\/2022\/10\/mestres.jpg 410w, https:\/\/agora.xtec.cat\/ceip-gabriel-castella\/wp-content\/uploads\/usu2108\/2022\/10\/mestres-300x287.jpg 300w\" sizes=\"auto, (max-width: 410px) 100vw, 410px\" \/> <img loading=\"lazy\" decoding=\"async\" class=\"alignleft size-full wp-image-7433\" src=\"https:\/\/agora.xtec.cat\/ceip-gabriel-castella\/wp-content\/uploads\/usu2108\/2022\/10\/ed-.jpg\" alt=\"\" width=\"416\" height=\"385\" srcset=\"https:\/\/agora.xtec.cat\/ceip-gabriel-castella\/wp-content\/uploads\/usu2108\/2022\/10\/ed-.jpg 416w, https:\/\/agora.xtec.cat\/ceip-gabriel-castella\/wp-content\/uploads\/usu2108\/2022\/10\/ed--300x278.jpg 300w\" sizes=\"auto, (max-width: 416px) 100vw, 416px\" \/><\/p>\n<p>&nbsp;<\/p>\n<p>&nbsp;<\/p>\n<p>A<\/p>\n<p>&nbsp;<\/p>\n<p>&nbsp;<\/p>\n<p>&nbsp;<\/p>\n<p>&nbsp;<\/p>\n","protected":false},"excerpt":{"rendered":"<p>L&#8217;estrat\u00e8gia digital de centre tindr\u00e0 7 objectius a assolir al llarg del curs 22\/23 i 23\/24. Els objectius de l&#8217;escola s\u00f3n: 1 Crear l\u2019estrat\u00e8gia digital de centre per definir una linia de centre en l\u2019\u00e0mbit digital. 2 Millorar la compet\u00e8ncia digital de l&#8217;alumnat 3 Establir mecanismes de seguiment i avaluaci\u00f3 de la Compet\u00e8ncia digital de [&hellip;]<\/p>\n","protected":false},"author":5,"featured_media":0,"parent":8182,"menu_order":3,"comment_status":"closed","ping_status":"closed","template":"page-templates\/side-menu.php","meta":{"_bbp_topic_count":0,"_bbp_reply_count":0,"_bbp_total_topic_count":0,"_bbp_total_reply_count":0,"_bbp_voice_count":0,"_bbp_anonymous_reply_count":0,"_bbp_topic_count_hidden":0,"_bbp_reply_count_hidden":0,"_bbp_forum_subforum_count":0,"site-sidebar-layout":"default","site-content-layout":"","ast-site-content-layout":"","site-content-style":"default","site-sidebar-style":"default","ast-global-header-display":"","ast-banner-title-visibility":"","ast-main-header-display":"","ast-hfb-above-header-display":"","ast-hfb-below-header-display":"","ast-hfb-mobile-header-display":"","site-post-title":"","ast-breadcrumbs-content":"","ast-featured-img":"","footer-sml-layout":"","theme-transparent-header-meta":"","adv-header-id-meta":"","stick-header-meta":"","header-above-stick-meta":"","header-main-stick-meta":"","header-below-stick-meta":"","astra-migrate-meta-layouts":"default","ast-page-background-enabled":"default","ast-page-background-meta":{"desktop":{"background-color":"var(--ast-global-color-4)","background-image":"","background-repeat":"repeat","background-position":"center center","background-size":"auto","background-attachment":"scroll","background-type":"","background-media":"","overlay-type":"","overlay-color":"","overlay-opacity":"","overlay-gradient":""},"tablet":{"background-color":"","background-image":"","background-repeat":"repeat","background-position":"center center","background-size":"auto","background-attachment":"scroll","background-type":"","background-media":"","overlay-type":"","overlay-color":"","overlay-opacity":"","overlay-gradient":""},"mobile":{"background-color":"","background-image":"","background-repeat":"repeat","background-position":"center center","background-size":"auto","background-attachment":"scroll","background-type":"","background-media":"","overlay-type":"","overlay-color":"","overlay-opacity":"","overlay-gradient":""}},"ast-content-background-meta":{"desktop":{"background-color":"var(--ast-global-color-5)","background-image":"","background-repeat":"repeat","background-position":"center center","background-size":"auto","background-attachment":"scroll","background-type":"","background-media":"","overlay-type":"","overlay-color":"","overlay-opacity":"","overlay-gradient":""},"tablet":{"background-color":"var(--ast-global-color-5)","background-image":"","background-repeat":"repeat","background-position":"center center","background-size":"auto","background-attachment":"scroll","background-type":"","background-media":"","overlay-type":"","overlay-color":"","overlay-opacity":"","overlay-gradient":""},"mobile":{"background-color":"var(--ast-global-color-5)","background-image":"","background-repeat":"repeat","background-position":"center center","background-size":"auto","background-attachment":"scroll","background-type":"","background-media":"","overlay-type":"","overlay-color":"","overlay-opacity":"","overlay-gradient":""}},"footnotes":""},"class_list":["post-7426","page","type-page","status-publish","hentry"],"post_mailing_queue_ids":[],"_links":{"self":[{"href":"https:\/\/agora.xtec.cat\/ceip-gabriel-castella\/wp-json\/wp\/v2\/pages\/7426","targetHints":{"allow":["GET"]}}],"collection":[{"href":"https:\/\/agora.xtec.cat\/ceip-gabriel-castella\/wp-json\/wp\/v2\/pages"}],"about":[{"href":"https:\/\/agora.xtec.cat\/ceip-gabriel-castella\/wp-json\/wp\/v2\/types\/page"}],"author":[{"embeddable":true,"href":"https:\/\/agora.xtec.cat\/ceip-gabriel-castella\/wp-json\/wp\/v2\/users\/5"}],"replies":[{"embeddable":true,"href":"https:\/\/agora.xtec.cat\/ceip-gabriel-castella\/wp-json\/wp\/v2\/comments?post=7426"}],"version-history":[{"count":3,"href":"https:\/\/agora.xtec.cat\/ceip-gabriel-castella\/wp-json\/wp\/v2\/pages\/7426\/revisions"}],"predecessor-version":[{"id":7678,"href":"https:\/\/agora.xtec.cat\/ceip-gabriel-castella\/wp-json\/wp\/v2\/pages\/7426\/revisions\/7678"}],"up":[{"embeddable":true,"href":"https:\/\/agora.xtec.cat\/ceip-gabriel-castella\/wp-json\/wp\/v2\/pages\/8182"}],"wp:attachment":[{"href":"https:\/\/agora.xtec.cat\/ceip-gabriel-castella\/wp-json\/wp\/v2\/media?parent=7426"}],"curies":[{"name":"wp","href":"https:\/\/api.w.org\/{rel}","templated":true}]}}