{"id":556,"date":"2022-02-01T18:30:36","date_gmt":"2022-02-01T17:30:36","guid":{"rendered":"https:\/\/agora.xtec.cat\/ceip-gabriel-castella\/?page_id=556"},"modified":"2025-12-18T13:45:59","modified_gmt":"2025-12-18T12:45:59","slug":"pla-educatiu-dentorn","status":"publish","type":"page","link":"https:\/\/agora.xtec.cat\/ceip-gabriel-castella\/lescola\/pla-educatiu-dentorn\/","title":{"rendered":"Pla Educatiu d\u2019entorn"},"content":{"rendered":"\n<p>L&#8217;any 2006 es va formalitzar la signatura entre el Departament d\u2019Educaci\u00f3 de la Generalitat de Catalunya i l\u2019Ajuntament d\u2019Igualada, del conveni de col\u00b7laboraci\u00f3 per al Pla Educatiu d\u2019Entorn. <\/p>\n\n\n\n<p>Mitjan\u00e7ant aquest conveni s\u2019estableixen els termes de col\u00b7laboraci\u00f3 entre aquests dues administracions en mat\u00e8ria de llengua, interculturalitat i cohesi\u00f3 social a trav\u00e9s del PEE.<\/p>\n\n\n\n<p>Els objectius generals d\u2019aquest Pla s\u00f3n:<\/p>\n\n\n\n<ul class=\"wp-block-list\">\n<li>Incrementar l\u2019\u00e8xit escolar, reduint desigualtats entre col\u00b7lectius.<\/li>\n\n\n\n<li>Enfortir xarxes educatives.<\/li>\n\n\n\n<li>Enfortir la participaci\u00f3 en activitats de lleure, reduint desigualtats entre col\u00b7lectius.<\/li>\n\n\n\n<li>Enfortir els vincles entre les fam\u00edlies, l\u2019escola i l\u2019entorn.<\/li>\n\n\n\n<li>Millorar la pres\u00e8ncia i l\u2019\u00fas social de la llengua catalana.<\/li>\n<\/ul>\n\n\n\n<p><\/p>\n\n\n\n<p class=\"has-text-align-left has-ast-global-color-0-color has-text-color has-link-color has-large-font-size wp-elements-4e531a0a4500329aa0bde49795d158e5\"><strong>Piscina<\/strong><\/p>\n\n\n\n<figure class=\"wp-block-image alignright size-full is-resized\"><a href=\"https:\/\/agora.xtec.cat\/ceip-gabriel-castella\/wp-content\/uploads\/usu2108\/2025\/12\/WhatsApp-Image-2025-12-18-at-13.28.50.jpeg\"><img loading=\"lazy\" decoding=\"async\" width=\"540\" height=\"280\" src=\"https:\/\/agora.xtec.cat\/ceip-gabriel-castella\/wp-content\/uploads\/usu2108\/2025\/12\/WhatsApp-Image-2025-12-18-at-13.28.50.jpeg\" alt=\"\" class=\"wp-image-9621\" style=\"width:383px;height:auto\" srcset=\"https:\/\/agora.xtec.cat\/ceip-gabriel-castella\/wp-content\/uploads\/usu2108\/2025\/12\/WhatsApp-Image-2025-12-18-at-13.28.50.jpeg 540w, https:\/\/agora.xtec.cat\/ceip-gabriel-castella\/wp-content\/uploads\/usu2108\/2025\/12\/WhatsApp-Image-2025-12-18-at-13.28.50-300x156.jpeg 300w\" sizes=\"auto, (max-width: 540px) 100vw, 540px\" \/><\/a><\/figure>\n\n\n\n<p class=\"Estilo2\">Els infants de 1r, 2n, 3r i 4t, dins de l&#8217;assignatura d&#8217;Educaci\u00f3 F\u00edsica van un dia a la setmana a la piscina municipal de les Comes, amb l\u2019objectiu de que al llarg d\u2019aquests quatre anys els alumnes aprenguin a nedar.<\/p>\n\n\n\n<p class=\"Estilo2\">L\u2019AMPA de l\u2019escola ofereix de forma gratu\u00efta el casquet i la bossa per la roba de recanvi el primer any de l\u2019activitat.<\/p>\n\n\n\n<p>L&#8217;alumnat de 6\u00e8, tamb\u00e9 gaudeix d&#8217;un recordatori de piscina durant el mes de juny. <\/p>\n\n\n\n<p class=\"has-text-align-left has-ast-global-color-0-color has-text-color has-link-color has-large-font-size wp-elements-c26e46a7a8f13025147f3d21d5521476\"><strong>Entre cordes<\/strong><\/p>\n\n\n\n<figure class=\"wp-block-image alignleft size-large is-resized\"><a href=\"https:\/\/agora.xtec.cat\/ceip-gabriel-castella\/wp-content\/uploads\/usu2108\/2025\/12\/DSC1224.jpg\"><img loading=\"lazy\" decoding=\"async\" width=\"1024\" height=\"1024\" src=\"https:\/\/agora.xtec.cat\/ceip-gabriel-castella\/wp-content\/uploads\/usu2108\/2025\/12\/DSC1224-1024x1024.jpg\" alt=\"\" class=\"wp-image-9620\" style=\"width:249px;height:auto\" srcset=\"https:\/\/agora.xtec.cat\/ceip-gabriel-castella\/wp-content\/uploads\/usu2108\/2025\/12\/DSC1224-1024x1024.jpg 1024w, https:\/\/agora.xtec.cat\/ceip-gabriel-castella\/wp-content\/uploads\/usu2108\/2025\/12\/DSC1224-300x300.jpg 300w, https:\/\/agora.xtec.cat\/ceip-gabriel-castella\/wp-content\/uploads\/usu2108\/2025\/12\/DSC1224-150x150.jpg 150w, https:\/\/agora.xtec.cat\/ceip-gabriel-castella\/wp-content\/uploads\/usu2108\/2025\/12\/DSC1224-768x768.jpg 768w, https:\/\/agora.xtec.cat\/ceip-gabriel-castella\/wp-content\/uploads\/usu2108\/2025\/12\/DSC1224.jpg 1080w\" sizes=\"auto, (max-width: 1024px) 100vw, 1024px\" \/><\/a><\/figure>\n\n\n\n<p>El curs 2009 &#8211; 2010 s&#8217;inicia el projecte amb l&#8217;objectiu d&#8217;oferir oportunitats d&#8217;aprenentatge instrumental als nens i nenes de l&#8217;Escola i incidir significativament en el seu aprenentatge i augment de la seva motivaci\u00f3 i autoestima. <\/p>\n\n\n\n<figure class=\"wp-block-image alignright size-full is-resized\"><a href=\"https:\/\/agora.xtec.cat\/ceip-gabriel-castella\/wp-content\/uploads\/usu2108\/2025\/12\/image-1.png\"><img loading=\"lazy\" decoding=\"async\" width=\"225\" height=\"225\" src=\"https:\/\/agora.xtec.cat\/ceip-gabriel-castella\/wp-content\/uploads\/usu2108\/2025\/12\/image-1.png\" alt=\"\" class=\"wp-image-9624\" style=\"width:74px;height:auto\" srcset=\"https:\/\/agora.xtec.cat\/ceip-gabriel-castella\/wp-content\/uploads\/usu2108\/2025\/12\/image-1.png 225w, https:\/\/agora.xtec.cat\/ceip-gabriel-castella\/wp-content\/uploads\/usu2108\/2025\/12\/image-1-150x150.png 150w\" sizes=\"auto, (max-width: 225px) 100vw, 225px\" \/><\/a><\/figure>\n\n\n\n<p>L\u2019Escola t\u00e9 un conveni amb l\u2019<a href=\"https:\/\/www.ecmmigualada.cat\/\">Escola Municipal de M\u00fasica<\/a>\u00a0d\u2019Igualada per a poder oferir a tots els alumnes de 3r a 6\u00e8 de Prim\u00e0ria dues sessions de mitja hora de viol\u00ed i violoncel a la setmana.<\/p>\n\n\n\n<p>El projecte tamb\u00e9 pret\u00e9n que l&#8217;activitat de pr\u00e0ctica instrumental esdevingui un tret caracter\u00edstic del Projecte Educatiu de l&#8217;Escola Gabriel Castell\u00e0. \u00a0<\/p>\n\n\n\n<p class=\"has-text-align-left has-ast-global-color-0-color has-text-color has-link-color has-large-font-size wp-elements-95953790de08014911cbfc44b7b5b265\"><strong>Extraescolars<\/strong><\/p>\n\n\n\n<figure class=\"wp-block-image alignleft size-full is-resized\"><a href=\"https:\/\/agora.xtec.cat\/ceip-gabriel-castella\/wp-content\/uploads\/usu2108\/2025\/12\/image-2.png\"><img loading=\"lazy\" decoding=\"async\" width=\"345\" height=\"213\" src=\"https:\/\/agora.xtec.cat\/ceip-gabriel-castella\/wp-content\/uploads\/usu2108\/2025\/12\/image-2.png\" alt=\"\" class=\"wp-image-9627\" style=\"width:283px;height:auto\" srcset=\"https:\/\/agora.xtec.cat\/ceip-gabriel-castella\/wp-content\/uploads\/usu2108\/2025\/12\/image-2.png 345w, https:\/\/agora.xtec.cat\/ceip-gabriel-castella\/wp-content\/uploads\/usu2108\/2025\/12\/image-2-300x185.png 300w\" sizes=\"auto, (max-width: 345px) 100vw, 345px\" \/><\/a><\/figure>\n\n\n\n<p>A la nostra escola apostem per oferir als infants oportunitats d\u2019aprenentatge m\u00e9s enll\u00e0 de l\u2019horari lectiu. Per aquest motiu, comptem amb la col\u00b7laboraci\u00f3 de la\u00a0<a href=\"https:\/\/atlasfundacio.org\/\">Fundaci\u00f3 Atlas<\/a>\u00a0especialitzada en projectes educatius i de lleure, que \u00e9s l\u2019encarregada de coordinar i gestionar totes les activitats extraescolars.<\/p>\n\n\n\n<p>La fundaci\u00f3 Atlas aporta un equip de professionals amb experi\u00e8ncia en l\u2019\u00e0mbit pedag\u00f2gic i socioeducatiu, garantint propostes de qualitat adaptades a les diferents edats i interessos de l\u2019alumnat. L\u2019objectiu \u00e9s complementar l\u2019educaci\u00f3 formal amb espais l\u00fadics, creatius i esportius que fomentin l\u2019autonomia, la conviv\u00e8ncia i el desenvolupament personal.<\/p>\n\n\n\n<p>Les activitats es realitzen a les instal\u00b7lacions de l\u2019escola i s\u2019organitzen en horari tarda i tamb\u00e9 s\u2019ofereix acollida matinal .<\/p>\n","protected":false},"excerpt":{"rendered":"<p>L&#8217;any 2006 es va formalitzar la signatura entre el Departament d\u2019Educaci\u00f3 de la Generalitat de Catalunya i l\u2019Ajuntament d\u2019Igualada, del conveni de col\u00b7laboraci\u00f3 per al Pla Educatiu d\u2019Entorn. Mitjan\u00e7ant aquest conveni s\u2019estableixen els termes de col\u00b7laboraci\u00f3 entre aquests dues administracions en mat\u00e8ria de llengua, interculturalitat i cohesi\u00f3 social a trav\u00e9s del PEE. Els objectius generals [&hellip;]<\/p>\n","protected":false},"author":3,"featured_media":0,"parent":22,"menu_order":7,"comment_status":"closed","ping_status":"closed","template":"","meta":{"_bbp_topic_count":0,"_bbp_reply_count":0,"_bbp_total_topic_count":0,"_bbp_total_reply_count":0,"_bbp_voice_count":0,"_bbp_anonymous_reply_count":0,"_bbp_topic_count_hidden":0,"_bbp_reply_count_hidden":0,"_bbp_forum_subforum_count":0,"site-sidebar-layout":"default","site-content-layout":"","ast-site-content-layout":"default","site-content-style":"default","site-sidebar-style":"default","ast-global-header-display":"","ast-banner-title-visibility":"","ast-main-header-display":"","ast-hfb-above-header-display":"","ast-hfb-below-header-display":"","ast-hfb-mobile-header-display":"","site-post-title":"","ast-breadcrumbs-content":"","ast-featured-img":"","footer-sml-layout":"","theme-transparent-header-meta":"","adv-header-id-meta":"","stick-header-meta":"","header-above-stick-meta":"","header-main-stick-meta":"","header-below-stick-meta":"","astra-migrate-meta-layouts":"set","ast-page-background-enabled":"default","ast-page-background-meta":{"desktop":{"background-color":"var(--ast-global-color-4)","background-image":"","background-repeat":"repeat","background-position":"center center","background-size":"auto","background-attachment":"scroll","background-type":"","background-media":"","overlay-type":"","overlay-color":"","overlay-opacity":"","overlay-gradient":""},"tablet":{"background-color":"","background-image":"","background-repeat":"repeat","background-position":"center center","background-size":"auto","background-attachment":"scroll","background-type":"","background-media":"","overlay-type":"","overlay-color":"","overlay-opacity":"","overlay-gradient":""},"mobile":{"background-color":"","background-image":"","background-repeat":"repeat","background-position":"center center","background-size":"auto","background-attachment":"scroll","background-type":"","background-media":"","overlay-type":"","overlay-color":"","overlay-opacity":"","overlay-gradient":""}},"ast-content-background-meta":{"desktop":{"background-color":"var(--ast-global-color-5)","background-image":"","background-repeat":"repeat","background-position":"center center","background-size":"auto","background-attachment":"scroll","background-type":"","background-media":"","overlay-type":"","overlay-color":"","overlay-opacity":"","overlay-gradient":""},"tablet":{"background-color":"var(--ast-global-color-5)","background-image":"","background-repeat":"repeat","background-position":"center center","background-size":"auto","background-attachment":"scroll","background-type":"","background-media":"","overlay-type":"","overlay-color":"","overlay-opacity":"","overlay-gradient":""},"mobile":{"background-color":"var(--ast-global-color-5)","background-image":"","background-repeat":"repeat","background-position":"center center","background-size":"auto","background-attachment":"scroll","background-type":"","background-media":"","overlay-type":"","overlay-color":"","overlay-opacity":"","overlay-gradient":""}},"footnotes":""},"class_list":["post-556","page","type-page","status-publish","hentry"],"post_mailing_queue_ids":[],"_links":{"self":[{"href":"https:\/\/agora.xtec.cat\/ceip-gabriel-castella\/wp-json\/wp\/v2\/pages\/556","targetHints":{"allow":["GET"]}}],"collection":[{"href":"https:\/\/agora.xtec.cat\/ceip-gabriel-castella\/wp-json\/wp\/v2\/pages"}],"about":[{"href":"https:\/\/agora.xtec.cat\/ceip-gabriel-castella\/wp-json\/wp\/v2\/types\/page"}],"author":[{"embeddable":true,"href":"https:\/\/agora.xtec.cat\/ceip-gabriel-castella\/wp-json\/wp\/v2\/users\/3"}],"replies":[{"embeddable":true,"href":"https:\/\/agora.xtec.cat\/ceip-gabriel-castella\/wp-json\/wp\/v2\/comments?post=556"}],"version-history":[{"count":6,"href":"https:\/\/agora.xtec.cat\/ceip-gabriel-castella\/wp-json\/wp\/v2\/pages\/556\/revisions"}],"predecessor-version":[{"id":9628,"href":"https:\/\/agora.xtec.cat\/ceip-gabriel-castella\/wp-json\/wp\/v2\/pages\/556\/revisions\/9628"}],"up":[{"embeddable":true,"href":"https:\/\/agora.xtec.cat\/ceip-gabriel-castella\/wp-json\/wp\/v2\/pages\/22"}],"wp:attachment":[{"href":"https:\/\/agora.xtec.cat\/ceip-gabriel-castella\/wp-json\/wp\/v2\/media?parent=556"}],"curies":[{"name":"wp","href":"https:\/\/api.w.org\/{rel}","templated":true}]}}