{"id":540,"date":"2020-03-23T17:38:58","date_gmt":"2020-03-23T16:38:58","guid":{"rendered":"https:\/\/agora.xtec.cat\/ceip-gabriel-castella\/?page_id=540"},"modified":"2020-03-23T18:19:47","modified_gmt":"2020-03-23T17:19:47","slug":"apadrinament-lector","status":"publish","type":"page","link":"https:\/\/agora.xtec.cat\/ceip-gabriel-castella\/lescola\/apadrinament-lector\/","title":{"rendered":"Apadrinament lector"},"content":{"rendered":"<p>Aquesta activitat, iniciada el curs 2008-2009, consisteix en aparellar els alumnes de P5 i 6\u00e8 i 1r i 5\u00e8 un cop a la setmana al llarg de mitja hora.<\/p>\n<p>El seu objectiu \u00e9s estimular i fer descobrir el gust per la lectura, compartint uns bons moments a trav\u00e9s dels llibres.<\/p>\n<p>Aquestes parelles tamb\u00e9 es retroben en altres moments del curs com s\u00f3n: fer cagar el ti\u00f3, la festa de la primavera, Sant Jordi, cloenda a final de curs\u2026<\/p>\n<p>L\u2019experi\u00e8ncia comporta beneficis tant per l\u2019alumne gran com pel petit. Pel m\u00e9s petit t\u00e9 un model m\u00e9s pr\u00f2xim en edat, a m\u00e9s de tenir l\u2019oportunitat d\u2019aprendre a establir un vincle afectiu m\u00e9s intens i especial amb un nen m\u00e9s gran en edat. Pel m\u00e9s gran, augmenta la seva responsabilitat a partir de ser un model i apr\u00e8n a tractar el nen m\u00e9s petit des d\u2019una perspectiva que afavoreixi l\u2019autonomia i la independ\u00e8ncia del petit i no la sobreprotecci\u00f3.<\/p>\n<p><a href=\"https:\/\/agora.xtec.cat\/ceip-gabriel-castella\/wp-content\/uploads\/usu2108\/2020\/03\/apadrinament.jpg\"><img loading=\"lazy\" decoding=\"async\" class=\"size-full wp-image-553 aligncenter\" src=\"https:\/\/agora.xtec.cat\/ceip-gabriel-castella\/wp-content\/uploads\/usu2108\/2020\/03\/apadrinament.jpg\" alt=\"\" width=\"504\" height=\"378\" \/><\/a><\/p>\n","protected":false},"excerpt":{"rendered":"<p>Aquesta activitat, iniciada el curs 2008-2009, consisteix en aparellar els alumnes de P5 i 6\u00e8 i 1r i 5\u00e8 un cop a la setmana al llarg de mitja hora. El seu objectiu \u00e9s estimular i fer descobrir el gust per la lectura, compartint uns bons moments a trav\u00e9s dels llibres. Aquestes parelles tamb\u00e9 es retroben [&hellip;]<\/p>\n","protected":false},"author":3,"featured_media":0,"parent":22,"menu_order":0,"comment_status":"closed","ping_status":"closed","template":"page-templates\/side-menu.php","meta":{"_bbp_topic_count":0,"_bbp_reply_count":0,"_bbp_total_topic_count":0,"_bbp_total_reply_count":0,"_bbp_voice_count":0,"_bbp_anonymous_reply_count":0,"_bbp_topic_count_hidden":0,"_bbp_reply_count_hidden":0,"_bbp_forum_subforum_count":0,"site-sidebar-layout":"default","site-content-layout":"","ast-site-content-layout":"","site-content-style":"default","site-sidebar-style":"default","ast-global-header-display":"","ast-banner-title-visibility":"","ast-main-header-display":"","ast-hfb-above-header-display":"","ast-hfb-below-header-display":"","ast-hfb-mobile-header-display":"","site-post-title":"","ast-breadcrumbs-content":"","ast-featured-img":"","footer-sml-layout":"","theme-transparent-header-meta":"","adv-header-id-meta":"","stick-header-meta":"","header-above-stick-meta":"","header-main-stick-meta":"","header-below-stick-meta":"","astra-migrate-meta-layouts":"default","ast-page-background-enabled":"default","ast-page-background-meta":{"desktop":{"background-color":"var(--ast-global-color-4)","background-image":"","background-repeat":"repeat","background-position":"center center","background-size":"auto","background-attachment":"scroll","background-type":"","background-media":"","overlay-type":"","overlay-color":"","overlay-opacity":"","overlay-gradient":""},"tablet":{"background-color":"","background-image":"","background-repeat":"repeat","background-position":"center center","background-size":"auto","background-attachment":"scroll","background-type":"","background-media":"","overlay-type":"","overlay-color":"","overlay-opacity":"","overlay-gradient":""},"mobile":{"background-color":"","background-image":"","background-repeat":"repeat","background-position":"center center","background-size":"auto","background-attachment":"scroll","background-type":"","background-media":"","overlay-type":"","overlay-color":"","overlay-opacity":"","overlay-gradient":""}},"ast-content-background-meta":{"desktop":{"background-color":"var(--ast-global-color-5)","background-image":"","background-repeat":"repeat","background-position":"center center","background-size":"auto","background-attachment":"scroll","background-type":"","background-media":"","overlay-type":"","overlay-color":"","overlay-opacity":"","overlay-gradient":""},"tablet":{"background-color":"var(--ast-global-color-5)","background-image":"","background-repeat":"repeat","background-position":"center center","background-size":"auto","background-attachment":"scroll","background-type":"","background-media":"","overlay-type":"","overlay-color":"","overlay-opacity":"","overlay-gradient":""},"mobile":{"background-color":"var(--ast-global-color-5)","background-image":"","background-repeat":"repeat","background-position":"center center","background-size":"auto","background-attachment":"scroll","background-type":"","background-media":"","overlay-type":"","overlay-color":"","overlay-opacity":"","overlay-gradient":""}},"footnotes":""},"class_list":["post-540","page","type-page","status-publish","hentry"],"post_mailing_queue_ids":[],"_links":{"self":[{"href":"https:\/\/agora.xtec.cat\/ceip-gabriel-castella\/wp-json\/wp\/v2\/pages\/540","targetHints":{"allow":["GET"]}}],"collection":[{"href":"https:\/\/agora.xtec.cat\/ceip-gabriel-castella\/wp-json\/wp\/v2\/pages"}],"about":[{"href":"https:\/\/agora.xtec.cat\/ceip-gabriel-castella\/wp-json\/wp\/v2\/types\/page"}],"author":[{"embeddable":true,"href":"https:\/\/agora.xtec.cat\/ceip-gabriel-castella\/wp-json\/wp\/v2\/users\/3"}],"replies":[{"embeddable":true,"href":"https:\/\/agora.xtec.cat\/ceip-gabriel-castella\/wp-json\/wp\/v2\/comments?post=540"}],"version-history":[{"count":3,"href":"https:\/\/agora.xtec.cat\/ceip-gabriel-castella\/wp-json\/wp\/v2\/pages\/540\/revisions"}],"predecessor-version":[{"id":555,"href":"https:\/\/agora.xtec.cat\/ceip-gabriel-castella\/wp-json\/wp\/v2\/pages\/540\/revisions\/555"}],"up":[{"embeddable":true,"href":"https:\/\/agora.xtec.cat\/ceip-gabriel-castella\/wp-json\/wp\/v2\/pages\/22"}],"wp:attachment":[{"href":"https:\/\/agora.xtec.cat\/ceip-gabriel-castella\/wp-json\/wp\/v2\/media?parent=540"}],"curies":[{"name":"wp","href":"https:\/\/api.w.org\/{rel}","templated":true}]}}