{"id":529,"date":"2020-03-23T16:56:12","date_gmt":"2020-03-23T15:56:12","guid":{"rendered":"https:\/\/agora.xtec.cat\/ceip-gabriel-castella\/?page_id=529"},"modified":"2024-05-09T13:53:02","modified_gmt":"2024-05-09T11:53:02","slug":"missio-valors-descola","status":"publish","type":"page","link":"https:\/\/agora.xtec.cat\/ceip-gabriel-castella\/lescola\/missio-valors-descola\/","title":{"rendered":"Missi\u00f3, valors d&#8217;escola"},"content":{"rendered":"<p><strong>MISSI\u00d3<\/strong><\/p>\n<ul>\n<li>La missi\u00f3 de la nostra escola \u00e9s, a trav\u00e9s de les eines i els recursos necessaris, formar els nostres alumnes en bons ciutadans acompanyant a les fam\u00edlies.<\/li>\n<li>Eduquem en valors per fomentar la capacitat de treballar, transmetem coneixements i guiem en diferents aspectes de la vida di\u00e0ria a fam\u00edlies i alumnes.<\/li>\n<li>Aquesta formaci\u00f3 integral implica el treball conjunt amb la resta de institucions p\u00fabliques, educatives i administratives, per tal d\u2019aconseguir una societat coherent socialment implicada en els valors c\u00edvics.<\/li>\n<\/ul>\n<p><strong>VISI\u00d3<\/strong><\/p>\n<ul>\n<li>Volem que els nostres alumnes estiguin integrats a la societat i que siguin responsables, tolerants, competents i treballadors amb un bon rendiment acad\u00e8mic.<\/li>\n<li>Volem que el nostre equip docent sigui cohesionat i estable, amb idees innovadores.<\/li>\n<li>Volem que les nostres fam\u00edlies siguin participatives i que s\u2019impliquin en el dia a dia del centre, respectant les decisions del mestres i les mestres, amb una AMPA oberta i col\u00b7laboradora.<\/li>\n<li>Volem que al nostre entorn hi hagi un reconeixement de l\u2019esfor\u00e7 de l\u2019equip de mestres, que es tingui una bona imatge del centre i que ens vegin com a part integrada en aquest entorn.<\/li>\n<\/ul>\n<p><strong>VALORS<\/strong><\/p>\n<p>A l\u2019escola pretenem:<\/p>\n<ul>\n<li>Educar en la\u00a0<strong>diversitat i<\/strong>\u00a0<strong>pluralitat<\/strong>\u00a0tenint en compte la realitat de l\u2019escola que consisteix en un alumnat provinent de diferents cultures, nivells socioculturals i socioecon\u00f2mics i ideologies.<\/li>\n<li>Aconseguir\u00a0<strong>cohesi\u00f3 social\u00a0<\/strong>fent que aquestes difer\u00e8ncies no siguin un problema sin\u00f3 que afavoreixin l\u2019entesa entre tots els membres de la comunitat educativa exercitant la\u00a0<strong>toler\u00e0ncia i el respecte<\/strong>\u00a0cap a tots sense tenir en compte la religi\u00f3,<strong>\u00a0aconfessionalitat<\/strong>, ni el g\u00e8nere,\u00a0<strong>coeducaci\u00f3<\/strong>.<\/li>\n<li>Educar en la\u00a0<strong>responsabilitat i l\u2019esfor\u00e7\u00a0<\/strong>valorant el treball, l\u2019estudi i l\u2019afany d\u2019aprendre; essent conscients dels deures i obligacions tant l\u2019alumnat com el professorat, aconseguint els m\u00e0xims resultats per part dels alumnes alhora que es formen persones amb\u00a0<strong>sensibilitat<\/strong>\u00a0i educats emocionalment.<\/li>\n<li>Educar donant a con\u00e8ixer i fent viure les diferents tradicions per tal que alumnes que tenen un entorn sociocultural diferent al catal\u00e0 puguin\u00a0<strong>integrar-se a la cultura catalana,<\/strong>\u00a0utilitzant\u00a0<strong>el catal\u00e0 com a llengua vehicular<\/strong>.<\/li>\n<\/ul>\n<p>Tots aquests valors han de fer dels nostres alumnes uns ciutadans amb capacitat de conviure amb\u00a0<strong>democr\u00e0cia<\/strong>\u00a0tenint un sentiment de pertinen\u00e7a a la societat.<\/p>\n<p><em>Aix\u00ed doncs i com a s\u00edntesi, per mitj\u00e0 de tots aquests valors pretenem fomentar la relaci\u00f3 entre els diferents alumnes amb un esperit de col\u00b7laboraci\u00f3, la seva autonomia i iniciativa personal, la responsabilitat en el treball i la millora del nivell d\u2019atenci\u00f3 i de concentraci\u00f3, a fi d\u2019aconseguir ciutadans que siguin competents per resoldre les diferents situacions plantejades al llarg de la seva vida i on puguin conviure amb un m\u00ednim d\u2019ordre.<\/em><\/p>\n","protected":false},"excerpt":{"rendered":"<p>MISSI\u00d3 La missi\u00f3 de la nostra escola \u00e9s, a trav\u00e9s de les eines i els recursos necessaris, formar els nostres alumnes en bons ciutadans acompanyant a les fam\u00edlies. Eduquem en valors per fomentar la capacitat de treballar, transmetem coneixements i guiem en diferents aspectes de la vida di\u00e0ria a fam\u00edlies i alumnes. Aquesta formaci\u00f3 integral [&hellip;]<\/p>\n","protected":false},"author":3,"featured_media":0,"parent":22,"menu_order":5,"comment_status":"closed","ping_status":"closed","template":"page-templates\/side-menu.php","meta":{"_bbp_topic_count":0,"_bbp_reply_count":0,"_bbp_total_topic_count":0,"_bbp_total_reply_count":0,"_bbp_voice_count":0,"_bbp_anonymous_reply_count":0,"_bbp_topic_count_hidden":0,"_bbp_reply_count_hidden":0,"_bbp_forum_subforum_count":0,"site-sidebar-layout":"default","site-content-layout":"","ast-site-content-layout":"","site-content-style":"default","site-sidebar-style":"default","ast-global-header-display":"","ast-banner-title-visibility":"","ast-main-header-display":"","ast-hfb-above-header-display":"","ast-hfb-below-header-display":"","ast-hfb-mobile-header-display":"","site-post-title":"","ast-breadcrumbs-content":"","ast-featured-img":"","footer-sml-layout":"","theme-transparent-header-meta":"","adv-header-id-meta":"","stick-header-meta":"","header-above-stick-meta":"","header-main-stick-meta":"","header-below-stick-meta":"","astra-migrate-meta-layouts":"default","ast-page-background-enabled":"default","ast-page-background-meta":{"desktop":{"background-color":"var(--ast-global-color-4)","background-image":"","background-repeat":"repeat","background-position":"center center","background-size":"auto","background-attachment":"scroll","background-type":"","background-media":"","overlay-type":"","overlay-color":"","overlay-opacity":"","overlay-gradient":""},"tablet":{"background-color":"","background-image":"","background-repeat":"repeat","background-position":"center center","background-size":"auto","background-attachment":"scroll","background-type":"","background-media":"","overlay-type":"","overlay-color":"","overlay-opacity":"","overlay-gradient":""},"mobile":{"background-color":"","background-image":"","background-repeat":"repeat","background-position":"center center","background-size":"auto","background-attachment":"scroll","background-type":"","background-media":"","overlay-type":"","overlay-color":"","overlay-opacity":"","overlay-gradient":""}},"ast-content-background-meta":{"desktop":{"background-color":"var(--ast-global-color-5)","background-image":"","background-repeat":"repeat","background-position":"center center","background-size":"auto","background-attachment":"scroll","background-type":"","background-media":"","overlay-type":"","overlay-color":"","overlay-opacity":"","overlay-gradient":""},"tablet":{"background-color":"var(--ast-global-color-5)","background-image":"","background-repeat":"repeat","background-position":"center center","background-size":"auto","background-attachment":"scroll","background-type":"","background-media":"","overlay-type":"","overlay-color":"","overlay-opacity":"","overlay-gradient":""},"mobile":{"background-color":"var(--ast-global-color-5)","background-image":"","background-repeat":"repeat","background-position":"center center","background-size":"auto","background-attachment":"scroll","background-type":"","background-media":"","overlay-type":"","overlay-color":"","overlay-opacity":"","overlay-gradient":""}},"footnotes":""},"class_list":["post-529","page","type-page","status-publish","hentry"],"post_mailing_queue_ids":[],"_links":{"self":[{"href":"https:\/\/agora.xtec.cat\/ceip-gabriel-castella\/wp-json\/wp\/v2\/pages\/529","targetHints":{"allow":["GET"]}}],"collection":[{"href":"https:\/\/agora.xtec.cat\/ceip-gabriel-castella\/wp-json\/wp\/v2\/pages"}],"about":[{"href":"https:\/\/agora.xtec.cat\/ceip-gabriel-castella\/wp-json\/wp\/v2\/types\/page"}],"author":[{"embeddable":true,"href":"https:\/\/agora.xtec.cat\/ceip-gabriel-castella\/wp-json\/wp\/v2\/users\/3"}],"replies":[{"embeddable":true,"href":"https:\/\/agora.xtec.cat\/ceip-gabriel-castella\/wp-json\/wp\/v2\/comments?post=529"}],"version-history":[{"count":2,"href":"https:\/\/agora.xtec.cat\/ceip-gabriel-castella\/wp-json\/wp\/v2\/pages\/529\/revisions"}],"predecessor-version":[{"id":532,"href":"https:\/\/agora.xtec.cat\/ceip-gabriel-castella\/wp-json\/wp\/v2\/pages\/529\/revisions\/532"}],"up":[{"embeddable":true,"href":"https:\/\/agora.xtec.cat\/ceip-gabriel-castella\/wp-json\/wp\/v2\/pages\/22"}],"wp:attachment":[{"href":"https:\/\/agora.xtec.cat\/ceip-gabriel-castella\/wp-json\/wp\/v2\/media?parent=529"}],"curies":[{"name":"wp","href":"https:\/\/api.w.org\/{rel}","templated":true}]}}