{"id":2860,"date":"2020-01-24T12:04:52","date_gmt":"2020-01-24T11:04:52","guid":{"rendered":"http:\/\/agora.xtec.cat\/ceip-fray-luis-leon\/?page_id=2860"},"modified":"2020-01-24T16:44:31","modified_gmt":"2020-01-24T15:44:31","slug":"el-curriculum-de-primaria","status":"publish","type":"page","link":"https:\/\/agora.xtec.cat\/ceip-fray-luis-leon\/el-curriculum-de-primaria\/","title":{"rendered":"El Curr\u00edculum"},"content":{"rendered":"<p style=\"text-align: justify;\">La Generalitat de Catalunya, a trav\u00e9s de la seva p\u00e0gina web, ens facilita el Curr\u00edculum d&#8217;Infantil (segon cicle) i Prim\u00e0ria, dividit aquest \u00faltim en un total de 9 \u00e0mbits, documents que serveixen de guia i orientaci\u00f3 a la nostra escola i que ara us facilitem:<\/p>\n<ul>\n<li><strong><span style=\"text-decoration: underline;\"><a href=\"https:\/\/drive.google.com\/open?id=1ZWa_MAz0LvA-BeqqD1QhA9gt5JZ-CgNu\" target=\"_blank\" rel=\"noopener noreferrer\"><span style=\"font-size: 20px;\">EL CURR\u00cdCULUM D&#8217;INFANTIL<\/span><\/a><\/span><a href=\"https:\/\/drive.google.com\/open?id=1ZWa_MAz0LvA-BeqqD1QhA9gt5JZ-CgNu\" target=\"_blank\" rel=\"noopener noreferrer\"><span style=\"font-size: 20px;\"> (segon Cicle)<\/span><\/a><\/strong><\/li>\n<li><strong><span style=\"text-decoration: underline; font-size: 20px;\"><a href=\"https:\/\/drive.google.com\/file\/d\/1_jD4dl--671QV-kLsv02oc7oq1RV7RhU\/view?usp=sharing\" target=\"_blank\" rel=\"noopener noreferrer\">EL CURR\u00cdCULUM DE PRIM\u00c0RIA<\/a><\/span><span style=\"font-size: 20px;\"><a href=\"https:\/\/drive.google.com\/file\/d\/1_jD4dl--671QV-kLsv02oc7oq1RV7RhU\/view?usp=sharing\" target=\"_blank\" rel=\"noopener noreferrer\"> (sencer)<\/a><\/span><\/strong>\n<ul>\n<li>\u21d2\u00a0<a href=\"https:\/\/drive.google.com\/file\/d\/1U6UiyNsjwZ5ib8ojiFUjz9t37A0DQSMt\/view?usp=sharing\" target=\"_blank\" rel=\"noopener noreferrer\">\u00c0MBIT CATAL\u00c0 I CASTELL\u00c0<\/a><\/li>\n<li>\u21d2 <a href=\"https:\/\/drive.google.com\/file\/d\/1O_i8IjSehsIvTWamK_RaglRwLoqUOznl\/view?usp=sharing\" target=\"_blank\" rel=\"noopener noreferrer\">\u00c0MBIT LLENGUA ANGLESA<\/a><\/li>\n<li>\u21d2 <a href=\"https:\/\/drive.google.com\/open?id=191RzrUfubrNPV1nxMPKB8Dzzdtyg6Hez\" target=\"_blank\" rel=\"noopener noreferrer\">\u00c0MBIT MATEM\u00c0TIC<\/a><\/li>\n<li>\u21d2 <a href=\"https:\/\/drive.google.com\/open?id=1mbeknlDnpmtU9_OHYvmE96lj2LSrdOWV\" target=\"_blank\" rel=\"noopener noreferrer\">\u00c0MBIT DE MEDI<\/a><\/li>\n<li>\u21d2 <a href=\"https:\/\/drive.google.com\/open?id=1WtxzkpU4gtDQ-jkz3DrYlgctsQ4N0RcU\" target=\"_blank\" rel=\"noopener noreferrer\">\u00c0MBIT ART\u00cdSTIC<\/a><\/li>\n<li>\u21d2 <a href=\"https:\/\/drive.google.com\/open?id=1i6_tzX-8_-HdhW4Hzi0yeuMZz20hMQlT\" target=\"_blank\" rel=\"noopener noreferrer\">\u00c0MBIT D&#8217;EDUCACI\u00d3 F\u00cdSICA<\/a><\/li>\n<li>\u21d2 <a href=\"https:\/\/drive.google.com\/open?id=1l6BIcILKpQn9GdXTXXnTFrOMupNdDYMP\" target=\"_blank\" rel=\"noopener noreferrer\">\u00c0MBIT DIGITAL<\/a><\/li>\n<li>\u21d2 <a href=\"https:\/\/drive.google.com\/open?id=1sstlHgLU54kW3hT8Pv7VMS7RHT1OxQTa\" target=\"_blank\" rel=\"noopener noreferrer\">\u00c0MBIT D&#8217;APRENDRE &#8211; APRENDRE<\/a><\/li>\n<\/ul>\n<\/li>\n<\/ul>\n","protected":false},"excerpt":{"rendered":"<p>La Generalitat de Catalunya, a trav\u00e9s de la seva p\u00e0gina web, ens facilita el Curr\u00edculum d&#8217;Infantil (segon cicle) i Prim\u00e0ria, dividit aquest \u00faltim en un total de 9 \u00e0mbits, documents que serveixen de guia i orientaci\u00f3 a la nostra escola i que ara us facilitem: EL CURR\u00cdCULUM D&#8217;INFANTIL (segon Cicle) EL CURR\u00cdCULUM DE PRIM\u00c0RIA (sencer) [&hellip;]<\/p>\n","protected":false},"author":9,"featured_media":0,"parent":0,"menu_order":0,"comment_status":"closed","ping_status":"closed","template":"","meta":{"_bbp_topic_count":0,"_bbp_reply_count":0,"_bbp_total_topic_count":0,"_bbp_total_reply_count":0,"_bbp_voice_count":0,"_bbp_anonymous_reply_count":0,"_bbp_topic_count_hidden":0,"_bbp_reply_count_hidden":0,"_bbp_forum_subforum_count":0,"site-sidebar-layout":"default","site-content-layout":"","ast-site-content-layout":"","site-content-style":"default","site-sidebar-style":"default","ast-global-header-display":"","ast-banner-title-visibility":"","ast-main-header-display":"","ast-hfb-above-header-display":"","ast-hfb-below-header-display":"","ast-hfb-mobile-header-display":"","site-post-title":"","ast-breadcrumbs-content":"","ast-featured-img":"","footer-sml-layout":"","theme-transparent-header-meta":"","adv-header-id-meta":"","stick-header-meta":"","header-above-stick-meta":"","header-main-stick-meta":"","header-below-stick-meta":"","astra-migrate-meta-layouts":"default","ast-page-background-enabled":"default","ast-page-background-meta":{"desktop":{"background-color":"var(--ast-global-color-4)","background-image":"","background-repeat":"repeat","background-position":"center center","background-size":"auto","background-attachment":"scroll","background-type":"","background-media":"","overlay-type":"","overlay-color":"","overlay-opacity":"","overlay-gradient":""},"tablet":{"background-color":"","background-image":"","background-repeat":"repeat","background-position":"center center","background-size":"auto","background-attachment":"scroll","background-type":"","background-media":"","overlay-type":"","overlay-color":"","overlay-opacity":"","overlay-gradient":""},"mobile":{"background-color":"","background-image":"","background-repeat":"repeat","background-position":"center center","background-size":"auto","background-attachment":"scroll","background-type":"","background-media":"","overlay-type":"","overlay-color":"","overlay-opacity":"","overlay-gradient":""}},"ast-content-background-meta":{"desktop":{"background-color":"var(--ast-global-color-5)","background-image":"","background-repeat":"repeat","background-position":"center center","background-size":"auto","background-attachment":"scroll","background-type":"","background-media":"","overlay-type":"","overlay-color":"","overlay-opacity":"","overlay-gradient":""},"tablet":{"background-color":"var(--ast-global-color-5)","background-image":"","background-repeat":"repeat","background-position":"center center","background-size":"auto","background-attachment":"scroll","background-type":"","background-media":"","overlay-type":"","overlay-color":"","overlay-opacity":"","overlay-gradient":""},"mobile":{"background-color":"var(--ast-global-color-5)","background-image":"","background-repeat":"repeat","background-position":"center center","background-size":"auto","background-attachment":"scroll","background-type":"","background-media":"","overlay-type":"","overlay-color":"","overlay-opacity":"","overlay-gradient":""}},"footnotes":""},"class_list":["post-2860","page","type-page","status-publish","hentry"],"post_mailing_queue_ids":[],"_links":{"self":[{"href":"https:\/\/agora.xtec.cat\/ceip-fray-luis-leon\/wp-json\/wp\/v2\/pages\/2860","targetHints":{"allow":["GET"]}}],"collection":[{"href":"https:\/\/agora.xtec.cat\/ceip-fray-luis-leon\/wp-json\/wp\/v2\/pages"}],"about":[{"href":"https:\/\/agora.xtec.cat\/ceip-fray-luis-leon\/wp-json\/wp\/v2\/types\/page"}],"author":[{"embeddable":true,"href":"https:\/\/agora.xtec.cat\/ceip-fray-luis-leon\/wp-json\/wp\/v2\/users\/9"}],"replies":[{"embeddable":true,"href":"https:\/\/agora.xtec.cat\/ceip-fray-luis-leon\/wp-json\/wp\/v2\/comments?post=2860"}],"version-history":[{"count":4,"href":"https:\/\/agora.xtec.cat\/ceip-fray-luis-leon\/wp-json\/wp\/v2\/pages\/2860\/revisions"}],"predecessor-version":[{"id":2880,"href":"https:\/\/agora.xtec.cat\/ceip-fray-luis-leon\/wp-json\/wp\/v2\/pages\/2860\/revisions\/2880"}],"wp:attachment":[{"href":"https:\/\/agora.xtec.cat\/ceip-fray-luis-leon\/wp-json\/wp\/v2\/media?parent=2860"}],"curies":[{"name":"wp","href":"https:\/\/api.w.org\/{rel}","templated":true}]}}