{"id":28,"date":"2015-09-14T12:29:35","date_gmt":"2015-09-14T11:29:35","guid":{"rendered":"http:\/\/agora.xtec.cat\/ceip-fray-luis-leon\/?page_id=28"},"modified":"2026-01-20T17:52:08","modified_gmt":"2026-01-20T16:52:08","slug":"consell-escolar","status":"publish","type":"page","link":"https:\/\/agora.xtec.cat\/ceip-fray-luis-leon\/lescola\/consell-escolar\/","title":{"rendered":"Consell Escolar"},"content":{"rendered":"<div><b><span style=\"font-size: medium;\">El Consell Escolar del centre est\u00e0 format per: <a href=\"https:\/\/drive.google.com\/file\/d\/1Sj4apnRn2C2zT5LFxWcE0CokP7dAVKFn\/view?usp=sharing\">ACTA CERTIFICAT DE CONSTITUCI\u00d3 <\/a>(01\/12\/2025)<\/span><\/b><\/div>\n<div><\/div>\n<table style=\"height: 258px; border-color: #000000; width: 65.7524%; border-style: solid;\" border=\"1\" width=\"65.7524%\" cellspacing=\"0\" cellpadding=\"0\">\n<tbody>\n<tr style=\"height: 52px;\">\n<td style=\"width: 53.012%; border-color: #0d0202; height: 20px; border-style: solid;\">\n<h6><span lang=\"CA\" style=\"font-family: georgia, palatino, serif; font-size: 16px;\"><span style=\"color: #000000;\">Directora<\/span><\/span><\/h6>\n<\/td>\n<td style=\"width: 46.6437%; border-color: #0d0202; height: 20px; border-style: solid;\"><span style=\"color: #000000; font-family: georgia, palatino, serif; font-size: 16px;\"><span lang=\"CA\">O<\/span><span lang=\"CA\">lga de Juana<\/span><\/span><\/td>\n<\/tr>\n<tr style=\"height: 52px;\">\n<td style=\"width: 53.012%; border-color: #0d0202; height: 34px; border-style: solid;\">\n<h6><span lang=\"CA\" style=\"font-family: georgia, palatino, serif; font-size: 16px;\"><span style=\"color: #000000;\">Cap d\u2019estudis<\/span><\/span><\/h6>\n<\/td>\n<td style=\"width: 46.6437%; border-color: #0d0202; height: 34px; border-style: solid;\"><span lang=\"CA\" style=\"color: #000000; font-family: georgia, palatino, serif; font-size: 16px;\">Ana Barrionuevo<\/span><\/td>\n<\/tr>\n<tr style=\"height: 52px;\">\n<td style=\"width: 53.012%; border-color: #0d0202; height: 25px; border-style: solid;\">\n<h6><span lang=\"CA\" style=\"font-family: georgia, palatino, serif; font-size: 16px;\"><span style=\"color: #000000;\">Secret\u00e0ria<\/span><\/span><\/h6>\n<\/td>\n<td style=\"width: 46.6437%; border-color: #0d0202; height: 25px; border-style: solid;\"><span lang=\"CA\" style=\"color: #000000; font-family: georgia, palatino, serif; font-size: 16px;\">Sandra Blasco<\/span><\/td>\n<\/tr>\n<tr style=\"height: 308px;\">\n<td style=\"width: 53.012%; border-color: #0d0202; height: 10px; border-style: solid;\">\n<h6><span lang=\"CA\" style=\"font-family: georgia, palatino, serif; font-size: 16px;\"><span style=\"color: #000000;\">Sector Mestres<\/span><\/span><\/h6>\n<\/td>\n<td style=\"width: 46.6437%; border-color: #0d0202; height: 10px; border-style: solid;\"><span lang=\"CA\"><span lang=\"CA\">Mercedes Borr\u00e1s<\/span><\/span><\/p>\n<p><span lang=\"CA\"><span lang=\"CA\">Maria Ponces<\/span><\/span><\/p>\n<p><span lang=\"CA\"><span lang=\"CA\">Angharad Moreno<\/span><\/span><\/p>\n<p><span lang=\"CA\"><span lang=\"CA\">Marta Paul\u00ed<\/span><\/span><\/p>\n<p>Jeroni Garc\u00eda<\/p>\n<p>Montserrat \u00c0vila<\/td>\n<\/tr>\n<tr style=\"height: 171px;\">\n<td style=\"width: 53.012%; border-color: #0d0202; height: 112px; border-style: solid;\">\n<h6><span lang=\"CA\" style=\"font-family: georgia, palatino, serif; font-size: 16px;\"><span style=\"color: #000000;\">Sector Mares i Pares<\/span><\/span><\/h6>\n<\/td>\n<td style=\"width: 46.6437%; border-color: #0d0202; height: 112px; border-style: solid;\"><span lang=\"CA\" style=\"color: #000000; font-family: georgia, palatino, serif; font-size: 16px;\">Irene S\u00e1nchez<\/span><\/p>\n<p><span lang=\"CA\" style=\"color: #000000; font-family: georgia, palatino, serif; font-size: 16px;\">Anabel Arroyo<\/span><\/p>\n<p><span lang=\"CA\" style=\"color: #000000; font-family: georgia, palatino, serif; font-size: 16px;\">V\u00edctor Ma\u00edz<\/span><\/p>\n<p><span lang=\"CA\" style=\"color: #000000; font-family: georgia, palatino, serif; font-size: 16px;\">Mireia Ib\u00e1\u00f1ez<\/span><\/p>\n<p><span lang=\"CA\" style=\"color: #000000; font-family: georgia, palatino, serif; font-size: 16px;\">Jose Gonz\u00e1lez<\/span><\/td>\n<\/tr>\n<tr style=\"height: 52px;\">\n<td style=\"width: 53.012%; border-color: #0d0202; height: 23px; border-style: solid;\">\n<h6><span lang=\"CA\" style=\"font-family: georgia, palatino, serif; font-size: 16px;\"><span style=\"color: #000000;\">Representant de l&#8217;AFA<\/span><\/span><\/h6>\n<\/td>\n<td style=\"width: 46.6437%; border-color: #0d0202; height: 23px; border-style: solid;\"><span style=\"color: #000000; font-family: georgia, palatino, serif; font-size: 16px;\">Anabel Arroyo <\/span><\/td>\n<\/tr>\n<tr style=\"height: 52px;\">\n<td style=\"width: 53.012%; border-color: #0d0202; height: 24px; border-style: solid;\">\n<h6><span lang=\"CA\" style=\"font-family: georgia, palatino, serif; font-size: 16px;\"><span style=\"color: #000000;\">Representant Ajuntament<\/span><\/span><\/h6>\n<\/td>\n<td style=\"width: 46.6437%; border-color: #0d0202; height: 24px; border-style: solid;\"><span style=\"color: #000000; font-family: georgia, palatino, serif; font-size: 16px;\">Sara Mart\u00ednez<\/span><\/td>\n<\/tr>\n<tr style=\"height: 114px;\">\n<td style=\"width: 53.012%; border-color: #0d0202; height: 10px; border-style: solid;\">\n<h6><span lang=\"CA\" style=\"font-family: georgia, palatino, serif; font-size: 16px;\"><span style=\"color: #000000;\">Representant PAS- PAE<\/span><\/span><\/h6>\n<\/td>\n<td style=\"width: 46.6437%; border-color: #0d0202; height: 10px; border-style: solid;\"><span lang=\"CA\" style=\"color: #000000; font-family: georgia, palatino, serif; font-size: 16px;\">Susana Velasco<\/span><br \/>\n<span lang=\"CA\" style=\"color: #000000; font-family: georgia, palatino, serif; font-size: 16px;\">Hayat Amida<\/span><\/td>\n<\/tr>\n<\/tbody>\n<\/table>\n<p><span style=\"text-decoration: underline;\"><strong>CONSELL ESCOLAR 25-26<\/strong><\/span><\/p>\n<ul>\n<li><a href=\"https:\/\/drive.google.com\/file\/d\/1sDt1eIiN15ttyJi8WIjc-dCAUaaVhzEf\/view?usp=sharing\">Consell Escolar 1<\/a><\/li>\n<\/ul>\n<p><span style=\"text-decoration: underline;\"><strong>CONSELL ESCOLAR 24-25<\/strong><\/span><\/p>\n<ul>\n<li><a href=\"https:\/\/drive.google.com\/file\/d\/13RoqRL4nsyKJSdXoMGEWMdugEzIH2tNg\/view?usp=sharing\">Consell Escolar 1<\/a><\/li>\n<li><a href=\"https:\/\/drive.google.com\/file\/d\/1MpGWZQ3WJtuDbvGyFMI-2HkRSV0tXHk7\/view?usp=sharing\">Consell Escolar 2<\/a><\/li>\n<li><a href=\"https:\/\/drive.google.com\/file\/d\/1XTm5dUJppt6S9729qKIzCW-WR13fkOls\/view?usp=sharing\">Consell Escolar 3<\/a><\/li>\n<\/ul>\n<p><span style=\"text-decoration: underline;\"><strong>CONSELL ESCOLAR 23-24<\/strong><\/span><\/p>\n<ul>\n<li><a href=\"https:\/\/drive.google.com\/file\/d\/1x1h0AAaWuXsmQu2snB4pIyo96H-8imPA\/view?usp=sharing\">Consell Escolar 1<\/a><\/li>\n<li><a href=\"https:\/\/drive.google.com\/file\/d\/1f2KkW0WVdMEj5Lpj6iiZhSwA-DUEQ-Bm\/view?usp=sharing\">Consell Escolar 2<\/a><\/li>\n<li><a href=\"https:\/\/drive.google.com\/file\/d\/1O455gYTt6GZen-tv78RIeFXddVjUhRwk\/view?usp=sharing\">Consell Escolar 3<\/a><\/li>\n<li><a href=\"https:\/\/drive.google.com\/file\/d\/1Ztb_uvaFDAodN-f3J99DB2fXRlBxf5hY\/view?usp=sharing\">Consell Escolar 4<\/a><\/li>\n<\/ul>\n<p><span style=\"text-decoration: underline;\"><strong>CONSELL ESCOLAR 22-23<\/strong><\/span><\/p>\n<ul>\n<li><a href=\"https:\/\/drive.google.com\/file\/d\/1dJ7zZBrPn_NwTjNCVgXHEECPxVWSllWr\/view?usp=sharing\">Consell Escolar 1<\/a><\/li>\n<li><a href=\"https:\/\/drive.google.com\/file\/d\/1h-iRp8ijrh-PEhnd0VoMo95BZxLrPgBJ\/view?usp=sharing\">Consell Escolar 2<\/a><\/li>\n<li><a href=\"https:\/\/drive.google.com\/file\/d\/12jdV4SmxA5KdlKcjZ7j-SRsR4Dmdq6dk\/view?usp=sharing\">Consell Escolar 3<\/a><\/li>\n<li><a href=\"https:\/\/drive.google.com\/file\/d\/1T1r24bugfZGfgbuLIzzi39PT6wiD7qJf\/view?usp=sharing\">Consell Escolar 4<\/a><\/li>\n<\/ul>\n<p><span style=\"text-decoration: underline;\"><strong>CONSELL ESCOLAR 21-22<\/strong><\/span><\/p>\n<ul>\n<li><a href=\"https:\/\/drive.google.com\/file\/d\/1bUvcj2euZzKlzs0IqI2eDl3vI42ccbdp\/view?usp=sharing\">Consell Escolar 1<\/a><\/li>\n<li><a href=\"https:\/\/drive.google.com\/file\/d\/1fLtawugY-_uE3cPwLDVKG0NzwfgMNODo\/view?usp=sharing\">Consell Escolar 2<\/a><\/li>\n<li><a href=\"https:\/\/drive.google.com\/file\/d\/1520UHnhuCwvCiRBw-JqpPaANE7KdTpET\/view?usp=sharing\">Consell Escolar 3<\/a><\/li>\n<li><a href=\"https:\/\/drive.google.com\/file\/d\/1T1_o4IWo41By5L8DaS0M4pEhMnnSC3wP\/view?usp=sharing\">Consell Escolar 4<\/a><\/li>\n<\/ul>\n<p><span style=\"text-decoration: underline;\"><strong>CONSELL ESCOLAR 20-21<\/strong><\/span><\/p>\n<ul>\n<li><a href=\"https:\/\/drive.google.com\/file\/d\/1Zd1GWQOiOq0u-8Y3ck_fi-g1QI6MPL8r\/view?usp=sharing\">Consell Escolar 1<\/a><\/li>\n<li><a href=\"https:\/\/drive.google.com\/file\/d\/1iHkGSVbqp-wHSiJOjQlaeAEsGqd4jouK\/view?usp=sharing\">Consell Escolar 2<\/a><\/li>\n<li><a href=\"https:\/\/drive.google.com\/file\/d\/1Sk-HHzrBi5oyTTQUEWUG9gLKKG7Eql3p\/view?usp=sharing\">Consell Escolar 3<\/a><\/li>\n<li><a href=\"https:\/\/drive.google.com\/file\/d\/1wETg1Puh0T7d2mVo9JVkc7Dp9JoKa9hn\/view?usp=sharing\">Consell Escolar 4<\/a><\/li>\n<\/ul>\n","protected":false},"excerpt":{"rendered":"<p>El Consell Escolar del centre est\u00e0 format per: ACTA CERTIFICAT DE CONSTITUCI\u00d3 (01\/12\/2025) Directora Olga de Juana Cap d\u2019estudis Ana Barrionuevo Secret\u00e0ria Sandra Blasco Sector Mestres Mercedes Borr\u00e1s Maria Ponces Angharad Moreno Marta Paul\u00ed Jeroni Garc\u00eda Montserrat \u00c0vila Sector Mares i Pares Irene S\u00e1nchez Anabel Arroyo V\u00edctor Ma\u00edz Mireia Ib\u00e1\u00f1ez Jose Gonz\u00e1lez Representant de l&#8217;AFA [&hellip;]<\/p>\n","protected":false},"author":1,"featured_media":0,"parent":22,"menu_order":30,"comment_status":"closed","ping_status":"closed","template":"","meta":{"_bbp_topic_count":0,"_bbp_reply_count":0,"_bbp_total_topic_count":0,"_bbp_total_reply_count":0,"_bbp_voice_count":0,"_bbp_anonymous_reply_count":0,"_bbp_topic_count_hidden":0,"_bbp_reply_count_hidden":0,"_bbp_forum_subforum_count":0,"site-sidebar-layout":"default","site-content-layout":"","ast-site-content-layout":"default","site-content-style":"default","site-sidebar-style":"default","ast-global-header-display":"","ast-banner-title-visibility":"","ast-main-header-display":"","ast-hfb-above-header-display":"","ast-hfb-below-header-display":"","ast-hfb-mobile-header-display":"","site-post-title":"","ast-breadcrumbs-content":"","ast-featured-img":"","footer-sml-layout":"","theme-transparent-header-meta":"default","adv-header-id-meta":"","stick-header-meta":"","header-above-stick-meta":"","header-main-stick-meta":"","header-below-stick-meta":"","astra-migrate-meta-layouts":"set","ast-page-background-enabled":"default","ast-page-background-meta":{"desktop":{"background-color":"var(--ast-global-color-4)","background-image":"","background-repeat":"repeat","background-position":"center center","background-size":"auto","background-attachment":"scroll","background-type":"","background-media":"","overlay-type":"","overlay-color":"","overlay-opacity":"","overlay-gradient":""},"tablet":{"background-color":"","background-image":"","background-repeat":"repeat","background-position":"center center","background-size":"auto","background-attachment":"scroll","background-type":"","background-media":"","overlay-type":"","overlay-color":"","overlay-opacity":"","overlay-gradient":""},"mobile":{"background-color":"","background-image":"","background-repeat":"repeat","background-position":"center center","background-size":"auto","background-attachment":"scroll","background-type":"","background-media":"","overlay-type":"","overlay-color":"","overlay-opacity":"","overlay-gradient":""}},"ast-content-background-meta":{"desktop":{"background-color":"var(--ast-global-color-5)","background-image":"","background-repeat":"repeat","background-position":"center center","background-size":"auto","background-attachment":"scroll","background-type":"","background-media":"","overlay-type":"","overlay-color":"","overlay-opacity":"","overlay-gradient":""},"tablet":{"background-color":"var(--ast-global-color-5)","background-image":"","background-repeat":"repeat","background-position":"center center","background-size":"auto","background-attachment":"scroll","background-type":"","background-media":"","overlay-type":"","overlay-color":"","overlay-opacity":"","overlay-gradient":""},"mobile":{"background-color":"var(--ast-global-color-5)","background-image":"","background-repeat":"repeat","background-position":"center center","background-size":"auto","background-attachment":"scroll","background-type":"","background-media":"","overlay-type":"","overlay-color":"","overlay-opacity":"","overlay-gradient":""}},"footnotes":""},"class_list":["post-28","page","type-page","status-publish","hentry"],"post_mailing_queue_ids":[],"_links":{"self":[{"href":"https:\/\/agora.xtec.cat\/ceip-fray-luis-leon\/wp-json\/wp\/v2\/pages\/28","targetHints":{"allow":["GET"]}}],"collection":[{"href":"https:\/\/agora.xtec.cat\/ceip-fray-luis-leon\/wp-json\/wp\/v2\/pages"}],"about":[{"href":"https:\/\/agora.xtec.cat\/ceip-fray-luis-leon\/wp-json\/wp\/v2\/types\/page"}],"author":[{"embeddable":true,"href":"https:\/\/agora.xtec.cat\/ceip-fray-luis-leon\/wp-json\/wp\/v2\/users\/1"}],"replies":[{"embeddable":true,"href":"https:\/\/agora.xtec.cat\/ceip-fray-luis-leon\/wp-json\/wp\/v2\/comments?post=28"}],"version-history":[{"count":8,"href":"https:\/\/agora.xtec.cat\/ceip-fray-luis-leon\/wp-json\/wp\/v2\/pages\/28\/revisions"}],"predecessor-version":[{"id":8080,"href":"https:\/\/agora.xtec.cat\/ceip-fray-luis-leon\/wp-json\/wp\/v2\/pages\/28\/revisions\/8080"}],"up":[{"embeddable":true,"href":"https:\/\/agora.xtec.cat\/ceip-fray-luis-leon\/wp-json\/wp\/v2\/pages\/22"}],"wp:attachment":[{"href":"https:\/\/agora.xtec.cat\/ceip-fray-luis-leon\/wp-json\/wp\/v2\/media?parent=28"}],"curies":[{"name":"wp","href":"https:\/\/api.w.org\/{rel}","templated":true}]}}