{"id":84,"date":"2014-09-18T14:11:31","date_gmt":"2014-09-18T13:11:31","guid":{"rendered":"http:\/\/agora.xtec.cat\/ceip-fontroure\/?page_id=84"},"modified":"2025-07-17T14:46:31","modified_gmt":"2025-07-17T12:46:31","slug":"activitats-extraescolars","status":"publish","type":"page","link":"https:\/\/agora.xtec.cat\/ceip-fontroure\/serveis\/activitats-extraescolars\/","title":{"rendered":"Activitats extraescolars."},"content":{"rendered":"<p><iframe loading=\"lazy\" src=\"https:\/\/drive.google.com\/file\/d\/12KhcG7iz5htVi212E5d6AloRQUiTG_J1\/preview\" width=\"640\" height=\"480\"><span data-mce-type=\"bookmark\" style=\"display: inline-block; width: 0px; overflow: hidden; line-height: 0;\" class=\"mce_SELRES_start\">\ufeff<\/span><\/iframe><br \/>\n<iframe loading=\"lazy\" src=\"https:\/\/drive.google.com\/file\/d\/1NiDCAOraFeLtYEc4dHzuk60wYEwbelNy\/preview\" width=\"640\" height=\"480\"><\/iframe><\/p>\n<p><b><span style=\"font-size: large;\"><u>INFORMACI\u00d3 DE L&#8217;AFA CURS 25\/26<\/u><\/span><\/b><\/p>\n<div>\n<div>\n<p style=\"text-align: justify;\">L&#8217;AFA (Associaci\u00f3 de Fam\u00edlies d&#8217;Alumnes) Font del Roure treballa de manera conjunta i coordinada amb l&#8217;escola per promoure el benestar i el desenvolupament integral dels alumnes. Aquesta col\u00b7laboraci\u00f3 es concreta en diverses formes, com ara l&#8217;organitzaci\u00f3 d&#8217;activitats educatives i extracurriculars, la millora de les instal\u00b7lacions escolars mitjan\u00e7ant la recaptaci\u00f3 de fons i el suport a projectes educatius espec\u00edfics. A m\u00e9s a m\u00e9s, l&#8217;AFA representa els interessos de les fam\u00edlies i els alumnes davant de la instituci\u00f3 educativa i altres entitats pertinents, assegurant que les seves necessitats siguin escoltades i considerades. Aquesta associaci\u00f3 refor\u00e7a la comunitat educativa al fomentar un ambient inclusiu i participatiu, on tant les fam\u00edlies com els nens es sentin recolzats i valorats en el seu proc\u00e9s educatiu i personal.<br \/>\nNormativa<br \/>\n\uf0fc Cal ser fam\u00edlia s\u00f2cia de l\u2019AFA per fer \u00fas dels serveis oferts per l\u2019AFA (acollides, casalet de juny, serveis de monitoratge, extraescolars &#8230;)<br \/>\n\uf0fc Cal ser fam\u00edlia s\u00f2cia de l\u2019AFA per beneficiar-se dels descomptes i ofertes de l\u2019AFA<br \/>\n\uf0fc Cal ser fam\u00edlia s\u00f2cia de l\u2019AFA per obtenir el calendari gratu\u00eft per fill<br \/>\nTots els serveis (excepte extraescolars) oferts per l\u2019AFA Font del Roure es gestionen a trav\u00e9s de l\u2019aplicaci\u00f3 TPVEscola.<br \/>\nPer poder accedir a la TPVEscola, cal:<br \/>\n\uf0b7 Indicar el municipi Masquefa<br \/>\n\uf0b7 El centre Escola Font del Roure<br \/>\n\uf0b7 L\u2019usuari i la contrasenya d\u2019acc\u00e9s: aquest l\u2019heu rebut al compte de correu electr\u00f2nic indicat en el moment de la inscripci\u00f3 al centre. (podeu sol\u00b7licitar-lo per mail a fontdelroureafa@gmail.com)<br \/>\nPagament de la quota de fam\u00edlia s\u00f2cia<br \/>\nLa quota \u00e9s de 30\u20ac\/any per fam\u00edlia i el pagament es fa a trav\u00e9s de la TPVEscola<br \/>\nL\u2019equip de l\u2019AFA habilitar\u00e0 uns dies per tal de poder fer el pagament de la quota en efectiu. Us informarem per Instagram, correu electr\u00f2nic, grups de comunicadors de classe i amb cartellera a la porta de l\u2019escola)<\/p>\n<p><b>EXTRAESCOLARS:<\/b><br \/>\nUn curs m\u00e9s seguim apostant per My Second Language. Confiem molt en el seu equip de professionals i en la seva metodologia molt m\u00e9s propera a la de la nostra escola.<\/p>\n<p>AFA Font del Roure (Whats 603 01 00 57 | <a href=\"mailto:fontdelroureafa@gmail.com\" target=\"_blank\" rel=\"noopener\">fontdelroureafa@gmail.com<\/a>)<\/p>\n<\/div>\n<\/div>\n","protected":false},"excerpt":{"rendered":"<p>\ufeff<\/p>\n<p>INFORMACI\u00d3 DE L&#8217;AFA CURS 25\/26<\/p>\n<p>L&#8217;AFA (Associaci\u00f3 de Fam\u00edlies d&#8217;Alumnes) Font del Roure treballa de manera conjunta i coordinada amb l&#8217;escola per promoure el benestar i el desenvolupament integral dels alumnes. Aquesta col\u00b7laboraci\u00f3 es concreta en diverses formes, com ara l&#8217;organitzaci\u00f3 d&#8217;activitats educatives i extracurriculars, la&hellip;  <a href=\"https:\/\/agora.xtec.cat\/ceip-fontroure\/serveis\/activitats-extraescolars\/\" title=\"Read Activitats extraescolars.\">Llegeix m\u00e9s\u00bb<\/a><\/p>\n","protected":false},"author":1,"featured_media":0,"parent":66,"menu_order":60,"comment_status":"closed","ping_status":"closed","template":"page-templates\/side-menu.php","meta":{"_bbp_topic_count":0,"_bbp_reply_count":0,"_bbp_total_topic_count":0,"_bbp_total_reply_count":0,"_bbp_voice_count":0,"_bbp_anonymous_reply_count":0,"_bbp_topic_count_hidden":0,"_bbp_reply_count_hidden":0,"_bbp_forum_subforum_count":0,"footnotes":""},"class_list":["post-84","page","type-page","status-publish","hentry"],"post_mailing_queue_ids":[],"_links":{"self":[{"href":"https:\/\/agora.xtec.cat\/ceip-fontroure\/wp-json\/wp\/v2\/pages\/84","targetHints":{"allow":["GET"]}}],"collection":[{"href":"https:\/\/agora.xtec.cat\/ceip-fontroure\/wp-json\/wp\/v2\/pages"}],"about":[{"href":"https:\/\/agora.xtec.cat\/ceip-fontroure\/wp-json\/wp\/v2\/types\/page"}],"author":[{"embeddable":true,"href":"https:\/\/agora.xtec.cat\/ceip-fontroure\/wp-json\/wp\/v2\/users\/1"}],"replies":[{"embeddable":true,"href":"https:\/\/agora.xtec.cat\/ceip-fontroure\/wp-json\/wp\/v2\/comments?post=84"}],"version-history":[{"count":7,"href":"https:\/\/agora.xtec.cat\/ceip-fontroure\/wp-json\/wp\/v2\/pages\/84\/revisions"}],"predecessor-version":[{"id":4367,"href":"https:\/\/agora.xtec.cat\/ceip-fontroure\/wp-json\/wp\/v2\/pages\/84\/revisions\/4367"}],"up":[{"embeddable":true,"href":"https:\/\/agora.xtec.cat\/ceip-fontroure\/wp-json\/wp\/v2\/pages\/66"}],"wp:attachment":[{"href":"https:\/\/agora.xtec.cat\/ceip-fontroure\/wp-json\/wp\/v2\/media?parent=84"}],"curies":[{"name":"wp","href":"https:\/\/api.w.org\/{rel}","templated":true}]}}