{"id":80,"date":"2014-09-18T14:09:48","date_gmt":"2014-09-18T13:09:48","guid":{"rendered":"http:\/\/agora.xtec.cat\/ceip-fontroure\/?page_id=80"},"modified":"2024-06-03T10:46:25","modified_gmt":"2024-06-03T08:46:25","slug":"transport-escolar","status":"publish","type":"page","link":"https:\/\/agora.xtec.cat\/ceip-fontroure\/serveis\/transport-escolar\/","title":{"rendered":"Transport Escolar"},"content":{"rendered":"<p><strong>TRANSPORT ESCOLAR<\/strong><\/p>\n<p>El servei de trasport \u00e9s de mat\u00ed i tarda.\u00a0El preu d&#8217;aquest servei \u00e9s d&#8217;1,50 euros al dia per alumne.<br \/>\nEn el cas de que el servei el realitzin dos germans, el preu varia a 1 euro al dia per alumne.<br \/>\nSi s\u00f3n tres o quatre germans el preu \u00e9s de 0,50 euros al dia per alumne.<\/p>\n<p>El cobrament es far\u00e0 a trav\u00e9s de l&#8217;Organisme de Gesti\u00f3 Tribut\u00e0ria de la Diputaci\u00f3 de Barcelona.<\/p>\n<p>Per solicitar aquest servei, us heu d&#8217;adre\u00e7ar a la secretaria del centre abans de l&#8217;inici de cada trimestre.<\/p>\n<p><strong>HORARIS:<\/strong><\/p>\n<p><a href=\"https:\/\/agora.xtec.cat\/ceip-fontroure\/wp-content\/uploads\/usu620\/2022\/06\/Horari-transport-22-23.jpg\"><img loading=\"lazy\" decoding=\"async\" class=\"aligncenter size-full wp-image-3625\" src=\"https:\/\/agora.xtec.cat\/ceip-fontroure\/wp-content\/uploads\/usu620\/2022\/06\/Horari-transport-22-23.jpg\" alt=\"\" width=\"948\" height=\"333\" srcset=\"https:\/\/agora.xtec.cat\/ceip-fontroure\/wp-content\/uploads\/usu620\/2022\/06\/Horari-transport-22-23.jpg 948w, https:\/\/agora.xtec.cat\/ceip-fontroure\/wp-content\/uploads\/usu620\/2022\/06\/Horari-transport-22-23-300x105.jpg 300w, https:\/\/agora.xtec.cat\/ceip-fontroure\/wp-content\/uploads\/usu620\/2022\/06\/Horari-transport-22-23-768x270.jpg 768w\" sizes=\"auto, (max-width: 948px) 100vw, 948px\" \/><\/a><\/p>\n<p>A partir del 6 de juny les fam\u00edlies podran fer la sol\u00b7licitud per demanar\u00a0<strong>el servei de transport escolar i el menjador obligatori per al curs 2022-2023.<\/strong><\/p>\n<p>El per\u00edode per fer aquesta gesti\u00f3 anir\u00e0 de<strong>\u00a0del 6 de juny fins el 10 de juliol.\u00a0<\/strong>A partir d&#8217;aquesta data les sol\u00b7licituds que puguin arribar, pel servei de transport escolar,\u00a0 quedaran en llista d&#8217;espera en funci\u00f3 de les places que tinguem disponibles.<\/p>\n<p>El funcionament ser\u00e0 el mateix que el curs passat, accedint a la nostra p\u00e0gina web:<\/p>\n<p><a href=\"https:\/\/www.anoia.cat\/departaments\/ensenyament\/sollicitud-transport-escolar\/\" data-saferedirecturl=\"https:\/\/www.google.com\/url?q=https:\/\/www.anoia.cat\/departaments\/ensenyament\/sollicitud-transport-escolar\/&amp;source=gmail&amp;ust=1654068213098000&amp;usg=AOvVaw2Ht-QUddY2ORQKJpEoCvIt\">https:\/\/www.anoia.cat\/departaments\/ensenyament\/sollicitud-transport-escolar\/<\/a><\/p>\n<table>\n<tbody>\n<tr>\n<td>\n<p style=\"font-weight: 300;\"><a href=\"https:\/\/www.anoia.cat\/departaments\/ensenyament\/sollicitud-transport-escolar\/\" data-saferedirecturl=\"https:\/\/www.google.com\/url?q=https:\/\/www.anoia.cat\/departaments\/ensenyament\/sollicitud-transport-escolar\/&amp;source=gmail&amp;ust=1654068213098000&amp;usg=AOvVaw2Ht-QUddY2ORQKJpEoCvIt\">Sol\u00b7licitud transport escolar &#8211; Consell Comarcal de l&#8217;Anoia<\/a><\/p>\n<p>El Consell Comarcal t\u00e9 l\u2019obligatorietat de garantir el servei de Transport Escolar als alumnes d\u2019ensenyament obligatori de l\u2019Anoia. Aquest ser\u00e0 de manera gratu\u00efta quan els alumnes hagin d\u2019escolaritzar-se fora del seu municipi de resid\u00e8ncia, \u00e9s a dir, Transport Obligatori. En els casos de Transport No Obligatori, els alumnes no s\u2019han de despla\u00e7ar fora del seu \u2026<\/p>\n<p style=\"font-weight: 400;\"><a href=\"http:\/\/www.anoia.cat\/\" data-saferedirecturl=\"https:\/\/www.google.com\/url?q=http:\/\/www.anoia.cat&amp;source=gmail&amp;ust=1654068213098000&amp;usg=AOvVaw09ZHAFX8cDnoT5YxwK_mGV\">www.anoia.cat<\/a><\/p>\n<\/td>\n<\/tr>\n<\/tbody>\n<\/table>\n<p>Aqu\u00ed tamb\u00e9 trobaran el reglament, el llistat de les rutes i una guia de tramitaci\u00f3.<\/p>\n<p>Hi haur\u00e0 tres opcions:<\/p>\n<ul>\n<li><strong>REGISTRA&#8217;T:<\/strong>\u00a0Per fam\u00edlies que demanin el servei per primera vegada. S&#8217;hauran de donar d&#8217;alta amb un usuari (correu electr\u00f2nic) i comen\u00e7ar la sol\u00b7licitud.<\/li>\n<li><strong>ACCEDIR A LA SOL.LICITUD GUARDADA I NO FINALITZADA:<\/strong> Si han deixat el tr\u00e0mit a mitges hauran d&#8217;accedir aqu\u00ed per poder continuar.<\/li>\n<li><strong>RENOVAR SOL.LICITUD CURS 2021 \/ 2022 :<\/strong>\u00a0Per fam\u00edlies que ja tenien el servei el curs passat. Hauran d&#8217;accedir amb el seu usuari,<strong>\u00a0revisar totes les dades que van indicar i fer les modificacions oportunes, si n&#8217;hi ha,\u00a0<\/strong>com per exemple un alumne m\u00e9s, un alumne menys, un canvi de centre educatiu, canvi de ruta, canvi de parada, etc.\u00a0 Posteriorment continuar amb la presentaci\u00f3 de la sol\u00b7licitud.<\/li>\n<\/ul>\n<p>En cas que no recordin la contrasenya d&#8217;acc\u00e9s ens hauran de trucar i els proporcionarem una provisional.<\/p>\n<p>No caldr\u00e0 aportar de nou la documentaci\u00f3. Nom\u00e9s en aquells casos en que hi hagi hagut algun canvi, com per exemple un DNI caducat, un canvi de compte bancari, etc.<\/p>\n<p>Insistim en que han d&#8217;enviar la documentaci\u00f3 de la seg\u00fcent manera:<\/p>\n<p>&#8211;<strong>\u00a0DNI\/NIE del sol\u00b7licitant (pare, mare o tutor\/a legal)<\/strong><\/p>\n<p>C\u00f2pia per davant i per darrera, en un sol arxiu PDF.<\/p>\n<p>&#8211;<strong>DNI\/NIE del\/s alumne\/s\u00a0<\/strong><\/p>\n<p>C\u00f2pia per davant i per darrera de tots els DNI&#8217;S\/NIE&#8217;S, en un sol arxiu PDF.<\/p>\n<p>&#8211;<strong>DNI\/NIE del titular del compte bancari (nom\u00e9s per fam\u00edlies amb TRANSPORT NO OBLIGATORI)\u00a0<\/strong><\/p>\n<p>C\u00f2pia per davant i per darrera, en un sol arxiu PDF.<\/p>\n<p>&#8211;<strong>CERTIFICAT BANCARI<\/strong>\u00a0<strong>(nom\u00e9s per fam\u00edlies amb TRANSPORT NO OBLIGATORI)\u00a0<\/strong><\/p>\n<p>Certificat em\u00e8s per la serva entitat bancaria.\u00a0Per les fam\u00edlies que ja el van adjuntar correctament el curs passat NO CALDR\u00c0 que el tornin a adjuntar, a no ser que hi hagi hagut un canvi de compte bancari. Si fos aix\u00ed hauran de canviar-ho tamb\u00e9 a la sol\u00b7licitud i adjuntar\u00a0<strong>un NOU CERTIFICAT BANCARI.<\/strong><\/p>\n<p><strong>Recordem que si no firmen la sol\u00b7licitud, aquesta no tindr\u00e0 cap validesa.\u00a0<\/strong><\/p>\n<p>Tanmateix us informem que les fam\u00edlies amb\u00a0<strong>&#8220;MENJADOR OBLIGATORI&#8221;<\/strong>\u00a0hauran de presentar aquesta sol\u00b7licitud indicant aquesta situaci\u00f3.<\/p>\n<p>Restem a la vostra disposici\u00f3 per a qualsevol dubte i agrairem en feu difusi\u00f3 a les fam\u00edlies del vostre centre educatiu.<\/p>\n<p>Cordialment,<\/p>\n<p style=\"font-weight: 400;\"><strong style=\"font-style: inherit;\">Vicky del Carmen<\/strong><\/p>\n<p><strong>Transport Escolar de l&#8217;Anoia<\/strong><\/p>\n<p><strong>Departament d&#8217;Ensenyament\u00a0<\/strong><\/p>\n<p><iframe loading=\"lazy\" src=\"https:\/\/drive.google.com\/file\/d\/1kFk-VQHV_7zMRv1QoJy2MTr_lPHvxtMj\/preview\" width=\"640\" height=\"480\" allow=\"autoplay\"><\/iframe>&nbsp;<\/p>\n","protected":false},"excerpt":{"rendered":"<p>TRANSPORT ESCOLAR<br \/>\nEl servei de trasport \u00e9s de mat\u00ed i tarda.\u00a0El preu d&#8217;aquest servei \u00e9s d&#8217;1,50 euros al dia per alumne.<br \/>\nEn el cas de que el servei el realitzin dos germans, el preu varia a 1 euro al dia per alumne.<br \/>\nSi s\u00f3n tres o quatre germans&hellip;  <a href=\"https:\/\/agora.xtec.cat\/ceip-fontroure\/serveis\/transport-escolar\/\" title=\"Read Transport Escolar\">Llegeix m\u00e9s\u00bb<\/a><\/p>\n","protected":false},"author":1,"featured_media":0,"parent":66,"menu_order":40,"comment_status":"closed","ping_status":"closed","template":"page-templates\/side-menu.php","meta":{"_bbp_topic_count":0,"_bbp_reply_count":0,"_bbp_total_topic_count":0,"_bbp_total_reply_count":0,"_bbp_voice_count":0,"_bbp_anonymous_reply_count":0,"_bbp_topic_count_hidden":0,"_bbp_reply_count_hidden":0,"_bbp_forum_subforum_count":0,"footnotes":""},"class_list":["post-80","page","type-page","status-publish","hentry"],"post_mailing_queue_ids":[],"_links":{"self":[{"href":"https:\/\/agora.xtec.cat\/ceip-fontroure\/wp-json\/wp\/v2\/pages\/80","targetHints":{"allow":["GET"]}}],"collection":[{"href":"https:\/\/agora.xtec.cat\/ceip-fontroure\/wp-json\/wp\/v2\/pages"}],"about":[{"href":"https:\/\/agora.xtec.cat\/ceip-fontroure\/wp-json\/wp\/v2\/types\/page"}],"author":[{"embeddable":true,"href":"https:\/\/agora.xtec.cat\/ceip-fontroure\/wp-json\/wp\/v2\/users\/1"}],"replies":[{"embeddable":true,"href":"https:\/\/agora.xtec.cat\/ceip-fontroure\/wp-json\/wp\/v2\/comments?post=80"}],"version-history":[{"count":5,"href":"https:\/\/agora.xtec.cat\/ceip-fontroure\/wp-json\/wp\/v2\/pages\/80\/revisions"}],"predecessor-version":[{"id":4137,"href":"https:\/\/agora.xtec.cat\/ceip-fontroure\/wp-json\/wp\/v2\/pages\/80\/revisions\/4137"}],"up":[{"embeddable":true,"href":"https:\/\/agora.xtec.cat\/ceip-fontroure\/wp-json\/wp\/v2\/pages\/66"}],"wp:attachment":[{"href":"https:\/\/agora.xtec.cat\/ceip-fontroure\/wp-json\/wp\/v2\/media?parent=80"}],"curies":[{"name":"wp","href":"https:\/\/api.w.org\/{rel}","templated":true}]}}