{"id":77,"date":"2014-09-18T14:05:08","date_gmt":"2014-09-18T13:05:08","guid":{"rendered":"http:\/\/agora.xtec.cat\/ceip-fontroure\/?page_id=77"},"modified":"2024-07-29T09:42:31","modified_gmt":"2024-07-29T07:42:31","slug":"acollida","status":"publish","type":"page","link":"https:\/\/agora.xtec.cat\/ceip-fontroure\/serveis\/acollida\/","title":{"rendered":"Servei d&#8217;acollida matinal"},"content":{"rendered":"<p><iframe loading=\"lazy\" src=\"https:\/\/drive.google.com\/file\/d\/1Bb3vtpDRmlViWA2ntm1DZZvDtlUbrNIS\/preview\" width=\"640\" height=\"480\" allow=\"autoplay\"><\/iframe><br \/>\nAFA ofereix als socis de l&#8217;entitat un servei d&#8217;acollida matinal. <strong><u>\u00c9s indispensable ser soci de l&#8217;entitat per poder utilitzar el Servei d&#8217;acollida matinal<\/u><\/strong><u>.<\/u>\u00a0 Les\u00a0 fam\u00edlies que no siguin s\u00f2cies i estiguin interessades a utilitzar el servei, s&#8217;han de fer s\u00f2cies i posteriorment es podran inscriure al servei d&#8217;acollida.\u00a0 Les fam\u00edlies que ja s\u00f3n s\u00f2cies de l&#8217;AFA tamb\u00e9 han de fer la inscripci\u00f3 al Servei d&#8217;Acollida.<\/p>\n<p>Per als alumnes d&#8217; I3, el servei d\u2019acollida es podr\u00e0 fer servir una vegada finalitzat el per\u00edode d\u2019adaptaci\u00f3.\u00a0 Per a la resta de cursos, el servei comen\u00e7ar\u00e0 el primer dia de classe.\u00a0 El servei d\u2019acollida donar\u00e0 servei fins a l\u2019\u00faltim dia escolar oficial.<\/p>\n<p>El servei comen\u00e7a a les 7:30h i finalitza a les 9.00h.\u00a0 Des de l\u2019acollida els alumnes s\u00f3n acompanyats a les seves respectives classes.<\/p>\n<p>L\u2019acollida matinal s\u2019ubica al menjador de l\u2019escola.\u00a0 L\u2019entrada i sortida dels alumnes es fa per la porta d\u2019acc\u00e9s de vehicles situada a la part superior del pati (rampa). Per entrar cal picar al timbre ubicat a la dreta de la porta.<\/p>\n<p><strong><u>Els alumnes han de baixar la rampa acompanyats de l\u2019adult fins a la porta del menjador, on els monitors responsables del servei els estaran esperant.<\/u><\/strong><\/p>\n<p><strong>En cas d\u2019haver de recollir el vostre fill\/filla, no s\u2019ha de baixar fins al menjador, heu d\u2019avisar per l\u2019int\u00e8rfon i esperar a dalt de la rampa fins que les monitores us indiquin com heu de procedir.<\/strong><\/p>\n<p>El cobrament del servei es realitza \u00fanicament per domiciliaci\u00f3 banc\u00e0ria, encara que el servei s\u2019utilitzi puntualment.\u00a0 Es far\u00e0 entre els dies 5 i 15 del mes seg\u00fcent a la prestaci\u00f3 dels servei.\u00a0 Si no s\u2019indica el contrari, el cobrament es realitzar\u00e0 al compte facilitat en el full d\u2019inscripci\u00f3 i en el seu defecte, en el n\u00famero indicat pel cobrament de la quota anual de soci.\u00a0 Si voleu fer el pagament en una altre compte o no ens el vau facilitar en el seu dia, ens ho haureu de comunicar.<\/p>\n<p>Per determinar l\u2019import de cada mes, es comptabilitzaran els dies del mes que s\u2019ha utilitzat el servei.\u00a0 <strong>Es cobrar\u00e0 4,30 euros fixes per dia, amb un import m\u00e0xim mensual de 45 euros<\/strong>.\u00a0 Per tant aquells infants que assisteixin m\u00e9s de deu dies al mes, pagaran un import de 45 euros.<\/p>\n<p>Si algun dels rebuts \u00e9s retornat per l\u2019entitat banc\u00e0ria, s\u2019haur\u00e0 de fer el pagament al despatx de l\u2019AFA del rebut pendent m\u00e9s 3 euros de rec\u00e0rrec del retorn.\u00a0 L\u2019alumne no podr\u00e0 assistir al servei d\u2019acollida fins que no s\u2019hagi normalitzat el pagament de les quotes que estiguin pendents de pagament.<\/p>\n<p>Punts a tenir en compte:<\/p>\n<ul>\n<li style=\"font-weight: 400;\">Horari d&#8217;acollida: de 7.30 a 9.00h.<\/li>\n<li style=\"font-weight: 400;\">Cal ser familia s\u00f2cia de l&#8217;AFA per sol\u00b7licitar el servei d&#8217;acollida.<\/li>\n<li style=\"font-weight: 400;\">Preu de l&#8217;acollida: 4.3\u20ac\/dia ( m\u00e0xim mensual de 45\u20ac)<\/li>\n<li style=\"font-weight: 400;\">Acc\u00e9s per la porta del menjador<\/li>\n<li style=\"font-weight: 400;\">L\u2019alta al servei s\u2019ha d\u2019efectuar, com a molt tard, a les 12h del mat\u00ed del dia anterior al l\u2019\u00fas del servei d\u2019acollida a trav\u00e9s de l&#8217;aplicaci\u00f3 <a href=\"https:\/\/tpvescola.com\/Default2.aspx\"><strong>TPV ESCOLA<\/strong><\/a><\/li>\n<li style=\"font-weight: 400;\">L\u2019alta al servei no es considera efectiva fins que es rep la confirmaci\u00f3 de l\u2019AFA.<\/li>\n<\/ul>\n<p style=\"font-weight: 400;\"><strong><u>Inscripci\u00f3<\/u><\/strong><\/p>\n<p><b>La quota es paga a trav\u00e9s de l&#8217;aplicaci\u00f3 TPVEscola. Teniu informaci\u00f3 i les claus d&#8217;acc\u00e8s en un correu de TPVEscola.<\/b><\/p>\n<ol>\n<li style=\"font-weight: 400;\">Per fer-vos socis de l\u2019AFA:\u00a0 La quota es paga a trav\u00e9s de l&#8217;aplicaci\u00f3 <a href=\"https:\/\/tpvescola.com\/Default2.aspx\">TPVEscola<\/a>. Teniu informaci\u00f3 i les claus d&#8217;acc\u00e8s en un correu de TPVEscola que es va enviar durant el 1r trimestre del curs.<\/li>\n<\/ol>\n<p style=\"font-weight: 400;\">2. Per fer \u00fas del servei d\u2019acollida: L&#8217;inscripci\u00f3 es far\u00e0 tamb\u00e9 a trav\u00e9s de l&#8217;aplicaci\u00f3 <a href=\"https:\/\/tpvescola.com\/Default2.aspx\">TPVEscola<\/a>. Un cop feta la inscripci\u00f3 caldr\u00e0 comunicar a l&#8217;AFA la data d&#8217;inici d&#8217;\u00fas del servei enviant un WhatsApp al tel\u00e8fon 603.010.057 o enviant un correu a fontdelroureafa@gmail.com.<\/p>\n<p>CONTACTE AFA:\u00a0 603.010.057\u00a0 &#8211;\u00a0 fontdelroureafa@gmail.com<\/p>\n","protected":false},"excerpt":{"rendered":"<p>AFA ofereix als socis de l&#8217;entitat un servei d&#8217;acollida matinal. \u00c9s indispensable ser soci de l&#8217;entitat per poder utilitzar el Servei d&#8217;acollida matinal.\u00a0 Les\u00a0 fam\u00edlies que no siguin s\u00f2cies i estiguin interessades a utilitzar el servei, s&#8217;han de fer s\u00f2cies i posteriorment es podran inscriure&hellip;  <a href=\"https:\/\/agora.xtec.cat\/ceip-fontroure\/serveis\/acollida\/\" title=\"Read Servei d&#8217;acollida matinal\">Llegeix m\u00e9s\u00bb<\/a><\/p>\n","protected":false},"author":1,"featured_media":0,"parent":66,"menu_order":20,"comment_status":"closed","ping_status":"closed","template":"page-templates\/side-menu.php","meta":{"_bbp_topic_count":0,"_bbp_reply_count":0,"_bbp_total_topic_count":0,"_bbp_total_reply_count":0,"_bbp_voice_count":0,"_bbp_anonymous_reply_count":0,"_bbp_topic_count_hidden":0,"_bbp_reply_count_hidden":0,"_bbp_forum_subforum_count":0,"footnotes":""},"class_list":["post-77","page","type-page","status-publish","hentry"],"post_mailing_queue_ids":[],"_links":{"self":[{"href":"https:\/\/agora.xtec.cat\/ceip-fontroure\/wp-json\/wp\/v2\/pages\/77","targetHints":{"allow":["GET"]}}],"collection":[{"href":"https:\/\/agora.xtec.cat\/ceip-fontroure\/wp-json\/wp\/v2\/pages"}],"about":[{"href":"https:\/\/agora.xtec.cat\/ceip-fontroure\/wp-json\/wp\/v2\/types\/page"}],"author":[{"embeddable":true,"href":"https:\/\/agora.xtec.cat\/ceip-fontroure\/wp-json\/wp\/v2\/users\/1"}],"replies":[{"embeddable":true,"href":"https:\/\/agora.xtec.cat\/ceip-fontroure\/wp-json\/wp\/v2\/comments?post=77"}],"version-history":[{"count":5,"href":"https:\/\/agora.xtec.cat\/ceip-fontroure\/wp-json\/wp\/v2\/pages\/77\/revisions"}],"predecessor-version":[{"id":4157,"href":"https:\/\/agora.xtec.cat\/ceip-fontroure\/wp-json\/wp\/v2\/pages\/77\/revisions\/4157"}],"up":[{"embeddable":true,"href":"https:\/\/agora.xtec.cat\/ceip-fontroure\/wp-json\/wp\/v2\/pages\/66"}],"wp:attachment":[{"href":"https:\/\/agora.xtec.cat\/ceip-fontroure\/wp-json\/wp\/v2\/media?parent=77"}],"curies":[{"name":"wp","href":"https:\/\/api.w.org\/{rel}","templated":true}]}}