{"id":633,"date":"2016-02-16T15:41:52","date_gmt":"2016-02-16T14:41:52","guid":{"rendered":"http:\/\/agora.xtec.cat\/ceip-fontroure\/?page_id=633"},"modified":"2022-02-17T13:38:17","modified_gmt":"2022-02-17T12:38:17","slug":"premis-i-premsa","status":"publish","type":"page","link":"https:\/\/agora.xtec.cat\/ceip-fontroure\/premis-i-premsa\/","title":{"rendered":"Premis i guardons."},"content":{"rendered":"<h3>GUANYADORS DEL PREMI BALDIRI REIXAC 2014-2015.<\/h3>\n<p style=\"text-align: justify;\"><img decoding=\"async\" src=\"https:\/\/agora.xtec.cat\/ceip-fontroure\/wp-content\/uploads\/usu620\/2015\/09\/LLIU-PREMIS-PEDRALBES-3690_0073.jpg\" \/><img loading=\"lazy\" decoding=\"async\" class=\"alignnone\" src=\"http:\/\/www.fundaciocarulla.cat\/sites\/default\/files\/styles\/bones_practiques_full_content\/public\/capcaleras-multimedia\/LLIU%20PREMIS%20PEDRALBES%203690_0073.JPG?itok=DmISmSqz\" alt=\"\" width=\"663\" height=\"460\" \/><\/p>\n<p style=\"text-align: justify;\"><img loading=\"lazy\" decoding=\"async\" class=\"alignleft\" src=\"http:\/\/mestreacasa.gva.es\/c\/document_library\/get_file?folderId=500001802029&amp;name=DLFE-227445.jpg\" alt=\"\" width=\"205\" height=\"104\" \/><\/p>\n<p style=\"text-align: justify;\">L&#8217;escola Font del Roure ha guanyat un dels <a href=\"http:\/\/www.fundaciocarulla.cat\/ca\/premis-baldiri-reixac\/guanyadors-escoles?any_premis=2015\">12 XXXVII <\/a>Premis Baldiri Reixac atorgats a escoles de Catalunya d&#8217;entre 307 candidatures. Aquests premis s\u00f3n convocats per la Fundaci\u00f3 Llu\u00eds Carulla amb la col\u00b7laboraci\u00f3 del Departament d\u2019Ensenyament de la Generalitat de Catalunya i la Universitat Oberta de Catalunya.<\/p>\n<p style=\"text-align: justify;\">&#8220;S\u00f3n premiades la qualitat global i la catalanitat, en llengua i continguts, de les escoles, concretades en un projecte educatiu i ling\u00fc\u00edstic que s\u2019estigui aplicant i que assoleixi un \u00fas elevat de la llengua entre l\u2019alumnat i el professorat, tant en l\u2019activitat acad\u00e8mica com en la<\/p>\n<p style=\"text-align: justify;\"><img loading=\"lazy\" decoding=\"async\" class=\"alignright\" src=\"https:\/\/sites.google.com\/a\/xtec.cat\/escola-rocabruna\/arxiu-de-noticies\/xxxvpremisbaldirireixac\/Imagen2.jpg\" alt=\"\" width=\"218\" height=\"110\" \/><\/p>\n<p style=\"text-align: justify;\">comunicaci\u00f3 informal. Es valora igualment l\u2019activitat educativa amb refer\u00e8ncia a la identitat que, a m\u00e9s de la llengua i la cultura pr\u00f2pies, manifesti voluntat integradora en el marc d\u2019una societat democr\u00e0tica&#8221;.<\/p>\n<p style=\"text-align: justify;\">&#8220;<span style=\"color: #ff0000;\"><strong>Pel fet de ser una escola que porta a terme l&#8217;aplicaci\u00f3 d&#8217;un projecte ling\u00fc\u00edstic integrador i que participa en diverses efem\u00e8rides culturals, per exemple l&#8217;any Joana Raspall, tot implicant-hi el conjunt de la comunitat educativa i organitzant moltes activitats per tal de sensibilitzar i promoure l&#8217;expressi\u00f3 po\u00e8tica dels infants. Tamb\u00e9 en reconeixement al foment de la creativitat en l&#8217;educaci\u00f3 musical i pl\u00e0stica, reflectides en l&#8217;ambientaci\u00f3 i en les activitats del dia a dia del centre.<\/strong><\/span>&#8220;<\/p>\n<p style=\"text-align: justify;\"><img loading=\"lazy\" decoding=\"async\" class=\"alignnone\" src=\"http:\/\/www.fundaciocarulla.cat\/sites\/default\/files\/styles\/bones_practiques_full_content\/public\/capcaleras-multimedia\/LLIU%20PREMIS%20PEDRALBES%203690_0053.JPG?itok=xPJsK9gy\" alt=\"\" width=\"663\" height=\"460\" \/><\/p>\n<p style=\"text-align: justify;\">La Molt Honorable Consellera d&#8217;Ensenyament de la Generalitat de Catalunya Sra. Irene Rigau far\u00e0 l&#8217;entrega del premi el proper 3\/06\/15 al Palau de Pedralbes de Barcelona.<\/p>\n<p style=\"text-align: justify;\"><img loading=\"lazy\" decoding=\"async\" src=\"http:\/\/www.fundaciocarulla.cat\/sites\/default\/files\/styles\/bones_practiques_full_content\/public\/imatges-noticies\/Captura%202015.JPG?itok=qdNxxivV\" alt=\"\" width=\"663\" height=\"460\" \/><\/p>\n<p style=\"text-align: justify;\">Ahir v\u00e0rem rebre el premi Baldiri i Reixac al Palau de Pedralbes de Barcelona. A l&#8217;acte hi vam assistir una representaci\u00f3 del claustre de l&#8217;escola i ens van acompanyar l&#8217;Il\u00b7lustrissim Sr. Xavier Boquete (Alcalde de Masquefa), el Sr. Albert Ram\u00edrez (el nostre inspector) i la Sra. N\u00faria Esquivel (Directora de l&#8217;EAP de l&#8217;Anoia).<\/p>\n<p style=\"text-align: justify;\">L&#8217;acte va ser presidit pel Dr. Joan Mateo (Secretari de pol\u00edtiques educatives del Departament d&#8217;Ensenyament), l&#8217;acompanyaven a la taula la Sra. Montserrat Carulla (Presidenta de la Fundaci\u00f3 Carulla), el Dr. Josep A. Planell (Rector de la Universitat Oberta de Catalunya) i el socioling\u00fcista Sr. F. Xavier Vila el qual va fer algunes reflexions sobre els usos ling\u00fc\u00edstics en el m\u00f3n escolar.<\/p>\n<p style=\"text-align: justify;\"><img loading=\"lazy\" decoding=\"async\" class=\"alignnone\" src=\"http:\/\/www.fundaciocarulla.cat\/sites\/default\/files\/styles\/bones_practiques_full_content\/public\/capcaleras-multimedia\/LLIU%20PREMIS%20PEDRALBES%203690_0047.JPG?itok=lZG0Vy7u\" alt=\"\" width=\"663\" height=\"460\" \/><\/p>\n<p style=\"text-align: justify;\">La lectura del veredicte va anar a c\u00e0rrec del Sr. Josep Gonz\u00e0lez-Ag\u00e0pito. Varem recollir el premi la Sra. Teresa Alcantara (Directora de l&#8217;escola Font del Roure), Xavi Sol\u00e9 (Cap d&#8217;estudis del centre) i les dues mestres que varen presentar la maquetaci\u00f3 del treball realitzat al centre, Laia Vallhonrat i la Elisabet Barco.<\/p>\n<p style=\"text-align: justify;\">A l&#8217;acte es va destacar la import\u00e0ncia de la creativitat dels centres en els moments actuals i el treball per promoure la llengua, la cultura i els valors que configuren la societat catalana.<\/p>\n<p style=\"text-align: justify;\">Els darrers dies hem rebut un seguit de felicitacions que ens omplen de goig i satisfacci\u00f3. Per citar-ne algunes:<br \/>\n&#8220;La meva m\u00e9s sincera enhorabona per aquest premi tan merescut. La traject\u00f2ria de l&#8217;Escola Font del Roure \u00e9s tot un referent pedag\u00f2gic i un orgull per al nostre pa\u00eds.&#8221; Carme Arenas (Presidenta del PEN catal\u00e0).<br \/>\nTamb\u00e9 l&#8217;entorn de la Joana Raspall s&#8217;ha felicitat per aquest premi i tant la filla de la Joana, la Sra. Imma Cauh\u00e9 Raspall com la Sra. Muntsa Fernandez (membre de l&#8217;Eixam d&#8217;amics de la Joana Raspall) ens han fet arribar les seves felicitacions.<\/p>\n<p style=\"text-align: justify;\"><img loading=\"lazy\" decoding=\"async\" class=\"alignleft\" src=\"https:\/\/sites.google.com\/a\/xtec.cat\/escola-font-del-roure\/_\/rsrc\/1433429027497\/novetats\/baldiri%20reixac%20026.JPG\" alt=\"\" width=\"660\" height=\"450\" \/><\/p>\n<p style=\"text-align: justify;\"><img loading=\"lazy\" decoding=\"async\" class=\"alignleft\" src=\"https:\/\/sites.google.com\/a\/xtec.cat\/escola-font-del-roure\/_\/rsrc\/1433429031933\/novetats\/baldiri%20reixac%20046.JPG\" alt=\"\" width=\"660\" height=\"450\" \/><\/p>\n<p style=\"text-align: justify;\"><img loading=\"lazy\" decoding=\"async\" class=\"alignleft\" src=\"https:\/\/sites.google.com\/a\/xtec.cat\/escola-font-del-roure\/_\/rsrc\/1433429022737\/novetats\/baldiri%20reixac%20020.JPG\" alt=\"\" width=\"660\" height=\"450\" \/><\/p>\n<p>&nbsp;<\/p>\n<p>&nbsp;<\/p>\n<p style=\"text-align: justify;\"><span style=\"font-family: inherit; font-size: 1em;\">GUANYADORS DEL CONCURS DEL CLUB SUPER3 FISH&amp;CHIPS (GENER 2015).<\/span><\/p>\n<p>Els alumnes de cicle superior de l&#8217;escola han guanyat el concurs del club super3 &#8220;Fish &amp; Chips&#8221; demostrant un excel\u00b7lent domini de la llengua anglesa i el que \u00e9s m\u00e9s important, donant una immillorable imatge de comportament, saber fer i saber estar. Moltes felicitats a aquest meravellosos alumnes i moltes felicitats a totes les fam\u00edlies!!<\/p>\n<p><img loading=\"lazy\" decoding=\"async\" class=\"alignnone\" src=\"https:\/\/pbs.twimg.com\/media\/CZy80dWWAAAXR7b.jpg\" alt=\"\" width=\"600\" height=\"450\" \/><\/p>\n<p><iframe loading=\"lazy\" src=\"https:\/\/www.ccma.cat\/video\/embed\/super3\/5629534\/\" width=\"500px\" height=\"281px\" frameborder=\"0\" scrolling=\"no\" allowfullscreen=\"allowfullscreen\"><\/iframe><\/p>\n<h3>GUANYADORS DEL PREMI PISSIGANYA DE POESIA INFANTIL I JUVENIL.<\/h3>\n<p>Avui hem tingut una gran alegria!! una alumna del nostre centre ha guanyat un premi del 2n concurs de poesia infantil Pissiganya!! Felicitats Alejandra!!<\/p>\n<p style=\"margin: 12px auto 6px auto; font-family: Helvetica,Arial,Sans-serif; font-style: normal; font-variant: normal; font-weight: normal; font-size: 14px; line-height: normal;\"><a title=\"View Obra guanyadora del premi pissiganya.pdf on Scribd\" href=\"http:\/\/www.scribd.com\/doc\/139029481\/Obra-guanyadora-del-premi-pissiganya-pdf\">Obra guanyadora del premi pissiganya.pdf<\/a><\/p>\n<p><iframe loading=\"lazy\" src=\"http:\/\/www.scribd.com\/embeds\/139029481\/content?start_page=1&amp;view_mode=scroll\" width=\"100%\" height=\"600\" frameborder=\"0\" scrolling=\"no\"><\/iframe><\/p>\n<p><a href=\"http:\/\/www.pissiganya.cat\/images\/stories\/veredicte_2n_premi_pissiganya_.pdf\">VEREDICTE<\/a><\/p>\n<h3>GUANYADORS DEL CONCURS PICASO EN LLETRA DEL MUSEU PICASO I LA UNIVERSITAT OBERTA DE CATALUNYA.<\/h3>\n<p>L&#8217;Eva Gonz\u00e1lez de 5\u00c8A ha estat guanyadora del concurs &#8220;Picasso en LletrA&#8221; dins la <em>Modalitat C) J\u00fanior. Hi haur\u00e0 dos premis per a nens i nenes d&#8217;entre 8 i 11 anys: un en catal\u00e0 i l&#8217;altre en castell\u00e0. Ens afegim a l\u2019Any Joana Raspall i proposem l\u2019elaboraci\u00f3 d\u2019un haik\u00fa als nens i nenes d&#8217;entre 8 i 11 anys.<\/em><br \/>\n<img loading=\"lazy\" decoding=\"async\" class=\"aligncenter\" src=\"http:\/\/lletra.uoc.edu\/uploads\/20110418\/premis_picasso.jpg\" alt=\"\" width=\"290\" height=\"237\" \/><br \/>\nEl concurs ha estat convocat pel museu Picasso de Barcelona juntament amb la Universitat Oberta de Catalunya, i amb un jurat d&#8217;excepci\u00f3: <em>El jurat est\u00e0 integrat Merc\u00e8 Ibarz (escriptora i professora de la UPF), M\u00e0rius Serra (escriptor), Bernardo Laniado-Romero (director del Museu Picasso), Anna Guarro (Museu Picasso) i Teresa F\u00e8rriz Roure (UOC). Joana Raspall \u00e9s jurat honor\u00edfic.<\/em><\/p>\n<p style=\"margin: 12px auto 6px auto; font-family: Helvetica,Arial,Sans-serif; font-style: normal; font-variant: normal; font-weight: normal; font-size: 14px; line-height: normal;\"><a title=\"View haik\u00fa5\u00e8a2_cs.pdf on Scribd\" href=\"http:\/\/www.scribd.com\/doc\/136231223\/haiku5ea2-cs-pdf\">haik\u00fa5\u00e8a2_cs.pdf<\/a> by <a title=\"View fontroure's profile on Scribd\" href=\"http:\/\/www.scribd.com\/fontroure\">fontroure<\/a><\/p>\n<p><iframe loading=\"lazy\" src=\"http:\/\/www.scribd.com\/embeds\/136231223\/content?start_page=1&amp;view_mode=scroll&amp;access_key=key-1ycqv2o119unpo0hsbg5&amp;show_recommendations=true\" width=\"400\" height=\"600\" frameborder=\"0\" scrolling=\"no\"><\/iframe><br \/>\nTots els textos premiats es publicaran en un llibre digital sota la llic\u00e8ncia Creative Commons.<\/p>\n<p><strong>MOLTES FELICITATS!!!<\/strong><\/p>\n<h3>GUANYADORS DEL CONCURS RNE4 &#8220;SENTITS EN 2 MINUTS&#8221;.<\/h3>\n<p><img decoding=\"async\" src=\"http:\/\/blocs.xtec.cat\/fontroure\/files\/2009\/03\/escolta.thumbnail.jpg\" alt=\"falca marato radio 09\" \/><\/p>\n<p><a title=\"podcast.gif\" href=\"http:\/\/blocs.xtec.cat\/fontroure\/files\/2009\/03\/podcast.gif\"><img decoding=\"async\" src=\"http:\/\/blocs.xtec.cat\/fontroure\/files\/2009\/03\/podcast.thumbnail.gif\" alt=\"podcast.gif\" \/><\/a><br \/>\n<a title=\"podcast.gif\" href=\"http:\/\/blocs.xtec.cat\/fontroure\/files\/2009\/03\/podcast.gif\"><strong><u>TERCER PREMI VOTACI\u00d3 POPULAR: CEIP FONT DEL ROURE (EM SENTIRAN)<\/u><\/strong><br \/>\n<\/a><\/p>\n<p>El programa L&#8217;altra r\u00e0dio a l&#8217;escola amb la col\u00b7laboraci\u00f3 del Departament d&#8217;Educaci\u00f3 de la Generalitat i Podcatal\u00e0 han rebut m\u00e9s d\u2019un centenar de treballs, de 28 centres educatius, en la primera edici\u00f3 del concurs Sentits en 2 minuts, l&#8217;objectiu del qual era fomentar la creativitat i l&#8217;originalitat del llenguatge radiof\u00f2nic entre els petits i joves. La convocat\u00f2ria demanava una pe\u00e7a radiof\u00f2nica original, de dos minuts, amb els sentits com a tem\u00e0tica.<\/p>\n<p><!-- [if !supportEmptyParas]--><\/p>\n<p>S\u2019han rebut 127 treballs, procedents de 22 localitats catalanes. Han participat 29 centres educatius: 17 d\u2019Educaci\u00f3 infantil i prim\u00e0ria i 13 d\u2019Educaci\u00f3 secund\u00e0ria \u2013un centre ha presentat treballs a les dues categories. En la categoria lliure, reservades a les persones individuals que hi han volgut participar, s\u2019hi han presentat 8 peces. En la d\u2019Educaci\u00f3 infantil i prim\u00e0ria, 65, i en la de secund\u00e0ria, 54 peces. Totes les creacions presentades es poden escoltar a la p\u00e0gina web<a title=\"www.xtec.cat\/sentitsen2minuts\" href=\"http:\/\/www.xtec.cat\/sentitsen2minuts\" target=\"_blank\" rel=\"noopener\"> www.xtec.cat\/sentitsen2minuts.<\/a> Una tria de les peces presentades s\u2019emetr\u00e0 dins del programa L\u2019altra r\u00e0dio a l\u2019escola, de R\u00e0dio 4, els mesos de mar\u00e7 i abril de 2009. Els o\u00efents podran votar pels podcasts presentats al web <a href=\"http:\/\/www.podcatala.org\/\">www.podcatala.org<\/a> fins el dia 26 d\u2019abril de 2009.<\/p>\n<p><!-- [if !supportEmptyParas]--><\/p>\n<p>El jurat, que concedir\u00e0 tres premis per a cada categoria, est\u00e0 format per vuit reconeguts professionals relacionats amb el m\u00f3n de la r\u00e0dio, Internet i l&#8217;ensenyament.<\/p>\n<p>La primera setmana del mes de maig de 2009, el jurat far\u00e0 p\u00fablic el seu veredicte que difondr\u00e0 des de les p\u00e0gines web de la convocat\u00f2ria (www.podcatala.org, www.xtec.cat\/sentitsen2minuts i www.altraradio.cat) i en l\u2019edici\u00f3 del 9 i 10 de maig de 2009 del programa \u201cL\u2019altra r\u00e0dio a l\u2019escola\u201d, de R\u00e0dio 4. Aquest <strong><u>programa especial de lliurament de premis es far\u00e0 el dijous 7 de maig de 2009 al Caixaf\u00f2rum de la ciutat de Barcelona.<\/u><\/strong><\/p>\n<p>El nostre centre ha estat sel\u00b7leccionat com un dels guanyadors de la categoria infantil i prim\u00e0ria i ens conviden a un mestre i dos alumnes que hagin participat al projecte a l\u2019entrega de premis del dia 7 de maig de 2009.<\/p>\n<p><a title=\"foto0166.jpg\" href=\"http:\/\/blocs.xtec.cat\/fontroure\/files\/2009\/05\/foto0166.jpg\"><img loading=\"lazy\" decoding=\"async\" src=\"http:\/\/blocs.xtec.cat\/fontroure\/files\/2009\/05\/foto0166.jpg\" alt=\"foto0166.jpg\" width=\"504\" height=\"381\" \/><\/a><\/p>\n<p><a title=\"foto0167.jpg\" href=\"http:\/\/blocs.xtec.cat\/fontroure\/files\/2009\/05\/foto0167.jpg\"><img loading=\"lazy\" decoding=\"async\" src=\"http:\/\/blocs.xtec.cat\/fontroure\/files\/2009\/05\/foto0167.jpg\" alt=\"foto0167.jpg\" width=\"506\" height=\"386\" \/><\/a><\/p>\n<p><a title=\"foto0168.jpg\" href=\"http:\/\/blocs.xtec.cat\/fontroure\/files\/2009\/05\/foto0168.jpg\"><img loading=\"lazy\" decoding=\"async\" src=\"http:\/\/blocs.xtec.cat\/fontroure\/files\/2009\/05\/foto0168.jpg\" alt=\"foto0168.jpg\" width=\"502\" height=\"380\" \/><\/a><\/p>\n","protected":false},"excerpt":{"rendered":"<p>GUANYADORS DEL PREMI BALDIRI REIXAC 2014-2015.<\/p>\n<p>L&#8217;escola Font del Roure ha guanyat un dels <a href=\"http:\/\/www.fundaciocarulla.cat\/ca\/premis-baldiri-reixac\/guanyadors-escoles?any_premis=2015\">12 XXXVII <\/a>Premis Baldiri Reixac atorgats a escoles de Catalunya d&#8217;entre 307 candidatures. Aquests premis s\u00f3n convocats per la Fundaci\u00f3 Llu\u00eds Carulla amb la col\u00b7laboraci\u00f3 del Departament d\u2019Ensenyament de la Generalitat&hellip;  <a href=\"https:\/\/agora.xtec.cat\/ceip-fontroure\/premis-i-premsa\/\" title=\"Read Premis i guardons.\">Llegeix m\u00e9s\u00bb<\/a><\/p>\n","protected":false},"author":1,"featured_media":0,"parent":0,"menu_order":0,"comment_status":"closed","ping_status":"closed","template":"","meta":{"_bbp_topic_count":0,"_bbp_reply_count":0,"_bbp_total_topic_count":0,"_bbp_total_reply_count":0,"_bbp_voice_count":0,"_bbp_anonymous_reply_count":0,"_bbp_topic_count_hidden":0,"_bbp_reply_count_hidden":0,"_bbp_forum_subforum_count":0,"footnotes":""},"class_list":["post-633","page","type-page","status-publish","hentry"],"post_mailing_queue_ids":[],"_links":{"self":[{"href":"https:\/\/agora.xtec.cat\/ceip-fontroure\/wp-json\/wp\/v2\/pages\/633","targetHints":{"allow":["GET"]}}],"collection":[{"href":"https:\/\/agora.xtec.cat\/ceip-fontroure\/wp-json\/wp\/v2\/pages"}],"about":[{"href":"https:\/\/agora.xtec.cat\/ceip-fontroure\/wp-json\/wp\/v2\/types\/page"}],"author":[{"embeddable":true,"href":"https:\/\/agora.xtec.cat\/ceip-fontroure\/wp-json\/wp\/v2\/users\/1"}],"replies":[{"embeddable":true,"href":"https:\/\/agora.xtec.cat\/ceip-fontroure\/wp-json\/wp\/v2\/comments?post=633"}],"version-history":[{"count":4,"href":"https:\/\/agora.xtec.cat\/ceip-fontroure\/wp-json\/wp\/v2\/pages\/633\/revisions"}],"predecessor-version":[{"id":3395,"href":"https:\/\/agora.xtec.cat\/ceip-fontroure\/wp-json\/wp\/v2\/pages\/633\/revisions\/3395"}],"wp:attachment":[{"href":"https:\/\/agora.xtec.cat\/ceip-fontroure\/wp-json\/wp\/v2\/media?parent=633"}],"curies":[{"name":"wp","href":"https:\/\/api.w.org\/{rel}","templated":true}]}}