{"id":38,"date":"2014-09-18T12:34:08","date_gmt":"2014-09-18T11:34:08","guid":{"rendered":"http:\/\/agora.xtec.cat\/ceip-fontroure\/?page_id=38"},"modified":"2019-09-06T09:16:56","modified_gmt":"2019-09-06T07:16:56","slug":"salut","status":"publish","type":"page","link":"https:\/\/agora.xtec.cat\/ceip-fontroure\/lescola\/salut\/","title":{"rendered":"Salut"},"content":{"rendered":"<p>Si un infant presenta s\u00edmptomes de malaltia (conjuntivitis, febre, erupcions a la pell&#8230;) no podr\u00e0 venir a l\u2019escola, tampoc \u00e9s recomanable portar l\u2019infant al centre sota l\u2019efecte d\u2019un antit\u00e8rmic.<\/p>\n<p>En cas d\u2019un tractament puntual, entenem que l\u2019administraci\u00f3 de medicaments \u00e9s responsabilitat de la fam\u00edlia. Per tant, \u00e9s aconsellable fer coincidir les dosis amb els moments d\u2019estada a casa. L\u2019escola no administra medicaments als nens\/es. En aquest sentit cal assenyalar que els professionals del centre nom\u00e9s poden fer accions que no requereixen cap titulaci\u00f3 sanit\u00e0ria i que les poden fer els familiars o cuidadors, en general, dels fills sempre que hagin rebut assessorament previ (s&#8217;hi inclou l&#8217;administraci\u00f3 de f\u00e0rmacs d&#8217;\u00fas habitual en pediatria); tamb\u00e9 poden fer cures senzilles (d\u2019erosions i petites ferides), i tamb\u00e9 la primera atenci\u00f3 a qualsevol incident inesperat.<\/p>\n<p>Per poder administrar medicaments als alumnes, sempre que sigui imprescindible fer-ho en horari lectiu, cal que els pares, mares o tutors legals aportin un informe m\u00e8dic on consti el nom de l&#8217;alumne, el nom del medicament que ha de prendre i la pauta d&#8217;administraci\u00f3. Aix\u00ed mateix, els pares, mares o tutors legals han d&#8217;aportar una autoritzaci\u00f3 on es demani al director o directora del centre educatiu l&#8217;administraci\u00f3 al fill o filla del medicament prescrit d&#8217;acord amb les pautes que constin en l&#8217;informe esmentat i se n&#8217;autoritzi l&#8217;administraci\u00f3 als professionals del centre.<\/p>\n<p>El centre disposem d\u2019un full d\u2019autoritzaci\u00f3 per poder administrar paracetamol a l\u2019infant en cas de presentar febre superior a 38\u00ba i mentre s\u2019espera l\u2019arribada d\u2019algun familiar que el pugui portar a casa.<\/p>\n<p>Aquest curs tamb\u00e9 us adjuntem l\u2019autoritzaci\u00f3 per administrar Paracetamol. El termini per portar-la signada \u00e9s el dia 19 de setembre. L\u2019administraci\u00f3 del paracetamol s\u2019emprar\u00e0 en cas de febre alta i no poder contactar amb al fam\u00edlia o aquesta trigui molt en arribar per recollir l\u2019infant. En cas que la fam\u00edlia pugui venir a l\u2019escola en poc temps, deixarem aquesta actuaci\u00f3 a c\u00e0rrec de la mateixa.<\/p>\n<p>\u00c9s convenient i necessari mirar amb regularitat el cap del nen o nena per evitar el contagi de polls. En el cas de detectar la pres\u00e8ncia de polls o ll\u00e9menes, es recomana que l&#8217;alumne no assisteixi a l&#8217;escola fins que el problema estigui resolt\u00a0 i caldr\u00e0 comunicar-ho el m\u00e9s aviat possible.<\/p>\n<p>En cas d\u2019accident, s\u2019avisar\u00e0 sempre a la fam\u00edlia perqu\u00e8 vingui a buscar a l\u2019infant i el porti al metge. En cas de no localitzar cap familiar o b\u00e9 no pugueu venir al centre en un breu per\u00edode de temps, es portar\u00e0 a l\u2019infant al centre d\u2019atenci\u00f3 prim\u00e0ria m\u00e9s proper o es trucar\u00e0 al servei d\u2019urg\u00e8ncies.<\/p>\n","protected":false},"excerpt":{"rendered":"<p>Si un infant presenta s\u00edmptomes de malaltia (conjuntivitis, febre, erupcions a la pell&#8230;) no podr\u00e0 venir a l\u2019escola, tampoc \u00e9s recomanable portar l\u2019infant al centre sota l\u2019efecte d\u2019un antit\u00e8rmic.<br \/>\nEn cas d\u2019un tractament puntual, entenem que l\u2019administraci\u00f3 de medicaments \u00e9s responsabilitat de la fam\u00edlia. Per tant,&hellip;  <a href=\"https:\/\/agora.xtec.cat\/ceip-fontroure\/lescola\/salut\/\" title=\"Read Salut\">Llegeix m\u00e9s\u00bb<\/a><\/p>\n","protected":false},"author":1,"featured_media":0,"parent":22,"menu_order":80,"comment_status":"closed","ping_status":"closed","template":"page-templates\/side-menu.php","meta":{"_bbp_topic_count":0,"_bbp_reply_count":0,"_bbp_total_topic_count":0,"_bbp_total_reply_count":0,"_bbp_voice_count":0,"_bbp_anonymous_reply_count":0,"_bbp_topic_count_hidden":0,"_bbp_reply_count_hidden":0,"_bbp_forum_subforum_count":0,"footnotes":""},"class_list":["post-38","page","type-page","status-publish","hentry"],"post_mailing_queue_ids":[],"_links":{"self":[{"href":"https:\/\/agora.xtec.cat\/ceip-fontroure\/wp-json\/wp\/v2\/pages\/38","targetHints":{"allow":["GET"]}}],"collection":[{"href":"https:\/\/agora.xtec.cat\/ceip-fontroure\/wp-json\/wp\/v2\/pages"}],"about":[{"href":"https:\/\/agora.xtec.cat\/ceip-fontroure\/wp-json\/wp\/v2\/types\/page"}],"author":[{"embeddable":true,"href":"https:\/\/agora.xtec.cat\/ceip-fontroure\/wp-json\/wp\/v2\/users\/1"}],"replies":[{"embeddable":true,"href":"https:\/\/agora.xtec.cat\/ceip-fontroure\/wp-json\/wp\/v2\/comments?post=38"}],"version-history":[{"count":3,"href":"https:\/\/agora.xtec.cat\/ceip-fontroure\/wp-json\/wp\/v2\/pages\/38\/revisions"}],"predecessor-version":[{"id":2596,"href":"https:\/\/agora.xtec.cat\/ceip-fontroure\/wp-json\/wp\/v2\/pages\/38\/revisions\/2596"}],"up":[{"embeddable":true,"href":"https:\/\/agora.xtec.cat\/ceip-fontroure\/wp-json\/wp\/v2\/pages\/22"}],"wp:attachment":[{"href":"https:\/\/agora.xtec.cat\/ceip-fontroure\/wp-json\/wp\/v2\/media?parent=38"}],"curies":[{"name":"wp","href":"https:\/\/api.w.org\/{rel}","templated":true}]}}