{"id":3668,"date":"2022-09-20T11:26:20","date_gmt":"2022-09-20T09:26:20","guid":{"rendered":"https:\/\/agora.xtec.cat\/ceip-fontroure\/?page_id=3668"},"modified":"2022-09-20T11:28:56","modified_gmt":"2022-09-20T09:28:56","slug":"vacunacio-als-centres-educatius","status":"publish","type":"page","link":"https:\/\/agora.xtec.cat\/ceip-fontroure\/lescola\/vacunacio-als-centres-educatius\/","title":{"rendered":"Vacunaci\u00f3 als centres educatius."},"content":{"rendered":"<div class=\"NG-menu__wrapper_title\" role=\"main\">\n<h1 class=\"NG-menu__title\">Vacunaci\u00f3 en centres educatius.<\/h1>\n<\/div>\n<p>Una de les funcions del programa \u201cInf\u00e0ncia amb salut\u201d i del Programa de salut escolar de Catalunya \u00e9s dur a terme la vacunaci\u00f3 dels infants i adolescents d\u2019acord amb el calendari vacunal vigent en cada moment. Per tant, un dels objectius del despla\u00e7ament dels professionals sanitaris dels equips d\u2019atenci\u00f3 prim\u00e0ria als centres escolars del seu \u00e0mbit territorial \u00e9s mantenir una cobertura de vacunaci\u00f3 el m\u00e9s alta possible d\u2019infants i adolescents correctament immunitzats, a m\u00e9s de garantir la continu\u00eftat assistencial i el seguiment del calendari de vacunacions sistem\u00e0tiques de Catalunya.<\/p>\n<p>La poblaci\u00f3 preadolescent i adolescent \u00e9s poc usu\u00e0ria del sistema sanitari, i per aquest motiu moltes vegades es perd l\u2019oportunitat de vacunar als centres sanitaris. Vacunant als centres educatius, es garanteix el correcte compliment del calendari vacunal.<\/p>\n<h2 class=\"basic_title col-sm-12 pd-10\">Vacunes que s&#8217;administren als centres educatius<\/h2>\n<div class=\"col-xs-12 columna_esquerra\">\n<div class=\"cos_bloc basic_text_peq pd-15 link-dotted\">\n<p>La vacunaci\u00f3 per al curs escolar 2022-2023 segueix condicionada per la situaci\u00f3 esdevinguda arran del coronavirus SARS-CoV-2. Per aquest motiu, durant el curs escolar 2022-2023 es mantindr\u00e0 la vacunaci\u00f3 mantenint les premisses establertes en la darrera vacunaci\u00f3 escolar, excepte que s\u2019incorporen les novetats del nou calendari de vacunacions sistem\u00e0tiques.<\/p>\n<p>Per aquest proper curs escolar 2022-2023, es recomana l&#8217;administraci\u00f3 de les vacunes seg\u00fcents:<\/p>\n<p><strong>A sis\u00e8 curs d\u2019educaci\u00f3 prim\u00e0ria:<\/strong><\/p>\n<ul>\n<li>Vacuna contra el virus del papil\u00b7loma hum\u00e0. Aquest proper curs escolar, com a novetat, es vacunar\u00e0 a nens i nenes.<\/li>\n<\/ul>\n<ul>\n<li>Vacuna contra el virus de l\u2019hepatitis A a tots els nois i les noies<\/li>\n<\/ul>\n<ul>\n<li>Vacuna contra el\u00a0meningococ ACWY conjugada a tots els nois i les noies<\/li>\n<li>Vacuna contra la varicel\u00b7la nom\u00e9s als nois i les noies susceptibles de patir la malaltia (que no han passat la malaltia ni n\u2019han estat vacunats)<\/li>\n<\/ul>\n<p><strong>A segon curs d\u2019ESO<\/strong>:<\/p>\n<ul>\n<li>Vacuna contra el t\u00e8tanus i la dift\u00e8ria<\/li>\n<\/ul>\n<p>&nbsp;<\/p>\n<\/div>\n<\/div>\n","protected":false},"excerpt":{"rendered":"<p>Vacunaci\u00f3 en centres educatius.<\/p>\n<p>Una de les funcions del programa \u201cInf\u00e0ncia amb salut\u201d i del Programa de salut escolar de Catalunya \u00e9s dur a terme la vacunaci\u00f3 dels infants i adolescents d\u2019acord amb el calendari vacunal vigent en cada moment. Per tant, un dels objectius del&hellip;  <a href=\"https:\/\/agora.xtec.cat\/ceip-fontroure\/lescola\/vacunacio-als-centres-educatius\/\" title=\"Read Vacunaci\u00f3 als centres educatius.\">Llegeix m\u00e9s\u00bb<\/a><\/p>\n","protected":false},"author":13,"featured_media":0,"parent":22,"menu_order":0,"comment_status":"closed","ping_status":"closed","template":"","meta":{"_bbp_topic_count":0,"_bbp_reply_count":0,"_bbp_total_topic_count":0,"_bbp_total_reply_count":0,"_bbp_voice_count":0,"_bbp_anonymous_reply_count":0,"_bbp_topic_count_hidden":0,"_bbp_reply_count_hidden":0,"_bbp_forum_subforum_count":0,"footnotes":""},"class_list":["post-3668","page","type-page","status-publish","hentry"],"post_mailing_queue_ids":[],"_links":{"self":[{"href":"https:\/\/agora.xtec.cat\/ceip-fontroure\/wp-json\/wp\/v2\/pages\/3668","targetHints":{"allow":["GET"]}}],"collection":[{"href":"https:\/\/agora.xtec.cat\/ceip-fontroure\/wp-json\/wp\/v2\/pages"}],"about":[{"href":"https:\/\/agora.xtec.cat\/ceip-fontroure\/wp-json\/wp\/v2\/types\/page"}],"author":[{"embeddable":true,"href":"https:\/\/agora.xtec.cat\/ceip-fontroure\/wp-json\/wp\/v2\/users\/13"}],"replies":[{"embeddable":true,"href":"https:\/\/agora.xtec.cat\/ceip-fontroure\/wp-json\/wp\/v2\/comments?post=3668"}],"version-history":[{"count":1,"href":"https:\/\/agora.xtec.cat\/ceip-fontroure\/wp-json\/wp\/v2\/pages\/3668\/revisions"}],"predecessor-version":[{"id":3669,"href":"https:\/\/agora.xtec.cat\/ceip-fontroure\/wp-json\/wp\/v2\/pages\/3668\/revisions\/3669"}],"up":[{"embeddable":true,"href":"https:\/\/agora.xtec.cat\/ceip-fontroure\/wp-json\/wp\/v2\/pages\/22"}],"wp:attachment":[{"href":"https:\/\/agora.xtec.cat\/ceip-fontroure\/wp-json\/wp\/v2\/media?parent=3668"}],"curies":[{"name":"wp","href":"https:\/\/api.w.org\/{rel}","templated":true}]}}