{"id":3554,"date":"2022-05-02T11:55:14","date_gmt":"2022-05-02T09:55:14","guid":{"rendered":"https:\/\/agora.xtec.cat\/ceip-fontroure\/?page_id=3554"},"modified":"2024-04-02T15:54:38","modified_gmt":"2024-04-02T13:54:38","slug":"biblioteca-joana-raspall","status":"publish","type":"page","link":"https:\/\/agora.xtec.cat\/ceip-fontroure\/biblioteca-joana-raspall\/","title":{"rendered":"Biblioteca Joana Raspall"},"content":{"rendered":"<p>Accedeix a la consulta de pr\u00e9stec clicant sobre la imatge:<\/p>\n<p><a href=\"https:\/\/aplicacions.gestioeducativa.gencat.cat\/epergam\/web\/biblioteca.jsp\"><img loading=\"lazy\" decoding=\"async\" class=\"alignnone size-large\" src=\"https:\/\/aplicacions.gestioeducativa.gencat.cat\/epergam\/images\/epergam.gif\" width=\"160\" height=\"50\" \/><\/a><\/p>\n<p><img loading=\"lazy\" decoding=\"async\" class=\"alignnone size-large\" src=\"https:\/\/pbs.twimg.com\/media\/GKKbJ0DWAAEXJcN?format=jpg&amp;name=large\" width=\"1241\" height=\"1755\" \/><\/p>\n<p><img loading=\"lazy\" decoding=\"async\" class=\"alignnone size-large\" src=\"https:\/\/pbs.twimg.com\/media\/GKKbJ0KX0AAi3Gw?format=jpg&amp;name=large\" width=\"1241\" height=\"1755\" \/><\/p>\n<p><img loading=\"lazy\" decoding=\"async\" class=\"alignnone size-large\" src=\"https:\/\/pbs.twimg.com\/media\/GKKbjXcXEAAYB31?format=jpg&amp;name=large\" width=\"1240\" height=\"1755\" \/><\/p>\n<p><img loading=\"lazy\" decoding=\"async\" class=\"alignnone size-large\" src=\"https:\/\/pbs.twimg.com\/media\/GKKbjuiXQAA5RMr?format=jpg&amp;name=large\" width=\"1240\" height=\"1755\" \/><\/p>\n<p><img loading=\"lazy\" decoding=\"async\" class=\"alignnone size-large\" src=\"https:\/\/pbs.twimg.com\/media\/GHakgdHWwAAchgR?format=jpg&amp;name=large\" width=\"1240\" height=\"1755\" \/><\/p>\n<p><img loading=\"lazy\" decoding=\"async\" class=\"alignnone size-large\" src=\"https:\/\/pbs.twimg.com\/media\/GHakge7XsAAtC_Q?format=jpg&amp;name=large\" width=\"1240\" height=\"1755\" \/><\/p>\n<p><span class=\"css-1qaijid r-bcqeeo r-qvutc0 r-poiln3\">\u00a0Novetats bibliogr\u00e0fiques a la <\/span><span class=\"css-1qaijid r-bcqeeo r-qvutc0 r-poiln3 r-b88u0q\">Biblioteca<\/span><span class=\"css-1qaijid r-bcqeeo r-qvutc0 r-poiln3\"> &#8220;Joana Raspall&#8221; aquest mes! Descobreix les \u00faltimes incorporacions al nostre cat\u00e0leg a trav\u00e9s del butllet\u00ed mensual. &#8220;La lectura obre les portes de la imaginaci\u00f3 als m\u00e9s petits. Sempre \u00e9s hora de compartir l&#8217;aventura de llegir amb ells.&#8221;<\/span><\/p>\n<p><img loading=\"lazy\" decoding=\"async\" class=\"alignnone size-large\" src=\"https:\/\/pbs.twimg.com\/media\/GD5ga4YW0AA_ib1?format=jpg&amp;name=large\" width=\"1247\" height=\"1893\" \/><\/p>\n<p><img loading=\"lazy\" decoding=\"async\" class=\"alignnone size-large\" src=\"https:\/\/pbs.twimg.com\/media\/GD5ga4bXAAAoXUN?format=jpg&amp;name=large\" width=\"1246\" height=\"1767\" \/><\/p>\n<p><img loading=\"lazy\" decoding=\"async\" class=\"alignnone size-large\" src=\"https:\/\/pbs.twimg.com\/media\/GD5ga4SWQAArG3_?format=jpg&amp;name=large\" width=\"2048\" height=\"1536\" \/><\/p>\n<p><span class=\"css-1qaijid r-bcqeeo r-qvutc0 r-poiln3\">\u00a0EXPOSICI\u00d3: Veure m\u00e9s enll\u00e0 L&#8217;exposici\u00f3 s&#8217;emmarca dins dels XI Jocs Florals de l&#8217;escola Font del Roure &#8220;M\u00e9s enll\u00e0 de les fronteres&#8221; <\/span><span class=\"css-1qaijid r-bcqeeo r-qvutc0 r-poiln3\">\u00a0Del 7 al 22 de juny al vest\u00edbul de la <\/span><span class=\"css-1qaijid r-bcqeeo r-qvutc0 r-poiln3 r-b88u0q\">Biblioteca<\/span><span class=\"css-1qaijid r-bcqeeo r-qvutc0 r-poiln3\">.<\/span><\/p>\n<p><img loading=\"lazy\" decoding=\"async\" class=\"alignnone size-large\" src=\"https:\/\/pbs.twimg.com\/media\/FyDAR4LWwAIwMUq?format=jpg&amp;name=large\" width=\"1440\" height=\"1440\" \/><\/p>\n<p><span class=\"css-1qaijid r-bcqeeo r-qvutc0 r-poiln3\">Agra\u00efm a la <\/span><span class=\"css-1qaijid r-bcqeeo r-qvutc0 r-poiln3 r-b88u0q\">biblioteca<\/span><span class=\"css-1qaijid r-bcqeeo r-qvutc0 r-poiln3\"> de Masquefa <\/span><span style=\"font-family: inherit; font-size: 1em;\">i la brigada municipal per la seva col\u00b7laboraci\u00f3 en aquesta XI setmana liter\u00e0ria, amb el pr\u00e9stec dels lots de llibres associats a l\u2019eix, els llibres pels premiats als Jocs Florals i la cessi\u00f3 de la sala polivalent\u2026<\/span><\/p>\n<p><img loading=\"lazy\" decoding=\"async\" class=\"alignnone size-large\" src=\"https:\/\/pbs.twimg.com\/media\/FuTZgx_WAAAiRv9?format=jpg&amp;name=medium\" width=\"1024\" height=\"768\" \/><\/p>\n<p><img loading=\"lazy\" decoding=\"async\" class=\"alignnone size-large\" src=\"https:\/\/pbs.twimg.com\/media\/FuTZgyiWcAAPSCa?format=jpg&amp;name=large\" width=\"2048\" height=\"1536\" \/><\/p>\n<p style=\"text-align: justify;\">BATEIG DE LA BIBLIOTECA<\/p>\n<p><img loading=\"lazy\" decoding=\"async\" class=\"alignnone size-large\" src=\"https:\/\/pbs.twimg.com\/media\/FuTZgGJWcAA2bnD?format=jpg&amp;name=large\" width=\"2048\" height=\"1536\" \/><\/p>\n<p style=\"text-align: justify;\">Despr\u00e9s de la gran tasca d&#8217;endre\u00e7a, dinamitzaci\u00f3 i catalogaci\u00f3 de fons que s&#8217;ha dut a terme el present curs i de la tasca feta els anys precedents, podem dir ara que a la nostra biblioteca ja llueix el nom de la Joana Raspall per homenatjar la seva dedicaci\u00f3 i amor a la poesia per als infants. Comptem amb uns convidats especials, als quals els agra\u00efm la seva pres\u00e8ncia: Sr. Xavier Boquete (alcalde de Masquefa), Sra. Imma Cauh\u00e9 Raspall (filla de la Joana Raspall) i el seu marit F\u00e8lix, Sra. Muntsa Fern\u00e1ndez (Representant de l&#8217;Eixam d&#8217;Amics de la Joana Raspall), Sra. Carme Alias (T\u00e8cnica d&#8217;Educaci\u00f3 de l&#8217;Ajuntament de Masquefa), i la Dolors i l&#8217;Esther (mares representants de l&#8217;AMPA de l&#8217;Escola Font del Roure.<br \/>\nL&#8217;acte l&#8217;ha conduit la nostra Directora Teresa Alc\u00e1ntara que ha destacat la figura de la Joana Raspall i ha mostrat l&#8217;afecte que el centre sent per la seva persona i obra. S&#8217;han desenvolupat diferents parlaments a c\u00e0rrec dels diferents representants institucionals.<br \/>\nUn petit recital de poesia a c\u00e0rrec dels alumnes de 6\u00e8 i la interpretaci\u00f3 d&#8217;un poema musicat per a l&#8217;ocasi\u00f3 han estat les notes centrals de l&#8217;acte.<br \/>\nPer concloure el bateig s&#8217;ha descobert la placa commemorativa que presidir\u00e0 l&#8217;entrada de la biblioteca de l&#8217;escola. Els guanyadors dels Jocs Florals han fet l&#8217;entrega simb\u00f2lica de les obres guanyadores i han rebut els carnets de pr\u00e9stec de la biblioteca que s&#8217;iniciar\u00e0 per primera vegada a l&#8217;escola el present curs.<br \/>\nCal agra\u00efr a l&#8217;AMPA el lliurament d&#8217;un lot de llibres pel fons de la biblioteca com ja \u00e9s tradici\u00f3.<\/p>\n<p><img loading=\"lazy\" decoding=\"async\" class=\"alignnone size-large\" src=\"https:\/\/pbs.twimg.com\/media\/ElE6HdpWMAA0I51?format=jpg&amp;name=small\" width=\"500\" height=\"281\" \/><img loading=\"lazy\" decoding=\"async\" class=\"alignnone size-large\" src=\"https:\/\/pbs.twimg.com\/media\/ElE6HdpXIAARehQ?format=jpg&amp;name=small\" width=\"500\" height=\"664\" \/><img loading=\"lazy\" decoding=\"async\" class=\"alignnone size-large\" src=\"https:\/\/pbs.twimg.com\/media\/ElE6HdpWMAEqDtq?format=jpg&amp;name=small\" width=\"500\" height=\"281\" \/><\/p>\n<p style=\"text-align: justify;\"><strong><span style=\"text-decoration: underline;\">ELS TRES ESTELS <\/span><\/strong><\/p>\n<p style=\"text-align: justify;\">He vist caure tres estels<br \/>\ncom tres perles lluminoses<br \/>\nque han volgut fugir del cel.<br \/>\nQuin pobre les trobar\u00e0 ?<br \/>\nQuin rei se\u2019n far\u00e0 corona ?<br \/>\nQuin mar se\u2019n far\u00e0 bressol ?<br \/>\nSi cauen al meu jard\u00ed,<br \/>\nai, quina claror hi haur\u00e0<br \/>\ndem\u00e0, quan es pongui el sol !<\/p>\n<p>Joana Raspall<\/p>\n<p><iframe loading=\"lazy\" src=\"https:\/\/www.youtube.com\/embed\/58U3r_x-iIE\" width=\"660\" height=\"415\" frameborder=\"0\" allowfullscreen=\"allowfullscreen\"><\/iframe><\/p>\n<p>\u201cAmor i temps: el temps que \u00e9s en nosaltres<br \/>\ncom la sorra del riu que, a poc a poc,<br \/>\nva canviant la forma de la costa.<br \/>\nL\u2019amor, que ha copiat en els teus ulls<br \/>\nLa claredat de l\u2019illa del tresor.\u201d<\/p>\n<p>Joan Margarit<br \/>\nPoesia amorosa completa 1980-2000<br \/>\n<iframe loading=\"lazy\" src=\"https:\/\/www.youtube.com\/embed\/7mbl-qdVg1o\" width=\"660\" height=\"415\" frameborder=\"0\" allowfullscreen=\"allowfullscreen\"><\/iframe><br \/>\n<iframe loading=\"lazy\" src=\"https:\/\/www.youtube.com\/embed\/zChiKLmGhWM\" width=\"660\" height=\"415\" frameborder=\"0\" allowfullscreen=\"allowfullscreen\"><\/iframe><br \/>\n<iframe loading=\"lazy\" src=\"https:\/\/www.youtube.com\/embed\/YhvJNKB4Sgg\" width=\"660\" height=\"415\" frameborder=\"0\" allowfullscreen=\"allowfullscreen\"><\/iframe><br \/>\nMoltes felicitats als Jordis i Jordines que a la nostra escola n&#8217;hi ha uns quants. Feli\u00e7 diada de Sant Jordi a tothom.<br \/>\n<a href=\"http:\/\/blocs.xtec.cat\/fontroure\/files\/2015\/04\/image10.jpg\"><img loading=\"lazy\" decoding=\"async\" class=\"alignleft wp-image-4063 size-large\" src=\"http:\/\/blocs.xtec.cat\/fontroure\/files\/2015\/04\/image10-1024x768.jpg\" alt=\"image10\" width=\"640\" height=\"480\" \/><\/a><br \/>\nMoltes gr\u00e0cies a tots els participants al certamen i felicitats als guanyadors!<\/p>\n","protected":false},"excerpt":{"rendered":"<p>Accedeix a la consulta de pr\u00e9stec clicant sobre la imatge:<br \/>\n<a href=\"https:\/\/aplicacions.gestioeducativa.gencat.cat\/epergam\/web\/biblioteca.jsp\"><\/a><\/p>\n<p>\u00a0Novetats bibliogr\u00e0fiques a la Biblioteca &#8220;Joana Raspall&#8221; aquest mes! Descobreix les \u00faltimes incorporacions al nostre cat\u00e0leg a trav\u00e9s del butllet\u00ed mensual. &#8220;La lectura obre les portes de la imaginaci\u00f3 als m\u00e9s petits. Sempre \u00e9s hora&hellip;  <a href=\"https:\/\/agora.xtec.cat\/ceip-fontroure\/biblioteca-joana-raspall\/\" title=\"Read Biblioteca Joana Raspall\">Llegeix m\u00e9s\u00bb<\/a><\/p>\n","protected":false},"author":13,"featured_media":0,"parent":0,"menu_order":0,"comment_status":"closed","ping_status":"closed","template":"","meta":{"_bbp_topic_count":0,"_bbp_reply_count":0,"_bbp_total_topic_count":0,"_bbp_total_reply_count":0,"_bbp_voice_count":0,"_bbp_anonymous_reply_count":0,"_bbp_topic_count_hidden":0,"_bbp_reply_count_hidden":0,"_bbp_forum_subforum_count":0,"footnotes":""},"class_list":["post-3554","page","type-page","status-publish","hentry"],"post_mailing_queue_ids":[],"_links":{"self":[{"href":"https:\/\/agora.xtec.cat\/ceip-fontroure\/wp-json\/wp\/v2\/pages\/3554","targetHints":{"allow":["GET"]}}],"collection":[{"href":"https:\/\/agora.xtec.cat\/ceip-fontroure\/wp-json\/wp\/v2\/pages"}],"about":[{"href":"https:\/\/agora.xtec.cat\/ceip-fontroure\/wp-json\/wp\/v2\/types\/page"}],"author":[{"embeddable":true,"href":"https:\/\/agora.xtec.cat\/ceip-fontroure\/wp-json\/wp\/v2\/users\/13"}],"replies":[{"embeddable":true,"href":"https:\/\/agora.xtec.cat\/ceip-fontroure\/wp-json\/wp\/v2\/comments?post=3554"}],"version-history":[{"count":4,"href":"https:\/\/agora.xtec.cat\/ceip-fontroure\/wp-json\/wp\/v2\/pages\/3554\/revisions"}],"predecessor-version":[{"id":4094,"href":"https:\/\/agora.xtec.cat\/ceip-fontroure\/wp-json\/wp\/v2\/pages\/3554\/revisions\/4094"}],"wp:attachment":[{"href":"https:\/\/agora.xtec.cat\/ceip-fontroure\/wp-json\/wp\/v2\/media?parent=3554"}],"curies":[{"name":"wp","href":"https:\/\/api.w.org\/{rel}","templated":true}]}}