{"id":3504,"date":"2022-02-26T14:47:04","date_gmt":"2022-02-26T13:47:04","guid":{"rendered":"https:\/\/agora.xtec.cat\/ceip-fontroure\/?page_id=3504"},"modified":"2022-02-26T14:47:04","modified_gmt":"2022-02-26T13:47:04","slug":"coeducat","status":"publish","type":"page","link":"https:\/\/agora.xtec.cat\/ceip-fontroure\/metodologia-de-centre\/coeducat\/","title":{"rendered":"Coeducat"},"content":{"rendered":"<h5 style=\"text-align: justify;\"><strong><a href=\"https:\/\/agora.xtec.cat\/ceip-fontroure\/wp-content\/uploads\/usu620\/2022\/02\/3DE8DB26-4417-41F7-AEA7-E3D32EED1B89.png\"><img loading=\"lazy\" decoding=\"async\" class=\"alignnone size-full wp-image-3505\" src=\"https:\/\/agora.xtec.cat\/ceip-fontroure\/wp-content\/uploads\/usu620\/2022\/02\/3DE8DB26-4417-41F7-AEA7-E3D32EED1B89.png\" alt=\"\" width=\"600\" height=\"540\" srcset=\"https:\/\/agora.xtec.cat\/ceip-fontroure\/wp-content\/uploads\/usu620\/2022\/02\/3DE8DB26-4417-41F7-AEA7-E3D32EED1B89.png 600w, https:\/\/agora.xtec.cat\/ceip-fontroure\/wp-content\/uploads\/usu620\/2022\/02\/3DE8DB26-4417-41F7-AEA7-E3D32EED1B89-300x270.png 300w\" sizes=\"auto, (max-width: 600px) 100vw, 600px\" \/><\/a><br \/>\nPrograma de coeducaci\u00f3, perspectiva de de g\u00e8nere i educaci\u00f3 afectivosexual al curr\u00edculum<\/strong><\/h5>\n<p style=\"text-align: justify;\">El curs 2019-2020 el Departament d\u2019Educaci\u00f3 inicia el Programa COEDUCA\u2019T, per ajudar els centres educatius a potenciar i visibilitzar la perspectiva de g\u00e8nere, la coeducaci\u00f3 i l\u2019educaci\u00f3 afectivosexual.<\/p>\n<p style=\"text-align: justify;\">L\u2019objectiu \u00e9s avan\u00e7ar cap a un model de sistema educatiu inclusiu, que incorpori la igualtat de g\u00e8nere i la coeducaci\u00f3 per contribuir a la millora de la societat, on no hi tingui cabuda la discriminaci\u00f3 per ra\u00f3 de g\u00e8nere, i que doni eines per desenvolupar unes relacions afectives i sexuals respectuoses, per poder prevenir, aix\u00ed, la viol\u00e8ncia masclista<\/p>\n","protected":false},"excerpt":{"rendered":"<p><a href=\"https:\/\/agora.xtec.cat\/ceip-fontroure\/wp-content\/uploads\/usu620\/2022\/02\/3DE8DB26-4417-41F7-AEA7-E3D32EED1B89.png\"><\/a><br \/>\nPrograma de coeducaci\u00f3, perspectiva de de g\u00e8nere i educaci\u00f3 afectivosexual al curr\u00edculum<br \/>\nEl curs 2019-2020 el Departament d\u2019Educaci\u00f3 inicia el Programa COEDUCA\u2019T, per ajudar els centres educatius a potenciar i visibilitzar la perspectiva de g\u00e8nere, la coeducaci\u00f3 i l\u2019educaci\u00f3 afectivosexual.<br \/>\nL\u2019objectiu \u00e9s avan\u00e7ar cap a un&hellip;  <a href=\"https:\/\/agora.xtec.cat\/ceip-fontroure\/metodologia-de-centre\/coeducat\/\" title=\"Read Coeducat\">Llegeix m\u00e9s\u00bb<\/a><\/p>\n","protected":false},"author":13,"featured_media":0,"parent":3338,"menu_order":0,"comment_status":"closed","ping_status":"closed","template":"","meta":{"_bbp_topic_count":0,"_bbp_reply_count":0,"_bbp_total_topic_count":0,"_bbp_total_reply_count":0,"_bbp_voice_count":0,"_bbp_anonymous_reply_count":0,"_bbp_topic_count_hidden":0,"_bbp_reply_count_hidden":0,"_bbp_forum_subforum_count":0,"footnotes":""},"class_list":["post-3504","page","type-page","status-publish","hentry"],"post_mailing_queue_ids":[],"_links":{"self":[{"href":"https:\/\/agora.xtec.cat\/ceip-fontroure\/wp-json\/wp\/v2\/pages\/3504","targetHints":{"allow":["GET"]}}],"collection":[{"href":"https:\/\/agora.xtec.cat\/ceip-fontroure\/wp-json\/wp\/v2\/pages"}],"about":[{"href":"https:\/\/agora.xtec.cat\/ceip-fontroure\/wp-json\/wp\/v2\/types\/page"}],"author":[{"embeddable":true,"href":"https:\/\/agora.xtec.cat\/ceip-fontroure\/wp-json\/wp\/v2\/users\/13"}],"replies":[{"embeddable":true,"href":"https:\/\/agora.xtec.cat\/ceip-fontroure\/wp-json\/wp\/v2\/comments?post=3504"}],"version-history":[{"count":1,"href":"https:\/\/agora.xtec.cat\/ceip-fontroure\/wp-json\/wp\/v2\/pages\/3504\/revisions"}],"predecessor-version":[{"id":3506,"href":"https:\/\/agora.xtec.cat\/ceip-fontroure\/wp-json\/wp\/v2\/pages\/3504\/revisions\/3506"}],"up":[{"embeddable":true,"href":"https:\/\/agora.xtec.cat\/ceip-fontroure\/wp-json\/wp\/v2\/pages\/3338"}],"wp:attachment":[{"href":"https:\/\/agora.xtec.cat\/ceip-fontroure\/wp-json\/wp\/v2\/media?parent=3504"}],"curies":[{"name":"wp","href":"https:\/\/api.w.org\/{rel}","templated":true}]}}