{"id":3470,"date":"2022-02-21T13:05:46","date_gmt":"2022-02-21T12:05:46","guid":{"rendered":"https:\/\/agora.xtec.cat\/ceip-fontroure\/?page_id=3470"},"modified":"2022-02-21T13:05:46","modified_gmt":"2022-02-21T12:05:46","slug":"xarxa-territorial-de-cultura-digital","status":"publish","type":"page","link":"https:\/\/agora.xtec.cat\/ceip-fontroure\/xarxes\/xarxa-territorial-de-cultura-digital\/","title":{"rendered":"Xarxa Territorial de cultura digital."},"content":{"rendered":"<div class=\"wp-block-columns\">\n<div class=\"wp-block-column\">\n<h3>Objectius<\/h3>\n<p>L\u2019objectiu d\u2019aquesta proposta \u00e9s intercanviar i compartir experi\u00e8ncies d\u2019aula i de centre, sumar i enriquir la feina que ja s\u2019est\u00e0 fent arreu del territori, tot potenciant el treball en xarxa i facilitant, des de l\u2019\u00c0rea de Cultura Digital, espais de coordinaci\u00f3 i documentaci\u00f3 sobre temes espec\u00edfics.<\/p>\n<p>Com a element dinamitzador, la Xarxa territorial de Cultura digital, programa diverses sessions distribu\u00efdes durant tot el curs. En general, cada sessi\u00f3 est\u00e0 formada per:<\/p>\n<\/div>\n<\/div>\n<div class=\"wp-block-columns\">\n<div class=\"wp-block-column has-text-align-center\">\n<h3>Seminaris web<\/h3>\n<p><img decoding=\"async\" src=\"https:\/\/projectes.xtec.cat\/xtcd\/wp-content\/uploads\/usu1403\/2021\/09\/video-conference-e1627805351551.png\" alt=\"\" \/><\/p>\n<p>Durant el curs hi ha diferents\u00a0<a href=\"https:\/\/projectes.xtec.cat\/xtcd\/sessions-2021-22\/\">seminaris web<\/a>\u00a0amb pon\u00e8ncies d\u2019experts i experi\u00e8ncies de centre.<\/p>\n<\/div>\n<div class=\"wp-block-column has-text-align-center\">\n<h3>Seminaris territorials<\/h3>\n<p><img decoding=\"async\" src=\"https:\/\/projectes.xtec.cat\/xtcd\/wp-content\/uploads\/usu1403\/2021\/09\/group-task.png\" alt=\"\" \/><\/p>\n<p>Els centres de recursos pedag\u00f2gics (CRPs), que formen part dels\u00a0<a href=\"https:\/\/serveiseducatius.xtec.cat\/se-index\/\" target=\"_blank\" rel=\"noopener\">Serveis educatius<\/a>, organitzen seminaris relacionats amb els seminaris web adaptant alguns continguts a les necessitats dels centres.<\/p>\n<\/div>\n<div class=\"wp-block-column has-text-align-center\">\n<h3>Nus<\/h3>\n<p><img decoding=\"async\" src=\"https:\/\/projectes.xtec.cat\/xtcd\/wp-content\/uploads\/usu1403\/2021\/09\/nus_logo_negre.png\" alt=\"\" \/><\/p>\n<p>S\u2019estableixen converses i debats sobre els temes tractats als seminaris en una plataforma virtual anomenada\u00a0<a href=\"https:\/\/comunitat.edigital.cat\/\" target=\"_blank\" rel=\"noopener\">Nus<\/a>.<\/p>\n<\/div>\n<\/div>\n","protected":false},"excerpt":{"rendered":"<p>Objectius<br \/>\nL\u2019objectiu d\u2019aquesta proposta \u00e9s intercanviar i compartir experi\u00e8ncies d\u2019aula i de centre, sumar i enriquir la feina que ja s\u2019est\u00e0 fent arreu del territori, tot potenciant el treball en xarxa i facilitant, des de l\u2019\u00c0rea de Cultura Digital, espais de coordinaci\u00f3 i documentaci\u00f3 sobre temes&hellip;  <a href=\"https:\/\/agora.xtec.cat\/ceip-fontroure\/xarxes\/xarxa-territorial-de-cultura-digital\/\" title=\"Read Xarxa Territorial de cultura digital.\">Llegeix m\u00e9s\u00bb<\/a><\/p>\n","protected":false},"author":13,"featured_media":0,"parent":3463,"menu_order":0,"comment_status":"closed","ping_status":"closed","template":"","meta":{"_bbp_topic_count":0,"_bbp_reply_count":0,"_bbp_total_topic_count":0,"_bbp_total_reply_count":0,"_bbp_voice_count":0,"_bbp_anonymous_reply_count":0,"_bbp_topic_count_hidden":0,"_bbp_reply_count_hidden":0,"_bbp_forum_subforum_count":0,"footnotes":""},"class_list":["post-3470","page","type-page","status-publish","hentry"],"post_mailing_queue_ids":[],"_links":{"self":[{"href":"https:\/\/agora.xtec.cat\/ceip-fontroure\/wp-json\/wp\/v2\/pages\/3470","targetHints":{"allow":["GET"]}}],"collection":[{"href":"https:\/\/agora.xtec.cat\/ceip-fontroure\/wp-json\/wp\/v2\/pages"}],"about":[{"href":"https:\/\/agora.xtec.cat\/ceip-fontroure\/wp-json\/wp\/v2\/types\/page"}],"author":[{"embeddable":true,"href":"https:\/\/agora.xtec.cat\/ceip-fontroure\/wp-json\/wp\/v2\/users\/13"}],"replies":[{"embeddable":true,"href":"https:\/\/agora.xtec.cat\/ceip-fontroure\/wp-json\/wp\/v2\/comments?post=3470"}],"version-history":[{"count":1,"href":"https:\/\/agora.xtec.cat\/ceip-fontroure\/wp-json\/wp\/v2\/pages\/3470\/revisions"}],"predecessor-version":[{"id":3471,"href":"https:\/\/agora.xtec.cat\/ceip-fontroure\/wp-json\/wp\/v2\/pages\/3470\/revisions\/3471"}],"up":[{"embeddable":true,"href":"https:\/\/agora.xtec.cat\/ceip-fontroure\/wp-json\/wp\/v2\/pages\/3463"}],"wp:attachment":[{"href":"https:\/\/agora.xtec.cat\/ceip-fontroure\/wp-json\/wp\/v2\/media?parent=3470"}],"curies":[{"name":"wp","href":"https:\/\/api.w.org\/{rel}","templated":true}]}}