{"id":3438,"date":"2022-02-18T16:17:33","date_gmt":"2022-02-18T15:17:33","guid":{"rendered":"https:\/\/agora.xtec.cat\/ceip-fontroure\/?page_id=3438"},"modified":"2022-02-18T16:17:33","modified_gmt":"2022-02-18T15:17:33","slug":"filosofia-3-18","status":"publish","type":"page","link":"https:\/\/agora.xtec.cat\/ceip-fontroure\/metodologia-de-centre\/filosofia-3-18\/","title":{"rendered":"Filosofia 3\/18."},"content":{"rendered":"<h3>El projecte\u00a0<strong>FILOSOFIA 3\/18<\/strong>\u00a0\u00e9s un curr\u00edculum ampli i sistem\u00e0tic que t\u00e9 com a objectiu refor\u00e7ar les habilitats del pensament dels estudiants, partint de la filosofia com a disciplina fonamental.<\/h3>\n<p><img decoding=\"async\" src=\"https:\/\/www.grupiref.org\/wp-content\/uploads\/2014\/09\/01-nene-filosofia.jpg\" alt=\"Experiencies - Filosofia 3\/18\" \/><\/p>\n<p>Consisteix en un conjunt de programes que, aplicats des dels 3 als 18 anys, enforteix la capacitat reflexiva. Es tracta d\u2019un projecte que concreta el desig general d\u2019ensenyar a pensar i\u00a0pret\u00e9n desenvolupar les habilitats cognitives dels estudiants, tot ajudant-los a comprendre les mat\u00e8ries d\u2019estudi, a fer-los m\u00e9s conscients de la riquesa del bagatge intel\u00b7lectual heretat i a preparar-los en la raonabilitat per a la participaci\u00f3 en un m\u00f3n democr\u00e0tic.<\/p>\n<p>La filosofia, com a disciplina human\u00edstica m\u00e9s adequada, n\u2019\u00e9s el mitj\u00e0 i la finalitat, perqu\u00e8 a trav\u00e9s del seu contingut i del seu m\u00e8tode permet a l\u2019estudiant de reflexionar sobre aquells temes que, latents en totes les mat\u00e8ries, no s\u00f3n tractats a l\u2019escola.<\/p>\n<p><em><strong>\u00abLa tradici\u00f3 filos\u00f2fica ha treballat sempre un cos espec\u00edfic de conceptes que han estat considerats importants per a la vida humana o rellevants per al coneixement hum\u00e0.<\/strong><strong>\u00a0<\/strong><strong><br \/>\nExemples d\u2019aquests conceptes poden ser: just\u00edcia, veritat, bondat, bellesa, m\u00f3n, identitat personal, temps, amistat, llibertat i comunitat\u00bb.<\/strong>\u00a0<\/em><\/p>\n<p><strong>M.Lipman<\/strong><strong>\u00a0<\/strong><em><strong>Filosofia a l\u2019escola<\/strong><\/em><\/p>\n","protected":false},"excerpt":{"rendered":"<p>El projecte\u00a0FILOSOFIA 3\/18\u00a0\u00e9s un curr\u00edculum ampli i sistem\u00e0tic que t\u00e9 com a objectiu refor\u00e7ar les habilitats del pensament dels estudiants, partint de la filosofia com a disciplina fonamental.<\/p>\n<p>Consisteix en un conjunt de programes que, aplicats des dels 3 als 18 anys, enforteix la capacitat reflexiva.&hellip;  <a href=\"https:\/\/agora.xtec.cat\/ceip-fontroure\/metodologia-de-centre\/filosofia-3-18\/\" title=\"Read Filosofia 3\/18.\">Llegeix m\u00e9s\u00bb<\/a><\/p>\n","protected":false},"author":13,"featured_media":0,"parent":3338,"menu_order":0,"comment_status":"closed","ping_status":"closed","template":"","meta":{"_bbp_topic_count":0,"_bbp_reply_count":0,"_bbp_total_topic_count":0,"_bbp_total_reply_count":0,"_bbp_voice_count":0,"_bbp_anonymous_reply_count":0,"_bbp_topic_count_hidden":0,"_bbp_reply_count_hidden":0,"_bbp_forum_subforum_count":0,"footnotes":""},"class_list":["post-3438","page","type-page","status-publish","hentry"],"post_mailing_queue_ids":[],"_links":{"self":[{"href":"https:\/\/agora.xtec.cat\/ceip-fontroure\/wp-json\/wp\/v2\/pages\/3438","targetHints":{"allow":["GET"]}}],"collection":[{"href":"https:\/\/agora.xtec.cat\/ceip-fontroure\/wp-json\/wp\/v2\/pages"}],"about":[{"href":"https:\/\/agora.xtec.cat\/ceip-fontroure\/wp-json\/wp\/v2\/types\/page"}],"author":[{"embeddable":true,"href":"https:\/\/agora.xtec.cat\/ceip-fontroure\/wp-json\/wp\/v2\/users\/13"}],"replies":[{"embeddable":true,"href":"https:\/\/agora.xtec.cat\/ceip-fontroure\/wp-json\/wp\/v2\/comments?post=3438"}],"version-history":[{"count":1,"href":"https:\/\/agora.xtec.cat\/ceip-fontroure\/wp-json\/wp\/v2\/pages\/3438\/revisions"}],"predecessor-version":[{"id":3439,"href":"https:\/\/agora.xtec.cat\/ceip-fontroure\/wp-json\/wp\/v2\/pages\/3438\/revisions\/3439"}],"up":[{"embeddable":true,"href":"https:\/\/agora.xtec.cat\/ceip-fontroure\/wp-json\/wp\/v2\/pages\/3338"}],"wp:attachment":[{"href":"https:\/\/agora.xtec.cat\/ceip-fontroure\/wp-json\/wp\/v2\/media?parent=3438"}],"curies":[{"name":"wp","href":"https:\/\/api.w.org\/{rel}","templated":true}]}}