{"id":3104,"date":"2021-06-07T09:48:39","date_gmt":"2021-06-07T07:48:39","guid":{"rendered":"http:\/\/agora.xtec.cat\/ceip-fontroure\/?page_id=3104"},"modified":"2026-04-15T11:49:05","modified_gmt":"2026-04-15T09:49:05","slug":"preinscripcio-curs-2021-2022","status":"publish","type":"page","link":"https:\/\/agora.xtec.cat\/ceip-fontroure\/lescola\/preinscripcio-curs-2021-2022\/","title":{"rendered":"Preinscripci\u00f3\u00a02026-2027"},"content":{"rendered":"<p><img loading=\"lazy\" decoding=\"async\" class=\"alignnone size-large\" src=\"https:\/\/preinscripcio.gencat.cat\/web\/.content\/inici\/imatge-impacte-post.jpg\" width=\"1900\" height=\"372\" \/><\/p>\n<p><strong>PUBLICACI\u00d3 DE LA LLISTA DE SOL\u00b7LICITUDS AMB LA PUNTUACI\u00d3 PROVISIONAL. 15 D&#8217;ABRIL<\/strong><\/p>\n<div style=\"position: relative; width: 100%; height: 0; padding-top: 129.4118%; padding-bottom: 0; box-shadow: 0 2px 8px 0 rgba(63,69,81,0.16); margin-top: 1.6em; margin-bottom: 0.9em; overflow: hidden; border-radius: 8px; will-change: transform;\"><iframe style=\"position: absolute; width: 100%; height: 100%; top: 0; left: 0; border: none; padding: 0; margin: 0;\" src=\"https:\/\/www.canva.com\/design\/DAHG6fsyJqk\/wnVCRypWlIUveX_AiCUTXQ\/view?embed\" allowfullscreen=\"allowfullscreen\"><br \/>\n<\/iframe><\/div>\n<p><a href=\"https:\/\/www.canva.com\/design\/DAHG6fsyJqk\/wnVCRypWlIUveX_AiCUTXQ\/view?utm_content=DAHG6fsyJqk&amp;utm_campaign=designshare&amp;utm_medium=embeds&amp;utm_source=link\" target=\"_blank\" rel=\"noopener\">INFORME_BAREM_PROVISIONAL_BAREM 15 DE MAR\u00c7.pdf<\/a> de Escola Font del Roure<\/p>\n<p>&nbsp;<\/p>\n<p>Preinscripci\u00f3 d&#8217;educaci\u00f3 infantil de segon cicle i educaci\u00f3 prim\u00e0ria del 4 al 18 de mar\u00e7 de 2026.<\/p>\n<h6 data-crawling=\"principal-body\"><span style=\"color: #ff0000;\">Si vols demanar cita pr\u00e8via per con\u00e8ixer el nostre projecte educatiu pots fer-ho a trav\u00e9s del correu electr\u00f2nic a8060605@xtec.cat o telef\u00f2nicament al 937727432.<\/span><\/h6>\n<p>Podeu presentar la vostra sol\u00b7licitud del 4 al 18 de mar\u00e7 de 2026 a trav\u00e9s del seg\u00fcent enlla\u00e7: <strong><a href=\"https:\/\/preinscripcio.gencat.cat\/ca\/estudis\/centres-educacio-especial\/#fes-la-sol-licitud-de-preinscripcio\">https:\/\/preinscripcio.gencat.cat\/<\/a><\/strong><\/p>\n<p><img loading=\"lazy\" decoding=\"async\" class=\"alignnone size-large\" src=\"https:\/\/pbs.twimg.com\/media\/HAOQOF_XEAAh6eA?format=jpg&amp;name=large\" width=\"1131\" height=\"1600\" \/><\/p>\n","protected":false},"excerpt":{"rendered":"<p>PUBLICACI\u00d3 DE LA LLISTA DE SOL\u00b7LICITUDS AMB LA PUNTUACI\u00d3 PROVISIONAL. 15 D&#8217;ABRIL<\/p>\n<p><a href=\"https:\/\/www.canva.com\/design\/DAHG6fsyJqk\/wnVCRypWlIUveX_AiCUTXQ\/view?utm_content=DAHG6fsyJqk&amp;utm_campaign=designshare&amp;utm_medium=embeds&amp;utm_source=link\" target=\"_blank\" rel=\"noopener\">INFORME_BAREM_PROVISIONAL_BAREM 15 DE MAR\u00c7.pdf<\/a> de Escola Font del Roure<br \/>\n&nbsp;<br \/>\nPreinscripci\u00f3 d&#8217;educaci\u00f3 infantil de segon cicle i educaci\u00f3 prim\u00e0ria del 4 al 18 de mar\u00e7 de 2026.<br \/>\nSi vols demanar cita pr\u00e8via per con\u00e8ixer&hellip;  <a href=\"https:\/\/agora.xtec.cat\/ceip-fontroure\/lescola\/preinscripcio-curs-2021-2022\/\" title=\"Read Preinscripci\u00f3\u00a02026-2027\">Llegeix m\u00e9s\u00bb<\/a><\/p>\n","protected":false},"author":13,"featured_media":0,"parent":22,"menu_order":0,"comment_status":"closed","ping_status":"closed","template":"","meta":{"_bbp_topic_count":0,"_bbp_reply_count":0,"_bbp_total_topic_count":0,"_bbp_total_reply_count":0,"_bbp_voice_count":0,"_bbp_anonymous_reply_count":0,"_bbp_topic_count_hidden":0,"_bbp_reply_count_hidden":0,"_bbp_forum_subforum_count":0,"footnotes":""},"class_list":["post-3104","page","type-page","status-publish","hentry"],"post_mailing_queue_ids":[],"_links":{"self":[{"href":"https:\/\/agora.xtec.cat\/ceip-fontroure\/wp-json\/wp\/v2\/pages\/3104","targetHints":{"allow":["GET"]}}],"collection":[{"href":"https:\/\/agora.xtec.cat\/ceip-fontroure\/wp-json\/wp\/v2\/pages"}],"about":[{"href":"https:\/\/agora.xtec.cat\/ceip-fontroure\/wp-json\/wp\/v2\/types\/page"}],"author":[{"embeddable":true,"href":"https:\/\/agora.xtec.cat\/ceip-fontroure\/wp-json\/wp\/v2\/users\/13"}],"replies":[{"embeddable":true,"href":"https:\/\/agora.xtec.cat\/ceip-fontroure\/wp-json\/wp\/v2\/comments?post=3104"}],"version-history":[{"count":6,"href":"https:\/\/agora.xtec.cat\/ceip-fontroure\/wp-json\/wp\/v2\/pages\/3104\/revisions"}],"predecessor-version":[{"id":4500,"href":"https:\/\/agora.xtec.cat\/ceip-fontroure\/wp-json\/wp\/v2\/pages\/3104\/revisions\/4500"}],"up":[{"embeddable":true,"href":"https:\/\/agora.xtec.cat\/ceip-fontroure\/wp-json\/wp\/v2\/pages\/22"}],"wp:attachment":[{"href":"https:\/\/agora.xtec.cat\/ceip-fontroure\/wp-json\/wp\/v2\/media?parent=3104"}],"curies":[{"name":"wp","href":"https:\/\/api.w.org\/{rel}","templated":true}]}}