{"id":30,"date":"2014-09-18T12:30:23","date_gmt":"2014-09-18T11:30:23","guid":{"rendered":"http:\/\/agora.xtec.cat\/ceip-fontroure\/?page_id=30"},"modified":"2022-02-21T20:08:42","modified_gmt":"2022-02-21T19:08:42","slug":"instal%c2%b7lacions","status":"publish","type":"page","link":"https:\/\/agora.xtec.cat\/ceip-fontroure\/lescola\/instal%c2%b7lacions\/","title":{"rendered":"Instal\u00b7lacions"},"content":{"rendered":"<dl>\n<dt>Arquitectes: <a href=\"https:\/\/www.catalan-architects.com\/ca\/onl-arquitectura-barcelona\">onl, arquitectura<\/a><\/dt>\n<\/dl>\n<div class=\"font-sans m-b-5\">\n<p style=\"text-align: justify;\">La pres\u00e8ncia inicial d\u2019uns m\u00f2duls prefabricats al solar determina la implantaci\u00f3 de la proposta. Es proposa una edificaci\u00f3 compacte, substituint el gran buit central del jard\u00ed interior per una successi\u00f3 ordenada de patis que ampli\u00efn la percepci\u00f3 visual dels recorreguts en planta baixa i escenifiquin les relacions de les dues edats escolars.<br \/>\nLa pla\u00e7a d\u2019acc\u00e9s protegida i enjardinada \u00e9s l\u2019espai com\u00fa que articula ambdues escoles buscant la millor orientaci\u00f3 per a cada programa escolar. L\u2019edifici de serveis comuns protegeix el pati de joc del fort vent.<br \/>\nLa disposici\u00f3 lliscant dels volums m\u00e9s singulars abocats sobre la pla\u00e7a d\u2019acc\u00e9s i el carrer donen el contrapunt m\u00e9s p\u00fablic d\u2019aquesta edificaci\u00f3 respecte de l\u2019entorn.<\/p>\n<\/div>\n<p><img loading=\"lazy\" decoding=\"async\" class=\"alignnone\" src=\"http:\/\/images.adsttc.com\/media\/images\/50b6\/9fa4\/b3fc\/4b7c\/9900\/0030\/large_jpg\/Planta_Baja.jpg?1354145700\" alt=\"\" width=\"1564\" height=\"1081\" \/><\/p>\n<p><img loading=\"lazy\" decoding=\"async\" class=\"alignnone\" src=\"http:\/\/images.adsttc.com\/media\/images\/50b6\/9f48\/b3fc\/4b7c\/9900\/0022\/large_jpg\/ONL_imatge1_04.jpg?1361393458\" alt=\"\" width=\"2000\" height=\"1202\" \/><\/p>\n<p><img loading=\"lazy\" decoding=\"async\" class=\"alignnone\" src=\"http:\/\/images.adsttc.com\/media\/images\/50b6\/9f53\/b3fc\/4b7c\/9900\/0023\/large_jpg\/ONL_imatge1_05.jpg?1354145619\" alt=\"\" width=\"2000\" height=\"1359\" \/><\/p>\n<p><img loading=\"lazy\" decoding=\"async\" class=\"alignnone\" src=\"http:\/\/images.adsttc.com\/media\/images\/50b6\/9f5f\/b3fc\/4b7c\/9900\/0025\/large_jpg\/ONL_imatge1_05b.jpg?1354145631\" alt=\"\" width=\"2000\" height=\"1331\" \/><\/p>\n<p><img loading=\"lazy\" decoding=\"async\" class=\"alignnone\" src=\"http:\/\/images.adsttc.com\/media\/images\/50b6\/9f62\/b3fc\/4b7c\/9900\/0026\/large_jpg\/ONL_imatge1_02.jpg?1354145634\" alt=\"\" width=\"1916\" height=\"2280\" \/><\/p>\n<p><img loading=\"lazy\" decoding=\"async\" class=\"alignnone\" src=\"http:\/\/images.adsttc.com\/media\/images\/50b6\/9f67\/b3fc\/4b7c\/9900\/0027\/large_jpg\/ONL_imatge1_01.jpg?1354145639\" alt=\"\" width=\"1800\" height=\"2280\" \/><\/p>\n<p><img loading=\"lazy\" decoding=\"async\" class=\"alignnone\" src=\"http:\/\/images.adsttc.com\/media\/images\/50b6\/9f5a\/b3fc\/4b7c\/9900\/0024\/large_jpg\/ONL_imatge1_00.jpg?1354145626\" alt=\"\" width=\"1517\" height=\"2280\" \/><\/p>\n<p><img loading=\"lazy\" decoding=\"async\" class=\"alignnone\" src=\"http:\/\/images.adsttc.com\/media\/images\/50b6\/9f2b\/b3fc\/4b7c\/9900\/0021\/large_jpg\/ONL_imatge1_03.jpg?1354145579\" alt=\"\" width=\"633\" height=\"947\" \/><\/p>\n<p><img loading=\"lazy\" decoding=\"async\" class=\"alignnone\" src=\"http:\/\/images.adsttc.com\/media\/images\/50b6\/9f82\/b3fc\/4b7c\/9900\/0028\/large_jpg\/ONL_imatge1_06.jpg?1354145666\" alt=\"\" width=\"2000\" height=\"1127\" \/><\/p>\n<p><img loading=\"lazy\" decoding=\"async\" class=\"alignnone\" src=\"http:\/\/images.adsttc.com\/media\/images\/50b6\/9f84\/b3fc\/4b7c\/9900\/0029\/large_jpg\/ONL_imatge1_06b.jpg?1354145668\" alt=\"\" width=\"2000\" height=\"922\" \/><img loading=\"lazy\" decoding=\"async\" class=\"alignnone\" src=\"http:\/\/images.adsttc.com\/media\/images\/50b6\/9f8f\/b3fc\/4b7c\/9900\/002b\/large_jpg\/ONL_imatge1_12.jpg?1354145679\" alt=\"\" width=\"920\" height=\"630\" \/><\/p>\n<p><img loading=\"lazy\" decoding=\"async\" class=\"alignnone\" src=\"http:\/\/images.adsttc.com\/media\/images\/50b6\/9f87\/b3fc\/4b7c\/9900\/002a\/large_jpg\/ONL_imatge1_07.jpg?1354145671\" alt=\"\" width=\"2000\" height=\"957\" \/><\/p>\n<p><img loading=\"lazy\" decoding=\"async\" class=\"alignnone\" src=\"http:\/\/images.adsttc.com\/media\/images\/50b6\/9f97\/b3fc\/4b7c\/9900\/002d\/large_jpg\/ONL_imatge1_11.jpg?1354145687\" alt=\"\" width=\"899\" height=\"1274\" \/><\/p>\n<p><img loading=\"lazy\" decoding=\"async\" class=\"alignnone\" src=\"http:\/\/images.adsttc.com\/media\/images\/50b6\/9f93\/b3fc\/4b7c\/9900\/002c\/large_jpg\/ONL_imatge1_08.jpg?1354145683\" alt=\"\" width=\"2000\" height=\"1034\" \/><\/p>\n<p><img loading=\"lazy\" decoding=\"async\" class=\"alignnone\" src=\"http:\/\/images.adsttc.com\/media\/images\/50b6\/9f9f\/b3fc\/4b7c\/9900\/002e\/large_jpg\/ONL_imatge1_14.jpg?1354145695\" alt=\"\" width=\"1280\" height=\"960\" \/><\/p>\n<p><img loading=\"lazy\" decoding=\"async\" class=\"alignnone\" src=\"http:\/\/images.adsttc.com\/media\/images\/50b6\/9fa6\/b3fc\/4b7c\/9900\/0031\/large_jpg\/ONL_imatge1_09.jpg?1354145702\" alt=\"\" width=\"2000\" height=\"1215\" \/><\/p>\n<p><img loading=\"lazy\" decoding=\"async\" class=\"alignnone\" src=\"http:\/\/images.adsttc.com\/media\/images\/50b6\/9fb1\/b3fc\/4b7c\/9900\/0033\/large_jpg\/ONL_imatge1_10.jpg?1354145713\" alt=\"\" width=\"2000\" height=\"1376\" \/><\/p>\n<p><img loading=\"lazy\" decoding=\"async\" class=\"alignnone\" src=\"http:\/\/images.adsttc.com\/media\/images\/50b6\/9fb2\/b3fc\/4b7c\/9900\/0034\/large_jpg\/ONL_imatge1_13.jpg?1354145714\" alt=\"\" width=\"2000\" height=\"995\" \/><\/p>\n","protected":false},"excerpt":{"rendered":"<p>Arquitectes: <a href=\"https:\/\/www.catalan-architects.com\/ca\/onl-arquitectura-barcelona\">onl, arquitectura<\/a><\/p>\n<p>La pres\u00e8ncia inicial d\u2019uns m\u00f2duls prefabricats al solar determina la implantaci\u00f3 de la proposta. Es proposa una edificaci\u00f3 compacte, substituint el gran buit central del jard\u00ed interior per una successi\u00f3 ordenada de patis que ampli\u00efn la percepci\u00f3 visual dels recorreguts en planta&hellip;  <a href=\"https:\/\/agora.xtec.cat\/ceip-fontroure\/lescola\/instal%c2%b7lacions\/\" title=\"Read Instal\u00b7lacions\">Llegeix m\u00e9s\u00bb<\/a><\/p>\n","protected":false},"author":1,"featured_media":0,"parent":22,"menu_order":40,"comment_status":"closed","ping_status":"closed","template":"page-templates\/side-menu.php","meta":{"_bbp_topic_count":0,"_bbp_reply_count":0,"_bbp_total_topic_count":0,"_bbp_total_reply_count":0,"_bbp_voice_count":0,"_bbp_anonymous_reply_count":0,"_bbp_topic_count_hidden":0,"_bbp_reply_count_hidden":0,"_bbp_forum_subforum_count":0,"footnotes":""},"class_list":["post-30","page","type-page","status-publish","hentry"],"post_mailing_queue_ids":[],"_links":{"self":[{"href":"https:\/\/agora.xtec.cat\/ceip-fontroure\/wp-json\/wp\/v2\/pages\/30","targetHints":{"allow":["GET"]}}],"collection":[{"href":"https:\/\/agora.xtec.cat\/ceip-fontroure\/wp-json\/wp\/v2\/pages"}],"about":[{"href":"https:\/\/agora.xtec.cat\/ceip-fontroure\/wp-json\/wp\/v2\/types\/page"}],"author":[{"embeddable":true,"href":"https:\/\/agora.xtec.cat\/ceip-fontroure\/wp-json\/wp\/v2\/users\/1"}],"replies":[{"embeddable":true,"href":"https:\/\/agora.xtec.cat\/ceip-fontroure\/wp-json\/wp\/v2\/comments?post=30"}],"version-history":[{"count":3,"href":"https:\/\/agora.xtec.cat\/ceip-fontroure\/wp-json\/wp\/v2\/pages\/30\/revisions"}],"predecessor-version":[{"id":3485,"href":"https:\/\/agora.xtec.cat\/ceip-fontroure\/wp-json\/wp\/v2\/pages\/30\/revisions\/3485"}],"up":[{"embeddable":true,"href":"https:\/\/agora.xtec.cat\/ceip-fontroure\/wp-json\/wp\/v2\/pages\/22"}],"wp:attachment":[{"href":"https:\/\/agora.xtec.cat\/ceip-fontroure\/wp-json\/wp\/v2\/media?parent=30"}],"curies":[{"name":"wp","href":"https:\/\/api.w.org\/{rel}","templated":true}]}}