{"id":285,"date":"2015-11-01T22:07:51","date_gmt":"2015-11-01T21:07:51","guid":{"rendered":"http:\/\/agora.xtec.cat\/ceip-fontroure\/?page_id=285"},"modified":"2026-01-28T16:11:29","modified_gmt":"2026-01-28T15:11:29","slug":"sortides-i-colonies","status":"publish","type":"page","link":"https:\/\/agora.xtec.cat\/ceip-fontroure\/lescola\/sortides-i-colonies\/","title":{"rendered":"Sortides i col\u00f2nies"},"content":{"rendered":"<p><a href=\"https:\/\/agora.xtec.cat\/ceip-fontroure\/wp-content\/uploads\/usu620\/2026\/01\/Circular-colonies.jpg\"><img loading=\"lazy\" decoding=\"async\" class=\"aligncenter size-large wp-image-4444\" src=\"https:\/\/agora.xtec.cat\/ceip-fontroure\/wp-content\/uploads\/usu620\/2026\/01\/Circular-colonies-1024x721.jpg\" alt=\"\" width=\"1024\" height=\"721\" srcset=\"https:\/\/agora.xtec.cat\/ceip-fontroure\/wp-content\/uploads\/usu620\/2026\/01\/Circular-colonies-1024x721.jpg 1024w, https:\/\/agora.xtec.cat\/ceip-fontroure\/wp-content\/uploads\/usu620\/2026\/01\/Circular-colonies-300x211.jpg 300w, https:\/\/agora.xtec.cat\/ceip-fontroure\/wp-content\/uploads\/usu620\/2026\/01\/Circular-colonies-768x541.jpg 768w, https:\/\/agora.xtec.cat\/ceip-fontroure\/wp-content\/uploads\/usu620\/2026\/01\/Circular-colonies.jpg 1342w\" sizes=\"auto, (max-width: 1024px) 100vw, 1024px\" \/><\/a><\/p>\n<p><img loading=\"lazy\" decoding=\"async\" class=\"alignnone size-large\" src=\"https:\/\/pbs.twimg.com\/media\/G3JNdH5W0AAHnw2?format=jpg&amp;name=large\" width=\"1257\" height=\"751\" \/><\/p>\n<p><strong><u>SORTIDES I COL\u00d2NIES<\/u><\/strong><\/p>\n<p>Activitats complement\u00e0ries: sortides i col\u00f2nies<\/p>\n<p>Al llarg del curs escolar es realitzen sortides i visites que estan relacionades amb el proc\u00e9s d\u2019ensenyament i aprenentatge que vivim a l\u2019escola (museus, visites al municipi, sortides a la natura&#8230;). Al comen\u00e7ar l\u2019escola, durant la reuni\u00f3 d\u2019inici de curs les mestres us presentaran les sortides previstes que realitzaran els infants durant el curs.<\/p>\n<p>Per a les sortides d\u2019\u00e0mbit local ja heu signat una autoritzaci\u00f3 per\u00f2 per a les altres sortides cal signar un document d\u2019autoritzaci\u00f3 on s\u2019especifiquen les dades rellevants de la sortida, com la data, el lloc, l\u2019import&#8230;<\/p>\n<p>Per a participar-hi cal tenir present:<\/p>\n<ul>\n<li>Qualsevol tipus de pagament que s&#8217;hagi d&#8217;efectuar durant el curs, es far\u00e0 directament al <strong>Banc Sabadell<\/strong>, a trav\u00e9s del caixer autom\u00e0tic. El codi de l\u2019entitat \u00e9s <strong>1362 <\/strong>i cal especificar el nom del centre Escola Font del Roure.<\/li>\n<li>En cas de fer transfer\u00e8ncia, ho podeu fer al compte <strong>IBAN ES47 0081 1645 0800 0101 7505<\/strong> tamb\u00e9 del <strong>Banc Sabadell<\/strong>.<\/li>\n<li>Recordeu que per poder assistir a les sortides<strong>, s&#8217;haur\u00e0 de fer la inscripci\u00f3 en el termini previst<\/strong> i cap alumne no podr\u00e0 anar d&#8217;excursi\u00f3 si pr\u00e8viament no ha lliurat a la seva tutora el <strong>resguard bancari i l&#8217;autoritzaci\u00f3 signada pels pares<\/strong>, mares o tutors.<\/li>\n<li>Els alumnes d&#8217;i5 fan col\u00f2nies (dos dies amb una nit fora de casa). A la reuni\u00f3 d\u2019inici de curs us donarem m\u00e9s informaci\u00f3.<\/li>\n<\/ul>\n<ul>\n<li><strong>Heu de tenir en compte que els nens que no hagin fet el pagament i portat l&#8217;autoritzaci\u00f3 en els dies marcats, no podran assistir a la sortida. <\/strong><\/li>\n<li>Al llarg dels trimestres, els alumnes de 2n, 4t i 6\u00e8 fan col\u00f2nies (tres dies amb dues nits fora de casa).<\/li>\n<\/ul>\n","protected":false},"excerpt":{"rendered":"<p><a href=\"https:\/\/agora.xtec.cat\/ceip-fontroure\/wp-content\/uploads\/usu620\/2026\/01\/Circular-colonies.jpg\"><\/a><\/p>\n<p>SORTIDES I COL\u00d2NIES<br \/>\nActivitats complement\u00e0ries: sortides i col\u00f2nies<br \/>\nAl llarg del curs escolar es realitzen sortides i visites que estan relacionades amb el proc\u00e9s d\u2019ensenyament i aprenentatge que vivim a l\u2019escola (museus, visites al municipi, sortides a la natura&#8230;). Al comen\u00e7ar l\u2019escola, durant la reuni\u00f3 d\u2019inici&hellip;  <a href=\"https:\/\/agora.xtec.cat\/ceip-fontroure\/lescola\/sortides-i-colonies\/\" title=\"Read Sortides i col\u00f2nies\">Llegeix m\u00e9s\u00bb<\/a><\/p>\n","protected":false},"author":1,"featured_media":0,"parent":22,"menu_order":0,"comment_status":"closed","ping_status":"closed","template":"page-templates\/side-menu.php","meta":{"_bbp_topic_count":0,"_bbp_reply_count":0,"_bbp_total_topic_count":0,"_bbp_total_reply_count":0,"_bbp_voice_count":0,"_bbp_anonymous_reply_count":0,"_bbp_topic_count_hidden":0,"_bbp_reply_count_hidden":0,"_bbp_forum_subforum_count":0,"footnotes":""},"class_list":["post-285","page","type-page","status-publish","hentry"],"post_mailing_queue_ids":[],"_links":{"self":[{"href":"https:\/\/agora.xtec.cat\/ceip-fontroure\/wp-json\/wp\/v2\/pages\/285","targetHints":{"allow":["GET"]}}],"collection":[{"href":"https:\/\/agora.xtec.cat\/ceip-fontroure\/wp-json\/wp\/v2\/pages"}],"about":[{"href":"https:\/\/agora.xtec.cat\/ceip-fontroure\/wp-json\/wp\/v2\/types\/page"}],"author":[{"embeddable":true,"href":"https:\/\/agora.xtec.cat\/ceip-fontroure\/wp-json\/wp\/v2\/users\/1"}],"replies":[{"embeddable":true,"href":"https:\/\/agora.xtec.cat\/ceip-fontroure\/wp-json\/wp\/v2\/comments?post=285"}],"version-history":[{"count":7,"href":"https:\/\/agora.xtec.cat\/ceip-fontroure\/wp-json\/wp\/v2\/pages\/285\/revisions"}],"predecessor-version":[{"id":4445,"href":"https:\/\/agora.xtec.cat\/ceip-fontroure\/wp-json\/wp\/v2\/pages\/285\/revisions\/4445"}],"up":[{"embeddable":true,"href":"https:\/\/agora.xtec.cat\/ceip-fontroure\/wp-json\/wp\/v2\/pages\/22"}],"wp:attachment":[{"href":"https:\/\/agora.xtec.cat\/ceip-fontroure\/wp-json\/wp\/v2\/media?parent=285"}],"curies":[{"name":"wp","href":"https:\/\/api.w.org\/{rel}","templated":true}]}}