{"id":28,"date":"2014-09-18T12:29:35","date_gmt":"2014-09-18T11:29:35","guid":{"rendered":"http:\/\/agora.xtec.cat\/ceip-fontroure\/?page_id=28"},"modified":"2025-12-02T09:23:36","modified_gmt":"2025-12-02T08:23:36","slug":"consell-escolar","status":"publish","type":"page","link":"https:\/\/agora.xtec.cat\/ceip-fontroure\/lescola\/consell-escolar\/","title":{"rendered":"Consell escolar"},"content":{"rendered":"<div>\n<table style=\"width: 69.6831%; height: 623px;\" width=\"816\">\n<tbody>\n<tr style=\"height: 33px;\">\n<td style=\"height: 33px; width: 30.9609%;\" width=\"254\">Director<\/td>\n<td style=\"height: 33px; width: 42.9181%;\" width=\"352\">Xavier Sol\u00e9 Felip<\/td>\n<td style=\"height: 33px; width: 25.6228%;\" width=\"210\">Mandat PdD 2025-2029<\/td>\n<\/tr>\n<tr style=\"height: 33px;\">\n<td style=\"height: 33px; width: 30.9609%;\">Cap d&#8217;estudis<\/td>\n<td style=\"height: 33px; width: 42.9181%;\">Elisabet Barco Villar<\/td>\n<td style=\"height: 33px; width: 25.6228%;\">Mandat PdD 2025-2029<\/td>\n<\/tr>\n<tr style=\"height: 33px;\">\n<td style=\"height: 33px; width: 30.9609%;\">Secret\u00e0ria<\/td>\n<td style=\"height: 33px; width: 42.9181%;\">Laia Vallhonrat Alcantara<\/td>\n<td style=\"height: 33px; width: 25.6228%;\">Mandat PdD 2025-2029<\/td>\n<\/tr>\n<tr style=\"height: 33px;\">\n<td style=\"height: 33px; width: 30.9609%;\">Representant de l&#8217;Ajuntament<\/td>\n<td style=\"height: 33px; width: 42.9181%;\">Lenny Denise Abreu Esquivel<\/td>\n<td style=\"height: 33px; width: 25.6228%;\">Designaci\u00f3 2025-2026<\/td>\n<\/tr>\n<tr style=\"height: 33px;\">\n<td style=\"height: 33px; width: 30.9609%;\"><\/td>\n<td style=\"height: 33px; width: 42.9181%;\">Carme Alias Mercado (autoritzada)<\/td>\n<td style=\"height: 33px; width: 25.6228%;\">Designaci\u00f3 2025-2026<\/td>\n<\/tr>\n<tr style=\"height: 33px;\">\n<td style=\"height: 33px; width: 30.9609%;\"><\/td>\n<td style=\"height: 33px; width: 42.9181%;\">Lourdes Bosch Albert\u00ed (autoritzada)<\/td>\n<td style=\"height: 33px; width: 25.6228%;\">Designaci\u00f3 2025-2026<\/td>\n<\/tr>\n<tr style=\"height: 33px;\">\n<td style=\"height: 33px; width: 30.9609%;\">Representant de l&#8217;AFA<\/td>\n<td style=\"height: 33px; width: 42.9181%;\">Yolanda Anguita Garcia<\/td>\n<td style=\"height: 33px; width: 25.6228%;\">Designaci\u00f3 2025-2026<\/td>\n<\/tr>\n<tr style=\"height: 33px;\">\n<td style=\"height: 33px; width: 30.9609%;\">Representant de pares i mares<\/td>\n<td style=\"height: 33px; width: 42.9181%;\">Fatima Paola Segovia Castro<\/td>\n<td style=\"height: 33px; width: 25.6228%;\">2023-2027<\/td>\n<\/tr>\n<tr style=\"height: 33px;\">\n<td style=\"height: 33px; width: 30.9609%;\">Representant de pares i mares<\/td>\n<td style=\"height: 33px; width: 42.9181%;\">Vansessa P\u00e9rez Dieguez<\/td>\n<td style=\"height: 33px; width: 25.6228%;\">2023-2027<\/td>\n<\/tr>\n<tr style=\"height: 33px;\">\n<td style=\"height: 33px; width: 30.9609%;\">Representant de pares i mares<\/td>\n<td style=\"height: 33px; width: 42.9181%;\">Aida Paisano Mestre<\/td>\n<td style=\"height: 33px; width: 25.6228%;\">2025-2029<\/td>\n<\/tr>\n<tr style=\"height: 33px;\">\n<td style=\"height: 33px; width: 30.9609%;\">Representant de pares i mares<\/td>\n<td style=\"height: 33px; width: 42.9181%;\">Ivandro Abdelltamid Dos Santos<\/td>\n<td style=\"height: 33px; width: 25.6228%;\">2025-2029<\/td>\n<\/tr>\n<tr style=\"height: 33px;\">\n<td style=\"height: 19px; width: 30.9609%;\">Representant de pares i mares<\/td>\n<td style=\"height: 19px; width: 42.9181%;\">Juan Francisco Vargas Mu\u00f1oz<\/td>\n<td style=\"height: 19px; width: 25.6228%;\">2025-2029<\/td>\n<\/tr>\n<tr style=\"height: 33px;\">\n<td style=\"width: 30.9609%; height: 10px;\">Representant del PAE<\/td>\n<td style=\"width: 42.9181%; height: 10px;\">Ariadna Molines Ferre<\/td>\n<td style=\"width: 25.6228%; height: 10px;\">2025-2029<\/td>\n<\/tr>\n<tr style=\"height: 33px;\">\n<td style=\"height: 33px; width: 30.9609%;\">Representant del PAS<\/td>\n<td style=\"height: 33px; width: 42.9181%;\">Llu\u00eds Perales Margarit<\/td>\n<td style=\"height: 33px; width: 25.6228%;\">2025-2029<\/td>\n<\/tr>\n<tr style=\"height: 33px;\">\n<td style=\"height: 33px; width: 30.9609%;\">Representat del professorat<\/td>\n<td style=\"height: 33px; width: 42.9181%;\">Raquel Garrig\u00f3s Llorens<\/td>\n<td style=\"height: 33px; width: 25.6228%;\">2025-2029<\/td>\n<\/tr>\n<tr style=\"height: 33px;\">\n<td style=\"height: 33px; width: 30.9609%;\">Representat del professorat<\/td>\n<td style=\"height: 33px; width: 42.9181%;\">X\u00e8nia P\u00e8riz Laguna<\/td>\n<td style=\"height: 33px; width: 25.6228%;\">2023-2027<\/td>\n<\/tr>\n<tr style=\"height: 33px;\">\n<td style=\"height: 33px; width: 30.9609%;\">Representat del professorat<\/td>\n<td style=\"height: 33px; width: 42.9181%;\">S\u00edlvia Muniesa Vargas<\/td>\n<td style=\"height: 33px; width: 25.6228%;\">2025-2029<\/td>\n<\/tr>\n<tr style=\"height: 33px;\">\n<td style=\"height: 33px; width: 30.9609%;\">Representat del professorat<\/td>\n<td style=\"height: 33px; width: 42.9181%;\">Eva Ju\u00e1rez Santoyo<\/td>\n<td style=\"height: 33px; width: 25.6228%;\">2023-2027<\/td>\n<\/tr>\n<tr style=\"height: 33px;\">\n<td style=\"height: 33px; width: 30.9609%;\">Representat del professorat<\/td>\n<td style=\"height: 33px; width: 42.9181%;\">Bruno Calopa Ruesta<\/td>\n<td style=\"height: 33px; width: 25.6228%;\">2025-2029<\/td>\n<\/tr>\n<tr style=\"height: 33px;\">\n<td style=\"height: 33px; width: 30.9609%;\">Representat del professorat<\/td>\n<td style=\"height: 33px; width: 42.9181%;\">Zaira Alcoy Mercad\u00e9<\/td>\n<td style=\"height: 33px; width: 25.6228%;\">2023-2027<\/td>\n<\/tr>\n<\/tbody>\n<\/table>\n<\/div>\n<p><strong>CURS 2025-2026.<\/strong><\/p>\n<p>Presentaci\u00f3 de la sessi\u00f3 del consell escolar 01\/12\/2025.<\/p>\n<p><iframe loading=\"lazy\" src=\"https:\/\/drive.google.com\/file\/d\/1B-tdP37A8FnJRURRzgaeGdmDZPcFiMgc\/preview\" width=\"640\" height=\"480\"><\/iframe><\/p>\n<p>Presentaci\u00f3 de la sessi\u00f3 del consell escolar 28\/09\/2025.<\/p>\n<p><iframe loading=\"lazy\" src=\"https:\/\/drive.google.com\/file\/d\/1RyIFVxigacOdan7BvnasMYbxNX1CcbpC\/preview\" width=\"640\" height=\"480\"><\/iframe><\/p>\n<p><strong>CURS 2024\/2025.<\/strong><\/p>\n<p>Presentaci\u00f3 de la sessi\u00f3 del consell escolar 07\/07\/2025.<\/p>\n<div style=\"position: relative; width: 100%; height: 0; padding-top: 56.2500%; padding-bottom: 0; box-shadow: 0 2px 8px 0 rgba(63,69,81,0.16); margin-top: 1.6em; margin-bottom: 0.9em; overflow: hidden; border-radius: 8px; will-change: transform;\"><iframe style=\"position: absolute; width: 100%; height: 100%; top: 0; left: 0; border: none; padding: 0; margin: 0;\" src=\"https:\/\/www.canva.com\/design\/DAGr7FWLDxY\/9gbdSsS0rEMz_I0GIia-Ug\/view?embed\" allowfullscreen=\"allowfullscreen\"><br \/>\n<\/iframe><\/div>\n<p>Presentaci\u00f3 de la sessi\u00f3 del consell escolar de 06\/05\/2025.<\/p>\n<p><iframe loading=\"lazy\" src=\"https:\/\/drive.google.com\/file\/d\/1bULFCXo9cvqy372WOMcg6T1nUL2Y74ml\/preview\" width=\"640\" height=\"480\"><\/iframe><\/p>\n<div><\/div>\n<div><strong>CURS 2023\/2024.<\/strong><\/div>\n<div><\/div>\n<div>Presentaci\u00f3 de la sessi\u00f3 del consell escolar de 10\/07\/2024.<\/div>\n<div><\/div>\n<div><iframe loading=\"lazy\" src=\"https:\/\/drive.google.com\/file\/d\/1JxIiaMA4lUL75QEE0BGI6VKCQdBdq7Mb\/preview\" width=\"640\" height=\"480\"><\/iframe><\/div>\n<div><\/div>\n<div>Presentaci\u00f3 de la sessi\u00f3 del consell escolar de 06\/06\/2024.<\/div>\n<div><\/div>\n<div><iframe loading=\"lazy\" src=\"https:\/\/drive.google.com\/file\/d\/1LmKNEhjCZe4UObGVmdBj8zEmfncMo6WV\/preview\" width=\"640\" height=\"480\"><\/iframe><\/div>\n<div><\/div>\n<div>Presentaci\u00f3 de la sessi\u00f3 del consell escolar de 26\/02\/2024.<\/div>\n<div><\/div>\n<div><\/div>\n<div><iframe loading=\"lazy\" src=\"https:\/\/drive.google.com\/file\/d\/1txEdI6wMkHjNk5KV96Vv3-ME6rv_pjnN\/preview\" width=\"640\" height=\"480\"><\/iframe><\/div>\n<div><\/div>\n<div><\/div>\n<div>Presentaci\u00f3 de la sessi\u00f3 del consell escolar de l&#8217;11\/12\/2023.<\/div>\n<div><\/div>\n<div><\/div>\n<p><iframe loading=\"lazy\" src=\"https:\/\/drive.google.com\/file\/d\/1tytdIl1M4e4Ep0OGwTXiBODR0Nvh4d2r\/preview\" width=\"640\" height=\"480\"><\/iframe><\/p>\n<p>Presentaci\u00f3 de la sessi\u00f3 del consell escolar 16\/10\/2023.<\/p>\n<p><iframe loading=\"lazy\" src=\"https:\/\/drive.google.com\/file\/d\/1NUl4oRS2pK4TK2lKbc1SLvO7mfeGzylC\/preview\" width=\"640\" height=\"480\"><\/iframe><\/p>\n<p><strong>CURS 2022\/2023.<\/strong><\/p>\n<p>Presentaci\u00f3 de la sessi\u00f3 del consell escolar 10\/10\/2022.<\/p>\n<p><iframe loading=\"lazy\" src=\"https:\/\/drive.google.com\/file\/d\/1miIeCFJxkfdywNi4urDpoP7Myie05k5v\/preview\" width=\"640\" height=\"480\"><\/iframe><\/p>\n<p>Presentaci\u00f3 de la sessi\u00f3 del consell escolar 28\/11\/2022.<\/p>\n<p><iframe loading=\"lazy\" src=\"https:\/\/drive.google.com\/file\/d\/1HtrqFnqoW0Q2UrHhWiyFcx4tui2ewPjB\/preview\" width=\"640\" height=\"480\"><\/iframe><\/p>\n<p>Presentaci\u00f3 de la sessi\u00f3 del consell escolar 27\/02\/2023.<\/p>\n<p><iframe loading=\"lazy\" src=\"https:\/\/drive.google.com\/file\/d\/13stj1HPqXIhjCNkA1atbWoWUnWHEQj96\/preview\" width=\"640\" height=\"480\"><\/iframe><\/p>\n<p>Presentaci\u00f3 de la sessi\u00f3 del consell escolar 19\/06\/23.<\/p>\n<p><iframe loading=\"lazy\" src=\"https:\/\/drive.google.com\/file\/d\/1r0MdWodpwbRbatN_3mjEN44gQT_3EQZh\/preview\" width=\"640\" height=\"480\"><\/iframe><\/p>\n<p>Presentaci\u00f3 de la sessi\u00f3 del consell escolar 13\/07\/23.<\/p>\n<p><iframe loading=\"lazy\" src=\"https:\/\/drive.google.com\/file\/d\/1WBvnyIVQZJSnJItPami-Dj6SLdrlsShu\/preview\" width=\"640\" height=\"480\"><\/iframe><\/p>\n<p><strong>CURS 2021\/2022.<\/strong><\/p>\n<p>Presentaci\u00f3 de la sessi\u00f3 del consell escolar 05\/10\/2021.<\/p>\n<p><iframe loading=\"lazy\" src=\"https:\/\/drive.google.com\/file\/d\/1cn_UGAyi72TwJtLbLMpsP-zUrlbyoJMy\/preview\" width=\"640\" height=\"480\" data-mce-fragment=\"1\"><\/iframe><\/p>\n<p>Presentaci\u00f3 de la\u00a0 sessi\u00f3 del consell escolar 15\/12\/2021.<\/p>\n<p><iframe loading=\"lazy\" src=\"https:\/\/drive.google.com\/file\/d\/1jFR5AJrq_FeM6BnEIFILnndaLbTZpqg2\/preview\" width=\"640\" height=\"480\" data-mce-fragment=\"1\"><\/iframe><\/p>\n<p>Presentaci\u00f3 de la sessi\u00f3 del consell escolar 16\/02\/2022.<\/p>\n<p><iframe loading=\"lazy\" src=\"https:\/\/drive.google.com\/file\/d\/1jybslhQLjDxCPOIEJmNa1LMijbRoCE6w\/preview\" width=\"640\" height=\"480\" data-mce-fragment=\"1\"><\/iframe><\/p>\n<p>Presentaci\u00f3 de la sessi\u00f3 del consell escolar 14\/07\/22<\/p>\n<p><iframe loading=\"lazy\" src=\"https:\/\/drive.google.com\/file\/d\/1fYp8ZnO4lgkNXp07wW_MgSQNVt6wg75E\/preview\" width=\"640\" height=\"480\" data-mce-fragment=\"1\"><\/iframe><\/p>\n<p><span style=\"font-size: 1.6875em; font-weight: bold;\">\u200bNormativa<\/span><\/p>\n<section class=\"centralDistri\">\n<div data-name=\"centralDistri2\">\n<div class=\"ms-webpart-zone ms-fullWidth\">\n<div id=\"MSOZoneCell_WebPartWPQ3\" class=\"s4-wpcell-plain ms-webpartzone-cell ms-webpart-cell-vertical ms-fullWidth \">\n<div class=\"ms-webpart-chrome ms-webpart-chrome-vertical ms-webpart-chrome-fullWidth \">\n<div id=\"WebPartWPQ3\" class=\"ms-WPBody \">\n<div class=\"ms-rtestate-field\">\n<p><a href=\"https:\/\/dogc.gencat.cat\/ca\/document-del-dogc\/index.html?documentId=968070\">Resoluci\u00f3 EDU\/3014\/2023\u200b<\/a>, de 30 d&#8217;agost , per la qual s&#8217;estableix el calendari i el r\u00e8gim del proc\u00e9s electoral per renovar els membres dels consells escolars dels centres p\u00fablics i privats sostinguts amb fons p\u00fablics i es crea un pla pilot per implementar el sistema de vot electr\u00f2nic en centres p\u00fablics de titularitat del Departament d&#8217;Educaci\u00f3.<\/p>\n<div>\n<p><a href=\"https:\/\/portaljuridic.gencat.cat\/ca\/pjur_ocults\/pjur_resultats_fitxa\/?action=fitxa&amp;mode=single&amp;documentId=627338&amp;language=ca_ES\">Llei org\u00e0nica 2\/2006<\/a>, de 3 de maig, d&#8217;educaci\u00f3<\/p>\n<p><a href=\"https:\/\/portaljuridic.gencat.cat\/ca\/pjur_ocults\/pjur_resultats_fitxa\/?action=fitxa&amp;documentId=628910&amp;language=ca_ES&amp;textWords=Llei%2520org%25C3%25A0nica%25208\/1985%2c%2520de%25203%2520de%2520juliol%2c%2520reguladora%2520del%2520dret%2520a%2520l%27educaci%25C3%25B3&amp;mode=single\">Llei org\u00e0nica 8\/1985<\/a>, de 3 de juliol, reguladora del dret a l&#8217;educaci\u00f3<\/p>\n<p><a href=\"https:\/\/portaljuridic.gencat.cat\/ca\/pjur_ocults\/pjur_resultats_fitxa\/?action=fitxa&amp;documentId=545262&amp;language=ca_ES&amp;textWords=Decret%2520102\/2010%2c%2520de%25203%2520d%27agost%2c%2520d%27autonomia%2520dels%2520centres%2520educatius&amp;mode=single\">Decret 102\/2010\u00a0<\/a>, de 3 d&#8217;agost, d&#8217;autonomia dels centres educatius<\/p>\n<p><a href=\"https:\/\/dogc.gencat.cat\/ca\/document-del-dogc\/?documentId=930988\">Resoluci\u00f3 EDU\/1705\/2022\u00a0<\/a>, d&#8217;1 de juny, per la qual s&#8217;acorda ajornar les eleccions per a la renovaci\u00f3 dels membres dels consells escolars dels centres p\u00fablics i privats sostinguts amb fons p\u00fablics i es prorroga el mandat dels membres objecte de renovaci\u00f3.\u200b\u200b<\/p>\n<\/div>\n<\/div>\n<\/div>\n<\/div>\n<\/div>\n<\/div>\n<\/div>\n<\/section>\n","protected":false},"excerpt":{"rendered":"<p>Director<br \/>\nXavier Sol\u00e9 Felip<br \/>\nMandat PdD 2025-2029<\/p>\n<p>Cap d&#8217;estudis<br \/>\nElisabet Barco Villar<br \/>\nMandat PdD 2025-2029<\/p>\n<p>Secret\u00e0ria<br \/>\nLaia Vallhonrat Alcantara<br \/>\nMandat PdD 2025-2029<\/p>\n<p>Representant de l&#8217;Ajuntament<br \/>\nLenny Denise Abreu Esquivel<br \/>\nDesignaci\u00f3 2025-2026<\/p>\n<p>Carme Alias Mercado (autoritzada)<br \/>\nDesignaci\u00f3 2025-2026<\/p>\n<p>Lourdes Bosch Albert\u00ed (autoritzada)<br \/>\nDesignaci\u00f3 2025-2026<\/p>\n<p>Representant de l&#8217;AFA<br \/>\nYolanda Anguita Garcia<br \/>\nDesignaci\u00f3 2025-2026<\/p>\n<p>Representant de pares i mares<br \/>\nFatima Paola Segovia Castro<br \/>\n2023-2027<\/p>\n<p>Representant de pares i mares<br \/>\nVansessa P\u00e9rez&hellip;  <a href=\"https:\/\/agora.xtec.cat\/ceip-fontroure\/lescola\/consell-escolar\/\" title=\"Read Consell escolar\">Llegeix m\u00e9s\u00bb<\/a><\/p>\n","protected":false},"author":1,"featured_media":0,"parent":22,"menu_order":30,"comment_status":"closed","ping_status":"closed","template":"page-templates\/side-menu.php","meta":{"_bbp_topic_count":0,"_bbp_reply_count":0,"_bbp_total_topic_count":0,"_bbp_total_reply_count":0,"_bbp_voice_count":0,"_bbp_anonymous_reply_count":0,"_bbp_topic_count_hidden":0,"_bbp_reply_count_hidden":0,"_bbp_forum_subforum_count":0,"footnotes":""},"class_list":["post-28","page","type-page","status-publish","hentry"],"post_mailing_queue_ids":[],"_links":{"self":[{"href":"https:\/\/agora.xtec.cat\/ceip-fontroure\/wp-json\/wp\/v2\/pages\/28","targetHints":{"allow":["GET"]}}],"collection":[{"href":"https:\/\/agora.xtec.cat\/ceip-fontroure\/wp-json\/wp\/v2\/pages"}],"about":[{"href":"https:\/\/agora.xtec.cat\/ceip-fontroure\/wp-json\/wp\/v2\/types\/page"}],"author":[{"embeddable":true,"href":"https:\/\/agora.xtec.cat\/ceip-fontroure\/wp-json\/wp\/v2\/users\/1"}],"replies":[{"embeddable":true,"href":"https:\/\/agora.xtec.cat\/ceip-fontroure\/wp-json\/wp\/v2\/comments?post=28"}],"version-history":[{"count":6,"href":"https:\/\/agora.xtec.cat\/ceip-fontroure\/wp-json\/wp\/v2\/pages\/28\/revisions"}],"predecessor-version":[{"id":4438,"href":"https:\/\/agora.xtec.cat\/ceip-fontroure\/wp-json\/wp\/v2\/pages\/28\/revisions\/4438"}],"up":[{"embeddable":true,"href":"https:\/\/agora.xtec.cat\/ceip-fontroure\/wp-json\/wp\/v2\/pages\/22"}],"wp:attachment":[{"href":"https:\/\/agora.xtec.cat\/ceip-fontroure\/wp-json\/wp\/v2\/media?parent=28"}],"curies":[{"name":"wp","href":"https:\/\/api.w.org\/{rel}","templated":true}]}}