{"id":26,"date":"2014-09-18T12:24:32","date_gmt":"2014-09-18T11:24:32","guid":{"rendered":"http:\/\/agora.xtec.cat\/ceip-fontroure\/?page_id=26"},"modified":"2021-05-11T10:09:08","modified_gmt":"2021-05-11T08:09:08","slug":"historia","status":"publish","type":"page","link":"https:\/\/agora.xtec.cat\/ceip-fontroure\/lescola\/historia\/","title":{"rendered":"Hist\u00f2ria"},"content":{"rendered":"<h6><em><span style=\"font-size: medium;\">Una mica d&#8217;hist\u00f2ria<\/span><\/em><\/h6>\n<p><a href=\"https:\/\/agora.xtec.cat\/ceip-fontroure\/wp-content\/uploads\/usu620\/2021\/05\/mvc-003f.jpg\"><img loading=\"lazy\" decoding=\"async\" class=\"alignnone size-large wp-image-3137\" src=\"https:\/\/agora.xtec.cat\/ceip-fontroure\/wp-content\/uploads\/usu620\/2021\/05\/mvc-003f-1024x768.jpg\" alt=\"\" width=\"1024\" height=\"768\" srcset=\"https:\/\/agora.xtec.cat\/ceip-fontroure\/wp-content\/uploads\/usu620\/2021\/05\/mvc-003f.jpg 1024w, https:\/\/agora.xtec.cat\/ceip-fontroure\/wp-content\/uploads\/usu620\/2021\/05\/mvc-003f-300x225.jpg 300w, https:\/\/agora.xtec.cat\/ceip-fontroure\/wp-content\/uploads\/usu620\/2021\/05\/mvc-003f-768x576.jpg 768w, https:\/\/agora.xtec.cat\/ceip-fontroure\/wp-content\/uploads\/usu620\/2021\/05\/mvc-003f-200x150.jpg 200w\" sizes=\"auto, (max-width: 1024px) 100vw, 1024px\" \/><\/a><\/p>\n<h6><em><span style=\"font-size: medium;\">L&#8217;any 2003 va comen\u00e7ar a funcionar la nostra escola en quatre m\u00f2duls, ben b\u00e9 enmig d&#8217;un prat a la poblaci\u00f3 de Masquefa. Llavors compt\u00e0vem amb 83 alumnes de P3 i P4, 6 mestres i l&#8217;escola encara no tenia nom.<\/span><\/em><\/h6>\n<h6><em><span style=\"font-size: medium;\">El curs 2004-2005 ten\u00edem 5 m\u00f2duls, 126 alumnes, 11 mestres i ja \u00e9rem &#8220;Ceip Font del Roure&#8221;!<\/span><\/em><\/h6>\n<h6><em><span style=\"font-size: medium;\">El curs 2005-2006 ten\u00edem 7 m\u00f2duls, 198 alumnes i 16 mestres. Vam comen\u00e7ar l&#8217;etada de prim\u00e0ria i tamb\u00e9 la construcci\u00f3 del nou edifici.<\/span><\/em><\/h6>\n<h6><em><span style=\"font-size: medium;\">El curs 2006-2007 les obres no acabaven i llavors ja ten\u00edem 8 m\u00f2duls, 274 alumnes i 20 mestres.<\/span><\/em><\/h6>\n<h6><em>Poc a poc l&#8217;escola va anar creixent i per fi, el curs 2007-2008 vam poder estrenar el nou edifici amb un total de 369 alumnes i 28 mestres. En aquest curs ja vam comen\u00e7ar amb el Cicle Mitj\u00e0 de prim\u00e0ria.<\/em><\/h6>\n<p><a href=\"https:\/\/agora.xtec.cat\/ceip-fontroure\/wp-content\/uploads\/usu620\/2021\/05\/fonaments-escola.jpg\"><img loading=\"lazy\" decoding=\"async\" class=\"size-large wp-image-3134\" src=\"https:\/\/agora.xtec.cat\/ceip-fontroure\/wp-content\/uploads\/usu620\/2021\/05\/fonaments-escola-1024x768.jpg\" alt=\"\" width=\"1024\" height=\"768\" srcset=\"https:\/\/agora.xtec.cat\/ceip-fontroure\/wp-content\/uploads\/usu620\/2021\/05\/fonaments-escola-1024x768.jpg 1024w, https:\/\/agora.xtec.cat\/ceip-fontroure\/wp-content\/uploads\/usu620\/2021\/05\/fonaments-escola-300x225.jpg 300w, https:\/\/agora.xtec.cat\/ceip-fontroure\/wp-content\/uploads\/usu620\/2021\/05\/fonaments-escola-768x576.jpg 768w, https:\/\/agora.xtec.cat\/ceip-fontroure\/wp-content\/uploads\/usu620\/2021\/05\/fonaments-escola-200x150.jpg 200w, https:\/\/agora.xtec.cat\/ceip-fontroure\/wp-content\/uploads\/usu620\/2021\/05\/fonaments-escola.jpg 1600w\" sizes=\"auto, (max-width: 1024px) 100vw, 1024px\" \/><\/a><\/p>\n<p><a href=\"https:\/\/agora.xtec.cat\/ceip-fontroure\/wp-content\/uploads\/usu620\/2021\/05\/ja-construiexen.jpg\"><img loading=\"lazy\" decoding=\"async\" class=\"alignnone size-large wp-image-3135\" src=\"https:\/\/agora.xtec.cat\/ceip-fontroure\/wp-content\/uploads\/usu620\/2021\/05\/ja-construiexen-1024x768.jpg\" alt=\"\" width=\"1024\" height=\"768\" srcset=\"https:\/\/agora.xtec.cat\/ceip-fontroure\/wp-content\/uploads\/usu620\/2021\/05\/ja-construiexen.jpg 1024w, https:\/\/agora.xtec.cat\/ceip-fontroure\/wp-content\/uploads\/usu620\/2021\/05\/ja-construiexen-300x225.jpg 300w, https:\/\/agora.xtec.cat\/ceip-fontroure\/wp-content\/uploads\/usu620\/2021\/05\/ja-construiexen-768x576.jpg 768w, https:\/\/agora.xtec.cat\/ceip-fontroure\/wp-content\/uploads\/usu620\/2021\/05\/ja-construiexen-200x150.jpg 200w\" sizes=\"auto, (max-width: 1024px) 100vw, 1024px\" \/><\/a><\/p>\n<p><a href=\"https:\/\/agora.xtec.cat\/ceip-fontroure\/wp-content\/uploads\/usu620\/2021\/05\/solar-escola.jpg\"><img loading=\"lazy\" decoding=\"async\" class=\"size-large wp-image-3136\" src=\"https:\/\/agora.xtec.cat\/ceip-fontroure\/wp-content\/uploads\/usu620\/2021\/05\/solar-escola-1024x768.jpg\" alt=\"\" width=\"1024\" height=\"768\" srcset=\"https:\/\/agora.xtec.cat\/ceip-fontroure\/wp-content\/uploads\/usu620\/2021\/05\/solar-escola-1024x768.jpg 1024w, https:\/\/agora.xtec.cat\/ceip-fontroure\/wp-content\/uploads\/usu620\/2021\/05\/solar-escola-300x225.jpg 300w, https:\/\/agora.xtec.cat\/ceip-fontroure\/wp-content\/uploads\/usu620\/2021\/05\/solar-escola-768x576.jpg 768w, https:\/\/agora.xtec.cat\/ceip-fontroure\/wp-content\/uploads\/usu620\/2021\/05\/solar-escola-200x150.jpg 200w, https:\/\/agora.xtec.cat\/ceip-fontroure\/wp-content\/uploads\/usu620\/2021\/05\/solar-escola.jpg 1600w\" sizes=\"auto, (max-width: 1024px) 100vw, 1024px\" \/><\/a><\/p>\n<div>\n<div><em>&#8230;dels barracons al nou edifici&#8230;<\/em><\/div>\n<\/div>\n<h6><em>Per fi vam poder gaudir d&#8217;un nou edifici amb nous espais, amb un bon menjador i cuina pr\u00f2pia, un gran gimn\u00e0s, patis espec\u00edfics per infantil i prim\u00e0ria i espais per oferir extraescolars.<\/em><\/h6>\n<p><img loading=\"lazy\" decoding=\"async\" class=\"alignnone \" src=\"https:\/\/images.adsttc.com\/media\/images\/50b6\/9f82\/b3fc\/4b7c\/9900\/0028\/slideshow\/ONL_imatge1_06.jpg?1354145666\" width=\"1023\" height=\"577\" \/><\/p>\n<h6><em>Els anys van anar passant i l&#8217;escola, el curs 2011 va poder graduar els primers alumnes de 6\u00e8!<\/em><\/h6>\n<h6><\/h6>\n<p><em>Hem seguit gaudint de la nostra tasca educativa i el curs 2013-2014 hem celebrat el 10\u00e8 ANIVERSARI! Una festa plena d&#8217;activitats i on es va escollir un nou logotip per l&#8217;escola! Els familiars dels nostres alumnes van ser els encarregats de participar en el concurs del logotip durant la setmana liter\u00e0ria i l&#8217;escollit va ser aquest:<\/em><\/p>\n<div><img loading=\"lazy\" decoding=\"async\" class=\"alignnone \" src=\"https:\/\/images.adsttc.com\/media\/images\/50b6\/9f87\/b3fc\/4b7c\/9900\/002a\/slideshow\/ONL_imatge1_07.jpg?1354145671\" width=\"1023\" height=\"490\" \/><em><a href=\"https:\/\/sites.google.com\/a\/xtec.cat\/escola-font-del-roure\/presentacio\/logo_font_web995.jpg?attredirects=0\"><img loading=\"lazy\" decoding=\"async\" src=\"https:\/\/sites.google.com\/a\/xtec.cat\/escola-font-del-roure\/_\/rsrc\/1412845595019\/presentacio\/logo_font_web995.jpg?height=95&amp;width=200\" alt=\"\" width=\"200\" height=\"95\" border=\"0\" \/><\/a><\/em><\/div>\n<div>\n<h6><em>Aix\u00ed doncs, amb un nou logotip i la motxilla plena d&#8217;experi\u00e8ncies i amb espai per tenir-ne moltes m\u00e9s, ens endinsem a un nou curs que, com sempre, agafem amb molta il\u00b7lusi\u00f3!<\/em><\/h6>\n<\/div>\n<div>\n<p><span style=\"font-size: small;\"><a href=\"https:\/\/agora.xtec.cat\/ceip-fontroure\/wp-content\/uploads\/usu620\/2021\/05\/Logotip-nou-color.jpg\"><img loading=\"lazy\" decoding=\"async\" class=\"alignnone  wp-image-3142\" src=\"https:\/\/agora.xtec.cat\/ceip-fontroure\/wp-content\/uploads\/usu620\/2021\/05\/Logotip-nou-color.jpg\" alt=\"\" width=\"1022\" height=\"440\" srcset=\"https:\/\/agora.xtec.cat\/ceip-fontroure\/wp-content\/uploads\/usu620\/2021\/05\/Logotip-nou-color.jpg 963w, https:\/\/agora.xtec.cat\/ceip-fontroure\/wp-content\/uploads\/usu620\/2021\/05\/Logotip-nou-color-300x129.jpg 300w, https:\/\/agora.xtec.cat\/ceip-fontroure\/wp-content\/uploads\/usu620\/2021\/05\/Logotip-nou-color-768x331.jpg 768w\" sizes=\"auto, (max-width: 1022px) 100vw, 1022px\" \/><\/a><br \/>\n<i>&#8220;Quan surts per fer el viatge cap a \u00cdtaca,<br \/>\nhas de pregar que el cam\u00ed sigui llarg,<br \/>\nple d&#8217;aventures, ple de coneixences.<br \/>\nHas de pregar que el cam\u00ed sigui llarg,<br \/>\nque siguin moltes les matinades<br \/>\nque entrar\u00e0s en un port que els teus ulls ignoraven,<br \/>\ni vagis a ciutats per aprendre dels que saben.<br \/>\nTingues sempre al cor la idea d&#8217;\u00cdtaca.<br \/>\nHas d&#8217;arribar-hi, \u00e9s el teu dest\u00ed,<br \/>\nper\u00f2 no forcis gens la travessia.<br \/>\n\u00c9s preferible que duri molts anys,<br \/>\nque siguis vell quan fondegis l&#8217;illa,<br \/>\nric de tot el que haur\u00e0s guanyat fent el cam\u00ed,<br \/>\nsense esperar que et doni m\u00e9s riqueses.<br \/>\n\u00cdtaca t&#8217;ha donat el bell viatge,<br \/>\nsense ella no hauries sortit.<br \/>\nI si la trobes pobra, no \u00e9s que \u00cdtaca<br \/>\nt&#8217;hagi enganyat. Savi, com b\u00e9 t&#8217;has fet,<br \/>\nsabr\u00e0s el que volen dir les \u00cdtaques.&#8221;<br \/>\n<\/i><i>Llu\u00eds Llach.<\/i><\/span><\/p>\n<p><a href=\"https:\/\/agora.xtec.cat\/ceip-fontroure\/wp-content\/uploads\/usu620\/2021\/05\/Copia-de-pROC\u00c9S-PARTICIPATIU-PATIS-3.png\"><img loading=\"lazy\" decoding=\"async\" class=\"alignnone wp-image-3140\" src=\"https:\/\/agora.xtec.cat\/ceip-fontroure\/wp-content\/uploads\/usu620\/2021\/05\/Copia-de-pROC\u00c9S-PARTICIPATIU-PATIS-3-410x1024.png\" alt=\"\" width=\"704\" height=\"1758\" srcset=\"https:\/\/agora.xtec.cat\/ceip-fontroure\/wp-content\/uploads\/usu620\/2021\/05\/Copia-de-pROC\u00c9S-PARTICIPATIU-PATIS-3-410x1024.png 410w, https:\/\/agora.xtec.cat\/ceip-fontroure\/wp-content\/uploads\/usu620\/2021\/05\/Copia-de-pROC\u00c9S-PARTICIPATIU-PATIS-3-120x300.png 120w\" sizes=\"auto, (max-width: 704px) 100vw, 704px\" \/><\/a><\/p>\n<\/div>\n","protected":false},"excerpt":{"rendered":"<p>Una mica d&#8217;hist\u00f2ria<br \/>\n<a href=\"https:\/\/agora.xtec.cat\/ceip-fontroure\/wp-content\/uploads\/usu620\/2021\/05\/mvc-003f.jpg\"><\/a><br \/>\nL&#8217;any 2003 va comen\u00e7ar a funcionar la nostra escola en quatre m\u00f2duls, ben b\u00e9 enmig d&#8217;un prat a la poblaci\u00f3 de Masquefa. Llavors compt\u00e0vem amb 83 alumnes de P3 i P4, 6 mestres i l&#8217;escola encara no tenia nom.<br \/>\nEl curs 2004-2005 ten\u00edem&hellip;  <a href=\"https:\/\/agora.xtec.cat\/ceip-fontroure\/lescola\/historia\/\" title=\"Read Hist\u00f2ria\">Llegeix m\u00e9s\u00bb<\/a><\/p>\n","protected":false},"author":1,"featured_media":0,"parent":22,"menu_order":20,"comment_status":"closed","ping_status":"closed","template":"page-templates\/side-menu.php","meta":{"_bbp_topic_count":0,"_bbp_reply_count":0,"_bbp_total_topic_count":0,"_bbp_total_reply_count":0,"_bbp_voice_count":0,"_bbp_anonymous_reply_count":0,"_bbp_topic_count_hidden":0,"_bbp_reply_count_hidden":0,"_bbp_forum_subforum_count":0,"footnotes":""},"class_list":["post-26","page","type-page","status-publish","hentry"],"post_mailing_queue_ids":[],"_links":{"self":[{"href":"https:\/\/agora.xtec.cat\/ceip-fontroure\/wp-json\/wp\/v2\/pages\/26","targetHints":{"allow":["GET"]}}],"collection":[{"href":"https:\/\/agora.xtec.cat\/ceip-fontroure\/wp-json\/wp\/v2\/pages"}],"about":[{"href":"https:\/\/agora.xtec.cat\/ceip-fontroure\/wp-json\/wp\/v2\/types\/page"}],"author":[{"embeddable":true,"href":"https:\/\/agora.xtec.cat\/ceip-fontroure\/wp-json\/wp\/v2\/users\/1"}],"replies":[{"embeddable":true,"href":"https:\/\/agora.xtec.cat\/ceip-fontroure\/wp-json\/wp\/v2\/comments?post=26"}],"version-history":[{"count":3,"href":"https:\/\/agora.xtec.cat\/ceip-fontroure\/wp-json\/wp\/v2\/pages\/26\/revisions"}],"predecessor-version":[{"id":3143,"href":"https:\/\/agora.xtec.cat\/ceip-fontroure\/wp-json\/wp\/v2\/pages\/26\/revisions\/3143"}],"up":[{"embeddable":true,"href":"https:\/\/agora.xtec.cat\/ceip-fontroure\/wp-json\/wp\/v2\/pages\/22"}],"wp:attachment":[{"href":"https:\/\/agora.xtec.cat\/ceip-fontroure\/wp-json\/wp\/v2\/media?parent=26"}],"curies":[{"name":"wp","href":"https:\/\/api.w.org\/{rel}","templated":true}]}}