{"id":505,"date":"2016-09-28T19:06:06","date_gmt":"2016-09-28T18:06:06","guid":{"rendered":"http:\/\/agora.xtec.cat\/ceip-folchitorres\/?page_id=505"},"modified":"2025-06-27T10:34:40","modified_gmt":"2025-06-27T08:34:40","slug":"horaris","status":"publish","type":"page","link":"https:\/\/agora.xtec.cat\/ceip-folchitorres\/lescola\/horaris\/","title":{"rendered":"Horaris"},"content":{"rendered":"<p><b style=\"font-family: inherit; font-size: 1em;\"><span class=\"imUl\"><span class=\"ff3 cf0 fs28\">HORARI CURS ESCOLAR 2025-2026<\/span><\/span><\/b><\/p>\n<div id=\"imPage\">\n<div id=\"imContent\">\n<div>\n<div id=\"imCell_1\" class=\"imGrid[2, 4]\">\n<div id=\"imCellStyle_1\">\n<div id=\"imTextObject_1\">\n<p><b><\/b><span class=\"ff3 cf0 fs28\"><b><\/b>L&#8217;horari de la nostra escola\u00a0 \u00e9s de 9 a 12:30 del mat\u00ed i de 15 a 16:30 de la tarda.<\/span><span class=\"fs18 ff3 cf0\"><br \/>\n<\/span><\/p>\n<p>Els dies 19 de desembre de 2025 i del 8 al 19 de juny de 2026 farem jornada compactada i l&#8217;horari ser\u00e0 de 9 a 13h. L&#8217;alumat que es queda al menjador en aquest per\u00edode es podr\u00e0 recollir a les 15h o a les 16:30.<\/p>\n<\/div>\n<\/div>\n<\/div>\n<\/div>\n<div>\n<div id=\"imCell_2\" class=\"imGrid[5, 5]\">\n<div id=\"imCellStyle_2\">\n<div id=\"imTextObject_2\">\n<p><span class=\"ff2 cf0 fs28\"><b><span class=\"imUl\"><br \/>\nHORARI TUTORIES<\/span><\/b><\/span><\/p>\n<\/div>\n<\/div>\n<div id=\"imCellStyle_2\">\n<div id=\"imTextObject_2\">\n<ul>\n<li><span class=\"fs28 ff2 cf0\">Dijous de 12<span class=\"cf1 fs28 ff2\">:30 a 13:30h<\/span><\/span><\/li>\n<\/ul>\n<p><span class=\"fs28 ff2 cf0\"><b>\u00c9s molt important concretar dia i hora amb el\/la mestre\/a corresponent.<\/b><\/span><\/p>\n<p>&nbsp;<\/p>\n<p><span class=\"fs32 ff3 cf0\"><b>\u00a0<\/b><\/span><\/p>\n<\/div>\n<\/div>\n<\/div>\n<\/div>\n<div class=\"imClear\"><\/div>\n<\/div>\n<\/div>\n<div id=\"imFooterBg\"><\/div>\n","protected":false},"excerpt":{"rendered":"<p>HORARI CURS ESCOLAR 2025-2026<\/p>\n<p>L&#8217;horari de la nostra escola\u00a0 \u00e9s de 9 a 12:30 del mat\u00ed i de 15 a 16:30 de la tarda.<\/p>\n<p>Els dies 19 de desembre de 2025 i del 8 al 19 de juny de 2026 farem jornada compactada i l&#8217;horari ser\u00e0 de&hellip;  <a href=\"https:\/\/agora.xtec.cat\/ceip-folchitorres\/lescola\/horaris\/\" title=\"Read Horaris\">Llegeix m\u00e9s\u00bb<\/a><\/p>\n","protected":false},"author":1,"featured_media":0,"parent":22,"menu_order":75,"comment_status":"closed","ping_status":"closed","template":"page-templates\/side-menu.php","meta":{"_bbp_topic_count":0,"_bbp_reply_count":0,"_bbp_total_topic_count":0,"_bbp_total_reply_count":0,"_bbp_voice_count":0,"_bbp_anonymous_reply_count":0,"_bbp_topic_count_hidden":0,"_bbp_reply_count_hidden":0,"_bbp_forum_subforum_count":0,"footnotes":""},"class_list":["post-505","page","type-page","status-publish","hentry"],"post_mailing_queue_ids":[],"_links":{"self":[{"href":"https:\/\/agora.xtec.cat\/ceip-folchitorres\/wp-json\/wp\/v2\/pages\/505","targetHints":{"allow":["GET"]}}],"collection":[{"href":"https:\/\/agora.xtec.cat\/ceip-folchitorres\/wp-json\/wp\/v2\/pages"}],"about":[{"href":"https:\/\/agora.xtec.cat\/ceip-folchitorres\/wp-json\/wp\/v2\/types\/page"}],"author":[{"embeddable":true,"href":"https:\/\/agora.xtec.cat\/ceip-folchitorres\/wp-json\/wp\/v2\/users\/1"}],"replies":[{"embeddable":true,"href":"https:\/\/agora.xtec.cat\/ceip-folchitorres\/wp-json\/wp\/v2\/comments?post=505"}],"version-history":[{"count":6,"href":"https:\/\/agora.xtec.cat\/ceip-folchitorres\/wp-json\/wp\/v2\/pages\/505\/revisions"}],"predecessor-version":[{"id":6088,"href":"https:\/\/agora.xtec.cat\/ceip-folchitorres\/wp-json\/wp\/v2\/pages\/505\/revisions\/6088"}],"up":[{"embeddable":true,"href":"https:\/\/agora.xtec.cat\/ceip-folchitorres\/wp-json\/wp\/v2\/pages\/22"}],"wp:attachment":[{"href":"https:\/\/agora.xtec.cat\/ceip-folchitorres\/wp-json\/wp\/v2\/media?parent=505"}],"curies":[{"name":"wp","href":"https:\/\/api.w.org\/{rel}","templated":true}]}}