{"id":32,"date":"2019-09-12T12:31:33","date_gmt":"2019-09-12T10:31:33","guid":{"rendered":"http:\/\/agora.xtec.cat\/ceip-folchitorres\/?page_id=32"},"modified":"2025-06-27T09:53:21","modified_gmt":"2025-06-27T07:53:21","slug":"calendari-del-curs","status":"publish","type":"page","link":"https:\/\/agora.xtec.cat\/ceip-folchitorres\/lescola\/calendari-del-curs\/","title":{"rendered":"Calendari del curs 2025-2026"},"content":{"rendered":"<p>&nbsp;<\/p>\n<h4><strong>Inici de curs:<\/strong><\/h4>\n<p>8 de setembre de 2025<\/p>\n<h4><strong>Vacances:<\/strong><\/h4>\n<p><strong>Nadal:<\/strong> Del 22 de desembre de 2025 al 7 de gener de 2026 (ambd\u00f3s inclosos)<\/p>\n<p><strong>Setmana Santa:<\/strong> Del 30 de mar\u00e7 al 6 d\u2019abril de 2026 (ambd\u00f3s inclosos)<\/p>\n<p><strong>Estiu:<\/strong> A partir del 22 de juny de 2026<\/p>\n<h4><strong>Dies festius:<\/strong><\/h4>\n<p>11 de setembre de 2025<\/p>\n<p>8 de desembre de 2025<\/p>\n<p>1 de maig de 2026<\/p>\n<p>25 de maig de 2026<\/p>\n<h4><strong>Dies de lliure disposici\u00f3:<\/strong><\/h4>\n<p>13 d&#8217;octubre de 2025<\/p>\n<p>5 de desembre de 2025<\/p>\n<p>16 de febrer de 2026<\/p>\n<p>9 de mar\u00e7 de 2026<\/p>\n<p>30 d&#8217;abril de 2026<\/p>\n<h4><strong>Jornada intensiva:<\/strong><\/h4>\n<p>19 de desembre de 2025 (de 9h a 13h)<\/p>\n<p>Del 8 de juny al 19 de juny de 2026 (de 9h a 13h)<\/p>\n<h5><strong>Jornada partida:<\/strong><\/h5>\n<p>L\u2019<strong>horari lectiu<\/strong> del centre \u00e9s de 9 a 12,30h i de 15,00 a 16,30 h per a infantil i prim\u00e0ria.<\/p>\n<h5><strong>Horari d&#8217;adaptaci\u00f3 a I3:<\/strong><\/h5>\n<p>Per als alumnes que inicien l\u2019escolaritzaci\u00f3 a I3 s\u2019organitza un breu per\u00edode d\u2019adaptaci\u00f3 que suposa una certa modificaci\u00f3 dels horaris durant els tres primers dies de classe (8, 9 i 10 de setembre). Aquests primers dies l&#8217;alumnat assisteix a l&#8217;escola\u00a0 de 9 a 10:30 o de 11 a 12:30. Aquesta modificaci\u00f3 hor\u00e0ria es pacta amb les fam\u00edlies en la reuni\u00f3 que es fa amb les tutores el dia 3 de setembre a les 17h a la sala polivalent de l&#8217;edifici de prim\u00e0ria (C\/Folch i Torres, 26-30).<\/p>\n<p>&nbsp;<\/p>\n","protected":false},"excerpt":{"rendered":"<p>&nbsp;<br \/>\nInici de curs:<br \/>\n8 de setembre de 2025<br \/>\nVacances:<br \/>\nNadal: Del 22 de desembre de 2025 al 7 de gener de 2026 (ambd\u00f3s inclosos)<br \/>\nSetmana Santa: Del 30 de mar\u00e7 al 6 d\u2019abril de 2026 (ambd\u00f3s inclosos)<br \/>\nEstiu: A partir del 22 de juny de 2026<br \/>\nDies festius:<br \/>\n11 de setembre de&hellip;  <a href=\"https:\/\/agora.xtec.cat\/ceip-folchitorres\/lescola\/calendari-del-curs\/\" title=\"Read Calendari del curs 2025-2026\">Llegeix m\u00e9s\u00bb<\/a><\/p>\n","protected":false},"author":1,"featured_media":0,"parent":22,"menu_order":50,"comment_status":"closed","ping_status":"closed","template":"page-templates\/side-menu.php","meta":{"_bbp_topic_count":0,"_bbp_reply_count":0,"_bbp_total_topic_count":0,"_bbp_total_reply_count":0,"_bbp_voice_count":0,"_bbp_anonymous_reply_count":0,"_bbp_topic_count_hidden":0,"_bbp_reply_count_hidden":0,"_bbp_forum_subforum_count":0,"footnotes":""},"class_list":["post-32","page","type-page","status-publish","hentry"],"post_mailing_queue_ids":[],"_links":{"self":[{"href":"https:\/\/agora.xtec.cat\/ceip-folchitorres\/wp-json\/wp\/v2\/pages\/32","targetHints":{"allow":["GET"]}}],"collection":[{"href":"https:\/\/agora.xtec.cat\/ceip-folchitorres\/wp-json\/wp\/v2\/pages"}],"about":[{"href":"https:\/\/agora.xtec.cat\/ceip-folchitorres\/wp-json\/wp\/v2\/types\/page"}],"author":[{"embeddable":true,"href":"https:\/\/agora.xtec.cat\/ceip-folchitorres\/wp-json\/wp\/v2\/users\/1"}],"replies":[{"embeddable":true,"href":"https:\/\/agora.xtec.cat\/ceip-folchitorres\/wp-json\/wp\/v2\/comments?post=32"}],"version-history":[{"count":6,"href":"https:\/\/agora.xtec.cat\/ceip-folchitorres\/wp-json\/wp\/v2\/pages\/32\/revisions"}],"predecessor-version":[{"id":6083,"href":"https:\/\/agora.xtec.cat\/ceip-folchitorres\/wp-json\/wp\/v2\/pages\/32\/revisions\/6083"}],"up":[{"embeddable":true,"href":"https:\/\/agora.xtec.cat\/ceip-folchitorres\/wp-json\/wp\/v2\/pages\/22"}],"wp:attachment":[{"href":"https:\/\/agora.xtec.cat\/ceip-folchitorres\/wp-json\/wp\/v2\/media?parent=32"}],"curies":[{"name":"wp","href":"https:\/\/api.w.org\/{rel}","templated":true}]}}