{"id":30,"date":"2014-09-18T12:30:23","date_gmt":"2014-09-18T11:30:23","guid":{"rendered":"http:\/\/agora.xtec.cat\/ceip-folchitorres\/?page_id=30"},"modified":"2025-06-27T10:27:13","modified_gmt":"2025-06-27T08:27:13","slug":"instal%c2%b7lacions","status":"publish","type":"page","link":"https:\/\/agora.xtec.cat\/ceip-folchitorres\/lescola\/instal%c2%b7lacions\/","title":{"rendered":"Instal\u00b7lacions"},"content":{"rendered":"<div id=\"imPage\">\n<div id=\"imContent\">\n<div>\n<div id=\"imCell_1\" class=\"imGrid[1, 1]\">\n<div id=\"imCellStyle_1\">\n<p>&nbsp;<\/p>\n<p>La nostra escola t\u00e9 dos edificis:<strong> l&#8217;edifici Carrerada per a Educaci\u00f3 Infantil i l&#8217;edifici Folch i Torres per a Educaci\u00f3 Prim\u00e0ria.<\/strong><\/p>\n<p>Cada curs<strong> adaptem els espais a les necessitats concretes<\/strong> que tenim per tal que els alumnes puguin realitzar diferents activitats amb materials adequats al treball que es realitza en cada moment.<\/p>\n<p>Aquest any, comencem dividint els espais de la seg\u00fcent manera:<\/p>\n<p>&nbsp;<\/p>\n<div id=\"imTextObject_1\">\n<h4><span class=\"cf3 ff1 fs26\">\u00a0<\/span><span class=\"cf4 ff1 fs26\"><b><span class=\"imUl\">EDIFICI CARRERADA<\/span><\/b><\/span><\/h4>\n<p><a href=\"http:\/\/agora.xtec.cat\/ceip-folchitorres\/wp-content\/uploads\/usu170\/2014\/09\/portada-Carrerada-Escola-Folch-i-Torres-Palau.jpg\"><img loading=\"lazy\" decoding=\"async\" class=\"size-full wp-image-900\" src=\"http:\/\/agora.xtec.cat\/ceip-folchitorres\/wp-content\/uploads\/usu170\/2014\/09\/portada-Carrerada-Escola-Folch-i-Torres-Palau.jpg\" alt=\"OLYMPUS DIGITAL CAMERA\" width=\"601\" height=\"451\" srcset=\"https:\/\/agora.xtec.cat\/ceip-folchitorres\/wp-content\/uploads\/usu170\/2014\/09\/portada-Carrerada-Escola-Folch-i-Torres-Palau.jpg 601w, https:\/\/agora.xtec.cat\/ceip-folchitorres\/wp-content\/uploads\/usu170\/2014\/09\/portada-Carrerada-Escola-Folch-i-Torres-Palau-300x225.jpg 300w, https:\/\/agora.xtec.cat\/ceip-folchitorres\/wp-content\/uploads\/usu170\/2014\/09\/portada-Carrerada-Escola-Folch-i-Torres-Palau-200x150.jpg 200w\" sizes=\"auto, (max-width: 601px) 100vw, 601px\" \/><\/a><\/p>\n<p>Aquest edifici, situat al Passeig de la Carrerada, d&#8217;<strong>una sola planta<\/strong> est\u00e0 constru\u00eft amb materials a\u00efllants, i no t\u00e9 cap barrera arquitect\u00f2nica. Les aules s\u00f3n grans i molt lluminoses. Totes tenen sortida directa al pati.<\/p>\n<p>Hi tenim:<\/p>\n<p><span class=\"cf0 ff1 fs26\">6 aules\u00a0<\/span><\/p>\n<p><span class=\"cf0 ff1 fs26\">1 aula de Psicomotricitat<\/span><\/p>\n<p>1 hort<\/p>\n<p><span class=\"cf0 ff1 fs26\">1 sala de mestres i entrevistes<\/span><\/p>\n<p><span class=\"cf0 ff1 fs26\">Menjador<\/span><\/p>\n<p><span class=\"cf0 ff1 fs26\">Cuina<\/span><\/p>\n<p>Lavabos adaptats a les edats dels alumnes<\/p>\n<p><span class=\"cf0 ff1 fs26\">Pati<\/span><\/p>\n<\/div>\n<\/div>\n<\/div>\n<\/div>\n<div><\/div>\n<div>\n<div id=\"imCell_4\" class=\"imGrid[3, 3]\">\n<div id=\"imCellStyleGraphics_4\"><\/div>\n<div id=\"imCellStyle_4\">\n<div id=\"imTextObject_4\">\n<p>&nbsp;<\/p>\n<h4><span class=\"cf4 ff1 fs26\"><b><span class=\"imUl\">EDIFICI FOLCH<\/span><\/b><\/span><\/h4>\n<p><a href=\"http:\/\/agora.xtec.cat\/ceip-folchitorres\/wp-content\/uploads\/usu170\/2014\/09\/portada-folch-Escola-Folch-i-Torres-Palau.jpg\"><img loading=\"lazy\" decoding=\"async\" class=\"alignnone wp-image-899 size-full\" src=\"http:\/\/agora.xtec.cat\/ceip-folchitorres\/wp-content\/uploads\/usu170\/2014\/09\/portada-folch-Escola-Folch-i-Torres-Palau.jpg\" alt=\"portada-folch-escola-folch-i-torres-palau\" width=\"600\" height=\"400\" srcset=\"https:\/\/agora.xtec.cat\/ceip-folchitorres\/wp-content\/uploads\/usu170\/2014\/09\/portada-folch-Escola-Folch-i-Torres-Palau.jpg 600w, https:\/\/agora.xtec.cat\/ceip-folchitorres\/wp-content\/uploads\/usu170\/2014\/09\/portada-folch-Escola-Folch-i-Torres-Palau-300x200.jpg 300w\" sizes=\"auto, (max-width: 600px) 100vw, 600px\" \/><\/a><\/p>\n<p><b><span class=\"imUl\"><span class=\"cf3 ff1 fs26\"><br \/>\n<\/span><\/span><\/b><span class=\"cf0 ff1 fs26\">L&#8217;edifici Folch, situat al carrer Folch i Torres, 30, el formen <strong>dues plantes<\/strong>. Tamb\u00e9 est\u00e0 constru\u00eft amb materials a\u00efllants i no t\u00e9 barreres arquitect\u00f2niques. Les aules s\u00f3n grans i amb molta llum.<\/span><\/p>\n<\/div>\n<p>&nbsp;<\/p>\n<p><strong>Hi ha:<\/strong><\/p>\n<div id=\"imTextObject_4\">\n<p><span class=\"cf0 ff1 fs26\">8 aules per a les tutories de Prim\u00e0ria<\/span><\/p>\n<p>1 aula d&#8217;usos m\u00faltiples<\/p>\n<p>1 biblioteca<\/p>\n<p><span class=\"cf0 ff1 fs26\">1 aula per realitzar alguns treballs amb els nens de la <span style=\"color: #000000;\">SIE<\/span><\/span><\/p>\n<p>1 aula de locuci\u00f3 (r\u00e0dio)<\/p>\n<p><span class=\"cf0 ff1 fs26\">1 aula per arts&amp;crafts<\/span><\/p>\n<p>1 aula de m\u00fasica<\/p>\n<p>1 sala polivalent<\/p>\n<p>1 sala de mestres<\/p>\n<p>3 tutories<\/p>\n<p>1 despatx per a ALL i CREDA<\/p>\n<p>1\u00a0 despatx per al personal de l&#8217;EAP<\/p>\n<p>Despatxos de direcci\u00f3, cap d&#8217;estudis i secretaria<\/p>\n<p>Consergeria<\/p>\n<p><span class=\"cf0 ff1 fs26\">Cuina\u00a0<\/span><\/p>\n<p><span class=\"cf0 ff1 fs26\">Menjador per a 100 alumnes<br \/>\n<\/span><\/p>\n<p>Lavabos a la planta baixa i la primera planta<\/p>\n<p>Ascensor<\/p>\n<p><span class=\"cf0 ff1 fs26\">Despatx de l&#8217;AFA<br \/>\n<\/span><\/p>\n<p><span class=\"cf0 ff1 fs26\">Porxo cobert <\/span><\/p>\n<p><span class=\"cf0 ff1 fs26\">Zona d&#8217;esbarjo amb diferents pistes<\/span><\/p>\n<p>&nbsp;<\/p>\n<p><span class=\"cf3 ff1 fs26\"><b><span class=\"imUl\">\u00a0<\/span><\/b><\/span><\/p>\n<\/div>\n<\/div>\n<\/div>\n<\/div>\n<div class=\"imClear\"><\/div>\n<\/div>\n<\/div>\n<div id=\"imFooterBg\"><\/div>\n","protected":false},"excerpt":{"rendered":"<p>&nbsp;<br \/>\nLa nostra escola t\u00e9 dos edificis: l&#8217;edifici Carrerada per a Educaci\u00f3 Infantil i l&#8217;edifici Folch i Torres per a Educaci\u00f3 Prim\u00e0ria.<br \/>\nCada curs adaptem els espais a les necessitats concretes que tenim per tal que els alumnes puguin realitzar diferents activitats amb materials adequats al treball&hellip;  <a href=\"https:\/\/agora.xtec.cat\/ceip-folchitorres\/lescola\/instal%c2%b7lacions\/\" title=\"Read Instal\u00b7lacions\">Llegeix m\u00e9s\u00bb<\/a><\/p>\n","protected":false},"author":1,"featured_media":0,"parent":22,"menu_order":40,"comment_status":"closed","ping_status":"closed","template":"page-templates\/side-menu.php","meta":{"_bbp_topic_count":0,"_bbp_reply_count":0,"_bbp_total_topic_count":0,"_bbp_total_reply_count":0,"_bbp_voice_count":0,"_bbp_anonymous_reply_count":0,"_bbp_topic_count_hidden":0,"_bbp_reply_count_hidden":0,"_bbp_forum_subforum_count":0,"footnotes":""},"class_list":["post-30","page","type-page","status-publish","hentry"],"post_mailing_queue_ids":[],"_links":{"self":[{"href":"https:\/\/agora.xtec.cat\/ceip-folchitorres\/wp-json\/wp\/v2\/pages\/30","targetHints":{"allow":["GET"]}}],"collection":[{"href":"https:\/\/agora.xtec.cat\/ceip-folchitorres\/wp-json\/wp\/v2\/pages"}],"about":[{"href":"https:\/\/agora.xtec.cat\/ceip-folchitorres\/wp-json\/wp\/v2\/types\/page"}],"author":[{"embeddable":true,"href":"https:\/\/agora.xtec.cat\/ceip-folchitorres\/wp-json\/wp\/v2\/users\/1"}],"replies":[{"embeddable":true,"href":"https:\/\/agora.xtec.cat\/ceip-folchitorres\/wp-json\/wp\/v2\/comments?post=30"}],"version-history":[{"count":4,"href":"https:\/\/agora.xtec.cat\/ceip-folchitorres\/wp-json\/wp\/v2\/pages\/30\/revisions"}],"predecessor-version":[{"id":6085,"href":"https:\/\/agora.xtec.cat\/ceip-folchitorres\/wp-json\/wp\/v2\/pages\/30\/revisions\/6085"}],"up":[{"embeddable":true,"href":"https:\/\/agora.xtec.cat\/ceip-folchitorres\/wp-json\/wp\/v2\/pages\/22"}],"wp:attachment":[{"href":"https:\/\/agora.xtec.cat\/ceip-folchitorres\/wp-json\/wp\/v2\/media?parent=30"}],"curies":[{"name":"wp","href":"https:\/\/api.w.org\/{rel}","templated":true}]}}