{"id":26,"date":"2014-09-18T12:24:32","date_gmt":"2014-09-18T11:24:32","guid":{"rendered":"http:\/\/agora.xtec.cat\/ceip-folchitorres\/?page_id=26"},"modified":"2016-10-03T10:00:03","modified_gmt":"2016-10-03T09:00:03","slug":"historia","status":"publish","type":"page","link":"https:\/\/agora.xtec.cat\/ceip-folchitorres\/lescola\/historia\/","title":{"rendered":"Hist\u00f2ria del centre"},"content":{"rendered":"<p>&nbsp;<\/p>\n<p>La nostra \u00e9s <strong>l&#8217;escola amb m\u00e9s hist\u00f2ria de Palau-solit\u00e0 i Plegamans<\/strong>. Est\u00e0 situada prop de la zona comercial, amb un acc\u00e9s f\u00e0cil al bell mig de la poblaci\u00f3.<\/p>\n<p><span class=\"ff2 cf0 fs28\">Actualment l&#8217;escola compta amb dos edificis:<strong> l&#8217;edifici del passeig de la Carrerada<\/strong>, catalogat com a monument hist\u00f2ric,<strong>i l&#8217;edifici del carrer Folch i Torres.<\/strong><\/span><\/p>\n<p><span class=\"ff2 cf0 fs28\">Per\u00f2 no sempre ha estat aix\u00ed, vegem la hist\u00f2ria del nostre centre:<\/span><\/p>\n<p>&nbsp;<\/p>\n<h3><em><span class=\"ff2 cf0 fs28\">Edifici Carrerada<\/span><\/em><\/h3>\n<p><span class=\"ff2 cf0 fs28\">L\u2019edifici del passeig de la Carrerada, va ser\u00a0<strong>dissenyat per l\u2019aquitecte Josep Llu\u00eds Sert<\/strong>, i va entrar en funcionament el curs 1934-<wbr \/>35.<\/span><\/p>\n<p>Segons els nostres arxius el curs 1964-<wbr \/>65 l\u2019escola s\u2019anomenava <strong>Agrupaci\u00f3n mixta \u00c1ngel Custodio,<\/strong>\u00a0per\u00f2 no tenim dades del nom anterior a aquest curs.<\/p>\n<p>Anys m\u00e9s tard, a causa de l\u2019increment de la poblaci\u00f3 i en no haver-<wbr \/>hi prou espai a l\u2019edifici de la Carrerada, es varen utilitzar locals del poble per a impartir-<wbr \/>hi classe.<\/p>\n<p>&nbsp;<\/p>\n<h3><em>Edifici Folch i Torres<\/em><\/h3>\n<p>Poc a poc<strong> la poblaci\u00f3 de Palau continuava\u00a0augmentant<\/strong> i amb ella el nombre d&#8217;alumnes de l&#8217;escola, pel qu\u00e8 cada vegada es necessitaven m\u00e9s locals de l&#8217;Ajuntament per a poder impartir les classes. Aleshores <strong>es va decidir construir un nou edifici al carrer Folch i Torres<\/strong>, per tal de completar el qu\u00e8 ja existia al passeig de la Carrerada.<\/p>\n<p>El curs 1976-<wbr \/>77 s\u2019havia d\u2019inaugurar aquest nou edifici, per\u00f2 no es van poder comen\u00e7ar les classes all\u00e0 fins el gener o febrer del 1977, ja que els espais dedicats al gimn\u00e0s, menjador, passadissos, &#8230; varen haver de reconvertir-<wbr \/>se en aules per tal de poder atendre tot l&#8217;alumnat.<\/p>\n<p>&nbsp;<\/p>\n<h3><em>L&#8217;escola tal com \u00e9s avui dia<\/em><\/h3>\n<p><strong>El dia 22 de febrer de 1981 l\u2019escola pass\u00e0 a anomenar-<wbr \/>se amb el seu nom actual: Josep Maria Folch i Torres.<\/strong><\/p>\n<p>Despr\u00e9s de m\u00faltiples remodelacions i ocupacions d\u2019espais, repartits per tot el poble, <strong>el curs 2004-<wbr \/>2005 queda establerta l\u2019estructura que t\u00e9 actualment el centre<\/strong>, amb els dos edificis: <strong>el del passeig de la Carrerada per a Educaci\u00f3 Infantil, i el del carrer Folch i Torres per a Educaci\u00f3 Prim\u00e0ria.<\/strong><\/p>\n","protected":false},"excerpt":{"rendered":"<p>&nbsp;<br \/>\nLa nostra \u00e9s l&#8217;escola amb m\u00e9s hist\u00f2ria de Palau-solit\u00e0 i Plegamans. Est\u00e0 situada prop de la zona comercial, amb un acc\u00e9s f\u00e0cil al bell mig de la poblaci\u00f3.<br \/>\nActualment l&#8217;escola compta amb dos edificis: l&#8217;edifici del passeig de la Carrerada, catalogat com a monument hist\u00f2ric,i l&#8217;edifici&hellip;  <a href=\"https:\/\/agora.xtec.cat\/ceip-folchitorres\/lescola\/historia\/\" title=\"Read Hist\u00f2ria del centre\">Llegeix m\u00e9s\u00bb<\/a><\/p>\n","protected":false},"author":1,"featured_media":0,"parent":22,"menu_order":20,"comment_status":"closed","ping_status":"closed","template":"page-templates\/side-menu.php","meta":{"_bbp_topic_count":0,"_bbp_reply_count":0,"_bbp_total_topic_count":0,"_bbp_total_reply_count":0,"_bbp_voice_count":0,"_bbp_anonymous_reply_count":0,"_bbp_topic_count_hidden":0,"_bbp_reply_count_hidden":0,"_bbp_forum_subforum_count":0,"footnotes":""},"class_list":["post-26","page","type-page","status-publish","hentry"],"post_mailing_queue_ids":[],"_links":{"self":[{"href":"https:\/\/agora.xtec.cat\/ceip-folchitorres\/wp-json\/wp\/v2\/pages\/26","targetHints":{"allow":["GET"]}}],"collection":[{"href":"https:\/\/agora.xtec.cat\/ceip-folchitorres\/wp-json\/wp\/v2\/pages"}],"about":[{"href":"https:\/\/agora.xtec.cat\/ceip-folchitorres\/wp-json\/wp\/v2\/types\/page"}],"author":[{"embeddable":true,"href":"https:\/\/agora.xtec.cat\/ceip-folchitorres\/wp-json\/wp\/v2\/users\/1"}],"replies":[{"embeddable":true,"href":"https:\/\/agora.xtec.cat\/ceip-folchitorres\/wp-json\/wp\/v2\/comments?post=26"}],"version-history":[{"count":3,"href":"https:\/\/agora.xtec.cat\/ceip-folchitorres\/wp-json\/wp\/v2\/pages\/26\/revisions"}],"predecessor-version":[{"id":514,"href":"https:\/\/agora.xtec.cat\/ceip-folchitorres\/wp-json\/wp\/v2\/pages\/26\/revisions\/514"}],"up":[{"embeddable":true,"href":"https:\/\/agora.xtec.cat\/ceip-folchitorres\/wp-json\/wp\/v2\/pages\/22"}],"wp:attachment":[{"href":"https:\/\/agora.xtec.cat\/ceip-folchitorres\/wp-json\/wp\/v2\/media?parent=26"}],"curies":[{"name":"wp","href":"https:\/\/api.w.org\/{rel}","templated":true}]}}