{"id":22,"date":"2014-09-18T12:19:57","date_gmt":"2014-09-18T11:19:57","guid":{"rendered":"http:\/\/agora.xtec.cat\/ceip-folchitorres\/?page_id=22"},"modified":"2016-11-15T12:16:10","modified_gmt":"2016-11-15T11:16:10","slug":"lescola","status":"publish","type":"page","link":"https:\/\/agora.xtec.cat\/ceip-folchitorres\/lescola\/","title":{"rendered":"L&#8217;escola"},"content":{"rendered":"<p>&nbsp;<\/p>\n<p>L&#8217;escola Folch i Torres \u00e9s una escola p\u00fablica situada a Palau-solit\u00e0 i Plegamans, al Vall\u00e8s Occidental.<\/p>\n<p>Ens definim com una escola catalana, p\u00fablica, aconfessional, pluralista, coeducadora i no sexista, solid\u00e0ria i tolerant.<\/p>\n<p>Per con\u00e9ixer-nos una mica m\u00e9s, podeu llegir els apartats d&#8217;aqu\u00ed sota, on us expliquem on som, la nostra hist\u00f2ria, els nostres trets d&#8217;identitat, qui som, &#8230;<\/p>\n<p>&nbsp;<\/p>\n","protected":false},"excerpt":{"rendered":"<p>&nbsp;<br \/>\nL&#8217;escola Folch i Torres \u00e9s una escola p\u00fablica situada a Palau-solit\u00e0 i Plegamans, al Vall\u00e8s Occidental.<br \/>\nEns definim com una escola catalana, p\u00fablica, aconfessional, pluralista, coeducadora i no sexista, solid\u00e0ria i tolerant.<br \/>\nPer con\u00e9ixer-nos una mica m\u00e9s, podeu llegir els apartats d&#8217;aqu\u00ed sota, on us expliquem on&hellip;  <a href=\"https:\/\/agora.xtec.cat\/ceip-folchitorres\/lescola\/\" title=\"Read L&#8217;escola\">Llegeix m\u00e9s\u00bb<\/a><\/p>\n","protected":false},"author":1,"featured_media":0,"parent":0,"menu_order":0,"comment_status":"closed","ping_status":"closed","template":"page-templates\/side-menu.php","meta":{"_bbp_topic_count":0,"_bbp_reply_count":0,"_bbp_total_topic_count":0,"_bbp_total_reply_count":0,"_bbp_voice_count":0,"_bbp_anonymous_reply_count":0,"_bbp_topic_count_hidden":0,"_bbp_reply_count_hidden":0,"_bbp_forum_subforum_count":0,"footnotes":""},"class_list":["post-22","page","type-page","status-publish","hentry"],"post_mailing_queue_ids":[],"_links":{"self":[{"href":"https:\/\/agora.xtec.cat\/ceip-folchitorres\/wp-json\/wp\/v2\/pages\/22","targetHints":{"allow":["GET"]}}],"collection":[{"href":"https:\/\/agora.xtec.cat\/ceip-folchitorres\/wp-json\/wp\/v2\/pages"}],"about":[{"href":"https:\/\/agora.xtec.cat\/ceip-folchitorres\/wp-json\/wp\/v2\/types\/page"}],"author":[{"embeddable":true,"href":"https:\/\/agora.xtec.cat\/ceip-folchitorres\/wp-json\/wp\/v2\/users\/1"}],"replies":[{"embeddable":true,"href":"https:\/\/agora.xtec.cat\/ceip-folchitorres\/wp-json\/wp\/v2\/comments?post=22"}],"version-history":[{"count":2,"href":"https:\/\/agora.xtec.cat\/ceip-folchitorres\/wp-json\/wp\/v2\/pages\/22\/revisions"}],"predecessor-version":[{"id":531,"href":"https:\/\/agora.xtec.cat\/ceip-folchitorres\/wp-json\/wp\/v2\/pages\/22\/revisions\/531"}],"wp:attachment":[{"href":"https:\/\/agora.xtec.cat\/ceip-folchitorres\/wp-json\/wp\/v2\/media?parent=22"}],"curies":[{"name":"wp","href":"https:\/\/api.w.org\/{rel}","templated":true}]}}