{"id":8169,"date":"2024-02-18T18:14:39","date_gmt":"2024-02-18T17:14:39","guid":{"rendered":"https:\/\/agora.xtec.cat\/ceip-ferreriguardia\/?page_id=8169"},"modified":"2024-02-18T18:14:39","modified_gmt":"2024-02-18T17:14:39","slug":"pga-programacio-general-anual-del-centre","status":"publish","type":"page","link":"https:\/\/agora.xtec.cat\/ceip-ferreriguardia\/projectes\/pga-programacio-general-anual-del-centre\/","title":{"rendered":"PGA (Programaci\u00f3 general anual del centre)"},"content":{"rendered":"<p>La Programaci\u00f3 General Anual de Centre (en endavant PGA), \u00e9s un<br \/>\ninstrument a curt termini de gesti\u00f3 de centre en el que es concreten els<br \/>\nobjectius del Projecte de Direcci\u00f3 i del Projecte Educatiu de l\u2019escola al llarg<br \/>\nd\u2019un curs escolar, d\u2019acord amb el que estableix l\u2019article 10 del Decret<br \/>\n102\/2010, d\u2019autonomia dels centres educatius.<\/p>\n<p>L\u2019escola Ferrer i Gu\u00e0rdia est\u00e0 situada al barri de Ciutat Meridiana, al districte<br \/>\nde Nou Barris de la ciutat de Barcelona. Som una escola de dues l\u00ednies i<br \/>\nimpartim les etapes d\u2019educaci\u00f3 infantil i prim\u00e0ria .<br \/>\nEns definim com una escola:<br \/>\nSom una escola oberta a tothom i que acull les<br \/>\ndiverses maneres de pensar dels seus<br \/>\ncomponents i no adopta cap opci\u00f3 religiosa, tot<br \/>\ni que tenim present i mostrem la cultura on vivim<br \/>\na trav\u00e9s de les tradicions i els fets culturals.<\/p>\n<p>Visualtiza el document complert <a href=\"https:\/\/agora.xtec.cat\/ceip-ferreriguardia\/wp-content\/uploads\/usu418\/2024\/02\/PGA_2023-2024-PEM.pdf\">AQUI<\/a><\/p>\n","protected":false},"excerpt":{"rendered":"<p>La Programaci\u00f3 General Anual de Centre (en endavant PGA), \u00e9s un<br \/>\ninstrument a curt termini de gesti\u00f3 de centre en el que es concreten els<br \/>\nobjectius del Projecte de Direcci\u00f3 i del Projecte Educatiu de l\u2019escola al llarg<br \/>\nd\u2019un curs escolar, d\u2019acord amb el que estableix l\u2019article 10&hellip;  <a href=\"https:\/\/agora.xtec.cat\/ceip-ferreriguardia\/projectes\/pga-programacio-general-anual-del-centre\/\" title=\"Read PGA (Programaci\u00f3 general anual del centre)\">Llegeix m\u00e9s\u00bb<\/a><\/p>\n","protected":false},"author":5,"featured_media":0,"parent":64,"menu_order":0,"comment_status":"closed","ping_status":"closed","template":"","meta":{"_bbp_topic_count":0,"_bbp_reply_count":0,"_bbp_total_topic_count":0,"_bbp_total_reply_count":0,"_bbp_voice_count":0,"_bbp_anonymous_reply_count":0,"_bbp_topic_count_hidden":0,"_bbp_reply_count_hidden":0,"_bbp_forum_subforum_count":0,"footnotes":""},"class_list":["post-8169","page","type-page","status-publish","hentry"],"post_mailing_queue_ids":[],"_links":{"self":[{"href":"https:\/\/agora.xtec.cat\/ceip-ferreriguardia\/wp-json\/wp\/v2\/pages\/8169","targetHints":{"allow":["GET"]}}],"collection":[{"href":"https:\/\/agora.xtec.cat\/ceip-ferreriguardia\/wp-json\/wp\/v2\/pages"}],"about":[{"href":"https:\/\/agora.xtec.cat\/ceip-ferreriguardia\/wp-json\/wp\/v2\/types\/page"}],"author":[{"embeddable":true,"href":"https:\/\/agora.xtec.cat\/ceip-ferreriguardia\/wp-json\/wp\/v2\/users\/5"}],"replies":[{"embeddable":true,"href":"https:\/\/agora.xtec.cat\/ceip-ferreriguardia\/wp-json\/wp\/v2\/comments?post=8169"}],"version-history":[{"count":1,"href":"https:\/\/agora.xtec.cat\/ceip-ferreriguardia\/wp-json\/wp\/v2\/pages\/8169\/revisions"}],"predecessor-version":[{"id":8170,"href":"https:\/\/agora.xtec.cat\/ceip-ferreriguardia\/wp-json\/wp\/v2\/pages\/8169\/revisions\/8170"}],"up":[{"embeddable":true,"href":"https:\/\/agora.xtec.cat\/ceip-ferreriguardia\/wp-json\/wp\/v2\/pages\/64"}],"wp:attachment":[{"href":"https:\/\/agora.xtec.cat\/ceip-ferreriguardia\/wp-json\/wp\/v2\/media?parent=8169"}],"curies":[{"name":"wp","href":"https:\/\/api.w.org\/{rel}","templated":true}]}}