{"id":708,"date":"2017-09-21T22:07:58","date_gmt":"2017-09-21T20:07:58","guid":{"rendered":"http:\/\/agora.xtec.cat\/ceip-ferreriguardia\/?page_id=708"},"modified":"2022-11-04T09:58:51","modified_gmt":"2022-11-04T08:58:51","slug":"consum-de-fruita","status":"publish","type":"page","link":"https:\/\/agora.xtec.cat\/ceip-ferreriguardia\/projectes\/consum-de-fruita\/","title":{"rendered":"Consum de fruita"},"content":{"rendered":"<p>Per millorar la salut cal menjar fruita i verdura en cada \u00e0pat, tant a casa com a l&#8217;escola. I a m\u00e9s cal tenir un estil de vida actiu: caminar, pujar escales, jugar, fer esport&#8230; Cal potenciar accions que afavoreixin la salut dels infants.<\/p>\n<p><strong>PROGRAMA DE CONSUM DE FRUITA A LES ESCOLES<\/strong><\/p>\n<p>Es tracta de distribuir gratu\u00eftament fruita i verdura fresca als escolars de segon cicle d\u2019educaci\u00f3 infantil i de prim\u00e0ria (infants de 3 a 12 anys) de centres educatius que ho demanin.<\/p>\n<p>\u00c9s una iniciativa de la Uni\u00f3 Europea amb l&#8217;acci\u00f3 conjunta dels departaments d\u2019Agricultura, Salut i Ensenyament.<\/p>\n<p>Els objectius s\u00f3n:<\/p>\n<ul>\n<li>Oferir fruita gratu\u00efta en els esmorzars i berenars dins del centre escolar.<\/li>\n<li>Informar sobre els beneficis de pujar el consum de fruites i verdures, i sobre la seva diversitat, trets, producci\u00f3, estacionalitat, etc.<\/li>\n<li>Proposar el consum de fruites com una alternativa excel\u00b7lent al consum d\u2019altres aliments amb menys qualitat nutricional.<\/li>\n<\/ul>\n<p>Es pret\u00e9n amb aix\u00f2 afavorir la salut dels infants i promoure el consum de fruites, verdures, fruita seca, llegums, aigua i joc actiu.<\/p>\n<p>I tamb\u00e9 reduir el consum llaminadures, begudes refrescants, brioxeria i videojocs sedentaris.<\/p>\n<p>Durant el curs escolar, una setmana de cada mes, es distribueix la fruita i verdura seleccionada en funci\u00f3 de l\u2019estaci\u00f3 de l&#8217;any, la proximitat de producci\u00f3 i la qualitat.<\/p>\n<p>La fruita es reparteix a l&#8217;escola entre els nens i les nenes a l&#8217;escola durant l&#8217;esmorzar o el berenar.<\/p>\n<p>Els centres educatius reben un calendari on s&#8217;indiquen les setmanes en qu\u00e8 es far\u00e0 la distribuci\u00f3 dels productes seleccionats i en qu\u00e8 es pot consultar informaci\u00f3 sobre fruites i verdures.<\/p>\n<p>Les escoles que participen desenvolupen activitats que promouen el consum de fruita.<\/p>\n","protected":false},"excerpt":{"rendered":"<p>Per millorar la salut cal menjar fruita i verdura en cada \u00e0pat, tant a casa com a l&#8217;escola. I a m\u00e9s cal tenir un estil de vida actiu: caminar, pujar escales, jugar, fer esport&#8230; Cal potenciar accions que afavoreixin la salut dels infants.<br \/>\nPROGRAMA DE CONSUM&hellip;  <a href=\"https:\/\/agora.xtec.cat\/ceip-ferreriguardia\/projectes\/consum-de-fruita\/\" title=\"Read Consum de fruita\">Llegeix m\u00e9s\u00bb<\/a><\/p>\n","protected":false},"author":11,"featured_media":0,"parent":64,"menu_order":0,"comment_status":"closed","ping_status":"closed","template":"","meta":{"_bbp_topic_count":0,"_bbp_reply_count":0,"_bbp_total_topic_count":0,"_bbp_total_reply_count":0,"_bbp_voice_count":0,"_bbp_anonymous_reply_count":0,"_bbp_topic_count_hidden":0,"_bbp_reply_count_hidden":0,"_bbp_forum_subforum_count":0,"footnotes":""},"class_list":["post-708","page","type-page","status-publish","hentry"],"post_mailing_queue_ids":[],"_links":{"self":[{"href":"https:\/\/agora.xtec.cat\/ceip-ferreriguardia\/wp-json\/wp\/v2\/pages\/708","targetHints":{"allow":["GET"]}}],"collection":[{"href":"https:\/\/agora.xtec.cat\/ceip-ferreriguardia\/wp-json\/wp\/v2\/pages"}],"about":[{"href":"https:\/\/agora.xtec.cat\/ceip-ferreriguardia\/wp-json\/wp\/v2\/types\/page"}],"author":[{"embeddable":true,"href":"https:\/\/agora.xtec.cat\/ceip-ferreriguardia\/wp-json\/wp\/v2\/users\/11"}],"replies":[{"embeddable":true,"href":"https:\/\/agora.xtec.cat\/ceip-ferreriguardia\/wp-json\/wp\/v2\/comments?post=708"}],"version-history":[{"count":1,"href":"https:\/\/agora.xtec.cat\/ceip-ferreriguardia\/wp-json\/wp\/v2\/pages\/708\/revisions"}],"predecessor-version":[{"id":709,"href":"https:\/\/agora.xtec.cat\/ceip-ferreriguardia\/wp-json\/wp\/v2\/pages\/708\/revisions\/709"}],"up":[{"embeddable":true,"href":"https:\/\/agora.xtec.cat\/ceip-ferreriguardia\/wp-json\/wp\/v2\/pages\/64"}],"wp:attachment":[{"href":"https:\/\/agora.xtec.cat\/ceip-ferreriguardia\/wp-json\/wp\/v2\/media?parent=708"}],"curies":[{"name":"wp","href":"https:\/\/api.w.org\/{rel}","templated":true}]}}